{"id":1023,"date":"2020-02-12T16:44:01","date_gmt":"2020-02-12T09:44:01","guid":{"rendered":"https:\/\/villa-anneloi.com\/home\/?page_id=1023"},"modified":"2025-05-05T12:30:02","modified_gmt":"2025-05-05T05:30:02","slug":"booking-contactus","status":"publish","type":"page","link":"https:\/\/villa-anneloi.com\/home\/booking-contactus\/","title":{"rendered":"Booking-Contact us"},"content":{"rendered":"\n<p>RESERVATIE&nbsp;&nbsp;<br>Wij geven graag een persoonlijke service.&nbsp;Voor&nbsp;een reservatie en meerinformatie, gelieve ons te contacteren in het Nederlands per email: &nbsp;<a href=\"mailto:villa_anneloi@hotmail.com\">villa_anneloi@hotmail.com<\/a><br>Wij antwoorden graag binnen de 24 uur en hopen jullie een overgetelijke reis te bezorgen.&nbsp;<br><strong>Indien de technologie ons in de steek laat en je geen antwoord ontvangt van ons, probeer ons even te bereiken via FB (messenger) \u201cVilla Anneloi\u201d of What&#8217;s App 0066817657276.<\/strong><br><strong>Dank je wel ! &nbsp;<\/strong><\/p>\n\n\n\n<p>RESERVATION<br>Villa Anneloi&nbsp; is a small&nbsp;independent tour business so for&nbsp;booking requests or&nbsp;more&nbsp;information just send us an email&nbsp;to: <a href=\"mailto:villa_anneloi@hotmail.com\">villa_anneloi@hotmail.com<\/a><br>Thank you very much for contacting us, we always reply within 24 hours and we&nbsp;hope to give you an unforgetable vacation !<\/p>\n\n\n\n<p>RESERVATION<\/p>\n\n\n\n<p>Villa Anneloi est une petite entreprise familiale ind\u00e9pendante. Pour toute r\u00e9servation ou tout renseignement, veuillez envoyer un mail \u00e0 l\u2019adresse suivante :   <a href=\"mailto:villa_anneloi@hotmail.com\">villa_anneloi@hotmail.com<\/a> <\/p>\n\n\n\n<p>Merci d\u2019avance de votre int\u00e9r\u00eat.  Nous r\u00e9pondons toujours end\u00e9ans les 24 heures.                  <\/p>\n\n\n\n<p><br>A smile from Thailand, \u00a0 \u00a0 Anneloi &amp; Boys <\/p>\n","protected":false},"excerpt":{"rendered":"<p>RESERVATIE&nbsp;&nbsp;Wij geven graag een persoonlijke service.&nbsp;Voor&nbsp;een reservatie en meerinformatie, gelieve ons te contacteren in het Nederlands per email: &nbsp;villa_anneloi@hotmail.comWij antwoorden graag binnen de 24 uur en hopen jullie een overgetelijke reis te bezorgen.&nbsp;Indien de technologie ons in de steek laat en je geen antwoord ontvangt van ons, probeer ons even te bereiken via FB (messenger) &#8230; <a title=\"Booking-Contact us\" class=\"read-more\" href=\"https:\/\/villa-anneloi.com\/home\/booking-contactus\/\" aria-label=\"More on Booking-Contact us\">Read more<\/a><\/p>\n","protected":false},"author":1,"featured_media":0,"parent":0,"menu_order":0,"comment_status":"closed","ping_status":"closed","template":"","meta":{"_uag_custom_page_level_css":""},"yoast_head":"<!-- This site is optimized with the Yoast SEO plugin v19.12 - https:\/\/yoast.com\/wordpress\/plugins\/seo\/ -->\n<title>Booking-Contact us - Villa-anneloi.com - Feel at home, Far from home.<\/title>\n<meta name=\"description\" content=\"Villa-anneloi.com - Feel at home, Far from home. Booking-Contact us -\" \/>\n<meta name=\"robots\" content=\"index, follow, max-snippet:-1, max-image-preview:large, max-video-preview:-1\" \/>\n<link rel=\"canonical\" href=\"https:\/\/villa-anneloi.com\/home\/booking-contactus\/\" \/>\n<meta property=\"og:locale\" content=\"en_US\" \/>\n<meta property=\"og:type\" content=\"article\" \/>\n<meta property=\"og:title\" content=\"Booking-Contact us - Villa-anneloi.com - Feel at home, Far from home.\" \/>\n<meta property=\"og:description\" content=\"Villa-anneloi.com - Feel at home, Far from home. Booking-Contact us -\" \/>\n<meta property=\"og:url\" content=\"https:\/\/villa-anneloi.com\/home\/booking-contactus\/\" \/>\n<meta property=\"og:site_name\" content=\"Villa-anneloi.com - Feel at home, Far from home.\" \/>\n<meta property=\"article:modified_time\" content=\"2025-05-05T05:30:02+00:00\" \/>\n<meta name=\"twitter:card\" content=\"summary_large_image\" \/>\n<meta name=\"twitter:label1\" content=\"Est. reading time\" \/>\n\t<meta name=\"twitter:data1\" content=\"1 minute\" \/>\n<script type=\"application\/ld+json\" class=\"yoast-schema-graph\">{\"@context\":\"https:\/\/schema.org\",\"@graph\":[{\"@type\":\"WebPage\",\"@id\":\"https:\/\/villa-anneloi.com\/home\/booking-contactus\/\",\"url\":\"https:\/\/villa-anneloi.com\/home\/booking-contactus\/\",\"name\":\"Booking-Contact us - Villa-anneloi.com - Feel at home, Far from home.\",\"isPartOf\":{\"@id\":\"https:\/\/villa-anneloi.com\/home\/#website\"},\"datePublished\":\"2020-02-12T09:44:01+00:00\",\"dateModified\":\"2025-05-05T05:30:02+00:00\",\"description\":\"Villa-anneloi.com - Feel at home, Far from home. Booking-Contact us -\",\"breadcrumb\":{\"@id\":\"https:\/\/villa-anneloi.com\/home\/booking-contactus\/#breadcrumb\"},\"inLanguage\":\"en-US\",\"potentialAction\":[{\"@type\":\"ReadAction\",\"target\":[\"https:\/\/villa-anneloi.com\/home\/booking-contactus\/\"]}]},{\"@type\":\"BreadcrumbList\",\"@id\":\"https:\/\/villa-anneloi.com\/home\/booking-contactus\/#breadcrumb\",\"itemListElement\":[{\"@type\":\"ListItem\",\"position\":1,\"name\":\"Home\",\"item\":\"https:\/\/villa-anneloi.com\/home\/\"},{\"@type\":\"ListItem\",\"position\":2,\"name\":\"Booking-Contact us\"}]},{\"@type\":\"WebSite\",\"@id\":\"https:\/\/villa-anneloi.com\/home\/#website\",\"url\":\"https:\/\/villa-anneloi.com\/home\/\",\"name\":\"Villa-anneloi.com - Feel at home, Far from home.\",\"description\":\"chiangmai province guesthouse, chiang mai guesthouse, chiang mai, thailand, guesthouse, villa-anneloi guesthouse, guesthouse, chiang mai travel, chiang mai tour, chiang mai trekking, rafting, chiang mai tour agent, thailand, trekking, bamboo rafting, elephant riding, caving, canoeing, kantoke dinner, t-rex-house\",\"potentialAction\":[{\"@type\":\"SearchAction\",\"target\":{\"@type\":\"EntryPoint\",\"urlTemplate\":\"https:\/\/villa-anneloi.com\/home\/?s={search_term_string}\"},\"query-input\":\"required name=search_term_string\"}],\"inLanguage\":\"en-US\"}]}<\/script>\n<!-- \/ Yoast SEO plugin. -->","yoast_head_json":{"title":"Booking-Contact us - Villa-anneloi.com - Feel at home, Far from home.","description":"Villa-anneloi.com - Feel at home, Far from home. Booking-Contact us -","robots":{"index":"index","follow":"follow","max-snippet":"max-snippet:-1","max-image-preview":"max-image-preview:large","max-video-preview":"max-video-preview:-1"},"canonical":"https:\/\/villa-anneloi.com\/home\/booking-contactus\/","og_locale":"en_US","og_type":"article","og_title":"Booking-Contact us - Villa-anneloi.com - Feel at home, Far from home.","og_description":"Villa-anneloi.com - Feel at home, Far from home. Booking-Contact us -","og_url":"https:\/\/villa-anneloi.com\/home\/booking-contactus\/","og_site_name":"Villa-anneloi.com - Feel at home, Far from home.","article_modified_time":"2025-05-05T05:30:02+00:00","twitter_card":"summary_large_image","twitter_misc":{"Est. reading time":"1 minute"},"schema":{"@context":"https:\/\/schema.org","@graph":[{"@type":"WebPage","@id":"https:\/\/villa-anneloi.com\/home\/booking-contactus\/","url":"https:\/\/villa-anneloi.com\/home\/booking-contactus\/","name":"Booking-Contact us - Villa-anneloi.com - Feel at home, Far from home.","isPartOf":{"@id":"https:\/\/villa-anneloi.com\/home\/#website"},"datePublished":"2020-02-12T09:44:01+00:00","dateModified":"2025-05-05T05:30:02+00:00","description":"Villa-anneloi.com - Feel at home, Far from home. Booking-Contact us -","breadcrumb":{"@id":"https:\/\/villa-anneloi.com\/home\/booking-contactus\/#breadcrumb"},"inLanguage":"en-US","potentialAction":[{"@type":"ReadAction","target":["https:\/\/villa-anneloi.com\/home\/booking-contactus\/"]}]},{"@type":"BreadcrumbList","@id":"https:\/\/villa-anneloi.com\/home\/booking-contactus\/#breadcrumb","itemListElement":[{"@type":"ListItem","position":1,"name":"Home","item":"https:\/\/villa-anneloi.com\/home\/"},{"@type":"ListItem","position":2,"name":"Booking-Contact us"}]},{"@type":"WebSite","@id":"https:\/\/villa-anneloi.com\/home\/#website","url":"https:\/\/villa-anneloi.com\/home\/","name":"Villa-anneloi.com - Feel at home, Far from home.","description":"chiangmai province guesthouse, chiang mai guesthouse, chiang mai, thailand, guesthouse, villa-anneloi guesthouse, guesthouse, chiang mai travel, chiang mai tour, chiang mai trekking, rafting, chiang mai tour agent, thailand, trekking, bamboo rafting, elephant riding, caving, canoeing, kantoke dinner, t-rex-house","potentialAction":[{"@type":"SearchAction","target":{"@type":"EntryPoint","urlTemplate":"https:\/\/villa-anneloi.com\/home\/?s={search_term_string}"},"query-input":"required name=search_term_string"}],"inLanguage":"en-US"}]}},"uagb_featured_image_src":{"full":false,"thumbnail":false,"medium":false,"medium_large":false,"large":false,"1536x1536":false,"2048x2048":false},"uagb_author_info":{"display_name":"admin","author_link":"https:\/\/villa-anneloi.com\/home\/author\/admin\/"},"uagb_comment_info":0,"uagb_excerpt":"RESERVATIE&nbsp;&nbsp;Wij geven graag een persoonlijke service.&nbsp;Voor&nbsp;een reservatie en meerinformatie, gelieve ons te contacteren in het Nederlands per email: &nbsp;villa_anneloi@hotmail.comWij antwoorden graag binnen de 24 uur en hopen jullie een overgetelijke reis te bezorgen.&nbsp;Indien de technologie ons in de steek laat en je geen antwoord ontvangt van ons, probeer ons even te bereiken via FB (messenger)&hellip;","jetpack_sharing_enabled":true,"jetpack-related-posts":[{"id":2093,"url":"https:\/\/villa-anneloi.com\/home\/11e-thailand-reunie-in-torhout\/","url_meta":{"origin":1023,"position":0},"title":"Ontmoet ons in Belgie 11e Thailand reunie in Torhout","date":"5th March 2020","format":false,"excerpt":"Villa Anneloi Sawadieka !\u00a0Een overwelmende dank je wel om van de 11e Thailand re\u00fcnie op 6 mei 2017 weer een heerlijk succes te maken ! \u00a0\u00a0Dank je wel aan Thai Smile voor de organisatie ! \u00a0 Het was weer top... de hapjes waar echt op zijn Thais, (=wat trager) maar\u2026","rel":"","context":"Similar post","img":{"alt_text":"","src":"","width":0,"height":0},"classes":[]},{"id":1015,"url":"https:\/\/villa-anneloi.com\/home\/wij\/","url_meta":{"origin":1023,"position":1},"title":"Wie zijn we ?","date":"12th February 2020","format":false,"excerpt":"Villa Anneloi Tour Wie zijn we ? Klik hier voor reviews Volg ons op Facebook onder de naam \"Villa Anneloi\". Villa Anneloi tour Annelore, een Belgische, leerde Loi, een Thai, kennen tijdens een vrijwilligersproject in Thailand. De liefde voor Thailand en deze lieve man leidde tot een combinatie van samen\u2026","rel":"","context":"Similar post","img":{"alt_text":"","src":"https:\/\/i0.wp.com\/villa-anneloi.com\/home\/wp-content\/uploads\/2020\/01\/2.png?resize=350%2C200&ssl=1","width":350,"height":200},"classes":[]},{"id":2036,"url":"https:\/\/villa-anneloi.com\/home\/aankondigingen-12\/","url_meta":{"origin":1023,"position":2},"title":"The DoMiSi krant 12 Aankondigingen","date":"5th March 2020","format":false,"excerpt":"Villa Anneloi The DoMiSi krant 5 VOORWOORD\u00a0 Bedankt voor jullie vele mails met aanmoedigingen om EINDELIJK een nieuwe editie te beginnen.\u00a0 De vele vragen hoe het met ons gaat, wat we allemaal doen en hoe het staat met de werken in de B&B, proberen we deze keer weer te beantwoorden\u2026","rel":"","context":"Similar post","img":{"alt_text":"","src":"","width":0,"height":0},"classes":[]},{"id":1776,"url":"https:\/\/villa-anneloi.com\/home\/twaalfde-editie\/","url_meta":{"origin":1023,"position":3},"title":"The DoMiSi krant 12","date":"4th March 2020","format":false,"excerpt":"Villa Anneloi The DoMiSi krant 5 VOORWOORD\u00a0 Bedankt voor jullie vele mails met aanmoedigingen om EINDELIJK een nieuwe editie te beginnen.\u00a0 De vele vragen hoe het met ons gaat, wat we allemaal doen en hoe het staat met de werken in de B&B, proberen we deze keer weer te beantwoorden\u2026","rel":"","context":"Similar post","img":{"alt_text":"","src":"","width":0,"height":0},"classes":[]},{"id":2021,"url":"https:\/\/villa-anneloi.com\/home\/aankondigingen-11\/","url_meta":{"origin":1023,"position":4},"title":"The DoMiSi krant 11Aankondigingen","date":"5th March 2020","format":false,"excerpt":"Villa Anneloi The DoMiSi krant 4 Aankondigingen Villa Anneloi Bed &\u00a0Breakfast Ja, we zitten hier niet stil !\u00a0\u00a0\u00a0Deze maand starten we met de werken in het huis naast ons.\u00a0\u00a0We willen er een luxueuze Bed&Breakfast van maken, met zwembad, poolhouse en zo de mensen ontvangen, die nog eens willen terugkomen en\u2026","rel":"","context":"Similar post","img":{"alt_text":"","src":"","width":0,"height":0},"classes":[]},{"id":1792,"url":"https:\/\/villa-anneloi.com\/home\/zesde-editie-2\/","url_meta":{"origin":1023,"position":5},"title":"The DoMiSi krant 6","date":"4th March 2020","format":false,"excerpt":"Villa Anneloi The DoMiSi krant 6 VOORWOORD De afgelopen maanden hebben vooral het nieuwe schooljaar van de kids, voorbereiden van het hoogseizoen, mammie op toer, veel gasten in huis EN de nieuwe baby ons bezig gehouden.\u00a0\u00a0Wbt dat laatste, weten we zelf nog niet 100% of het een jongen of een\u2026","rel":"","context":"Similar post","img":{"alt_text":"","src":"","width":0,"height":0},"classes":[]}],"jetpack_shortlink":"https:\/\/wp.me\/PbNARy-gv","_links":{"self":[{"href":"https:\/\/villa-anneloi.com\/home\/wp-json\/wp\/v2\/pages\/1023"}],"collection":[{"href":"https:\/\/villa-anneloi.com\/home\/wp-json\/wp\/v2\/pages"}],"about":[{"href":"https:\/\/villa-anneloi.com\/home\/wp-json\/wp\/v2\/types\/page"}],"author":[{"embeddable":true,"href":"https:\/\/villa-anneloi.com\/home\/wp-json\/wp\/v2\/users\/1"}],"replies":[{"embeddable":true,"href":"https:\/\/villa-anneloi.com\/home\/wp-json\/wp\/v2\/comments?post=1023"}],"version-history":[{"count":31,"href":"https:\/\/villa-anneloi.com\/home\/wp-json\/wp\/v2\/pages\/1023\/revisions"}],"predecessor-version":[{"id":2618,"href":"https:\/\/villa-anneloi.com\/home\/wp-json\/wp\/v2\/pages\/1023\/revisions\/2618"}],"wp:attachment":[{"href":"https:\/\/villa-anneloi.com\/home\/wp-json\/wp\/v2\/media?parent=1023"}],"curies":[{"name":"wp","href":"https:\/\/api.w.org\/{rel}","templated":true}]}}