{"id":1043,"date":"2020-02-12T17:10:26","date_gmt":"2020-02-12T10:10:26","guid":{"rendered":"https:\/\/villa-anneloi.com\/home\/?page_id=1043"},"modified":"2020-03-02T16:27:44","modified_gmt":"2020-03-02T09:27:44","slug":"thai-cooking-lessons-en","status":"publish","type":"page","link":"https:\/\/villa-anneloi.com\/home\/thai-cooking-lessons-en\/","title":{"rendered":"Thai cooking lessons"},"content":{"rendered":"\n<div class=\"wp-block-nextend-smartslider3\"><\/div>\n\n\n\n<p class=\"has-text-color has-text-align-center has-luminous-vivid-amber-color\">  This excursion operates on any available day.   <\/p>\n\n\n\n<p class=\"has-text-align-center\"><strong> <\/strong>  <strong>8.30am -3.00pm join tour, transfers, English explanation and teachings and lunch included.<\/strong>  <\/p>\n\n\n\n<p>Pick up at your accommodation and start with a tour in the local market.  Search for the Thai cooking ingredients.   It is a small cooking school and each has his own cooking place.   You make a lot of different Thai dishes and you will not go home hungry !    You recieve a nice cook book to try it out at your own home.   In the afternoon you get a transfer back to your accommodation.   <\/p>\n\n\n\n<p><\/p>\n","protected":false},"excerpt":{"rendered":"<p>This excursion operates on any available day. 8.30am -3.00pm join tour, transfers, English explanation and teachings and lunch included. Pick up at your accommodation and start with a tour in the local market. Search for the Thai cooking ingredients. It is a small cooking school and each has his own cooking place. You make a &#8230; <a title=\"Thai cooking lessons\" class=\"read-more\" href=\"https:\/\/villa-anneloi.com\/home\/thai-cooking-lessons-en\/\" aria-label=\"More on Thai cooking lessons\">Read more<\/a><\/p>\n","protected":false},"author":1,"featured_media":0,"parent":0,"menu_order":0,"comment_status":"closed","ping_status":"closed","template":"","meta":{"_uag_custom_page_level_css":""},"yoast_head":"<!-- This site is optimized with the Yoast SEO plugin v19.12 - https:\/\/yoast.com\/wordpress\/plugins\/seo\/ -->\n<title>Thai cooking lessons - Villa-anneloi.com - Feel at home, Far from home.<\/title>\n<meta name=\"robots\" content=\"index, follow, max-snippet:-1, max-image-preview:large, max-video-preview:-1\" \/>\n<link rel=\"canonical\" href=\"https:\/\/villa-anneloi.com\/home\/thai-cooking-lessons-en\/\" \/>\n<meta property=\"og:locale\" content=\"en_US\" \/>\n<meta property=\"og:type\" content=\"article\" \/>\n<meta property=\"og:title\" content=\"Thai cooking lessons - Villa-anneloi.com - Feel at home, Far from home.\" \/>\n<meta property=\"og:description\" content=\"This excursion operates on any available day. 8.30am -3.00pm join tour, transfers, English explanation and teachings and lunch included. Pick up at your accommodation and start with a tour in the local market. Search for the Thai cooking ingredients. It is a small cooking school and each has his own cooking place. You make a ... Read more\" \/>\n<meta property=\"og:url\" content=\"https:\/\/villa-anneloi.com\/home\/thai-cooking-lessons-en\/\" \/>\n<meta property=\"og:site_name\" content=\"Villa-anneloi.com - Feel at home, Far from home.\" \/>\n<meta property=\"article:modified_time\" content=\"2020-03-02T09:27:44+00:00\" \/>\n<meta name=\"twitter:card\" content=\"summary_large_image\" \/>\n<script type=\"application\/ld+json\" class=\"yoast-schema-graph\">{\"@context\":\"https:\/\/schema.org\",\"@graph\":[{\"@type\":\"WebPage\",\"@id\":\"https:\/\/villa-anneloi.com\/home\/thai-cooking-lessons-en\/\",\"url\":\"https:\/\/villa-anneloi.com\/home\/thai-cooking-lessons-en\/\",\"name\":\"Thai cooking lessons - Villa-anneloi.com - Feel at home, Far from home.\",\"isPartOf\":{\"@id\":\"https:\/\/villa-anneloi.com\/home\/#website\"},\"datePublished\":\"2020-02-12T10:10:26+00:00\",\"dateModified\":\"2020-03-02T09:27:44+00:00\",\"breadcrumb\":{\"@id\":\"https:\/\/villa-anneloi.com\/home\/thai-cooking-lessons-en\/#breadcrumb\"},\"inLanguage\":\"en-US\",\"potentialAction\":[{\"@type\":\"ReadAction\",\"target\":[\"https:\/\/villa-anneloi.com\/home\/thai-cooking-lessons-en\/\"]}]},{\"@type\":\"BreadcrumbList\",\"@id\":\"https:\/\/villa-anneloi.com\/home\/thai-cooking-lessons-en\/#breadcrumb\",\"itemListElement\":[{\"@type\":\"ListItem\",\"position\":1,\"name\":\"Home\",\"item\":\"https:\/\/villa-anneloi.com\/home\/\"},{\"@type\":\"ListItem\",\"position\":2,\"name\":\"Thai cooking lessons\"}]},{\"@type\":\"WebSite\",\"@id\":\"https:\/\/villa-anneloi.com\/home\/#website\",\"url\":\"https:\/\/villa-anneloi.com\/home\/\",\"name\":\"Villa-anneloi.com - Feel at home, Far from home.\",\"description\":\"chiangmai province guesthouse, chiang mai guesthouse, chiang mai, thailand, guesthouse, villa-anneloi guesthouse, guesthouse, chiang mai travel, chiang mai tour, chiang mai trekking, rafting, chiang mai tour agent, thailand, trekking, bamboo rafting, elephant riding, caving, canoeing, kantoke dinner, t-rex-house\",\"potentialAction\":[{\"@type\":\"SearchAction\",\"target\":{\"@type\":\"EntryPoint\",\"urlTemplate\":\"https:\/\/villa-anneloi.com\/home\/?s={search_term_string}\"},\"query-input\":\"required name=search_term_string\"}],\"inLanguage\":\"en-US\"}]}<\/script>\n<!-- \/ Yoast SEO plugin. -->","yoast_head_json":{"title":"Thai cooking lessons - Villa-anneloi.com - Feel at home, Far from home.","robots":{"index":"index","follow":"follow","max-snippet":"max-snippet:-1","max-image-preview":"max-image-preview:large","max-video-preview":"max-video-preview:-1"},"canonical":"https:\/\/villa-anneloi.com\/home\/thai-cooking-lessons-en\/","og_locale":"en_US","og_type":"article","og_title":"Thai cooking lessons - Villa-anneloi.com - Feel at home, Far from home.","og_description":"This excursion operates on any available day. 8.30am -3.00pm join tour, transfers, English explanation and teachings and lunch included. Pick up at your accommodation and start with a tour in the local market. Search for the Thai cooking ingredients. It is a small cooking school and each has his own cooking place. You make a ... Read more","og_url":"https:\/\/villa-anneloi.com\/home\/thai-cooking-lessons-en\/","og_site_name":"Villa-anneloi.com - Feel at home, Far from home.","article_modified_time":"2020-03-02T09:27:44+00:00","twitter_card":"summary_large_image","schema":{"@context":"https:\/\/schema.org","@graph":[{"@type":"WebPage","@id":"https:\/\/villa-anneloi.com\/home\/thai-cooking-lessons-en\/","url":"https:\/\/villa-anneloi.com\/home\/thai-cooking-lessons-en\/","name":"Thai cooking lessons - Villa-anneloi.com - Feel at home, Far from home.","isPartOf":{"@id":"https:\/\/villa-anneloi.com\/home\/#website"},"datePublished":"2020-02-12T10:10:26+00:00","dateModified":"2020-03-02T09:27:44+00:00","breadcrumb":{"@id":"https:\/\/villa-anneloi.com\/home\/thai-cooking-lessons-en\/#breadcrumb"},"inLanguage":"en-US","potentialAction":[{"@type":"ReadAction","target":["https:\/\/villa-anneloi.com\/home\/thai-cooking-lessons-en\/"]}]},{"@type":"BreadcrumbList","@id":"https:\/\/villa-anneloi.com\/home\/thai-cooking-lessons-en\/#breadcrumb","itemListElement":[{"@type":"ListItem","position":1,"name":"Home","item":"https:\/\/villa-anneloi.com\/home\/"},{"@type":"ListItem","position":2,"name":"Thai cooking lessons"}]},{"@type":"WebSite","@id":"https:\/\/villa-anneloi.com\/home\/#website","url":"https:\/\/villa-anneloi.com\/home\/","name":"Villa-anneloi.com - Feel at home, Far from home.","description":"chiangmai province guesthouse, chiang mai guesthouse, chiang mai, thailand, guesthouse, villa-anneloi guesthouse, guesthouse, chiang mai travel, chiang mai tour, chiang mai trekking, rafting, chiang mai tour agent, thailand, trekking, bamboo rafting, elephant riding, caving, canoeing, kantoke dinner, t-rex-house","potentialAction":[{"@type":"SearchAction","target":{"@type":"EntryPoint","urlTemplate":"https:\/\/villa-anneloi.com\/home\/?s={search_term_string}"},"query-input":"required name=search_term_string"}],"inLanguage":"en-US"}]}},"uagb_featured_image_src":{"full":false,"thumbnail":false,"medium":false,"medium_large":false,"large":false,"1536x1536":false,"2048x2048":false},"uagb_author_info":{"display_name":"admin","author_link":"https:\/\/villa-anneloi.com\/home\/author\/admin\/"},"uagb_comment_info":0,"uagb_excerpt":"This excursion operates on any available day. 8.30am -3.00pm join tour, transfers, English explanation and teachings and lunch included. Pick up at your accommodation and start with a tour in the local market. Search for the Thai cooking ingredients. It is a small cooking school and each has his own cooking place. You make a&hellip;","jetpack_sharing_enabled":true,"jetpack-related-posts":[{"id":1400,"url":"https:\/\/villa-anneloi.com\/home\/trips\/","url_meta":{"origin":1043,"position":0},"title":"Trips","date":"21st February 2020","format":false,"excerpt":"Villa Anneloi Tour Trips Offer of excursions or choose for our excursion package: (1) Nature day trip with Loi (click to read more details) (Price starts at 2400 baht pp, min 2 persons, max 9 persons) (2) Two days trekking with Loi (click to read more details) (Price starts at\u2026","rel":"","context":"Similar post","img":{"alt_text":"","src":"","width":0,"height":0},"classes":[]},{"id":1384,"url":"https:\/\/villa-anneloi.com\/home\/we\/","url_meta":{"origin":1043,"position":1},"title":"Who are we?","date":"21st February 2020","format":false,"excerpt":"Villa Anneloi Tour Who are we ? Click here for reviews Villa Anneloi tour Annelore, a Belgian lady, and Loi, a Thai native tour guide met eachother in Chiang Mai, Thailand. Loi is a Thai tour guide and speaks good English. He loves to show his country and habitat to\u2026","rel":"","context":"Similar post","img":{"alt_text":"","src":"https:\/\/i0.wp.com\/villa-anneloi.com\/home\/wp-content\/uploads\/2020\/01\/2.png?resize=350%2C200&ssl=1","width":350,"height":200},"classes":[]},{"id":1585,"url":"https:\/\/villa-anneloi.com\/home\/les-lessons-cuisine-thailandaise-fr\/","url_meta":{"origin":1043,"position":2},"title":"Atelier de cuisine tha\u00eflandaise","date":"2nd March 2020","format":false,"excerpt":"Cette excursion peut \u00eatre organis\u00e9 tous les jours sous r\u00e9serve de disponibilit\u00e9. 8h30 - 15h00 visite guid\u00e9e , transfer, explication et enseignements et d\u00e9jeuner inclus. Ils viennent vous cherchez \u00e0 votre accommodation et le premier arr\u00eat est au march\u00e9 local. Ils ach\u00e8tent et expliquent concernant les ingr\u00e9dients \u00e0 utiliser dans\u2026","rel":"","context":"Similar post","img":{"alt_text":"","src":"","width":0,"height":0},"classes":[]},{"id":1607,"url":"https:\/\/villa-anneloi.com\/home\/bicycle-tour-with-local-stops-en\/","url_meta":{"origin":1043,"position":3},"title":"Bicycle tour with local stops","date":"2nd March 2020","format":false,"excerpt":"This excursion operates on any available day. 8.30am -2.30pm join tour, transfers, bicycle, English guide and lunch included. Experience the Thai countryside by bicycle through traditional villages with wooden houses on stilts, ride through the rice fields along lazy back roads and encounter children surprised by the unusual sight of\u2026","rel":"","context":"Similar post","img":{"alt_text":"","src":"","width":0,"height":0},"classes":[]},{"id":1588,"url":"https:\/\/villa-anneloi.com\/home\/two-days-trekking-with-loi-en\/","url_meta":{"origin":1043,"position":4},"title":"Two days trekking with Loi.","date":"2nd March 2020","format":false,"excerpt":"You discover the 'real' Thailand on the 2 days trekking!\u00a0 Loi guides you as a real Tarzan through the jungle !\u00a0\u00a0\u00a0The 2 day trekking is a taste of the 'real' local Thai life of the hill tribes. The trek is a walk over mountains and the heat can play some\u2026","rel":"","context":"Similar post","img":{"alt_text":"","src":"","width":0,"height":0},"classes":[]},{"id":1812,"url":"https:\/\/villa-anneloi.com\/home\/familie-dokphor\/","url_meta":{"origin":1043,"position":5},"title":"The DoMiSi krant 1 Familie Dokphor","date":"4th March 2020","format":false,"excerpt":"Villa Anneloi Familie Dokphor \u2013 De Rese We stellen voor:\u00a0\u00a0 Papa,\u00a0Phan Dokphor.\u00a0\u00a0Roepnaam, Loi.\u00a0\u00a035 jaar.\u00a0\u00a0Thaise nationaliteit.\u00a0\u00a0Thais uiterlijk: klein, zwart haar, bruine huidskleur.\u00a0\u00a0Te beschrijven als: tarzan in de jungle -\u00a0de entertainer van dienst - the best - no money, no honey, no fun, no baby - toffe gids ... (dit naar wat\u2026","rel":"","context":"Similar post","img":{"alt_text":"","src":"","width":0,"height":0},"classes":[]}],"jetpack_shortlink":"https:\/\/wp.me\/PbNARy-gP","_links":{"self":[{"href":"https:\/\/villa-anneloi.com\/home\/wp-json\/wp\/v2\/pages\/1043"}],"collection":[{"href":"https:\/\/villa-anneloi.com\/home\/wp-json\/wp\/v2\/pages"}],"about":[{"href":"https:\/\/villa-anneloi.com\/home\/wp-json\/wp\/v2\/types\/page"}],"author":[{"embeddable":true,"href":"https:\/\/villa-anneloi.com\/home\/wp-json\/wp\/v2\/users\/1"}],"replies":[{"embeddable":true,"href":"https:\/\/villa-anneloi.com\/home\/wp-json\/wp\/v2\/comments?post=1043"}],"version-history":[{"count":7,"href":"https:\/\/villa-anneloi.com\/home\/wp-json\/wp\/v2\/pages\/1043\/revisions"}],"predecessor-version":[{"id":1619,"href":"https:\/\/villa-anneloi.com\/home\/wp-json\/wp\/v2\/pages\/1043\/revisions\/1619"}],"wp:attachment":[{"href":"https:\/\/villa-anneloi.com\/home\/wp-json\/wp\/v2\/media?parent=1043"}],"curies":[{"name":"wp","href":"https:\/\/api.w.org\/{rel}","templated":true}]}}