{"id":1045,"date":"2020-02-12T17:12:15","date_gmt":"2020-02-12T10:12:15","guid":{"rendered":"https:\/\/villa-anneloi.com\/home\/?page_id=1045"},"modified":"2020-03-11T11:43:47","modified_gmt":"2020-03-11T04:43:47","slug":"doi-suthep-tempel-en-massage-eng","status":"publish","type":"page","link":"https:\/\/villa-anneloi.com\/home\/doi-suthep-tempel-en-massage-eng\/","title":{"rendered":"Doi Suthep temple and massage."},"content":{"rendered":"\n<div class=\"wp-block-nextend-smartslider3\"><\/div>\n\n\n\n<p class=\"has-text-color has-text-align-center has-luminous-vivid-amber-color\"> This excursion operates on any available day.      <\/p>\n\n\n\n<p class=\"has-text-align-center\">   <strong>9am- 2pm min. 2 persons <\/strong><\/p>\n\n\n\n<p>A local taxi brings you on an 11 km climbing mountain road to the feet of the temple &#8220;Wat Prataat Doi Suthep&#8217;.    You can choose to walk the 306 steps or  take a little cable lift to visit this temple.  It is built on a mountain with a great view of the city,  Chiang Mai.   You can walk  in and around the temple and observe the Thai culture.    After the visit the taxi will bring you  to a professional massage salon.   You can choose for a Thai or and oil massage.   The  masseuses are all educated in a  massage school and treat you in a professional way.    <\/p>\n\n\n\n<p class=\"has-text-align-center\">Extra 30 bath pp to pay at the&nbsp;entree of the temple.<\/p>\n\n\n\n<p><\/p>\n","protected":false},"excerpt":{"rendered":"<p>This excursion operates on any available day. 9am- 2pm min. 2 persons A local taxi brings you on an 11 km climbing mountain road to the feet of the temple &#8220;Wat Prataat Doi Suthep&#8217;. You can choose to walk the 306 steps or take a little cable lift to visit this temple. It is built &#8230; <a title=\"Doi Suthep temple and massage.\" class=\"read-more\" href=\"https:\/\/villa-anneloi.com\/home\/doi-suthep-tempel-en-massage-eng\/\" aria-label=\"More on Doi Suthep temple and massage.\">Read more<\/a><\/p>\n","protected":false},"author":1,"featured_media":0,"parent":0,"menu_order":0,"comment_status":"closed","ping_status":"closed","template":"","meta":{"_uag_custom_page_level_css":""},"yoast_head":"<!-- This site is optimized with the Yoast SEO plugin v19.12 - https:\/\/yoast.com\/wordpress\/plugins\/seo\/ -->\n<title>Doi Suthep temple and massage. - Villa-anneloi.com - Feel at home, Far from home.<\/title>\n<meta name=\"robots\" content=\"index, follow, max-snippet:-1, max-image-preview:large, max-video-preview:-1\" \/>\n<link rel=\"canonical\" href=\"https:\/\/villa-anneloi.com\/home\/doi-suthep-tempel-en-massage-eng\/\" \/>\n<meta property=\"og:locale\" content=\"en_US\" \/>\n<meta property=\"og:type\" content=\"article\" \/>\n<meta property=\"og:title\" content=\"Doi Suthep temple and massage. - Villa-anneloi.com - Feel at home, Far from home.\" \/>\n<meta property=\"og:description\" content=\"This excursion operates on any available day. 9am- 2pm min. 2 persons A local taxi brings you on an 11 km climbing mountain road to the feet of the temple &#8220;Wat Prataat Doi Suthep&#8217;. You can choose to walk the 306 steps or take a little cable lift to visit this temple. It is built ... Read more\" \/>\n<meta property=\"og:url\" content=\"https:\/\/villa-anneloi.com\/home\/doi-suthep-tempel-en-massage-eng\/\" \/>\n<meta property=\"og:site_name\" content=\"Villa-anneloi.com - Feel at home, Far from home.\" \/>\n<meta property=\"article:modified_time\" content=\"2020-03-11T04:43:47+00:00\" \/>\n<meta name=\"twitter:card\" content=\"summary_large_image\" \/>\n<meta name=\"twitter:label1\" content=\"Est. reading time\" \/>\n\t<meta name=\"twitter:data1\" content=\"1 minute\" \/>\n<script type=\"application\/ld+json\" class=\"yoast-schema-graph\">{\"@context\":\"https:\/\/schema.org\",\"@graph\":[{\"@type\":\"WebPage\",\"@id\":\"https:\/\/villa-anneloi.com\/home\/doi-suthep-tempel-en-massage-eng\/\",\"url\":\"https:\/\/villa-anneloi.com\/home\/doi-suthep-tempel-en-massage-eng\/\",\"name\":\"Doi Suthep temple and massage. - Villa-anneloi.com - Feel at home, Far from home.\",\"isPartOf\":{\"@id\":\"https:\/\/villa-anneloi.com\/home\/#website\"},\"datePublished\":\"2020-02-12T10:12:15+00:00\",\"dateModified\":\"2020-03-11T04:43:47+00:00\",\"breadcrumb\":{\"@id\":\"https:\/\/villa-anneloi.com\/home\/doi-suthep-tempel-en-massage-eng\/#breadcrumb\"},\"inLanguage\":\"en-US\",\"potentialAction\":[{\"@type\":\"ReadAction\",\"target\":[\"https:\/\/villa-anneloi.com\/home\/doi-suthep-tempel-en-massage-eng\/\"]}]},{\"@type\":\"BreadcrumbList\",\"@id\":\"https:\/\/villa-anneloi.com\/home\/doi-suthep-tempel-en-massage-eng\/#breadcrumb\",\"itemListElement\":[{\"@type\":\"ListItem\",\"position\":1,\"name\":\"Home\",\"item\":\"https:\/\/villa-anneloi.com\/home\/\"},{\"@type\":\"ListItem\",\"position\":2,\"name\":\"Doi Suthep temple and massage.\"}]},{\"@type\":\"WebSite\",\"@id\":\"https:\/\/villa-anneloi.com\/home\/#website\",\"url\":\"https:\/\/villa-anneloi.com\/home\/\",\"name\":\"Villa-anneloi.com - Feel at home, Far from home.\",\"description\":\"chiangmai province guesthouse, chiang mai guesthouse, chiang mai, thailand, guesthouse, villa-anneloi guesthouse, guesthouse, chiang mai travel, chiang mai tour, chiang mai trekking, rafting, chiang mai tour agent, thailand, trekking, bamboo rafting, elephant riding, caving, canoeing, kantoke dinner, t-rex-house\",\"potentialAction\":[{\"@type\":\"SearchAction\",\"target\":{\"@type\":\"EntryPoint\",\"urlTemplate\":\"https:\/\/villa-anneloi.com\/home\/?s={search_term_string}\"},\"query-input\":\"required name=search_term_string\"}],\"inLanguage\":\"en-US\"}]}<\/script>\n<!-- \/ Yoast SEO plugin. -->","yoast_head_json":{"title":"Doi Suthep temple and massage. - Villa-anneloi.com - Feel at home, Far from home.","robots":{"index":"index","follow":"follow","max-snippet":"max-snippet:-1","max-image-preview":"max-image-preview:large","max-video-preview":"max-video-preview:-1"},"canonical":"https:\/\/villa-anneloi.com\/home\/doi-suthep-tempel-en-massage-eng\/","og_locale":"en_US","og_type":"article","og_title":"Doi Suthep temple and massage. - Villa-anneloi.com - Feel at home, Far from home.","og_description":"This excursion operates on any available day. 9am- 2pm min. 2 persons A local taxi brings you on an 11 km climbing mountain road to the feet of the temple &#8220;Wat Prataat Doi Suthep&#8217;. You can choose to walk the 306 steps or take a little cable lift to visit this temple. It is built ... Read more","og_url":"https:\/\/villa-anneloi.com\/home\/doi-suthep-tempel-en-massage-eng\/","og_site_name":"Villa-anneloi.com - Feel at home, Far from home.","article_modified_time":"2020-03-11T04:43:47+00:00","twitter_card":"summary_large_image","twitter_misc":{"Est. reading time":"1 minute"},"schema":{"@context":"https:\/\/schema.org","@graph":[{"@type":"WebPage","@id":"https:\/\/villa-anneloi.com\/home\/doi-suthep-tempel-en-massage-eng\/","url":"https:\/\/villa-anneloi.com\/home\/doi-suthep-tempel-en-massage-eng\/","name":"Doi Suthep temple and massage. - Villa-anneloi.com - Feel at home, Far from home.","isPartOf":{"@id":"https:\/\/villa-anneloi.com\/home\/#website"},"datePublished":"2020-02-12T10:12:15+00:00","dateModified":"2020-03-11T04:43:47+00:00","breadcrumb":{"@id":"https:\/\/villa-anneloi.com\/home\/doi-suthep-tempel-en-massage-eng\/#breadcrumb"},"inLanguage":"en-US","potentialAction":[{"@type":"ReadAction","target":["https:\/\/villa-anneloi.com\/home\/doi-suthep-tempel-en-massage-eng\/"]}]},{"@type":"BreadcrumbList","@id":"https:\/\/villa-anneloi.com\/home\/doi-suthep-tempel-en-massage-eng\/#breadcrumb","itemListElement":[{"@type":"ListItem","position":1,"name":"Home","item":"https:\/\/villa-anneloi.com\/home\/"},{"@type":"ListItem","position":2,"name":"Doi Suthep temple and massage."}]},{"@type":"WebSite","@id":"https:\/\/villa-anneloi.com\/home\/#website","url":"https:\/\/villa-anneloi.com\/home\/","name":"Villa-anneloi.com - Feel at home, Far from home.","description":"chiangmai province guesthouse, chiang mai guesthouse, chiang mai, thailand, guesthouse, villa-anneloi guesthouse, guesthouse, chiang mai travel, chiang mai tour, chiang mai trekking, rafting, chiang mai tour agent, thailand, trekking, bamboo rafting, elephant riding, caving, canoeing, kantoke dinner, t-rex-house","potentialAction":[{"@type":"SearchAction","target":{"@type":"EntryPoint","urlTemplate":"https:\/\/villa-anneloi.com\/home\/?s={search_term_string}"},"query-input":"required name=search_term_string"}],"inLanguage":"en-US"}]}},"uagb_featured_image_src":{"full":false,"thumbnail":false,"medium":false,"medium_large":false,"large":false,"1536x1536":false,"2048x2048":false},"uagb_author_info":{"display_name":"admin","author_link":"https:\/\/villa-anneloi.com\/home\/author\/admin\/"},"uagb_comment_info":0,"uagb_excerpt":"This excursion operates on any available day. 9am- 2pm min. 2 persons A local taxi brings you on an 11 km climbing mountain road to the feet of the temple &#8220;Wat Prataat Doi Suthep&#8217;. You can choose to walk the 306 steps or take a little cable lift to visit this temple. It is built&hellip;","jetpack_sharing_enabled":true,"jetpack-related-posts":[{"id":1575,"url":"https:\/\/villa-anneloi.com\/home\/temple-doi-suthep-et-massage-fr\/","url_meta":{"origin":1045,"position":0},"title":"Temple Doi Suthep et massage.","date":"2nd March 2020","format":false,"excerpt":"Cette excursion peut \u00eatre organis\u00e9 tous les jours sous r\u00e9serve de disponibilit\u00e9. 9h00-14h00 min 2 personnes Un taxi local vous emm\u00e8ne sur une route de montagne pendant 11 km jusqu'aux pieds du temple \"Wat Prataat Doi Suthep\". Vous pourrez choisir de monter les 306 marches ou de prendre un t\u00e9l\u00e9ph\u00e9rique\u2026","rel":"","context":"Similar post","img":{"alt_text":"","src":"","width":0,"height":0},"classes":[]},{"id":1592,"url":"https:\/\/villa-anneloi.com\/home\/two-days-trip-with-loi-to-pai-or-chiang-rai\/","url_meta":{"origin":1045,"position":1},"title":"Two days trip with Loi to              Pai or Chiang Rai.","date":"2nd March 2020","format":false,"excerpt":"Day 1 : An amazing ride through the mountains with stops where you wouldn't know of. With Loi you feel as a 'local' making a trip. Some of the stops are: PAI : a waterfall to swim in, a bat cave, Pai Canyon, hotsprings and ricefields. CHIANG RAI: hotsprings, the\u2026","rel":"","context":"Similar post","img":{"alt_text":"","src":"","width":0,"height":0},"classes":[]},{"id":1593,"url":"https:\/\/villa-anneloi.com\/home\/excursion-de-deux-jours-avec-loi-a-pai-ou-chiang-rai\/","url_meta":{"origin":1045,"position":2},"title":"Excursion de deux jours avec Loi \u00e0 Pai ou Chiang Rai.","date":"2nd March 2020","format":false,"excerpt":"Premi\u00e8re journ\u00e9e: Une randonn\u00e9e incroyable \u00e0 travers les montagnes avec des arr\u00eats que vous n\u2019auriez jamais d\u00e9couverts seuls. Avec Loi, vous vous sentirez comme un \"local\" en route. Les arr\u00eats sont : PAI : une cascade pour se baigner, une grotte de chauves-souris, le canyon de Pai, des sources d'eau\u2026","rel":"","context":"Similar post","img":{"alt_text":"","src":"","width":0,"height":0},"classes":[]},{"id":2642,"url":"https:\/\/villa-anneloi.com\/home\/trips\/monloi-en\/","url_meta":{"origin":1045,"position":3},"title":"A 3-day trip to Loi\u2019s birth village","date":"30th January 2026","format":false,"excerpt":"Here\u2019s the program for the trip to Loi\u2019s hometown Day 1 Loi will pick you up at your hotel in Chiang Mai at 9:00 a.m. for a three-day trip to Muang Khong, his mountain hometown in Chiang Dao.You can take your luggage with you and ask your hotel to store\u2026","rel":"","context":"Similar post","img":{"alt_text":"","src":"","width":0,"height":0},"classes":[]},{"id":1588,"url":"https:\/\/villa-anneloi.com\/home\/two-days-trekking-with-loi-en\/","url_meta":{"origin":1045,"position":4},"title":"Two days trekking with Loi.","date":"2nd March 2020","format":false,"excerpt":"You discover the 'real' Thailand on the 2 days trekking!\u00a0 Loi guides you as a real Tarzan through the jungle !\u00a0\u00a0\u00a0The 2 day trekking is a taste of the 'real' local Thai life of the hill tribes. The trek is a walk over mountains and the heat can play some\u2026","rel":"","context":"Similar post","img":{"alt_text":"","src":"","width":0,"height":0},"classes":[]},{"id":1036,"url":"https:\/\/villa-anneloi.com\/home\/daguitstap-met-loi-en\/","url_meta":{"origin":1045,"position":5},"title":"Nature day trip with Loi","date":"12th February 2020","format":false,"excerpt":"Price starts at 2400 bath per person (min 2 \u2013 max 9 persons). 9.00 Pick up at your hotel. \u00a0About 1h drive with a pick up truck through local places to the waterfall. Arrival at the waterfall, you can walk down and climb the waterfall with Loi, spend time in\u2026","rel":"","context":"Similar post","img":{"alt_text":"","src":"","width":0,"height":0},"classes":[]}],"jetpack_shortlink":"https:\/\/wp.me\/PbNARy-gR","_links":{"self":[{"href":"https:\/\/villa-anneloi.com\/home\/wp-json\/wp\/v2\/pages\/1045"}],"collection":[{"href":"https:\/\/villa-anneloi.com\/home\/wp-json\/wp\/v2\/pages"}],"about":[{"href":"https:\/\/villa-anneloi.com\/home\/wp-json\/wp\/v2\/types\/page"}],"author":[{"embeddable":true,"href":"https:\/\/villa-anneloi.com\/home\/wp-json\/wp\/v2\/users\/1"}],"replies":[{"embeddable":true,"href":"https:\/\/villa-anneloi.com\/home\/wp-json\/wp\/v2\/comments?post=1045"}],"version-history":[{"count":9,"href":"https:\/\/villa-anneloi.com\/home\/wp-json\/wp\/v2\/pages\/1045\/revisions"}],"predecessor-version":[{"id":2269,"href":"https:\/\/villa-anneloi.com\/home\/wp-json\/wp\/v2\/pages\/1045\/revisions\/2269"}],"wp:attachment":[{"href":"https:\/\/villa-anneloi.com\/home\/wp-json\/wp\/v2\/media?parent=1045"}],"curies":[{"name":"wp","href":"https:\/\/api.w.org\/{rel}","templated":true}]}}