{"id":1049,"date":"2020-02-12T17:17:15","date_gmt":"2020-02-12T10:17:15","guid":{"rendered":"https:\/\/villa-anneloi.com\/home\/?page_id=1049"},"modified":"2020-03-11T11:45:01","modified_gmt":"2020-03-11T04:45:01","slug":"elephant-care-and-bathing-en","status":"publish","type":"page","link":"https:\/\/villa-anneloi.com\/home\/elephant-care-and-bathing-en\/","title":{"rendered":"Elephant care and bathing."},"content":{"rendered":"\n<div class=\"wp-block-nextend-smartslider3\"><\/div>\n\n\n\n<p class=\"has-text-color has-text-align-center has-luminous-vivid-amber-color\"> <strong>   This excursion operates on any available day.    <\/strong>  <strong> <\/strong><\/p>\n\n\n\n<p class=\"has-text-align-center\"><strong> <\/strong>  <strong>9am \u2013 4 pm join tour, transfers, English speaking guidance and lunch included. <\/strong> <\/p>\n\n\n\n<p>This is an enjoyable opportunity to spend quality time with elephants in their natural home, as well as gain an insight into their history and behavior, and create cherished lifelong memories of their time spent with these amazing animals with friendly, happy elephants in a safe and sustainable environment. <\/p>\n\n\n\n<p>Feed, cook herbal, roaming  and bathing elephants in the river.   No elephant riding in this camp. <\/p>\n\n\n\n<p><\/p>\n","protected":false},"excerpt":{"rendered":"<p>This excursion operates on any available day. 9am \u2013 4 pm join tour, transfers, English speaking guidance and lunch included. This is an enjoyable opportunity to spend quality time with elephants in their natural home, as well as gain an insight into their history and behavior, and create cherished lifelong memories of their time spent &#8230; <a title=\"Elephant care and bathing.\" class=\"read-more\" href=\"https:\/\/villa-anneloi.com\/home\/elephant-care-and-bathing-en\/\" aria-label=\"More on Elephant care and bathing.\">Read more<\/a><\/p>\n","protected":false},"author":1,"featured_media":0,"parent":0,"menu_order":0,"comment_status":"closed","ping_status":"closed","template":"","meta":{"_uag_custom_page_level_css":""},"yoast_head":"<!-- This site is optimized with the Yoast SEO plugin v19.12 - https:\/\/yoast.com\/wordpress\/plugins\/seo\/ -->\n<title>Elephant care and bathing. - Villa-anneloi.com - Feel at home, Far from home.<\/title>\n<meta name=\"robots\" content=\"index, follow, max-snippet:-1, max-image-preview:large, max-video-preview:-1\" \/>\n<link rel=\"canonical\" href=\"https:\/\/villa-anneloi.com\/home\/elephant-care-and-bathing-en\/\" \/>\n<meta property=\"og:locale\" content=\"en_US\" \/>\n<meta property=\"og:type\" content=\"article\" \/>\n<meta property=\"og:title\" content=\"Elephant care and bathing. - Villa-anneloi.com - Feel at home, Far from home.\" \/>\n<meta property=\"og:description\" content=\"This excursion operates on any available day. 9am \u2013 4 pm join tour, transfers, English speaking guidance and lunch included. This is an enjoyable opportunity to spend quality time with elephants in their natural home, as well as gain an insight into their history and behavior, and create cherished lifelong memories of their time spent ... Read more\" \/>\n<meta property=\"og:url\" content=\"https:\/\/villa-anneloi.com\/home\/elephant-care-and-bathing-en\/\" \/>\n<meta property=\"og:site_name\" content=\"Villa-anneloi.com - Feel at home, Far from home.\" \/>\n<meta property=\"article:modified_time\" content=\"2020-03-11T04:45:01+00:00\" \/>\n<meta name=\"twitter:card\" content=\"summary_large_image\" \/>\n<script type=\"application\/ld+json\" class=\"yoast-schema-graph\">{\"@context\":\"https:\/\/schema.org\",\"@graph\":[{\"@type\":\"WebPage\",\"@id\":\"https:\/\/villa-anneloi.com\/home\/elephant-care-and-bathing-en\/\",\"url\":\"https:\/\/villa-anneloi.com\/home\/elephant-care-and-bathing-en\/\",\"name\":\"Elephant care and bathing. - Villa-anneloi.com - Feel at home, Far from home.\",\"isPartOf\":{\"@id\":\"https:\/\/villa-anneloi.com\/home\/#website\"},\"datePublished\":\"2020-02-12T10:17:15+00:00\",\"dateModified\":\"2020-03-11T04:45:01+00:00\",\"breadcrumb\":{\"@id\":\"https:\/\/villa-anneloi.com\/home\/elephant-care-and-bathing-en\/#breadcrumb\"},\"inLanguage\":\"en-US\",\"potentialAction\":[{\"@type\":\"ReadAction\",\"target\":[\"https:\/\/villa-anneloi.com\/home\/elephant-care-and-bathing-en\/\"]}]},{\"@type\":\"BreadcrumbList\",\"@id\":\"https:\/\/villa-anneloi.com\/home\/elephant-care-and-bathing-en\/#breadcrumb\",\"itemListElement\":[{\"@type\":\"ListItem\",\"position\":1,\"name\":\"Home\",\"item\":\"https:\/\/villa-anneloi.com\/home\/\"},{\"@type\":\"ListItem\",\"position\":2,\"name\":\"Elephant care and bathing.\"}]},{\"@type\":\"WebSite\",\"@id\":\"https:\/\/villa-anneloi.com\/home\/#website\",\"url\":\"https:\/\/villa-anneloi.com\/home\/\",\"name\":\"Villa-anneloi.com - Feel at home, Far from home.\",\"description\":\"chiangmai province guesthouse, chiang mai guesthouse, chiang mai, thailand, guesthouse, villa-anneloi guesthouse, guesthouse, chiang mai travel, chiang mai tour, chiang mai trekking, rafting, chiang mai tour agent, thailand, trekking, bamboo rafting, elephant riding, caving, canoeing, kantoke dinner, t-rex-house\",\"potentialAction\":[{\"@type\":\"SearchAction\",\"target\":{\"@type\":\"EntryPoint\",\"urlTemplate\":\"https:\/\/villa-anneloi.com\/home\/?s={search_term_string}\"},\"query-input\":\"required name=search_term_string\"}],\"inLanguage\":\"en-US\"}]}<\/script>\n<!-- \/ Yoast SEO plugin. -->","yoast_head_json":{"title":"Elephant care and bathing. - Villa-anneloi.com - Feel at home, Far from home.","robots":{"index":"index","follow":"follow","max-snippet":"max-snippet:-1","max-image-preview":"max-image-preview:large","max-video-preview":"max-video-preview:-1"},"canonical":"https:\/\/villa-anneloi.com\/home\/elephant-care-and-bathing-en\/","og_locale":"en_US","og_type":"article","og_title":"Elephant care and bathing. - Villa-anneloi.com - Feel at home, Far from home.","og_description":"This excursion operates on any available day. 9am \u2013 4 pm join tour, transfers, English speaking guidance and lunch included. This is an enjoyable opportunity to spend quality time with elephants in their natural home, as well as gain an insight into their history and behavior, and create cherished lifelong memories of their time spent ... Read more","og_url":"https:\/\/villa-anneloi.com\/home\/elephant-care-and-bathing-en\/","og_site_name":"Villa-anneloi.com - Feel at home, Far from home.","article_modified_time":"2020-03-11T04:45:01+00:00","twitter_card":"summary_large_image","schema":{"@context":"https:\/\/schema.org","@graph":[{"@type":"WebPage","@id":"https:\/\/villa-anneloi.com\/home\/elephant-care-and-bathing-en\/","url":"https:\/\/villa-anneloi.com\/home\/elephant-care-and-bathing-en\/","name":"Elephant care and bathing. - Villa-anneloi.com - Feel at home, Far from home.","isPartOf":{"@id":"https:\/\/villa-anneloi.com\/home\/#website"},"datePublished":"2020-02-12T10:17:15+00:00","dateModified":"2020-03-11T04:45:01+00:00","breadcrumb":{"@id":"https:\/\/villa-anneloi.com\/home\/elephant-care-and-bathing-en\/#breadcrumb"},"inLanguage":"en-US","potentialAction":[{"@type":"ReadAction","target":["https:\/\/villa-anneloi.com\/home\/elephant-care-and-bathing-en\/"]}]},{"@type":"BreadcrumbList","@id":"https:\/\/villa-anneloi.com\/home\/elephant-care-and-bathing-en\/#breadcrumb","itemListElement":[{"@type":"ListItem","position":1,"name":"Home","item":"https:\/\/villa-anneloi.com\/home\/"},{"@type":"ListItem","position":2,"name":"Elephant care and bathing."}]},{"@type":"WebSite","@id":"https:\/\/villa-anneloi.com\/home\/#website","url":"https:\/\/villa-anneloi.com\/home\/","name":"Villa-anneloi.com - Feel at home, Far from home.","description":"chiangmai province guesthouse, chiang mai guesthouse, chiang mai, thailand, guesthouse, villa-anneloi guesthouse, guesthouse, chiang mai travel, chiang mai tour, chiang mai trekking, rafting, chiang mai tour agent, thailand, trekking, bamboo rafting, elephant riding, caving, canoeing, kantoke dinner, t-rex-house","potentialAction":[{"@type":"SearchAction","target":{"@type":"EntryPoint","urlTemplate":"https:\/\/villa-anneloi.com\/home\/?s={search_term_string}"},"query-input":"required name=search_term_string"}],"inLanguage":"en-US"}]}},"uagb_featured_image_src":{"full":false,"thumbnail":false,"medium":false,"medium_large":false,"large":false,"1536x1536":false,"2048x2048":false},"uagb_author_info":{"display_name":"admin","author_link":"https:\/\/villa-anneloi.com\/home\/author\/admin\/"},"uagb_comment_info":0,"uagb_excerpt":"This excursion operates on any available day. 9am \u2013 4 pm join tour, transfers, English speaking guidance and lunch included. This is an enjoyable opportunity to spend quality time with elephants in their natural home, as well as gain an insight into their history and behavior, and create cherished lifelong memories of their time spent&hellip;","jetpack_sharing_enabled":true,"jetpack-related-posts":[{"id":1580,"url":"https:\/\/villa-anneloi.com\/home\/soigner-et-se-baigner-les-elephants-fr\/","url_meta":{"origin":1049,"position":0},"title":"Les \u00e9l\u00e9phants: soins et bain .","date":"2nd March 2020","format":false,"excerpt":"Cette excursion peut \u00eatre organis\u00e9 tous les jours sous r\u00e9serve de disponibilit\u00e9 9h00 - 16h00 visite guid\u00e9e, transferts, conseils en anglais et d\u00e9jeuner inclus. C'est une belle occasion de passer une journ\u00e9e enti\u00e8re avec les \u00e9l\u00e9phants dans leur habitat naturel. Vous d\u00e9couvrirez leur histoire et leur comportement. Vous verrez comme\u2026","rel":"","context":"Similar post","img":{"alt_text":"","src":"","width":0,"height":0},"classes":[]},{"id":1403,"url":"https:\/\/villa-anneloi.com\/home\/excursions\/","url_meta":{"origin":1049,"position":1},"title":"Excursions","date":"21st February 2020","format":false,"excerpt":"Villa Anneloi Tour Excursions Le choix des excursions ou notre package d\u2019excursions: (1) Une journ\u00e9e dans la nature avec Loi (cliquez ici pour les details) ( Prix \u00e0 partir de 2400 baht pp, min 2 - max 9 personnes ) (2) Trekking de deux jours avec Loi (cliquez ici pour\u2026","rel":"","context":"Similar post","img":{"alt_text":"","src":"","width":0,"height":0},"classes":[]},{"id":2118,"url":"https:\/\/villa-anneloi.com\/home\/reviews-2002\/","url_meta":{"origin":1049,"position":2},"title":"reviews 2002","date":"5th March 2020","format":false,"excerpt":"03\/01\/02 VILLA ANNELOI : EEN PRETTIGE THAIS \u2013BELGISCHE COMBINATIE ! DO : EEN GOED GELUKTE THAIS-BELGISCHE COMBINATIE\u00a0 Thank you for the good and friendly care, it made Thailand in totally different\u00a0 Marc Een dagje koken is ook mjammie, mjammie\u00a0\u00a0 CHRIS Don\u2019t try, don\u2019t know !\u00a0 Now I tried, now I\u2026","rel":"","context":"Similar post","img":{"alt_text":"","src":"","width":0,"height":0},"classes":[]}],"jetpack_shortlink":"https:\/\/wp.me\/PbNARy-gV","_links":{"self":[{"href":"https:\/\/villa-anneloi.com\/home\/wp-json\/wp\/v2\/pages\/1049"}],"collection":[{"href":"https:\/\/villa-anneloi.com\/home\/wp-json\/wp\/v2\/pages"}],"about":[{"href":"https:\/\/villa-anneloi.com\/home\/wp-json\/wp\/v2\/types\/page"}],"author":[{"embeddable":true,"href":"https:\/\/villa-anneloi.com\/home\/wp-json\/wp\/v2\/users\/1"}],"replies":[{"embeddable":true,"href":"https:\/\/villa-anneloi.com\/home\/wp-json\/wp\/v2\/comments?post=1049"}],"version-history":[{"count":6,"href":"https:\/\/villa-anneloi.com\/home\/wp-json\/wp\/v2\/pages\/1049\/revisions"}],"predecessor-version":[{"id":1614,"href":"https:\/\/villa-anneloi.com\/home\/wp-json\/wp\/v2\/pages\/1049\/revisions\/1614"}],"wp:attachment":[{"href":"https:\/\/villa-anneloi.com\/home\/wp-json\/wp\/v2\/media?parent=1049"}],"curies":[{"name":"wp","href":"https:\/\/api.w.org\/{rel}","templated":true}]}}