{"id":1391,"date":"2020-02-21T15:12:28","date_gmt":"2020-02-21T08:12:28","guid":{"rendered":"https:\/\/villa-anneloi.com\/home\/?page_id=1391"},"modified":"2021-03-10T13:15:06","modified_gmt":"2021-03-10T06:15:06","slug":"qui","status":"publish","type":"page","link":"https:\/\/villa-anneloi.com\/home\/qui\/","title":{"rendered":"Qui sont nous?"},"content":{"rendered":"\n<p class=\"has-text-align-center has-text-color has-huge-font-size\" style=\"color:#d09d1f\"><strong>Villa Anneloi<\/strong> <strong>Tour <\/strong><\/p>\n\n\n\n<p class=\"has-text-align-center has-large-font-size\"><strong>Qui sont nous ?<\/strong><\/p>\n\n\n\n<p class=\"has-text-align-center\"> <a href=\"https:\/\/villa-anneloi.com\/home\/reviews\/\">cliquez ici pour les avis <\/a><\/p>\n\n\n\n<section class=\"wp-block-uagb-columns uagb-columns__wrap uagb-columns__background-undefined uagb-columns__stack-mobile uagb-columns__valign-undefined uagb-columns__gap-10 alignundefined uagb-block-bb5edc06\"><div class=\"uagb-columns__overlay\"><\/div><div class=\"uagb-columns__inner-wrap uagb-columns__columns-2\">\n<div class=\"wp-block-uagb-column uagb-column__wrap uagb-column__background-undefined uagb-block-27a7a87e\"><div class=\"uagb-column__overlay\"><\/div><div class=\"uagb-column__inner-wrap\">\n<p><strong>Villa Anneloi Tour <\/strong><\/p>\n<\/div><\/div>\n\n\n\n<div class=\"wp-block-uagb-column uagb-column__wrap uagb-column__background-undefined uagb-block-1de76933\"><div class=\"uagb-column__overlay\"><\/div><div class=\"uagb-column__inner-wrap\">\n<figure class=\"wp-block-image size-large\"><img decoding=\"async\" width=\"937\" height=\"525\" src=\"https:\/\/villa-anneloi.com\/home\/wp-content\/uploads\/2020\/01\/2.png\" alt=\"\" class=\"wp-image-941\" srcset=\"https:\/\/villa-anneloi.com\/home\/wp-content\/uploads\/2020\/01\/2.png 937w, https:\/\/villa-anneloi.com\/home\/wp-content\/uploads\/2020\/01\/2-300x168.png 300w, https:\/\/villa-anneloi.com\/home\/wp-content\/uploads\/2020\/01\/2-768x430.png 768w\" sizes=\"(max-width: 937px) 100vw, 937px\" \/><\/figure>\n<\/div><\/div>\n<\/div><\/section>\n\n\n\n<p><\/p>\n\n\n\n<p>Annelore, d\u2019origine belge, et Loi, un Tha\u00eflandais, se sont rencontr\u00e9s au cours d\u2019un voyage humanitaire \u00e0 Chiang Mai, en Tha\u00eflande. Annelore est imm\u00e9diatement tomb\u00e9e sous le charme de ce magnifique pays et \u2026. de Loi. <\/p>\n\n\n\n<p>Loi est guide touristique tha\u00eflandais. Il parle tr\u00e8s bien l&#8217;anglais. Il aime faire d\u00e9couvrir son pays \u00e0 ses invit\u00e9s. Il le fait avec passion enthousiasme ! Vous prendrez beaucoup de plaisir \u00e0 l&#8217;accompagner lors de l\u2019une ou l\u2019autre visite et vous en apprendrez \u00e9norm\u00e9ment sur la culture tha\u00eflandaise et ses coutumes.<\/p>\n\n\n\n<p>Si vous aimez d\u00e9couvrir la r\u00e9gion de mani\u00e8re ludique, vous pouvez choisir entre diff\u00e9rentes excursions d&#8217;une journ\u00e9e, un trekking de 2 jours en montagne avec Loi et\/ou encore une excursion de 2 jours \u00e0 Pai ou Chiang Rai.<\/p>\n\n\n\n<p>Nous vous proposons un programme de choix pour une semaine compl\u00e8te. Nous nous occupons de tout, vous n\u2019avez plus qu\u2019\u00e0 profiter pleinement de la beaut\u00e9 et des plaisirs de la Tha\u00eflande du Nord.<\/p>\n\n\n\n<p>Vous souhaitez d\u00e9couvrir la Tha\u00eflande du Nord ?<\/p>\n\n\n\n<p>Alors bienvenue  !<\/p>\n\n\n\n<p><br><\/p>\n","protected":false},"excerpt":{"rendered":"<p>Villa Anneloi Tour Qui sont nous ? cliquez ici pour les avis Annelore, d\u2019origine belge, et Loi, un Tha\u00eflandais, se sont rencontr\u00e9s au cours d\u2019un voyage humanitaire \u00e0 Chiang Mai, en Tha\u00eflande. Annelore est imm\u00e9diatement tomb\u00e9e sous le charme de ce magnifique pays et \u2026. de Loi. Loi est guide touristique tha\u00eflandais. Il parle tr\u00e8s &#8230; <a title=\"Qui sont nous?\" class=\"read-more\" href=\"https:\/\/villa-anneloi.com\/home\/qui\/\" aria-label=\"More on Qui sont nous?\">Read more<\/a><\/p>\n","protected":false},"author":1,"featured_media":0,"parent":0,"menu_order":0,"comment_status":"closed","ping_status":"closed","template":"","meta":{"_uag_custom_page_level_css":""},"yoast_head":"<!-- This site is optimized with the Yoast SEO plugin v19.12 - https:\/\/yoast.com\/wordpress\/plugins\/seo\/ -->\n<title>Qui sont nous? - Villa-anneloi.com - Feel at home, Far from home.<\/title>\n<meta name=\"robots\" content=\"index, follow, max-snippet:-1, max-image-preview:large, max-video-preview:-1\" \/>\n<link rel=\"canonical\" href=\"https:\/\/villa-anneloi.com\/home\/qui\/\" \/>\n<meta property=\"og:locale\" content=\"en_US\" \/>\n<meta property=\"og:type\" content=\"article\" \/>\n<meta property=\"og:title\" content=\"Qui sont nous? - Villa-anneloi.com - Feel at home, Far from home.\" \/>\n<meta property=\"og:description\" content=\"Villa Anneloi Tour Qui sont nous ? cliquez ici pour les avis Annelore, d\u2019origine belge, et Loi, un Tha\u00eflandais, se sont rencontr\u00e9s au cours d\u2019un voyage humanitaire \u00e0 Chiang Mai, en Tha\u00eflande. Annelore est imm\u00e9diatement tomb\u00e9e sous le charme de ce magnifique pays et \u2026. de Loi. Loi est guide touristique tha\u00eflandais. Il parle tr\u00e8s ... Read more\" \/>\n<meta property=\"og:url\" content=\"https:\/\/villa-anneloi.com\/home\/qui\/\" \/>\n<meta property=\"og:site_name\" content=\"Villa-anneloi.com - Feel at home, Far from home.\" \/>\n<meta property=\"article:modified_time\" content=\"2021-03-10T06:15:06+00:00\" \/>\n<meta property=\"og:image\" content=\"https:\/\/villa-anneloi.com\/home\/wp-content\/uploads\/2020\/01\/2.png\" \/>\n<meta name=\"twitter:card\" content=\"summary_large_image\" \/>\n<meta name=\"twitter:label1\" content=\"Est. reading time\" \/>\n\t<meta name=\"twitter:data1\" content=\"1 minute\" \/>\n<script type=\"application\/ld+json\" class=\"yoast-schema-graph\">{\"@context\":\"https:\/\/schema.org\",\"@graph\":[{\"@type\":\"WebPage\",\"@id\":\"https:\/\/villa-anneloi.com\/home\/qui\/\",\"url\":\"https:\/\/villa-anneloi.com\/home\/qui\/\",\"name\":\"Qui sont nous? - Villa-anneloi.com - Feel at home, Far from home.\",\"isPartOf\":{\"@id\":\"https:\/\/villa-anneloi.com\/home\/#website\"},\"datePublished\":\"2020-02-21T08:12:28+00:00\",\"dateModified\":\"2021-03-10T06:15:06+00:00\",\"breadcrumb\":{\"@id\":\"https:\/\/villa-anneloi.com\/home\/qui\/#breadcrumb\"},\"inLanguage\":\"en-US\",\"potentialAction\":[{\"@type\":\"ReadAction\",\"target\":[\"https:\/\/villa-anneloi.com\/home\/qui\/\"]}]},{\"@type\":\"BreadcrumbList\",\"@id\":\"https:\/\/villa-anneloi.com\/home\/qui\/#breadcrumb\",\"itemListElement\":[{\"@type\":\"ListItem\",\"position\":1,\"name\":\"Home\",\"item\":\"https:\/\/villa-anneloi.com\/home\/\"},{\"@type\":\"ListItem\",\"position\":2,\"name\":\"Qui sont nous?\"}]},{\"@type\":\"WebSite\",\"@id\":\"https:\/\/villa-anneloi.com\/home\/#website\",\"url\":\"https:\/\/villa-anneloi.com\/home\/\",\"name\":\"Villa-anneloi.com - Feel at home, Far from home.\",\"description\":\"chiangmai province guesthouse, chiang mai guesthouse, chiang mai, thailand, guesthouse, villa-anneloi guesthouse, guesthouse, chiang mai travel, chiang mai tour, chiang mai trekking, rafting, chiang mai tour agent, thailand, trekking, bamboo rafting, elephant riding, caving, canoeing, kantoke dinner, t-rex-house\",\"potentialAction\":[{\"@type\":\"SearchAction\",\"target\":{\"@type\":\"EntryPoint\",\"urlTemplate\":\"https:\/\/villa-anneloi.com\/home\/?s={search_term_string}\"},\"query-input\":\"required name=search_term_string\"}],\"inLanguage\":\"en-US\"}]}<\/script>\n<!-- \/ Yoast SEO plugin. -->","yoast_head_json":{"title":"Qui sont nous? - Villa-anneloi.com - Feel at home, Far from home.","robots":{"index":"index","follow":"follow","max-snippet":"max-snippet:-1","max-image-preview":"max-image-preview:large","max-video-preview":"max-video-preview:-1"},"canonical":"https:\/\/villa-anneloi.com\/home\/qui\/","og_locale":"en_US","og_type":"article","og_title":"Qui sont nous? - Villa-anneloi.com - Feel at home, Far from home.","og_description":"Villa Anneloi Tour Qui sont nous ? cliquez ici pour les avis Annelore, d\u2019origine belge, et Loi, un Tha\u00eflandais, se sont rencontr\u00e9s au cours d\u2019un voyage humanitaire \u00e0 Chiang Mai, en Tha\u00eflande. Annelore est imm\u00e9diatement tomb\u00e9e sous le charme de ce magnifique pays et \u2026. de Loi. Loi est guide touristique tha\u00eflandais. Il parle tr\u00e8s ... Read more","og_url":"https:\/\/villa-anneloi.com\/home\/qui\/","og_site_name":"Villa-anneloi.com - Feel at home, Far from home.","article_modified_time":"2021-03-10T06:15:06+00:00","og_image":[{"url":"https:\/\/villa-anneloi.com\/home\/wp-content\/uploads\/2020\/01\/2.png"}],"twitter_card":"summary_large_image","twitter_misc":{"Est. reading time":"1 minute"},"schema":{"@context":"https:\/\/schema.org","@graph":[{"@type":"WebPage","@id":"https:\/\/villa-anneloi.com\/home\/qui\/","url":"https:\/\/villa-anneloi.com\/home\/qui\/","name":"Qui sont nous? - Villa-anneloi.com - Feel at home, Far from home.","isPartOf":{"@id":"https:\/\/villa-anneloi.com\/home\/#website"},"datePublished":"2020-02-21T08:12:28+00:00","dateModified":"2021-03-10T06:15:06+00:00","breadcrumb":{"@id":"https:\/\/villa-anneloi.com\/home\/qui\/#breadcrumb"},"inLanguage":"en-US","potentialAction":[{"@type":"ReadAction","target":["https:\/\/villa-anneloi.com\/home\/qui\/"]}]},{"@type":"BreadcrumbList","@id":"https:\/\/villa-anneloi.com\/home\/qui\/#breadcrumb","itemListElement":[{"@type":"ListItem","position":1,"name":"Home","item":"https:\/\/villa-anneloi.com\/home\/"},{"@type":"ListItem","position":2,"name":"Qui sont nous?"}]},{"@type":"WebSite","@id":"https:\/\/villa-anneloi.com\/home\/#website","url":"https:\/\/villa-anneloi.com\/home\/","name":"Villa-anneloi.com - Feel at home, Far from home.","description":"chiangmai province guesthouse, chiang mai guesthouse, chiang mai, thailand, guesthouse, villa-anneloi guesthouse, guesthouse, chiang mai travel, chiang mai tour, chiang mai trekking, rafting, chiang mai tour agent, thailand, trekking, bamboo rafting, elephant riding, caving, canoeing, kantoke dinner, t-rex-house","potentialAction":[{"@type":"SearchAction","target":{"@type":"EntryPoint","urlTemplate":"https:\/\/villa-anneloi.com\/home\/?s={search_term_string}"},"query-input":"required name=search_term_string"}],"inLanguage":"en-US"}]}},"uagb_featured_image_src":{"full":false,"thumbnail":false,"medium":false,"medium_large":false,"large":false,"1536x1536":false,"2048x2048":false},"uagb_author_info":{"display_name":"admin","author_link":"https:\/\/villa-anneloi.com\/home\/author\/admin\/"},"uagb_comment_info":0,"uagb_excerpt":"Villa Anneloi Tour Qui sont nous ? cliquez ici pour les avis Annelore, d\u2019origine belge, et Loi, un Tha\u00eflandais, se sont rencontr\u00e9s au cours d\u2019un voyage humanitaire \u00e0 Chiang Mai, en Tha\u00eflande. Annelore est imm\u00e9diatement tomb\u00e9e sous le charme de ce magnifique pays et \u2026. de Loi. Loi est guide touristique tha\u00eflandais. Il parle tr\u00e8s&hellip;","jetpack_sharing_enabled":true,"jetpack-related-posts":[{"id":18,"url":"https:\/\/villa-anneloi.com\/home\/","url_meta":{"origin":1391,"position":0},"title":"Home","date":"28th June 2019","format":false,"excerpt":"Welcome to Villa Anneloi Tour Thailand, Chiang Mai Who are we? Wie zijn wij?Who are we?Qui sont nous? We organiseren ook pakkettoers met accommodaties. Geef de juiste data door en we zenden een voorstel met prijs. We organize also package tours with accommodation for you. Send us the data you\u2026","rel":"","context":"Similar post","img":{"alt_text":"","src":"","width":0,"height":0},"classes":[]},{"id":1554,"url":"https:\/\/villa-anneloi.com\/home\/reviews\/","url_meta":{"origin":1391,"position":1},"title":"reviews for you","date":"2nd March 2020","format":false,"excerpt":"Dank je wel voor uw recensie. Thank you for your review. Merci pour votre avis. Lees wat onze gasten schreven sinds 2001: Read what our guest wrote since 2001: Lisez ce que nous guests ont \u00e9crit depuis 2001: Klik het jaar - click the year - cliquez l'ann\u00e9e (na COVID\u2026","rel":"","context":"Similar post","img":{"alt_text":"","src":"","width":0,"height":0},"classes":[]},{"id":1403,"url":"https:\/\/villa-anneloi.com\/home\/excursions\/","url_meta":{"origin":1391,"position":2},"title":"Excursions","date":"21st February 2020","format":false,"excerpt":"Villa Anneloi Tour Excursions Le choix des excursions ou notre package d\u2019excursions: (1) Une journ\u00e9e dans la nature avec Loi (cliquez ici pour les details) ( Prix \u00e0 partir de 2400 baht pp, min 2 - max 9 personnes ) (2) Trekking de deux jours avec Loi (cliquez ici pour\u2026","rel":"","context":"Similar post","img":{"alt_text":"","src":"","width":0,"height":0},"classes":[]},{"id":1590,"url":"https:\/\/villa-anneloi.com\/home\/trekking-de-deux-jours-avec-loi-fr\/","url_meta":{"origin":1391,"position":3},"title":"Trekking de deux jours avec Loi.","date":"2nd March 2020","format":false,"excerpt":"Ce trekking de deux jours est un avant-go\u00fbt de la \"vraie\" vie locale tha\u00eflandaise des tribus des collines. Loi vous guide comme Tarzan dans la jungle. Le trekking est une randonn\u00e9e dans les montagnes, accessible \u00e0 tous . Notre plus jeune randonneur avait 2 ans et le plus \u00e2g\u00e9, 84\u2026","rel":"","context":"Similar post","img":{"alt_text":"","src":"","width":0,"height":0},"classes":[]},{"id":1598,"url":"https:\/\/villa-anneloi.com\/home\/tour-au-tyrolienne-fr\/","url_meta":{"origin":1391,"position":4},"title":"Visite tyrolienne","date":"2nd March 2020","format":false,"excerpt":"Cette excursion peut \u00eatre organis\u00e9 tous les jours sous r\u00e9serve de disponibilit\u00e9 9h00- 14h00 visite guid\u00e9e, transferts, d\u00e9jeuner et guides anglophones inclus. Vous quitterez le monde stressant et anim\u00e9 pour vous immerger au plus profond de la jungle. Autour de la tyrolienne, des plateformes sont suspendues en hauteur dans les\u2026","rel":"","context":"Similar post","img":{"alt_text":"","src":"","width":0,"height":0},"classes":[]},{"id":2205,"url":"https:\/\/villa-anneloi.com\/home\/reviews2018\/","url_meta":{"origin":1391,"position":5},"title":"reviews2018","date":"5th March 2020","format":false,"excerpt":"Dank je wel voor uw recensie. Thank you for your review. Merci pour votre revue. Lees wat onze gasten schreven sinds 2001: Read what our guest wrote since 2001: Lisez ce que nous guests ont \u00e9crit depuis 2001: Klik het jaar - click the year - cliquez l'ann\u00e9e 2001 2002\u2026","rel":"","context":"Similar post","img":{"alt_text":"","src":"","width":0,"height":0},"classes":[]}],"jetpack_shortlink":"https:\/\/wp.me\/PbNARy-mr","_links":{"self":[{"href":"https:\/\/villa-anneloi.com\/home\/wp-json\/wp\/v2\/pages\/1391"}],"collection":[{"href":"https:\/\/villa-anneloi.com\/home\/wp-json\/wp\/v2\/pages"}],"about":[{"href":"https:\/\/villa-anneloi.com\/home\/wp-json\/wp\/v2\/types\/page"}],"author":[{"embeddable":true,"href":"https:\/\/villa-anneloi.com\/home\/wp-json\/wp\/v2\/users\/1"}],"replies":[{"embeddable":true,"href":"https:\/\/villa-anneloi.com\/home\/wp-json\/wp\/v2\/comments?post=1391"}],"version-history":[{"count":9,"href":"https:\/\/villa-anneloi.com\/home\/wp-json\/wp\/v2\/pages\/1391\/revisions"}],"predecessor-version":[{"id":2440,"href":"https:\/\/villa-anneloi.com\/home\/wp-json\/wp\/v2\/pages\/1391\/revisions\/2440"}],"wp:attachment":[{"href":"https:\/\/villa-anneloi.com\/home\/wp-json\/wp\/v2\/media?parent=1391"}],"curies":[{"name":"wp","href":"https:\/\/api.w.org\/{rel}","templated":true}]}}