{"id":1400,"date":"2020-02-21T15:18:01","date_gmt":"2020-02-21T08:18:01","guid":{"rendered":"https:\/\/villa-anneloi.com\/home\/?page_id=1400"},"modified":"2026-01-30T17:04:31","modified_gmt":"2026-01-30T10:04:31","slug":"trips","status":"publish","type":"page","link":"https:\/\/villa-anneloi.com\/home\/trips\/","title":{"rendered":"Trips"},"content":{"rendered":"\n<p class=\"has-text-align-center has-text-color has-huge-font-size\" style=\"color:#d09d1f\"><strong>Villa Anneloi<\/strong> <strong>Tour<\/strong><\/p>\n\n\n\n<p class=\"has-text-align-center has-large-font-size\"><strong>Trips <\/strong> <\/p>\n\n\n\n<div class=\"wp-block-nextend-smartslider3\"><\/div>\n\n\n\n<hr class=\"wp-block-separator has-css-opacity\"\/>\n\n\n\n<p class=\"has-text-align-center\">    <strong>Offer of excursions  <span style=\"color:#ad7101\" class=\"has-inline-color\">or choose for our<\/span> <a href=\"https:\/\/villa-anneloi.com\/home\/choose-for-our-excursion-package-en\/\">excursion package:<\/a><\/strong>  <\/p>\n\n\n\n<p class=\"has-text-color\" style=\"color:#fae100\"> <a href=\"https:\/\/villa-anneloi.com\/home\/daguitstap-met-loi-en\/\"><strong>(1) Nature day trip with Loi (click to read more details) <\/strong> <\/a><\/p>\n\n\n\n<p>  (Price starts at 2400 baht pp, min 2 persons, max 9 persons)   <\/p>\n\n\n\n<p class=\"has-luminous-vivid-amber-color has-text-color\"><a href=\"https:\/\/villa-anneloi.com\/home\/two-days-trekking-with-loi-en\/\"><strong>(2) Two days trekking with Loi (click to read more details)<\/strong> <\/a><\/p>\n\n\n\n<p>  (Price starts at 5000 baht pp, min 2 persons, max 9 persons)   <\/p>\n\n\n\n<p class=\"has-luminous-vivid-amber-color has-text-color\"><strong><a href=\"https:\/\/villa-anneloi.com\/home\/bicycle-tour-with-local-stops-en\/\">(3) Bicycle tour with local stops  (click to read more details)<\/a> <\/strong> <\/p>\n\n\n\n<p> (Price is 1350 baht pp)   <\/p>\n\n\n\n<p class=\"has-luminous-vivid-amber-color has-text-color\"><a href=\"https:\/\/villa-anneloi.com\/home\/thai-cooking-lessons-en\/\"><strong>(4) Thai cooking lessons (click to read more details) <\/strong> <\/a><\/p>\n\n\n\n<p class=\"has-text-align-left\"> (Price is 1400 baht pp)  <\/p>\n\n\n\n<p class=\"has-luminous-vivid-amber-color has-text-color\"><a href=\"https:\/\/villa-anneloi.com\/home\/zipline-tour-en\/\"><strong>(5) Zipline tour (click to read more details)<\/strong> <\/a><\/p>\n\n\n\n<p class=\"has-text-align-left\">(Price is 2250 baht pp express package &#8211; 2450 baht pp extreme package)    <\/p>\n\n\n\n<p class=\"has-luminous-vivid-amber-color has-text-color\"><strong><a href=\"https:\/\/villa-anneloi.com\/home\/elephant-care-and-bathing-en\/\">(6) Elephant care and bathing (click to read more details)<\/a><\/strong><\/p>\n\n\n\n<p class=\"has-text-align-left\">(Price is 2500 baht per adult (2000 baht per child under 9 years) full day, <\/p>\n\n\n\n<p class=\"has-text-align-left\">1500 baht per adult (1200 baht per child under 9 years)  1\/2 day)<\/p>\n\n\n\n<p class=\"has-luminous-vivid-amber-color has-text-color\"><a href=\"https:\/\/villa-anneloi.com\/home\/two-days-trip-with-loi-to-pai-or-chiang-rai\/\"><strong>(7) Two days trip  with Loi <\/strong> <strong>to Pai<\/strong>  <strong>or Chiang Rai<\/strong> <strong>(click to read more details)<\/strong><\/a><\/p>\n\n\n\n<p class=\"has-text-align-left\">&nbsp;(Price is  5000- 6500 baht pp, min 2 persons, max 9 persons)<strong> <\/strong><\/p>\n\n\n\n<p class=\"has-luminous-vivid-amber-color has-text-color\"><a href=\"https:\/\/villa-anneloi.com\/home\/trips\/monloi-en\/\"><strong>(8) A 3-day trip to Loi&#8217;s birth village (click to read more)<\/strong><\/a><\/p>\n\n\n\n<p>Only from OCTOBER THROUGH MARCH<br>(Price is 7,500 baht per person, 6,500 baht per person for groups of 4 (in case of one booking) for 3 days and 2 nights)<\/p>\n","protected":false},"excerpt":{"rendered":"<p>Villa Anneloi Tour Trips Offer of excursions or choose for our excursion package: (1) Nature day trip with Loi (click to read more details) (Price starts at 2400 baht pp, min 2 persons, max 9 persons) (2) Two days trekking with Loi (click to read more details) (Price starts at 5000 baht pp, min 2 &#8230; <a title=\"Trips\" class=\"read-more\" href=\"https:\/\/villa-anneloi.com\/home\/trips\/\" aria-label=\"More on Trips\">Read more<\/a><\/p>\n","protected":false},"author":1,"featured_media":0,"parent":0,"menu_order":0,"comment_status":"closed","ping_status":"closed","template":"","meta":{"_uag_custom_page_level_css":""},"yoast_head":"<!-- This site is optimized with the Yoast SEO plugin v19.12 - https:\/\/yoast.com\/wordpress\/plugins\/seo\/ -->\n<title>Trips - Villa-anneloi.com - Feel at home, Far from home.<\/title>\n<meta name=\"robots\" content=\"index, follow, max-snippet:-1, max-image-preview:large, max-video-preview:-1\" \/>\n<link rel=\"canonical\" href=\"https:\/\/villa-anneloi.com\/home\/trips\/\" \/>\n<meta property=\"og:locale\" content=\"en_US\" \/>\n<meta property=\"og:type\" content=\"article\" \/>\n<meta property=\"og:title\" content=\"Trips - Villa-anneloi.com - Feel at home, Far from home.\" \/>\n<meta property=\"og:description\" content=\"Villa Anneloi Tour Trips Offer of excursions or choose for our excursion package: (1) Nature day trip with Loi (click to read more details) (Price starts at 2400 baht pp, min 2 persons, max 9 persons) (2) Two days trekking with Loi (click to read more details) (Price starts at 5000 baht pp, min 2 ... Read more\" \/>\n<meta property=\"og:url\" content=\"https:\/\/villa-anneloi.com\/home\/trips\/\" \/>\n<meta property=\"og:site_name\" content=\"Villa-anneloi.com - Feel at home, Far from home.\" \/>\n<meta property=\"article:modified_time\" content=\"2026-01-30T10:04:31+00:00\" \/>\n<meta name=\"twitter:card\" content=\"summary_large_image\" \/>\n<meta name=\"twitter:label1\" content=\"Est. reading time\" \/>\n\t<meta name=\"twitter:data1\" content=\"1 minute\" \/>\n<script type=\"application\/ld+json\" class=\"yoast-schema-graph\">{\"@context\":\"https:\/\/schema.org\",\"@graph\":[{\"@type\":\"WebPage\",\"@id\":\"https:\/\/villa-anneloi.com\/home\/trips\/\",\"url\":\"https:\/\/villa-anneloi.com\/home\/trips\/\",\"name\":\"Trips - Villa-anneloi.com - Feel at home, Far from home.\",\"isPartOf\":{\"@id\":\"https:\/\/villa-anneloi.com\/home\/#website\"},\"datePublished\":\"2020-02-21T08:18:01+00:00\",\"dateModified\":\"2026-01-30T10:04:31+00:00\",\"breadcrumb\":{\"@id\":\"https:\/\/villa-anneloi.com\/home\/trips\/#breadcrumb\"},\"inLanguage\":\"en-US\",\"potentialAction\":[{\"@type\":\"ReadAction\",\"target\":[\"https:\/\/villa-anneloi.com\/home\/trips\/\"]}]},{\"@type\":\"BreadcrumbList\",\"@id\":\"https:\/\/villa-anneloi.com\/home\/trips\/#breadcrumb\",\"itemListElement\":[{\"@type\":\"ListItem\",\"position\":1,\"name\":\"Home\",\"item\":\"https:\/\/villa-anneloi.com\/home\/\"},{\"@type\":\"ListItem\",\"position\":2,\"name\":\"Trips\"}]},{\"@type\":\"WebSite\",\"@id\":\"https:\/\/villa-anneloi.com\/home\/#website\",\"url\":\"https:\/\/villa-anneloi.com\/home\/\",\"name\":\"Villa-anneloi.com - Feel at home, Far from home.\",\"description\":\"chiangmai province guesthouse, chiang mai guesthouse, chiang mai, thailand, guesthouse, villa-anneloi guesthouse, guesthouse, chiang mai travel, chiang mai tour, chiang mai trekking, rafting, chiang mai tour agent, thailand, trekking, bamboo rafting, elephant riding, caving, canoeing, kantoke dinner, t-rex-house\",\"potentialAction\":[{\"@type\":\"SearchAction\",\"target\":{\"@type\":\"EntryPoint\",\"urlTemplate\":\"https:\/\/villa-anneloi.com\/home\/?s={search_term_string}\"},\"query-input\":\"required name=search_term_string\"}],\"inLanguage\":\"en-US\"}]}<\/script>\n<!-- \/ Yoast SEO plugin. -->","yoast_head_json":{"title":"Trips - Villa-anneloi.com - Feel at home, Far from home.","robots":{"index":"index","follow":"follow","max-snippet":"max-snippet:-1","max-image-preview":"max-image-preview:large","max-video-preview":"max-video-preview:-1"},"canonical":"https:\/\/villa-anneloi.com\/home\/trips\/","og_locale":"en_US","og_type":"article","og_title":"Trips - Villa-anneloi.com - Feel at home, Far from home.","og_description":"Villa Anneloi Tour Trips Offer of excursions or choose for our excursion package: (1) Nature day trip with Loi (click to read more details) (Price starts at 2400 baht pp, min 2 persons, max 9 persons) (2) Two days trekking with Loi (click to read more details) (Price starts at 5000 baht pp, min 2 ... Read more","og_url":"https:\/\/villa-anneloi.com\/home\/trips\/","og_site_name":"Villa-anneloi.com - Feel at home, Far from home.","article_modified_time":"2026-01-30T10:04:31+00:00","twitter_card":"summary_large_image","twitter_misc":{"Est. reading time":"1 minute"},"schema":{"@context":"https:\/\/schema.org","@graph":[{"@type":"WebPage","@id":"https:\/\/villa-anneloi.com\/home\/trips\/","url":"https:\/\/villa-anneloi.com\/home\/trips\/","name":"Trips - Villa-anneloi.com - Feel at home, Far from home.","isPartOf":{"@id":"https:\/\/villa-anneloi.com\/home\/#website"},"datePublished":"2020-02-21T08:18:01+00:00","dateModified":"2026-01-30T10:04:31+00:00","breadcrumb":{"@id":"https:\/\/villa-anneloi.com\/home\/trips\/#breadcrumb"},"inLanguage":"en-US","potentialAction":[{"@type":"ReadAction","target":["https:\/\/villa-anneloi.com\/home\/trips\/"]}]},{"@type":"BreadcrumbList","@id":"https:\/\/villa-anneloi.com\/home\/trips\/#breadcrumb","itemListElement":[{"@type":"ListItem","position":1,"name":"Home","item":"https:\/\/villa-anneloi.com\/home\/"},{"@type":"ListItem","position":2,"name":"Trips"}]},{"@type":"WebSite","@id":"https:\/\/villa-anneloi.com\/home\/#website","url":"https:\/\/villa-anneloi.com\/home\/","name":"Villa-anneloi.com - Feel at home, Far from home.","description":"chiangmai province guesthouse, chiang mai guesthouse, chiang mai, thailand, guesthouse, villa-anneloi guesthouse, guesthouse, chiang mai travel, chiang mai tour, chiang mai trekking, rafting, chiang mai tour agent, thailand, trekking, bamboo rafting, elephant riding, caving, canoeing, kantoke dinner, t-rex-house","potentialAction":[{"@type":"SearchAction","target":{"@type":"EntryPoint","urlTemplate":"https:\/\/villa-anneloi.com\/home\/?s={search_term_string}"},"query-input":"required name=search_term_string"}],"inLanguage":"en-US"}]}},"uagb_featured_image_src":{"full":false,"thumbnail":false,"medium":false,"medium_large":false,"large":false,"1536x1536":false,"2048x2048":false},"uagb_author_info":{"display_name":"admin","author_link":"https:\/\/villa-anneloi.com\/home\/author\/admin\/"},"uagb_comment_info":0,"uagb_excerpt":"Villa Anneloi Tour Trips Offer of excursions or choose for our excursion package: (1) Nature day trip with Loi (click to read more details) (Price starts at 2400 baht pp, min 2 persons, max 9 persons) (2) Two days trekking with Loi (click to read more details) (Price starts at 5000 baht pp, min 2&hellip;","jetpack_sharing_enabled":true,"jetpack-related-posts":[{"id":1638,"url":"https:\/\/villa-anneloi.com\/home\/choose-for-our-excursion-package-en\/","url_meta":{"origin":1400,"position":0},"title":"Choose for our excursion package","date":"2nd March 2020","format":false,"excerpt":"Villa Anneloi Excursion package Excursion package with lodge in a resort near the river in Chiang Mai. DAY 1: We pick you up at the airport, bus or train station in Chiang Mai.\u00a0\u00a0\u00a0 Welcome at the resort with a small welcome packet. \u00a0 You can relax at the swimming pool,\u2026","rel":"","context":"Similar post","img":{"alt_text":"","src":"","width":0,"height":0},"classes":[]},{"id":18,"url":"https:\/\/villa-anneloi.com\/home\/","url_meta":{"origin":1400,"position":1},"title":"Home","date":"28th June 2019","format":false,"excerpt":"Welcome to Villa Anneloi Tour Thailand, Chiang Mai Who are we? Wie zijn wij?Who are we?Qui sont nous? We organiseren ook pakkettoers met accommodaties. Geef de juiste data door en we zenden een voorstel met prijs. We organize also package tours with accommodation for you. Send us the data you\u2026","rel":"","context":"Similar post","img":{"alt_text":"","src":"","width":0,"height":0},"classes":[]},{"id":1384,"url":"https:\/\/villa-anneloi.com\/home\/we\/","url_meta":{"origin":1400,"position":2},"title":"Who are we?","date":"21st February 2020","format":false,"excerpt":"Villa Anneloi Tour Who are we ? Click here for reviews Villa Anneloi tour Annelore, a Belgian lady, and Loi, a Thai native tour guide met eachother in Chiang Mai, Thailand. Loi is a Thai tour guide and speaks good English. He loves to show his country and habitat to\u2026","rel":"","context":"Similar post","img":{"alt_text":"","src":"https:\/\/i0.wp.com\/villa-anneloi.com\/home\/wp-content\/uploads\/2020\/01\/2.png?resize=350%2C200&ssl=1","width":350,"height":200},"classes":[]},{"id":1403,"url":"https:\/\/villa-anneloi.com\/home\/excursions\/","url_meta":{"origin":1400,"position":3},"title":"Excursions","date":"21st February 2020","format":false,"excerpt":"Villa Anneloi Tour Excursions Le choix des excursions ou notre package d\u2019excursions: (1) Une journ\u00e9e dans la nature avec Loi (cliquez ici pour les details) ( Prix \u00e0 partir de 2400 baht pp, min 2 - max 9 personnes ) (2) Trekking de deux jours avec Loi (cliquez ici pour\u2026","rel":"","context":"Similar post","img":{"alt_text":"","src":"","width":0,"height":0},"classes":[]},{"id":1642,"url":"https:\/\/villa-anneloi.com\/home\/prenez-notre-paquet-dexcursion-fr\/","url_meta":{"origin":1400,"position":4},"title":"Package d&#8217;excursions","date":"2nd March 2020","format":false,"excerpt":"Villa Anneloi Package d'excursions Package excursions avec logement dans un resort \u00e0 la rivi\u00e8re. JOUR 1 Nous venons vous chercher \u00e0 l\u2019a\u00e9roport, gare routi\u00e8re ou gare ferroviaire de Chiang Mai. Bienvenue au resort avec un petit packet de bienvenue. Vous pourrez ensuite vous relaxer \u00e0 la piscine, d\u00e9couvrir l\u2019environnement ou\u2026","rel":"","context":"Similar post","img":{"alt_text":"","src":"","width":0,"height":0},"classes":[]},{"id":1391,"url":"https:\/\/villa-anneloi.com\/home\/qui\/","url_meta":{"origin":1400,"position":5},"title":"Qui sont nous?","date":"21st February 2020","format":false,"excerpt":"Villa Anneloi Tour Qui sont nous ? cliquez ici pour les avis Villa Anneloi Tour Annelore, d\u2019origine belge, et Loi, un Tha\u00eflandais, se sont rencontr\u00e9s au cours d\u2019un voyage humanitaire \u00e0 Chiang Mai, en Tha\u00eflande. Annelore est imm\u00e9diatement tomb\u00e9e sous le charme de ce magnifique pays et \u2026. de Loi.\u2026","rel":"","context":"Similar post","img":{"alt_text":"","src":"https:\/\/i0.wp.com\/villa-anneloi.com\/home\/wp-content\/uploads\/2020\/01\/2.png?resize=350%2C200&ssl=1","width":350,"height":200},"classes":[]}],"jetpack_shortlink":"https:\/\/wp.me\/PbNARy-mA","_links":{"self":[{"href":"https:\/\/villa-anneloi.com\/home\/wp-json\/wp\/v2\/pages\/1400"}],"collection":[{"href":"https:\/\/villa-anneloi.com\/home\/wp-json\/wp\/v2\/pages"}],"about":[{"href":"https:\/\/villa-anneloi.com\/home\/wp-json\/wp\/v2\/types\/page"}],"author":[{"embeddable":true,"href":"https:\/\/villa-anneloi.com\/home\/wp-json\/wp\/v2\/users\/1"}],"replies":[{"embeddable":true,"href":"https:\/\/villa-anneloi.com\/home\/wp-json\/wp\/v2\/comments?post=1400"}],"version-history":[{"count":32,"href":"https:\/\/villa-anneloi.com\/home\/wp-json\/wp\/v2\/pages\/1400\/revisions"}],"predecessor-version":[{"id":2729,"href":"https:\/\/villa-anneloi.com\/home\/wp-json\/wp\/v2\/pages\/1400\/revisions\/2729"}],"wp:attachment":[{"href":"https:\/\/villa-anneloi.com\/home\/wp-json\/wp\/v2\/media?parent=1400"}],"curies":[{"name":"wp","href":"https:\/\/api.w.org\/{rel}","templated":true}]}}