{"id":1403,"date":"2020-02-21T15:19:20","date_gmt":"2020-02-21T08:19:20","guid":{"rendered":"https:\/\/villa-anneloi.com\/home\/?page_id=1403"},"modified":"2026-01-30T17:01:15","modified_gmt":"2026-01-30T10:01:15","slug":"excursions","status":"publish","type":"page","link":"https:\/\/villa-anneloi.com\/home\/excursions\/","title":{"rendered":"Excursions"},"content":{"rendered":"\n<p class=\"has-text-align-center has-text-color has-huge-font-size\" style=\"color:#d09d1f\"><strong>Villa Anneloi<\/strong> <strong>Tour<\/strong><\/p>\n\n\n\n<p class=\"has-text-align-center has-large-font-size\"><strong>Excursions <\/strong><\/p>\n\n\n\n<div class=\"wp-block-nextend-smartslider3\"><\/div>\n\n\n\n<hr class=\"wp-block-separator has-css-opacity\"\/>\n\n\n\n<p class=\"has-text-align-center\">  Le choix des excursions ou<a href=\"https:\/\/villa-anneloi.com\/home\/prenez-notre-paquet-dexcursion-fr\/\"> notre package d\u2019excursions<\/a>: <\/p>\n\n\n\n<p class=\"has-luminous-vivid-amber-color has-text-color\"> (1) <a href=\"https:\/\/villa-anneloi.com\/home\/excursion-culturel-et-dans-la-nature-avec-loi-fr\/\">Une journ\u00e9e  dans la nature avec Loi <strong> (cliquez ici pour les details)<\/strong> <\/a><\/p>\n\n\n\n<p> ( Prix \u00e0 partir de 2400 baht pp, min 2 &#8211; max 9 personnes )   <\/p>\n\n\n\n<p class=\"has-luminous-vivid-amber-color has-text-color\">(2)<strong> <\/strong><a href=\"https:\/\/villa-anneloi.com\/home\/trekking-de-deux-jours-avec-loi-fr\/\"><strong>Trekking de deux jours avec Loi <\/strong>  <strong>(cliquez ici pour les details<\/strong><\/a><strong>)<\/strong>  <\/p>\n\n\n\n<p class=\"has-text-align-left\">&nbsp;( Prix \u00e0 partir de 5000 baht pp, min 2 &#8211; max 9 personnes )<strong> <\/strong><\/p>\n\n\n\n<p class=\"has-luminous-vivid-amber-color has-text-color\"><a href=\"https:\/\/villa-anneloi.com\/home\/tour-a-velo-local\/\"><strong>(3) Tour \u00e0 v\u00e9lo<\/strong> <strong> local<\/strong> <strong>(cliquez ici pour les details)<\/strong>  <strong> <\/strong><\/a>  <\/p>\n\n\n\n<p class=\"has-text-align-left\">(Prix 1350 baht pp)<\/p>\n\n\n\n<p class=\"has-luminous-vivid-amber-color has-text-color\"><a href=\"https:\/\/villa-anneloi.com\/home\/les-lessons-cuisine-thailandaise-fr\/\"><strong>(4) <\/strong><\/a> <a href=\"https:\/\/villa-anneloi.com\/home\/les-lessons-cuisine-thailandaise-fr\/\">Atelier de cuisine tha\u00eflandais   <strong>(cliquez ici pour les details)<\/strong>  <\/a><\/p>\n\n\n\n<p class=\"has-text-align-left\"> (Prix 1400 baht pp) <\/p>\n\n\n\n<p class=\"has-luminous-vivid-amber-color has-text-color\"><a href=\"https:\/\/villa-anneloi.com\/home\/tour-au-tyrolienne-fr\/\"><strong>(5) <\/strong><\/a><strong> <a href=\"https:\/\/villa-anneloi.com\/home\/tour-au-tyrolienne-fr\/\">Visite tyrolienne   (cliquez ici pour les details) <\/a><\/strong><a href=\"https:\/\/villa-anneloi.com\/home\/tour-au-tyrolienne-fr\/\"> <\/a><\/p>\n\n\n\n<p> (Prix 2250 baht pp express et 2450 baht pp extreem)  <\/p>\n\n\n\n<p class=\"has-luminous-vivid-amber-color has-text-color\"><a href=\"https:\/\/villa-anneloi.com\/home\/soigner-et-se-baigner-les-elephants-fr\/\"><strong>(6) <\/strong><\/a> <a href=\"https:\/\/villa-anneloi.com\/home\/soigner-et-se-baigner-les-elephants-fr\/\">Les \u00e9l\u00e9phants : soins et bain <strong>(cliquez ici pour les details)<\/strong>   <\/a>  <\/p>\n\n\n\n<p> (Prix 2500 baht par adult (2000 baht par enfant de 9 ans ou mois) \/jour <\/p>\n\n\n\n<p>1500 bath baht par adult (1200 baht par enfant de 9 ans ou mois)\/ 1\/2 jour)  <\/p>\n\n\n\n<p class=\"has-luminous-vivid-amber-color has-text-color\"><a href=\"https:\/\/villa-anneloi.com\/home\/excursion-de-deux-jours-avec-loi-a-pai-ou-chiang-rai\/\"><strong>(7) <\/strong><\/a> <a href=\"https:\/\/villa-anneloi.com\/home\/excursion-de-deux-jours-avec-loi-a-pai-ou-chiang-rai\/\">Excursion de 2 jours \u00e0 Pai ou Chiang Rai avec Loi  <strong>(cliquez ici pour les details)<\/strong>  <\/a><strong> <\/strong><\/p>\n\n\n\n<p class=\"has-text-align-left\">&nbsp;  ( Prix 5000-6500 baht pp, min 2 &#8211; max 9 personnes )<strong> <\/strong><\/p>\n\n\n\n<p class=\"has-luminous-vivid-amber-color has-text-color\"><a href=\"https:\/\/villa-anneloi.com\/home\/excursion-de-deux-jours-avec-loi-a-pai-ou-chiang-rai\/\"><strong>(8) <\/strong><\/a> <a href=\"https:\/\/villa-anneloi.com\/home\/excursions\/monloi-fr\/\">Excursion de  3 jours vers le village natal de Loi <strong>(cliquez ici pour les details)<\/strong>  <\/a><strong> <\/strong><\/p>\n\n\n\n<p class=\"has-base-3-color has-text-color\">Prix 7500 bahts par personne, 6500 bahts par personne (en cas d\u2019une seule r\u00e9servation) 3 jours et 2 nuits<\/p>\n","protected":false},"excerpt":{"rendered":"<p>Villa Anneloi Tour Excursions Le choix des excursions ou notre package d\u2019excursions: (1) Une journ\u00e9e dans la nature avec Loi (cliquez ici pour les details) ( Prix \u00e0 partir de 2400 baht pp, min 2 &#8211; max 9 personnes ) (2) Trekking de deux jours avec Loi (cliquez ici pour les details) &nbsp;( Prix \u00e0 &#8230; <a title=\"Excursions\" class=\"read-more\" href=\"https:\/\/villa-anneloi.com\/home\/excursions\/\" aria-label=\"More on Excursions\">Read more<\/a><\/p>\n","protected":false},"author":1,"featured_media":0,"parent":0,"menu_order":0,"comment_status":"closed","ping_status":"closed","template":"","meta":{"_uag_custom_page_level_css":""},"yoast_head":"<!-- This site is optimized with the Yoast SEO plugin v19.12 - https:\/\/yoast.com\/wordpress\/plugins\/seo\/ -->\n<title>Excursions - Villa-anneloi.com - Feel at home, Far from home.<\/title>\n<meta name=\"robots\" content=\"index, follow, max-snippet:-1, max-image-preview:large, max-video-preview:-1\" \/>\n<link rel=\"canonical\" href=\"https:\/\/villa-anneloi.com\/home\/excursions\/\" \/>\n<meta property=\"og:locale\" content=\"en_US\" \/>\n<meta property=\"og:type\" content=\"article\" \/>\n<meta property=\"og:title\" content=\"Excursions - Villa-anneloi.com - Feel at home, Far from home.\" \/>\n<meta property=\"og:description\" content=\"Villa Anneloi Tour Excursions Le choix des excursions ou notre package d\u2019excursions: (1) Une journ\u00e9e dans la nature avec Loi (cliquez ici pour les details) ( Prix \u00e0 partir de 2400 baht pp, min 2 &#8211; max 9 personnes ) (2) Trekking de deux jours avec Loi (cliquez ici pour les details) &nbsp;( Prix \u00e0 ... Read more\" \/>\n<meta property=\"og:url\" content=\"https:\/\/villa-anneloi.com\/home\/excursions\/\" \/>\n<meta property=\"og:site_name\" content=\"Villa-anneloi.com - Feel at home, Far from home.\" \/>\n<meta property=\"article:modified_time\" content=\"2026-01-30T10:01:15+00:00\" \/>\n<meta name=\"twitter:card\" content=\"summary_large_image\" \/>\n<meta name=\"twitter:label1\" content=\"Est. reading time\" \/>\n\t<meta name=\"twitter:data1\" content=\"1 minute\" \/>\n<script type=\"application\/ld+json\" class=\"yoast-schema-graph\">{\"@context\":\"https:\/\/schema.org\",\"@graph\":[{\"@type\":\"WebPage\",\"@id\":\"https:\/\/villa-anneloi.com\/home\/excursions\/\",\"url\":\"https:\/\/villa-anneloi.com\/home\/excursions\/\",\"name\":\"Excursions - Villa-anneloi.com - Feel at home, Far from home.\",\"isPartOf\":{\"@id\":\"https:\/\/villa-anneloi.com\/home\/#website\"},\"datePublished\":\"2020-02-21T08:19:20+00:00\",\"dateModified\":\"2026-01-30T10:01:15+00:00\",\"breadcrumb\":{\"@id\":\"https:\/\/villa-anneloi.com\/home\/excursions\/#breadcrumb\"},\"inLanguage\":\"en-US\",\"potentialAction\":[{\"@type\":\"ReadAction\",\"target\":[\"https:\/\/villa-anneloi.com\/home\/excursions\/\"]}]},{\"@type\":\"BreadcrumbList\",\"@id\":\"https:\/\/villa-anneloi.com\/home\/excursions\/#breadcrumb\",\"itemListElement\":[{\"@type\":\"ListItem\",\"position\":1,\"name\":\"Home\",\"item\":\"https:\/\/villa-anneloi.com\/home\/\"},{\"@type\":\"ListItem\",\"position\":2,\"name\":\"Excursions\"}]},{\"@type\":\"WebSite\",\"@id\":\"https:\/\/villa-anneloi.com\/home\/#website\",\"url\":\"https:\/\/villa-anneloi.com\/home\/\",\"name\":\"Villa-anneloi.com - Feel at home, Far from home.\",\"description\":\"chiangmai province guesthouse, chiang mai guesthouse, chiang mai, thailand, guesthouse, villa-anneloi guesthouse, guesthouse, chiang mai travel, chiang mai tour, chiang mai trekking, rafting, chiang mai tour agent, thailand, trekking, bamboo rafting, elephant riding, caving, canoeing, kantoke dinner, t-rex-house\",\"potentialAction\":[{\"@type\":\"SearchAction\",\"target\":{\"@type\":\"EntryPoint\",\"urlTemplate\":\"https:\/\/villa-anneloi.com\/home\/?s={search_term_string}\"},\"query-input\":\"required name=search_term_string\"}],\"inLanguage\":\"en-US\"}]}<\/script>\n<!-- \/ Yoast SEO plugin. -->","yoast_head_json":{"title":"Excursions - Villa-anneloi.com - Feel at home, Far from home.","robots":{"index":"index","follow":"follow","max-snippet":"max-snippet:-1","max-image-preview":"max-image-preview:large","max-video-preview":"max-video-preview:-1"},"canonical":"https:\/\/villa-anneloi.com\/home\/excursions\/","og_locale":"en_US","og_type":"article","og_title":"Excursions - Villa-anneloi.com - Feel at home, Far from home.","og_description":"Villa Anneloi Tour Excursions Le choix des excursions ou notre package d\u2019excursions: (1) Une journ\u00e9e dans la nature avec Loi (cliquez ici pour les details) ( Prix \u00e0 partir de 2400 baht pp, min 2 &#8211; max 9 personnes ) (2) Trekking de deux jours avec Loi (cliquez ici pour les details) &nbsp;( Prix \u00e0 ... Read more","og_url":"https:\/\/villa-anneloi.com\/home\/excursions\/","og_site_name":"Villa-anneloi.com - Feel at home, Far from home.","article_modified_time":"2026-01-30T10:01:15+00:00","twitter_card":"summary_large_image","twitter_misc":{"Est. reading time":"1 minute"},"schema":{"@context":"https:\/\/schema.org","@graph":[{"@type":"WebPage","@id":"https:\/\/villa-anneloi.com\/home\/excursions\/","url":"https:\/\/villa-anneloi.com\/home\/excursions\/","name":"Excursions - Villa-anneloi.com - Feel at home, Far from home.","isPartOf":{"@id":"https:\/\/villa-anneloi.com\/home\/#website"},"datePublished":"2020-02-21T08:19:20+00:00","dateModified":"2026-01-30T10:01:15+00:00","breadcrumb":{"@id":"https:\/\/villa-anneloi.com\/home\/excursions\/#breadcrumb"},"inLanguage":"en-US","potentialAction":[{"@type":"ReadAction","target":["https:\/\/villa-anneloi.com\/home\/excursions\/"]}]},{"@type":"BreadcrumbList","@id":"https:\/\/villa-anneloi.com\/home\/excursions\/#breadcrumb","itemListElement":[{"@type":"ListItem","position":1,"name":"Home","item":"https:\/\/villa-anneloi.com\/home\/"},{"@type":"ListItem","position":2,"name":"Excursions"}]},{"@type":"WebSite","@id":"https:\/\/villa-anneloi.com\/home\/#website","url":"https:\/\/villa-anneloi.com\/home\/","name":"Villa-anneloi.com - Feel at home, Far from home.","description":"chiangmai province guesthouse, chiang mai guesthouse, chiang mai, thailand, guesthouse, villa-anneloi guesthouse, guesthouse, chiang mai travel, chiang mai tour, chiang mai trekking, rafting, chiang mai tour agent, thailand, trekking, bamboo rafting, elephant riding, caving, canoeing, kantoke dinner, t-rex-house","potentialAction":[{"@type":"SearchAction","target":{"@type":"EntryPoint","urlTemplate":"https:\/\/villa-anneloi.com\/home\/?s={search_term_string}"},"query-input":"required name=search_term_string"}],"inLanguage":"en-US"}]}},"uagb_featured_image_src":{"full":false,"thumbnail":false,"medium":false,"medium_large":false,"large":false,"1536x1536":false,"2048x2048":false},"uagb_author_info":{"display_name":"admin","author_link":"https:\/\/villa-anneloi.com\/home\/author\/admin\/"},"uagb_comment_info":0,"uagb_excerpt":"Villa Anneloi Tour Excursions Le choix des excursions ou notre package d\u2019excursions: (1) Une journ\u00e9e dans la nature avec Loi (cliquez ici pour les details) ( Prix \u00e0 partir de 2400 baht pp, min 2 &#8211; max 9 personnes ) (2) Trekking de deux jours avec Loi (cliquez ici pour les details) &nbsp;( Prix \u00e0&hellip;","jetpack_sharing_enabled":true,"jetpack-related-posts":[{"id":1642,"url":"https:\/\/villa-anneloi.com\/home\/prenez-notre-paquet-dexcursion-fr\/","url_meta":{"origin":1403,"position":0},"title":"Package d&#8217;excursions","date":"2nd March 2020","format":false,"excerpt":"Villa Anneloi Package d'excursions Package excursions avec logement dans un resort \u00e0 la rivi\u00e8re. JOUR 1 Nous venons vous chercher \u00e0 l\u2019a\u00e9roport, gare routi\u00e8re ou gare ferroviaire de Chiang Mai. Bienvenue au resort avec un petit packet de bienvenue. Vous pourrez ensuite vous relaxer \u00e0 la piscine, d\u00e9couvrir l\u2019environnement ou\u2026","rel":"","context":"Similar post","img":{"alt_text":"","src":"","width":0,"height":0},"classes":[]},{"id":18,"url":"https:\/\/villa-anneloi.com\/home\/","url_meta":{"origin":1403,"position":1},"title":"Home","date":"28th June 2019","format":false,"excerpt":"Welcome to Villa Anneloi Tour Thailand, Chiang Mai Who are we? Wie zijn wij?Who are we?Qui sont nous? We organiseren ook pakkettoers met accommodaties. Geef de juiste data door en we zenden een voorstel met prijs. We organize also package tours with accommodation for you. Send us the data you\u2026","rel":"","context":"Similar post","img":{"alt_text":"","src":"","width":0,"height":0},"classes":[]},{"id":1391,"url":"https:\/\/villa-anneloi.com\/home\/qui\/","url_meta":{"origin":1403,"position":2},"title":"Qui sont nous?","date":"21st February 2020","format":false,"excerpt":"Villa Anneloi Tour Qui sont nous ? cliquez ici pour les avis Villa Anneloi Tour Annelore, d\u2019origine belge, et Loi, un Tha\u00eflandais, se sont rencontr\u00e9s au cours d\u2019un voyage humanitaire \u00e0 Chiang Mai, en Tha\u00eflande. Annelore est imm\u00e9diatement tomb\u00e9e sous le charme de ce magnifique pays et \u2026. de Loi.\u2026","rel":"","context":"Similar post","img":{"alt_text":"","src":"https:\/\/i0.wp.com\/villa-anneloi.com\/home\/wp-content\/uploads\/2020\/01\/2.png?resize=350%2C200&ssl=1","width":350,"height":200},"classes":[]},{"id":1400,"url":"https:\/\/villa-anneloi.com\/home\/trips\/","url_meta":{"origin":1403,"position":3},"title":"Trips","date":"21st February 2020","format":false,"excerpt":"Villa Anneloi Tour Trips Offer of excursions or choose for our excursion package: (1) Nature day trip with Loi (click to read more details) (Price starts at 2400 baht pp, min 2 persons, max 9 persons) (2) Two days trekking with Loi (click to read more details) (Price starts at\u2026","rel":"","context":"Similar post","img":{"alt_text":"","src":"","width":0,"height":0},"classes":[]},{"id":2721,"url":"https:\/\/villa-anneloi.com\/home\/excursions\/monloi-fr\/","url_meta":{"origin":1403,"position":4},"title":"Excursion de 3 jours vers le village natal de Loi","date":"30th January 2026","format":false,"excerpt":"PROGRAMME \u2013 S\u00e9jour dans le village natal de Loi JOUR 1 Loi viendra vous chercher \u00e0 9h00 \u00e0 votre h\u00f4tel \u00e0 Chiang Mai pour une excursion de 3 jours \u00e0 Muang Khong, le village natal de Loi, situ\u00e9 sur la montagne \u00e0 Chiang Dao.Vous pouvez laisser une partie de vos\u2026","rel":"","context":"Similar post","img":{"alt_text":"","src":"","width":0,"height":0},"classes":[]},{"id":1656,"url":"https:\/\/villa-anneloi.com\/home\/villa-anneloi-apartement-fr\/","url_meta":{"origin":1403,"position":5},"title":"3fr","date":"2nd March 2020","format":false,"excerpt":"le forfait programme d'excursions (cliquez ici).","rel":"","context":"Similar post","img":{"alt_text":"","src":"","width":0,"height":0},"classes":[]}],"jetpack_shortlink":"https:\/\/wp.me\/PbNARy-mD","_links":{"self":[{"href":"https:\/\/villa-anneloi.com\/home\/wp-json\/wp\/v2\/pages\/1403"}],"collection":[{"href":"https:\/\/villa-anneloi.com\/home\/wp-json\/wp\/v2\/pages"}],"about":[{"href":"https:\/\/villa-anneloi.com\/home\/wp-json\/wp\/v2\/types\/page"}],"author":[{"embeddable":true,"href":"https:\/\/villa-anneloi.com\/home\/wp-json\/wp\/v2\/users\/1"}],"replies":[{"embeddable":true,"href":"https:\/\/villa-anneloi.com\/home\/wp-json\/wp\/v2\/comments?post=1403"}],"version-history":[{"count":33,"href":"https:\/\/villa-anneloi.com\/home\/wp-json\/wp\/v2\/pages\/1403\/revisions"}],"predecessor-version":[{"id":2726,"href":"https:\/\/villa-anneloi.com\/home\/wp-json\/wp\/v2\/pages\/1403\/revisions\/2726"}],"wp:attachment":[{"href":"https:\/\/villa-anneloi.com\/home\/wp-json\/wp\/v2\/media?parent=1403"}],"curies":[{"name":"wp","href":"https:\/\/api.w.org\/{rel}","templated":true}]}}