{"id":1554,"date":"2020-03-02T13:32:52","date_gmt":"2020-03-02T06:32:52","guid":{"rendered":"https:\/\/villa-anneloi.com\/home\/?page_id=1554"},"modified":"2026-01-27T17:22:13","modified_gmt":"2026-01-27T10:22:13","slug":"reviews","status":"publish","type":"page","link":"https:\/\/villa-anneloi.com\/home\/reviews\/","title":{"rendered":"reviews for you"},"content":{"rendered":"\n<p>Dank je wel voor uw recensie.  Thank you for your review.  Merci pour votre avis.<\/p>\n\n\n\n<p>Lees wat onze gasten schreven sinds 2001:                                                                                  Read what our guest wrote since 2001:                                                                                       Lisez ce que nous guests ont \u00e9crit depuis 2001: <\/p>\n\n\n\n<p>Klik het jaar &#8211; click the year &#8211; cliquez l&#8217;ann\u00e9e (na COVID hebben we de draad weer kunnen opnemen en heeft Loi zich kunnen uitleven in zijn toers.  Reviews zijn nu via FB te lezen &#8211; after COVID Loi was happy to again guide his guests in and around Chiang Mai.  Reviews are now to read on FB &#8211; apr\u00e8s COVID Loi \u00e9tait content de guider de nouveau.  Les avis sont \u00e0 lire sur FB maitenant) <\/p>\n\n\n\n<p class=\"has-small-font-size\"><a href=\"https:\/\/villa-anneloi.com\/home\/reviews-2001\/\">2001<\/a> <a href=\"https:\/\/villa-anneloi.com\/home\/reviews-2002\/\">2002<\/a> <a href=\"https:\/\/villa-anneloi.com\/home\/reviews-2003\/\">2003<\/a> <a href=\"https:\/\/villa-anneloi.com\/home\/reviews-2004\/\">2004<\/a> <a href=\"https:\/\/villa-anneloi.com\/home\/reviews-2005\/\">2005<\/a><a href=\"https:\/\/villa-anneloi.com\/home\/reviews-2006\/\"> 2006<\/a> <a href=\"https:\/\/villa-anneloi.com\/home\/reviews-2007-2\/\">2007<\/a> <a href=\"https:\/\/villa-anneloi.com\/home\/reviews-2008-2\/\">2008<\/a> <a href=\"https:\/\/villa-anneloi.com\/home\/reviews-2009\/\">2009<\/a> <a href=\"https:\/\/villa-anneloi.com\/home\/reviews-2010\/\">2010<\/a> <a href=\"https:\/\/villa-anneloi.com\/home\/reviews-2011\/\">2011<\/a> <a href=\"https:\/\/villa-anneloi.com\/home\/reviews-2012\/\">2012 <\/a><a href=\"https:\/\/villa-anneloi.com\/home\/reviews-2013\/\">2013<\/a> <a href=\"https:\/\/villa-anneloi.com\/home\/reviews-2013\/\">2014 <\/a><a href=\"https:\/\/villa-anneloi.com\/home\/reviews-2015\/\">2015<\/a> <a href=\"https:\/\/villa-anneloi.com\/home\/reviews-2016\/\">2016<\/a> <a href=\"https:\/\/villa-anneloi.com\/home\/reviews-2017\/\">2017<\/a> <a href=\"https:\/\/villa-anneloi.com\/home\/reviews2018\/\">2018 <\/a><a href=\"https:\/\/villa-anneloi.com\/home\/reviews2019\/\">2019<\/a> <a href=\"https:\/\/villa-anneloi.com\/home\/reviews2020\/\">2020<\/a><\/p>\n\n\n\n<div class=\"gwolle-gb\"><div class=\"gwolle_gb_messages_top_container\"><\/div>\n\t\t\t<div class=\"gwolle-gb-write-button\">\n\t\t\t\t<input type=\"button\" name=\"gwolle-gb-write-button\" class=\"button btn btn-default \" value=\"Write a new entry.\" \/>\n\t\t\t<\/div>\n\t\t\t<form action=\"#\" method=\"POST\" class=\"gwolle-gb-write gwolle-gb-hide gwolle-gb-float gwolle_gb_form_ajax gwolle-gb-form-ajax gwolle-gb-ajax gwolle-gb-not-logged-in\">\n\t\t\t\t<h3>Write a new entry for the Guestbook<\/h3>\n\t\t\t\t<button type=\"button\" class=\"gb-notice-dismiss\">x<span class=\"screen-reader-text\">Hide this form.<\/span><\/button>\n\t\t\t\n\t\t\t\t<input type=\"hidden\" name=\"gwolle_gb_function\" class=\"gwolle_gb_function\" value=\"add_entry\" \/><input type=\"hidden\" name=\"gwolle_gb_book_id\" class=\"gwolle_gb_book_id\" value=\"1\" \/><div class=\"gwolle_gb_ce87423408791e28a6744928346a9bc9\">\n\t\t\t\t<div class=\"label\"><label for=\"gwolle_gb_ce87423408791e28a6744928346a9bc9\" class=\"text-info\">Name *<\/label><\/div>\n\t\t\t\t<div class=\"input\"><input class=\"wp-exclude-emoji gwolle_gb_ce87423408791e28a6744928346a9bc9\" value=\"\" type=\"text\" name=\"gwolle_gb_ce87423408791e28a6744928346a9bc9\" required \/><\/div>\n\t\t\t\t<div class=\"clearBoth\">&nbsp;<\/div>\n\t\t\t<\/div><div class=\"gwolle_gb_2fd0e64e5dd9a2b8e079b24ffc435aa1\">\n\t\t\t\t\t<div class=\"label\"><label for=\"gwolle_gb_2fd0e64e5dd9a2b8e079b24ffc435aa1\" class=\"text-info\">City<\/label><\/div>\n\t\t\t\t\t<div class=\"input\"><input class=\"wp-exclude-emoji gwolle_gb_2fd0e64e5dd9a2b8e079b24ffc435aa1\" value=\"\" type=\"text\" name=\"gwolle_gb_2fd0e64e5dd9a2b8e079b24ffc435aa1\" \/><\/div>\n\t\t\t\t\t<div class=\"clearBoth\">&nbsp;<\/div>\n\t\t\t\t<\/div><div class=\"gwolle_gb_a64cd5992dd025c4999aefec5a4eced7\">\n\t\t\t\t<div class=\"label\"><label for=\"gwolle_gb_a64cd5992dd025c4999aefec5a4eced7\" class=\"text-info\">Email *<\/label><\/div>\n\t\t\t\t<div class=\"input\"><input class=\"gwolle_gb_a64cd5992dd025c4999aefec5a4eced7\" value=\"\" type=\"email\" name=\"gwolle_gb_a64cd5992dd025c4999aefec5a4eced7\" required \/><\/div>\n\t\t\t\t<div class=\"clearBoth\">&nbsp;<\/div>\n\t\t\t<\/div><div class=\"gwolle_gb_c73a5aa8141ec96cb84812ffe8dd5eff\">\n\t\t\t\t<div class=\"label\"><label for=\"gwolle_gb_c73a5aa8141ec96cb84812ffe8dd5eff\" class=\"text-info\">Website<\/label><\/div>\n\t\t\t\t<div class=\"input\"><input class=\"gwolle_gb_c73a5aa8141ec96cb84812ffe8dd5eff\" value=\"\" type=\"url\" name=\"gwolle_gb_c73a5aa8141ec96cb84812ffe8dd5eff\" \/><\/div>\n\t\t\t\t<div class=\"clearBoth\">&nbsp;<\/div>\n\t\t\t<\/div>\n\t\t\t<div class=\"gwolle_gb_978b63b7fccec7cdcb547dcb7643cba5\" style=\"display:none;\">\n\t\t\t\t<div class=\"label\">\n\t\t\t\t\t<label for=\"gwolle_gb_978b63b7fccec7cdcb547dcb7643cba5\" class=\"text-primary\">Do not touch this<\/label>\n\t\t\t\t\t<label for=\"gwolle_gb_ef0ed9d9d4488544122d614546d0f4a3\" class=\"text-primary\">Do not touch this<\/label>\n\t\t\t\t<\/div>\n\t\t\t\t<div class=\"input\">\n\t\t\t\t\t<input value=\"41\" type=\"text\" name=\"gwolle_gb_978b63b7fccec7cdcb547dcb7643cba5\" class=\"gwolle_gb_978b63b7fccec7cdcb547dcb7643cba5\" \/>\n\t\t\t\t\t<input value=\"\" type=\"text\" name=\"gwolle_gb_ef0ed9d9d4488544122d614546d0f4a3\" class=\"gwolle_gb_ef0ed9d9d4488544122d614546d0f4a3\" \/>\n\t\t\t\t<\/div>\n\t\t\t\t<div class=\"clearBoth\"><\/div>\n\t\t\t<\/div>\n\t\t\t<div class=\"gwolle_gb_122213df2336f331e3047f12474456d2\" style=\"display:none;\">\n\t\t\t\t<div class=\"label\">\n\t\t\t\t\t<label for=\"gwolle_gb_122213df2336f331e3047f12474456d2\" class=\"text-primary\">Do not touch this<\/label>\n\t\t\t\t\t<label for=\"gwolle_gb_0f5603f14d4a79bfb99b5c0c7a78940a\" class=\"text-primary\">Do not touch this<\/label>\n\t\t\t\t<\/div>\n\t\t\t\t<div class=\"input\">\n\t\t\t\t\t<input value=\"94003\" type=\"text\" name=\"gwolle_gb_122213df2336f331e3047f12474456d2\" class=\"gwolle_gb_122213df2336f331e3047f12474456d2\" \/>\n\t\t\t\t\t<input value=\"94003\" type=\"text\" name=\"gwolle_gb_0f5603f14d4a79bfb99b5c0c7a78940a\" class=\"gwolle_gb_0f5603f14d4a79bfb99b5c0c7a78940a\" \/>\n\t\t\t\t<\/div>\n\t\t\t\t<div class=\"clearBoth\"><\/div>\n\t\t\t<\/div><div class=\"gwolle_gb_content\">\n\t\t\t\t<div class=\"label\"><label for=\"gwolle_gb_content\" class=\"text-info\">Guestbook entry *<\/label><\/div>\n\t\t\t\t<div class=\"input\"><textarea name=\"gwolle_gb_content\" class=\"gwolle_gb_content wp-exclude-emoji\" required ><\/textarea><div class=\"gwolle_gb_emoji gwolle-gb-hide\">\n\t\t<a title=\"\ud83d\ude04\" class=\"gwolle_gb_emoji_1 noslimstat\">\ud83d\ude04<\/a>\n\t\t<a title=\"\ud83d\ude03\" class=\"gwolle_gb_emoji_2 noslimstat\">\ud83d\ude03<\/a>\n\t\t<a title=\"\ud83d\ude0a\" class=\"gwolle_gb_emoji_3 noslimstat\">\ud83d\ude0a<\/a>\n\t\t<a title=\"\ud83d\ude09\" class=\"gwolle_gb_emoji_4 noslimstat\">\ud83d\ude09<\/a>\n\t\t<a title=\"\ud83d\ude0d\" class=\"gwolle_gb_emoji_5 noslimstat\">\ud83d\ude0d<\/a>\n\t\t<a title=\"\ud83d\ude1a\" class=\"gwolle_gb_emoji_6 noslimstat\">\ud83d\ude1a<\/a>\n\t\t<a title=\"\ud83d\ude17\" class=\"gwolle_gb_emoji_7 noslimstat\">\ud83d\ude17<\/a>\n\t\t<a title=\"\ud83d\ude1c\" class=\"gwolle_gb_emoji_8 noslimstat\">\ud83d\ude1c<\/a>\n\t\t<a title=\"\ud83d\ude1b\" class=\"gwolle_gb_emoji_9 noslimstat\">\ud83d\ude1b<\/a>\n\t\t<a title=\"\ud83d\ude33\" class=\"gwolle_gb_emoji_10 noslimstat\">\ud83d\ude33<\/a>\n\t\t<a title=\"\ud83d\ude01\" class=\"gwolle_gb_emoji_11 noslimstat\">\ud83d\ude01<\/a>\n\t\t<a title=\"\ud83d\ude2c\" class=\"gwolle_gb_emoji_12 noslimstat\">\ud83d\ude2c<\/a>\n\t\t<a title=\"\ud83d\ude0c\" class=\"gwolle_gb_emoji_13 noslimstat\">\ud83d\ude0c<\/a>\n\t\t<a title=\"\ud83d\ude1e\" class=\"gwolle_gb_emoji_14 noslimstat\">\ud83d\ude1e<\/a>\n\t\t<a title=\"\ud83d\ude22\" class=\"gwolle_gb_emoji_15 noslimstat\">\ud83d\ude22<\/a>\n\t\t<a title=\"\ud83d\ude02\" class=\"gwolle_gb_emoji_16 noslimstat\">\ud83d\ude02<\/a>\n\t\t<a title=\"\ud83d\ude2d\" class=\"gwolle_gb_emoji_17 noslimstat\">\ud83d\ude2d<\/a>\n\t\t<a title=\"\ud83d\ude05\" class=\"gwolle_gb_emoji_18 noslimstat\">\ud83d\ude05<\/a>\n\t\t<a title=\"\ud83d\ude13\" class=\"gwolle_gb_emoji_19 noslimstat\">\ud83d\ude13<\/a>\n\t\t<a title=\"\ud83d\ude29\" class=\"gwolle_gb_emoji_20 noslimstat\">\ud83d\ude29<\/a>\n\t\t<a title=\"\ud83d\ude2e\" class=\"gwolle_gb_emoji_21 noslimstat\">\ud83d\ude2e<\/a>\n\t\t<a title=\"\ud83d\ude31\" class=\"gwolle_gb_emoji_22 noslimstat\">\ud83d\ude31<\/a>\n\t\t<a title=\"\ud83d\ude20\" class=\"gwolle_gb_emoji_23 noslimstat\">\ud83d\ude20<\/a>\n\t\t<a title=\"\ud83d\ude21\" class=\"gwolle_gb_emoji_24 noslimstat\">\ud83d\ude21<\/a>\n\t\t<a title=\"\ud83d\ude24\" class=\"gwolle_gb_emoji_25 noslimstat\">\ud83d\ude24<\/a>\n\t\t<a title=\"\ud83d\ude0b\" class=\"gwolle_gb_emoji_26 noslimstat\">\ud83d\ude0b<\/a>\n\t\t<a title=\"\ud83d\ude0e\" class=\"gwolle_gb_emoji_27 noslimstat\">\ud83d\ude0e<\/a>\n\t\t<a title=\"\ud83d\ude34\" class=\"gwolle_gb_emoji_28 noslimstat\">\ud83d\ude34<\/a>\n\t\t<a title=\"\ud83d\ude08\" class=\"gwolle_gb_emoji_29 noslimstat\">\ud83d\ude08<\/a>\n\t\t<a title=\"\ud83d\ude07\" class=\"gwolle_gb_emoji_30 noslimstat\">\ud83d\ude07<\/a>\n\t\t<a title=\"\ud83d\ude15\" class=\"gwolle_gb_emoji_31 noslimstat\">\ud83d\ude15<\/a>\n\t\t<a title=\"\ud83d\ude0f\" class=\"gwolle_gb_emoji_32 noslimstat\">\ud83d\ude0f<\/a>\n\t\t<a title=\"\ud83d\ude11\" class=\"gwolle_gb_emoji_33 noslimstat\">\ud83d\ude11<\/a>\n\t\t<a title=\"\ud83d\udc72\" class=\"gwolle_gb_emoji_34 noslimstat\">\ud83d\udc72<\/a>\n\t\t<a title=\"\ud83d\udc6e\" class=\"gwolle_gb_emoji_35 noslimstat\">\ud83d\udc6e<\/a>\n\t\t<a title=\"\ud83d\udc82\" class=\"gwolle_gb_emoji_36 noslimstat\">\ud83d\udc82<\/a>\n\t\t<a title=\"\ud83d\udc76\" class=\"gwolle_gb_emoji_37 noslimstat\">\ud83d\udc76<\/a>\n\t\t<a title=\"\u2764\" class=\"gwolle_gb_emoji_38 noslimstat\">\u2764<\/a>\n\t\t<a title=\"\ud83d\udc94\" class=\"gwolle_gb_emoji_39 noslimstat\">\ud83d\udc94<\/a>\n\t\t<a title=\"\ud83d\udc95\" class=\"gwolle_gb_emoji_40 noslimstat\">\ud83d\udc95<\/a>\n\t\t<a title=\"\ud83d\udc98\" class=\"gwolle_gb_emoji_41 noslimstat\">\ud83d\udc98<\/a>\n\t\t<a title=\"\ud83d\udc8c\" class=\"gwolle_gb_emoji_42 noslimstat\">\ud83d\udc8c<\/a>\n\t\t<a title=\"\ud83d\udc8b\" class=\"gwolle_gb_emoji_43 noslimstat\">\ud83d\udc8b<\/a>\n\t\t<a title=\"\ud83c\udf81\" class=\"gwolle_gb_emoji_44 noslimstat\">\ud83c\udf81<\/a>\n\t\t<a title=\"\ud83d\udcb0\" class=\"gwolle_gb_emoji_45 noslimstat\">\ud83d\udcb0<\/a>\n\t\t<a title=\"\ud83d\udc8d\" class=\"gwolle_gb_emoji_46 noslimstat\">\ud83d\udc8d<\/a>\n\t\t<a title=\"\ud83d\udc4d\" class=\"gwolle_gb_emoji_47 noslimstat\">\ud83d\udc4d<\/a>\n\t\t<a title=\"\ud83d\udc4e\" class=\"gwolle_gb_emoji_48 noslimstat\">\ud83d\udc4e<\/a>\n\t\t<a title=\"\ud83d\udc4c\" class=\"gwolle_gb_emoji_49 noslimstat\">\ud83d\udc4c<\/a>\n\t\t<a title=\"\u270c\ufe0f\" class=\"gwolle_gb_emoji_50 noslimstat\">\u270c\ufe0f<\/a>\n\t\t<a title=\"\ud83e\udd18\ufe0f\" class=\"gwolle_gb_emoji_51 noslimstat\">\ud83e\udd18<\/a>\n\t\t<a title=\"\ud83d\udc4f\" class=\"gwolle_gb_emoji_52 noslimstat\">\ud83d\udc4f<\/a>\n\t\t<a title=\"\ud83c\udfb5\" class=\"gwolle_gb_emoji_53 noslimstat\">\ud83c\udfb5<\/a>\n\t\t<a title=\"\u2615\ufe0f\" class=\"gwolle_gb_emoji_54 noslimstat\">\u2615\ufe0f<\/a>\n\t\t<a title=\"\ud83c\udf75\" class=\"gwolle_gb_emoji_55 noslimstat\">\ud83c\udf75<\/a>\n\t\t<a title=\"\ud83c\udf7a\" class=\"gwolle_gb_emoji_56 noslimstat\">\ud83c\udf7a<\/a>\n\t\t<a title=\"\ud83c\udf77\" class=\"gwolle_gb_emoji_57 noslimstat\">\ud83c\udf77<\/a>\n\t\t<a title=\"\ud83c\udf7c\" class=\"gwolle_gb_emoji_58 noslimstat\">\ud83c\udf7c<\/a>\n\t\t<a title=\"\u2600\ufe0f\" class=\"gwolle_gb_emoji_59 noslimstat\">\u2600\ufe0f<\/a>\n\t\t<a title=\"\ud83c\udf24\" class=\"gwolle_gb_emoji_60 noslimstat\">\ud83c\udf24<\/a>\n\t\t<a title=\"\ud83c\udf26\" class=\"gwolle_gb_emoji_61 noslimstat\">\ud83c\udf26<\/a>\n\t\t<a title=\"\ud83c\udf27\" class=\"gwolle_gb_emoji_62 noslimstat\">\ud83c\udf27<\/a>\n\t\t<a title=\"\ud83c\udf1c\" class=\"gwolle_gb_emoji_63 noslimstat\">\ud83c\udf1c<\/a>\n\t\t<a title=\"\ud83c\udf08\" class=\"gwolle_gb_emoji_64 noslimstat\">\ud83c\udf08<\/a>\n\t\t<a title=\"\ud83c\udfdd\" class=\"gwolle_gb_emoji_65 noslimstat\">\ud83c\udfdd<\/a>\n\t\t<a title=\"\ud83c\udf85\" class=\"gwolle_gb_emoji_66 noslimstat\">\ud83c\udf85<\/a>\n\t\t<\/div><\/div>\n\t\t\t\t\t<div class=\"clearBoth\">&nbsp;<\/div>\n\t\t\t\t<\/div>\n\t\t\t\t<div class=\"gwolle_gb_antispam\">\n\t\t\t\t\t<div class=\"label\">\n\t\t\t\t\t\t<label for=\"gwolle_gb_32c08710d7e273a3c27004d8f5dd697c\" class=\"text-info\">Question: 8+9= *<\/label>\n\t\t\t\t\t<\/div>\n\t\t\t\t\t<div class=\"input\"><input class=\"gwolle_gb_32c08710d7e273a3c27004d8f5dd697c\" value=\"\" type=\"text\" name=\"gwolle_gb_32c08710d7e273a3c27004d8f5dd697c\" required \/>\n\t\t\t\t\t\t<\/div>\n\t\t\t\t\t\t<div class=\"clearBoth\">&nbsp;<\/div>\n\t\t\t\t\t<\/div><input type=\"hidden\" class=\"gwolle_gb_effcce5357845cddba934703464c808b\" name=\"gwolle_gb_effcce5357845cddba934703464c808b\" value=\"ab7f6fe356\" \/>\n\t\t\t<div class=\"gwolle_gb_messages_bottom_container\"><\/div>\n\n\t\t\t<noscript><div class=\"no-js\">Warning: This form can only be used if JavaScript is enabled in your browser.<\/div><\/noscript>\n\n\t\t\t<div class=\"gwolle_gb_submit\">\n\t\t\t\t<div class=\"label gwolle-gb-invisible text-muted\">&nbsp;<\/div>\n\t\t\t\t<div class=\"input\">\n\t\t\t\t\t<input type=\"submit\" name=\"gwolle_gb_submit\" class=\"gwolle_gb_submit button btn btn-primary \" value=\"Submit\" \/>\n\t\t\t\t\t<span class=\"gwolle_gb_submit_ajax_icon\"><\/span>\n\t\t\t\n\t\t\t\t<\/div>\n\t\t\t\t<div class=\"clearBoth\">&nbsp;<\/div>\n\t\t\t<\/div>\n\n\t\t\t<div class=\"gwolle_gb_notice\">\n\t\t\t\tFields marked with * are required.<br \/>\r\nYour E-mail address won&#039;t be published.<br \/>\r\nIt&#039;s possible that your entry will only be visible in the guestbook after we reviewed it.<br \/>\r\nWe reserve the right to edit, delete, or not publish entries.\n\t\t\t<\/div><\/form><div class=\"gwolle-gb-read gwolle-gb-ajax gwolle-gb-entries-list\" data-book_id=\"1\">(no entries yet)<\/div><\/div>\n","protected":false},"excerpt":{"rendered":"<p>Dank je wel voor uw recensie. Thank you for your review. Merci pour votre avis. Lees wat onze gasten schreven sinds 2001: Read what our guest wrote since 2001: Lisez ce que nous guests ont \u00e9crit depuis 2001: Klik het jaar &#8211; click the year &#8211; cliquez l&#8217;ann\u00e9e (na COVID hebben we de draad weer &#8230; <a title=\"reviews for you\" class=\"read-more\" href=\"https:\/\/villa-anneloi.com\/home\/reviews\/\" aria-label=\"More on reviews for you\">Read more<\/a><\/p>\n","protected":false},"author":1,"featured_media":0,"parent":0,"menu_order":0,"comment_status":"closed","ping_status":"closed","template":"","meta":{"_uag_custom_page_level_css":""},"yoast_head":"<!-- This site is optimized with the Yoast SEO plugin v19.12 - https:\/\/yoast.com\/wordpress\/plugins\/seo\/ -->\n<title>reviews for you - Villa-anneloi.com - Feel at home, Far from home.<\/title>\n<meta name=\"robots\" content=\"index, follow, max-snippet:-1, max-image-preview:large, max-video-preview:-1\" \/>\n<link rel=\"canonical\" href=\"https:\/\/villa-anneloi.com\/home\/reviews\/\" \/>\n<meta property=\"og:locale\" content=\"en_US\" \/>\n<meta property=\"og:type\" content=\"article\" \/>\n<meta property=\"og:title\" content=\"reviews for you - Villa-anneloi.com - Feel at home, Far from home.\" \/>\n<meta property=\"og:description\" content=\"Dank je wel voor uw recensie. Thank you for your review. Merci pour votre avis. Lees wat onze gasten schreven sinds 2001: Read what our guest wrote since 2001: Lisez ce que nous guests ont \u00e9crit depuis 2001: Klik het jaar &#8211; click the year &#8211; cliquez l&#8217;ann\u00e9e (na COVID hebben we de draad weer ... Read more\" \/>\n<meta property=\"og:url\" content=\"https:\/\/villa-anneloi.com\/home\/reviews\/\" \/>\n<meta property=\"og:site_name\" content=\"Villa-anneloi.com - Feel at home, Far from home.\" \/>\n<meta property=\"article:modified_time\" content=\"2026-01-27T10:22:13+00:00\" \/>\n<meta name=\"twitter:card\" content=\"summary_large_image\" \/>\n<meta name=\"twitter:label1\" content=\"Est. reading time\" \/>\n\t<meta name=\"twitter:data1\" content=\"1 minute\" \/>\n<script type=\"application\/ld+json\" class=\"yoast-schema-graph\">{\"@context\":\"https:\/\/schema.org\",\"@graph\":[{\"@type\":\"WebPage\",\"@id\":\"https:\/\/villa-anneloi.com\/home\/reviews\/\",\"url\":\"https:\/\/villa-anneloi.com\/home\/reviews\/\",\"name\":\"reviews for you - Villa-anneloi.com - Feel at home, Far from home.\",\"isPartOf\":{\"@id\":\"https:\/\/villa-anneloi.com\/home\/#website\"},\"datePublished\":\"2020-03-02T06:32:52+00:00\",\"dateModified\":\"2026-01-27T10:22:13+00:00\",\"breadcrumb\":{\"@id\":\"https:\/\/villa-anneloi.com\/home\/reviews\/#breadcrumb\"},\"inLanguage\":\"en-US\",\"potentialAction\":[{\"@type\":\"ReadAction\",\"target\":[\"https:\/\/villa-anneloi.com\/home\/reviews\/\"]}]},{\"@type\":\"BreadcrumbList\",\"@id\":\"https:\/\/villa-anneloi.com\/home\/reviews\/#breadcrumb\",\"itemListElement\":[{\"@type\":\"ListItem\",\"position\":1,\"name\":\"Home\",\"item\":\"https:\/\/villa-anneloi.com\/home\/\"},{\"@type\":\"ListItem\",\"position\":2,\"name\":\"reviews for you\"}]},{\"@type\":\"WebSite\",\"@id\":\"https:\/\/villa-anneloi.com\/home\/#website\",\"url\":\"https:\/\/villa-anneloi.com\/home\/\",\"name\":\"Villa-anneloi.com - Feel at home, Far from home.\",\"description\":\"chiangmai province guesthouse, chiang mai guesthouse, chiang mai, thailand, guesthouse, villa-anneloi guesthouse, guesthouse, chiang mai travel, chiang mai tour, chiang mai trekking, rafting, chiang mai tour agent, thailand, trekking, bamboo rafting, elephant riding, caving, canoeing, kantoke dinner, t-rex-house\",\"potentialAction\":[{\"@type\":\"SearchAction\",\"target\":{\"@type\":\"EntryPoint\",\"urlTemplate\":\"https:\/\/villa-anneloi.com\/home\/?s={search_term_string}\"},\"query-input\":\"required name=search_term_string\"}],\"inLanguage\":\"en-US\"}]}<\/script>\n<!-- \/ Yoast SEO plugin. -->","yoast_head_json":{"title":"reviews for you - Villa-anneloi.com - Feel at home, Far from home.","robots":{"index":"index","follow":"follow","max-snippet":"max-snippet:-1","max-image-preview":"max-image-preview:large","max-video-preview":"max-video-preview:-1"},"canonical":"https:\/\/villa-anneloi.com\/home\/reviews\/","og_locale":"en_US","og_type":"article","og_title":"reviews for you - Villa-anneloi.com - Feel at home, Far from home.","og_description":"Dank je wel voor uw recensie. Thank you for your review. Merci pour votre avis. Lees wat onze gasten schreven sinds 2001: Read what our guest wrote since 2001: Lisez ce que nous guests ont \u00e9crit depuis 2001: Klik het jaar &#8211; click the year &#8211; cliquez l&#8217;ann\u00e9e (na COVID hebben we de draad weer ... Read more","og_url":"https:\/\/villa-anneloi.com\/home\/reviews\/","og_site_name":"Villa-anneloi.com - Feel at home, Far from home.","article_modified_time":"2026-01-27T10:22:13+00:00","twitter_card":"summary_large_image","twitter_misc":{"Est. reading time":"1 minute"},"schema":{"@context":"https:\/\/schema.org","@graph":[{"@type":"WebPage","@id":"https:\/\/villa-anneloi.com\/home\/reviews\/","url":"https:\/\/villa-anneloi.com\/home\/reviews\/","name":"reviews for you - Villa-anneloi.com - Feel at home, Far from home.","isPartOf":{"@id":"https:\/\/villa-anneloi.com\/home\/#website"},"datePublished":"2020-03-02T06:32:52+00:00","dateModified":"2026-01-27T10:22:13+00:00","breadcrumb":{"@id":"https:\/\/villa-anneloi.com\/home\/reviews\/#breadcrumb"},"inLanguage":"en-US","potentialAction":[{"@type":"ReadAction","target":["https:\/\/villa-anneloi.com\/home\/reviews\/"]}]},{"@type":"BreadcrumbList","@id":"https:\/\/villa-anneloi.com\/home\/reviews\/#breadcrumb","itemListElement":[{"@type":"ListItem","position":1,"name":"Home","item":"https:\/\/villa-anneloi.com\/home\/"},{"@type":"ListItem","position":2,"name":"reviews for you"}]},{"@type":"WebSite","@id":"https:\/\/villa-anneloi.com\/home\/#website","url":"https:\/\/villa-anneloi.com\/home\/","name":"Villa-anneloi.com - Feel at home, Far from home.","description":"chiangmai province guesthouse, chiang mai guesthouse, chiang mai, thailand, guesthouse, villa-anneloi guesthouse, guesthouse, chiang mai travel, chiang mai tour, chiang mai trekking, rafting, chiang mai tour agent, thailand, trekking, bamboo rafting, elephant riding, caving, canoeing, kantoke dinner, t-rex-house","potentialAction":[{"@type":"SearchAction","target":{"@type":"EntryPoint","urlTemplate":"https:\/\/villa-anneloi.com\/home\/?s={search_term_string}"},"query-input":"required name=search_term_string"}],"inLanguage":"en-US"}]}},"uagb_featured_image_src":{"full":false,"thumbnail":false,"medium":false,"medium_large":false,"large":false,"1536x1536":false,"2048x2048":false},"uagb_author_info":{"display_name":"admin","author_link":"https:\/\/villa-anneloi.com\/home\/author\/admin\/"},"uagb_comment_info":0,"uagb_excerpt":"Dank je wel voor uw recensie. Thank you for your review. Merci pour votre avis. Lees wat onze gasten schreven sinds 2001: Read what our guest wrote since 2001: Lisez ce que nous guests ont \u00e9crit depuis 2001: Klik het jaar &#8211; click the year &#8211; cliquez l&#8217;ann\u00e9e (na COVID hebben we de draad weer&hellip;","jetpack_sharing_enabled":true,"jetpack-related-posts":[{"id":2117,"url":"https:\/\/villa-anneloi.com\/home\/reviews-2001\/","url_meta":{"origin":1554,"position":0},"title":"reviews 2001","date":"5th March 2020","format":false,"excerpt":"OUR\u00a0FIRST GUESTS in October 2001: \u00a0\u00a0\u00a0 ONZE EERSTE GASTEN in oktober 2001: Annelore en Loi, Wij hebben het genoegen als eerste proefkonijnen te zijn.\u00a0 Het was niet haasje over, maar met zorg, alles terdegen afgewogen ! Loi bracht ons op de pekken waar we hoopten te zijn ! En uw\u2026","rel":"","context":"Similar post","img":{"alt_text":"","src":"","width":0,"height":0},"classes":[]},{"id":2711,"url":"https:\/\/villa-anneloi.com\/home\/uitstappen\/monloi-nl\/","url_meta":{"origin":1554,"position":1},"title":"3 daagse naar Loi zijn geboortedrop","date":"30th January 2026","format":false,"excerpt":"Hier het programma naar Loi zijn \u2018home town DAG 1:\u00a0 Loi komt jullie om 9u00 ophalen in jullie hotel in Chiang Mai voor de 3 daagse uitstap naar Muang Khong, Loi zijn geboortedorp op de berg in Chiang Dao.\u00a0\u00a0Jullie kunnen de bagage meenemen en de andere bagage in jullie hotel\u2026","rel":"","context":"Similar post","img":{"alt_text":"","src":"","width":0,"height":0},"classes":[]},{"id":2121,"url":"https:\/\/villa-anneloi.com\/home\/reviews-2015\/","url_meta":{"origin":1554,"position":2},"title":"reviews 2015","date":"5th March 2020","format":false,"excerpt":"Januari 2015\u00a01\/1\/2015\u00a0Heel mooie villa met lekker eten ! \u00a0Het programma was heel tof en gevarieerd, een zeer leuke ervaring. \u00a0Ik raad het iedereen aan ! \u00a0 Bedankt Loi & Annelore voor deze leuke week:) \u00a0 Elise\u00a0Bedankt voor de toffe week ! \u00a0 Nog veel succes verder ! \u00a0Renee & MarnikBeste\u2026","rel":"","context":"Similar post","img":{"alt_text":"","src":"","width":0,"height":0},"classes":[]},{"id":1015,"url":"https:\/\/villa-anneloi.com\/home\/wij\/","url_meta":{"origin":1554,"position":3},"title":"Wie zijn we ?","date":"12th February 2020","format":false,"excerpt":"Villa Anneloi Tour Wie zijn we ? Klik hier voor reviews Volg ons op Facebook onder de naam \"Villa Anneloi\". Villa Anneloi tour Annelore, een Belgische, leerde Loi, een Thai, kennen tijdens een vrijwilligersproject in Thailand. De liefde voor Thailand en deze lieve man leidde tot een combinatie van samen\u2026","rel":"","context":"Similar post","img":{"alt_text":"","src":"https:\/\/i0.wp.com\/villa-anneloi.com\/home\/wp-content\/uploads\/2020\/01\/2.png?resize=350%2C200&ssl=1","width":350,"height":200},"classes":[]},{"id":2207,"url":"https:\/\/villa-anneloi.com\/home\/reviews2020\/","url_meta":{"origin":1554,"position":4},"title":"reviews 2020","date":"5th March 2020","format":false,"excerpt":"Januari 2020 Hoi Annelore en Loi, Wij zitten nu even na te genieten van de afgelopen dagen. Met ook een beetje pijn in onze buik van de heimwee naar de rust, natuur en de mooie cultuur waar wij van hebben kunnen proeven. We missen Loi en Mr Chi wel hoor.\u2026","rel":"","context":"Similar post","img":{"alt_text":"","src":"https:\/\/i0.wp.com\/villa-anneloi.com\/home\/wp-content\/uploads\/2020\/03\/image.png?resize=350%2C200&ssl=1","width":350,"height":200},"classes":[]},{"id":2122,"url":"https:\/\/villa-anneloi.com\/home\/reviews-2016\/","url_meta":{"origin":1554,"position":5},"title":"reviews 2016","date":"5th March 2020","format":false,"excerpt":"Bjorn en Marianne1\/31\/2016We kijken terug met heel veel nostalgie naar ons verblijf in de guesthouse van Villa Anneloi. De ontvangst was hartelijk evenals het lekkere ontbijt en de mooie en cleane kamers. We voelden ons echt thuis ver weg van huis.Het weekprogramma samen met Loi was fantastisch! We hebben een\u2026","rel":"","context":"Similar post","img":{"alt_text":"","src":"","width":0,"height":0},"classes":[]}],"jetpack_shortlink":"https:\/\/wp.me\/PbNARy-p4","_links":{"self":[{"href":"https:\/\/villa-anneloi.com\/home\/wp-json\/wp\/v2\/pages\/1554"}],"collection":[{"href":"https:\/\/villa-anneloi.com\/home\/wp-json\/wp\/v2\/pages"}],"about":[{"href":"https:\/\/villa-anneloi.com\/home\/wp-json\/wp\/v2\/types\/page"}],"author":[{"embeddable":true,"href":"https:\/\/villa-anneloi.com\/home\/wp-json\/wp\/v2\/users\/1"}],"replies":[{"embeddable":true,"href":"https:\/\/villa-anneloi.com\/home\/wp-json\/wp\/v2\/comments?post=1554"}],"version-history":[{"count":13,"href":"https:\/\/villa-anneloi.com\/home\/wp-json\/wp\/v2\/pages\/1554\/revisions"}],"predecessor-version":[{"id":2627,"href":"https:\/\/villa-anneloi.com\/home\/wp-json\/wp\/v2\/pages\/1554\/revisions\/2627"}],"wp:attachment":[{"href":"https:\/\/villa-anneloi.com\/home\/wp-json\/wp\/v2\/media?parent=1554"}],"curies":[{"name":"wp","href":"https:\/\/api.w.org\/{rel}","templated":true}]}}