{"id":1585,"date":"2020-03-02T15:29:59","date_gmt":"2020-03-02T08:29:59","guid":{"rendered":"https:\/\/villa-anneloi.com\/home\/?page_id=1585"},"modified":"2020-03-17T09:57:38","modified_gmt":"2020-03-17T02:57:38","slug":"les-lessons-cuisine-thailandaise-fr","status":"publish","type":"page","link":"https:\/\/villa-anneloi.com\/home\/les-lessons-cuisine-thailandaise-fr\/","title":{"rendered":"Atelier de cuisine tha\u00eflandaise"},"content":{"rendered":"\n<div class=\"wp-block-nextend-smartslider3\"><\/div>\n\n\n\n<p class=\"has-text-color has-text-align-center has-luminous-vivid-amber-color\">    Cette excursion peut \u00eatre organis\u00e9 tous les jours sous r\u00e9serve de disponibilit\u00e9.<\/p>\n\n\n\n<p class=\"has-text-align-center\"><strong>8h30 &#8211; 15h00 <\/strong> <strong>visite guid\u00e9e<\/strong> <strong>, transfer, explication et enseignements et  d\u00e9jeuner inclus.<\/strong><br>    <\/p>\n\n\n\n<p>\n\nIls viennent vous cherchez \u00e0 votre accommodation et le premier arr\u00eat est au march\u00e9 local. Ils ach\u00e8tent et expliquent concernant les ingr\u00e9dients \u00e0 utiliser dans la cuisine. L\u2019\u00e9cole est petite \u00e9chelle et chaqu\u2019un a sont cuisini\u00e8re. Vous partez \u00e0 la maison sans faim, car vous faites autan de repas typic Thai, et avec un petit livre de cuisine pour essay\u00e9 apr\u00e8s.L\u2019apr\u00e8s-midi ils vous ram\u00e8nent de retour \u00e0 votre accommodation.\n\n<\/p>\n","protected":false},"excerpt":{"rendered":"<p>Cette excursion peut \u00eatre organis\u00e9 tous les jours sous r\u00e9serve de disponibilit\u00e9. 8h30 &#8211; 15h00 visite guid\u00e9e , transfer, explication et enseignements et d\u00e9jeuner inclus. Ils viennent vous cherchez \u00e0 votre accommodation et le premier arr\u00eat est au march\u00e9 local. Ils ach\u00e8tent et expliquent concernant les ingr\u00e9dients \u00e0 utiliser dans la cuisine. L\u2019\u00e9cole est petite &#8230; <a title=\"Atelier de cuisine tha\u00eflandaise\" class=\"read-more\" href=\"https:\/\/villa-anneloi.com\/home\/les-lessons-cuisine-thailandaise-fr\/\" aria-label=\"More on Atelier de cuisine tha\u00eflandaise\">Read more<\/a><\/p>\n","protected":false},"author":2,"featured_media":0,"parent":0,"menu_order":0,"comment_status":"closed","ping_status":"closed","template":"","meta":{"_uag_custom_page_level_css":""},"yoast_head":"<!-- This site is optimized with the Yoast SEO plugin v19.12 - https:\/\/yoast.com\/wordpress\/plugins\/seo\/ -->\n<title>Atelier de cuisine tha\u00eflandaise - Villa-anneloi.com - Feel at home, Far from home.<\/title>\n<meta name=\"robots\" content=\"index, follow, max-snippet:-1, max-image-preview:large, max-video-preview:-1\" \/>\n<link rel=\"canonical\" href=\"https:\/\/villa-anneloi.com\/home\/les-lessons-cuisine-thailandaise-fr\/\" \/>\n<meta property=\"og:locale\" content=\"en_US\" \/>\n<meta property=\"og:type\" content=\"article\" \/>\n<meta property=\"og:title\" content=\"Atelier de cuisine tha\u00eflandaise - Villa-anneloi.com - Feel at home, Far from home.\" \/>\n<meta property=\"og:description\" content=\"Cette excursion peut \u00eatre organis\u00e9 tous les jours sous r\u00e9serve de disponibilit\u00e9. 8h30 &#8211; 15h00 visite guid\u00e9e , transfer, explication et enseignements et d\u00e9jeuner inclus. Ils viennent vous cherchez \u00e0 votre accommodation et le premier arr\u00eat est au march\u00e9 local. Ils ach\u00e8tent et expliquent concernant les ingr\u00e9dients \u00e0 utiliser dans la cuisine. L\u2019\u00e9cole est petite ... Read more\" \/>\n<meta property=\"og:url\" content=\"https:\/\/villa-anneloi.com\/home\/les-lessons-cuisine-thailandaise-fr\/\" \/>\n<meta property=\"og:site_name\" content=\"Villa-anneloi.com - Feel at home, Far from home.\" \/>\n<meta property=\"article:modified_time\" content=\"2020-03-17T02:57:38+00:00\" \/>\n<meta name=\"twitter:card\" content=\"summary_large_image\" \/>\n<meta name=\"twitter:label1\" content=\"Est. reading time\" \/>\n\t<meta name=\"twitter:data1\" content=\"1 minute\" \/>\n<script type=\"application\/ld+json\" class=\"yoast-schema-graph\">{\"@context\":\"https:\/\/schema.org\",\"@graph\":[{\"@type\":\"WebPage\",\"@id\":\"https:\/\/villa-anneloi.com\/home\/les-lessons-cuisine-thailandaise-fr\/\",\"url\":\"https:\/\/villa-anneloi.com\/home\/les-lessons-cuisine-thailandaise-fr\/\",\"name\":\"Atelier de cuisine tha\u00eflandaise - Villa-anneloi.com - Feel at home, Far from home.\",\"isPartOf\":{\"@id\":\"https:\/\/villa-anneloi.com\/home\/#website\"},\"datePublished\":\"2020-03-02T08:29:59+00:00\",\"dateModified\":\"2020-03-17T02:57:38+00:00\",\"breadcrumb\":{\"@id\":\"https:\/\/villa-anneloi.com\/home\/les-lessons-cuisine-thailandaise-fr\/#breadcrumb\"},\"inLanguage\":\"en-US\",\"potentialAction\":[{\"@type\":\"ReadAction\",\"target\":[\"https:\/\/villa-anneloi.com\/home\/les-lessons-cuisine-thailandaise-fr\/\"]}]},{\"@type\":\"BreadcrumbList\",\"@id\":\"https:\/\/villa-anneloi.com\/home\/les-lessons-cuisine-thailandaise-fr\/#breadcrumb\",\"itemListElement\":[{\"@type\":\"ListItem\",\"position\":1,\"name\":\"Home\",\"item\":\"https:\/\/villa-anneloi.com\/home\/\"},{\"@type\":\"ListItem\",\"position\":2,\"name\":\"Atelier de cuisine tha\u00eflandaise\"}]},{\"@type\":\"WebSite\",\"@id\":\"https:\/\/villa-anneloi.com\/home\/#website\",\"url\":\"https:\/\/villa-anneloi.com\/home\/\",\"name\":\"Villa-anneloi.com - Feel at home, Far from home.\",\"description\":\"chiangmai province guesthouse, chiang mai guesthouse, chiang mai, thailand, guesthouse, villa-anneloi guesthouse, guesthouse, chiang mai travel, chiang mai tour, chiang mai trekking, rafting, chiang mai tour agent, thailand, trekking, bamboo rafting, elephant riding, caving, canoeing, kantoke dinner, t-rex-house\",\"potentialAction\":[{\"@type\":\"SearchAction\",\"target\":{\"@type\":\"EntryPoint\",\"urlTemplate\":\"https:\/\/villa-anneloi.com\/home\/?s={search_term_string}\"},\"query-input\":\"required name=search_term_string\"}],\"inLanguage\":\"en-US\"}]}<\/script>\n<!-- \/ Yoast SEO plugin. -->","yoast_head_json":{"title":"Atelier de cuisine tha\u00eflandaise - Villa-anneloi.com - Feel at home, Far from home.","robots":{"index":"index","follow":"follow","max-snippet":"max-snippet:-1","max-image-preview":"max-image-preview:large","max-video-preview":"max-video-preview:-1"},"canonical":"https:\/\/villa-anneloi.com\/home\/les-lessons-cuisine-thailandaise-fr\/","og_locale":"en_US","og_type":"article","og_title":"Atelier de cuisine tha\u00eflandaise - Villa-anneloi.com - Feel at home, Far from home.","og_description":"Cette excursion peut \u00eatre organis\u00e9 tous les jours sous r\u00e9serve de disponibilit\u00e9. 8h30 &#8211; 15h00 visite guid\u00e9e , transfer, explication et enseignements et d\u00e9jeuner inclus. Ils viennent vous cherchez \u00e0 votre accommodation et le premier arr\u00eat est au march\u00e9 local. Ils ach\u00e8tent et expliquent concernant les ingr\u00e9dients \u00e0 utiliser dans la cuisine. L\u2019\u00e9cole est petite ... Read more","og_url":"https:\/\/villa-anneloi.com\/home\/les-lessons-cuisine-thailandaise-fr\/","og_site_name":"Villa-anneloi.com - Feel at home, Far from home.","article_modified_time":"2020-03-17T02:57:38+00:00","twitter_card":"summary_large_image","twitter_misc":{"Est. reading time":"1 minute"},"schema":{"@context":"https:\/\/schema.org","@graph":[{"@type":"WebPage","@id":"https:\/\/villa-anneloi.com\/home\/les-lessons-cuisine-thailandaise-fr\/","url":"https:\/\/villa-anneloi.com\/home\/les-lessons-cuisine-thailandaise-fr\/","name":"Atelier de cuisine tha\u00eflandaise - Villa-anneloi.com - Feel at home, Far from home.","isPartOf":{"@id":"https:\/\/villa-anneloi.com\/home\/#website"},"datePublished":"2020-03-02T08:29:59+00:00","dateModified":"2020-03-17T02:57:38+00:00","breadcrumb":{"@id":"https:\/\/villa-anneloi.com\/home\/les-lessons-cuisine-thailandaise-fr\/#breadcrumb"},"inLanguage":"en-US","potentialAction":[{"@type":"ReadAction","target":["https:\/\/villa-anneloi.com\/home\/les-lessons-cuisine-thailandaise-fr\/"]}]},{"@type":"BreadcrumbList","@id":"https:\/\/villa-anneloi.com\/home\/les-lessons-cuisine-thailandaise-fr\/#breadcrumb","itemListElement":[{"@type":"ListItem","position":1,"name":"Home","item":"https:\/\/villa-anneloi.com\/home\/"},{"@type":"ListItem","position":2,"name":"Atelier de cuisine tha\u00eflandaise"}]},{"@type":"WebSite","@id":"https:\/\/villa-anneloi.com\/home\/#website","url":"https:\/\/villa-anneloi.com\/home\/","name":"Villa-anneloi.com - Feel at home, Far from home.","description":"chiangmai province guesthouse, chiang mai guesthouse, chiang mai, thailand, guesthouse, villa-anneloi guesthouse, guesthouse, chiang mai travel, chiang mai tour, chiang mai trekking, rafting, chiang mai tour agent, thailand, trekking, bamboo rafting, elephant riding, caving, canoeing, kantoke dinner, t-rex-house","potentialAction":[{"@type":"SearchAction","target":{"@type":"EntryPoint","urlTemplate":"https:\/\/villa-anneloi.com\/home\/?s={search_term_string}"},"query-input":"required name=search_term_string"}],"inLanguage":"en-US"}]}},"uagb_featured_image_src":{"full":false,"thumbnail":false,"medium":false,"medium_large":false,"large":false,"1536x1536":false,"2048x2048":false},"uagb_author_info":{"display_name":"Anneloi","author_link":"https:\/\/villa-anneloi.com\/home\/author\/manager\/"},"uagb_comment_info":0,"uagb_excerpt":"Cette excursion peut \u00eatre organis\u00e9 tous les jours sous r\u00e9serve de disponibilit\u00e9. 8h30 &#8211; 15h00 visite guid\u00e9e , transfer, explication et enseignements et d\u00e9jeuner inclus. Ils viennent vous cherchez \u00e0 votre accommodation et le premier arr\u00eat est au march\u00e9 local. Ils ach\u00e8tent et expliquent concernant les ingr\u00e9dients \u00e0 utiliser dans la cuisine. L\u2019\u00e9cole est petite&hellip;","jetpack_sharing_enabled":true,"jetpack-related-posts":[{"id":1590,"url":"https:\/\/villa-anneloi.com\/home\/trekking-de-deux-jours-avec-loi-fr\/","url_meta":{"origin":1585,"position":0},"title":"Trekking de deux jours avec Loi.","date":"2nd March 2020","format":false,"excerpt":"Ce trekking de deux jours est un avant-go\u00fbt de la \"vraie\" vie locale tha\u00eflandaise des tribus des collines. Loi vous guide comme Tarzan dans la jungle. Le trekking est une randonn\u00e9e dans les montagnes, accessible \u00e0 tous . Notre plus jeune randonneur avait 2 ans et le plus \u00e2g\u00e9, 84\u2026","rel":"","context":"Similar post","img":{"alt_text":"","src":"","width":0,"height":0},"classes":[]},{"id":1593,"url":"https:\/\/villa-anneloi.com\/home\/excursion-de-deux-jours-avec-loi-a-pai-ou-chiang-rai\/","url_meta":{"origin":1585,"position":1},"title":"Excursion de deux jours avec Loi \u00e0 Pai ou Chiang Rai.","date":"2nd March 2020","format":false,"excerpt":"Premi\u00e8re journ\u00e9e: Une randonn\u00e9e incroyable \u00e0 travers les montagnes avec des arr\u00eats que vous n\u2019auriez jamais d\u00e9couverts seuls. Avec Loi, vous vous sentirez comme un \"local\" en route. Les arr\u00eats sont : PAI : une cascade pour se baigner, une grotte de chauves-souris, le canyon de Pai, des sources d'eau\u2026","rel":"","context":"Similar post","img":{"alt_text":"","src":"","width":0,"height":0},"classes":[]},{"id":1575,"url":"https:\/\/villa-anneloi.com\/home\/temple-doi-suthep-et-massage-fr\/","url_meta":{"origin":1585,"position":2},"title":"Temple Doi Suthep et massage.","date":"2nd March 2020","format":false,"excerpt":"Cette excursion peut \u00eatre organis\u00e9 tous les jours sous r\u00e9serve de disponibilit\u00e9. 9h00-14h00 min 2 personnes Un taxi local vous emm\u00e8ne sur une route de montagne pendant 11 km jusqu'aux pieds du temple \"Wat Prataat Doi Suthep\". Vous pourrez choisir de monter les 306 marches ou de prendre un t\u00e9l\u00e9ph\u00e9rique\u2026","rel":"","context":"Similar post","img":{"alt_text":"","src":"","width":0,"height":0},"classes":[]},{"id":1391,"url":"https:\/\/villa-anneloi.com\/home\/qui\/","url_meta":{"origin":1585,"position":3},"title":"Qui sont nous?","date":"21st February 2020","format":false,"excerpt":"Villa Anneloi Tour Qui sont nous ? cliquez ici pour les avis Villa Anneloi Tour Annelore, d\u2019origine belge, et Loi, un Tha\u00eflandais, se sont rencontr\u00e9s au cours d\u2019un voyage humanitaire \u00e0 Chiang Mai, en Tha\u00eflande. Annelore est imm\u00e9diatement tomb\u00e9e sous le charme de ce magnifique pays et \u2026. de Loi.\u2026","rel":"","context":"Similar post","img":{"alt_text":"","src":"https:\/\/i0.wp.com\/villa-anneloi.com\/home\/wp-content\/uploads\/2020\/01\/2.png?resize=350%2C200&ssl=1","width":350,"height":200},"classes":[]},{"id":2721,"url":"https:\/\/villa-anneloi.com\/home\/excursions\/monloi-fr\/","url_meta":{"origin":1585,"position":4},"title":"Excursion de 3 jours vers le village natal de Loi","date":"30th January 2026","format":false,"excerpt":"PROGRAMME \u2013 S\u00e9jour dans le village natal de Loi JOUR 1 Loi viendra vous chercher \u00e0 9h00 \u00e0 votre h\u00f4tel \u00e0 Chiang Mai pour une excursion de 3 jours \u00e0 Muang Khong, le village natal de Loi, situ\u00e9 sur la montagne \u00e0 Chiang Dao.Vous pouvez laisser une partie de vos\u2026","rel":"","context":"Similar post","img":{"alt_text":"","src":"","width":0,"height":0},"classes":[]},{"id":1642,"url":"https:\/\/villa-anneloi.com\/home\/prenez-notre-paquet-dexcursion-fr\/","url_meta":{"origin":1585,"position":5},"title":"Package d&#8217;excursions","date":"2nd March 2020","format":false,"excerpt":"Villa Anneloi Package d'excursions Package excursions avec logement dans un resort \u00e0 la rivi\u00e8re. JOUR 1 Nous venons vous chercher \u00e0 l\u2019a\u00e9roport, gare routi\u00e8re ou gare ferroviaire de Chiang Mai. Bienvenue au resort avec un petit packet de bienvenue. Vous pourrez ensuite vous relaxer \u00e0 la piscine, d\u00e9couvrir l\u2019environnement ou\u2026","rel":"","context":"Similar post","img":{"alt_text":"","src":"","width":0,"height":0},"classes":[]}],"jetpack_shortlink":"https:\/\/wp.me\/PbNARy-pz","_links":{"self":[{"href":"https:\/\/villa-anneloi.com\/home\/wp-json\/wp\/v2\/pages\/1585"}],"collection":[{"href":"https:\/\/villa-anneloi.com\/home\/wp-json\/wp\/v2\/pages"}],"about":[{"href":"https:\/\/villa-anneloi.com\/home\/wp-json\/wp\/v2\/types\/page"}],"author":[{"embeddable":true,"href":"https:\/\/villa-anneloi.com\/home\/wp-json\/wp\/v2\/users\/2"}],"replies":[{"embeddable":true,"href":"https:\/\/villa-anneloi.com\/home\/wp-json\/wp\/v2\/comments?post=1585"}],"version-history":[{"count":4,"href":"https:\/\/villa-anneloi.com\/home\/wp-json\/wp\/v2\/pages\/1585\/revisions"}],"predecessor-version":[{"id":2371,"href":"https:\/\/villa-anneloi.com\/home\/wp-json\/wp\/v2\/pages\/1585\/revisions\/2371"}],"wp:attachment":[{"href":"https:\/\/villa-anneloi.com\/home\/wp-json\/wp\/v2\/media?parent=1585"}],"curies":[{"name":"wp","href":"https:\/\/api.w.org\/{rel}","templated":true}]}}