{"id":1588,"date":"2020-03-02T15:31:10","date_gmt":"2020-03-02T08:31:10","guid":{"rendered":"https:\/\/villa-anneloi.com\/home\/?page_id=1588"},"modified":"2023-04-06T20:57:58","modified_gmt":"2023-04-06T13:57:58","slug":"two-days-trekking-with-loi-en","status":"publish","type":"page","link":"https:\/\/villa-anneloi.com\/home\/two-days-trekking-with-loi-en\/","title":{"rendered":"Two days trekking with Loi."},"content":{"rendered":"\n<div class=\"wp-block-nextend-smartslider3\"><\/div>\n\n\n\n<p class=\"has-text-align-center has-luminous-vivid-amber-color has-text-color\">           <\/p>\n\n\n\n<p class=\"has-text-align-center\"> You discover the &#8216;real&#8217; Thailand on the 2 days trekking!&nbsp; <\/p>\n\n\n\n<p class=\"has-text-align-center\">Loi guides you as a real Tarzan through the jungle !&nbsp;&nbsp;&nbsp;<br><br>The 2 day trekking is a taste of the &#8216;real&#8217; local Thai life of the hill tribes.  The trek is a walk over mountains and the heat can play some role, but if you are a hike lover and you can physically walk, this trek is possible for you.    Our youngest was 2 years old and our oldest was 84 years young.  The experience of sleeping in a bamboo hut  after an entertaining evening, is unforgetable !   <br><\/p>\n\n\n\n<p class=\"has-text-align-left has-luminous-vivid-amber-color has-text-color\"><strong>DAY 1:<\/strong><\/p>\n\n\n\n<p class=\"has-text-align-left\">You leave with a pick-up for a local market where Loi buys the ingredients for the diner in the mountains.    You can buy drinks there (water for the walk). \u00a0\u00a0After you drive  a little further in the mountains and Loi will make a lunch in a village of the tribe named &#8216;Akha&#8217;.  The walk starts after lunch with a steep mountain.   Each walks on his pace and Loi stops often for some nature stories.    The walk is about  2 to 3 hours.  This hike is really worth to see how the hill tribe  &#8216;Lahu&#8217; still lives in the 21st century.    The diner is prepared in a primitive kitchen but is delicious.    The overnight is in a common bamboo hut, special made for the guests.  Before sleeping you will get a nice entertainment to go sleep with a smile                                                       (small matrasses and blankets are provided).<\/p>\n\n\n\n<p class=\"has-luminous-vivid-amber-color has-text-color\"><strong>DAY 2:<\/strong><\/p>\n\n\n\n<p>A jungle  breakfast is prepared in the morning for you and in meanwhile you will see them making the rafts from bamboo.    This are the rafts you will use to sail down the river.   Each raft has 2 guides to push you down the river.  A lunch in a local restaurant waits you and after you drive back to your accommodation in Chiang Mai.                         <\/p>\n\n\n\n<p>You carry your own luggage.    Ingredients for the meals are carried by porter(s). <br>All meals are included (1 x breakfast, 2 x lunch and 1 x diner), all drinks are exclusive. <\/p>\n\n\n\n<p><\/p>\n","protected":false},"excerpt":{"rendered":"<p>You discover the &#8216;real&#8217; Thailand on the 2 days trekking!&nbsp; Loi guides you as a real Tarzan through the jungle !&nbsp;&nbsp;&nbsp; The 2 day trekking is a taste of the &#8216;real&#8217; local Thai life of the hill tribes. The trek is a walk over mountains and the heat can play some role, but if you &#8230; <a title=\"Two days trekking with Loi.\" class=\"read-more\" href=\"https:\/\/villa-anneloi.com\/home\/two-days-trekking-with-loi-en\/\" aria-label=\"More on Two days trekking with Loi.\">Read more<\/a><\/p>\n","protected":false},"author":2,"featured_media":0,"parent":0,"menu_order":0,"comment_status":"closed","ping_status":"closed","template":"","meta":{"_uag_custom_page_level_css":""},"yoast_head":"<!-- This site is optimized with the Yoast SEO plugin v19.12 - https:\/\/yoast.com\/wordpress\/plugins\/seo\/ -->\n<title>Two days trekking with Loi. - Villa-anneloi.com - Feel at home, Far from home.<\/title>\n<meta name=\"robots\" content=\"index, follow, max-snippet:-1, max-image-preview:large, max-video-preview:-1\" \/>\n<link rel=\"canonical\" href=\"https:\/\/villa-anneloi.com\/home\/two-days-trekking-with-loi-en\/\" \/>\n<meta property=\"og:locale\" content=\"en_US\" \/>\n<meta property=\"og:type\" content=\"article\" \/>\n<meta property=\"og:title\" content=\"Two days trekking with Loi. - Villa-anneloi.com - Feel at home, Far from home.\" \/>\n<meta property=\"og:description\" content=\"You discover the &#8216;real&#8217; Thailand on the 2 days trekking!&nbsp; Loi guides you as a real Tarzan through the jungle !&nbsp;&nbsp;&nbsp; The 2 day trekking is a taste of the &#8216;real&#8217; local Thai life of the hill tribes. The trek is a walk over mountains and the heat can play some role, but if you ... Read more\" \/>\n<meta property=\"og:url\" content=\"https:\/\/villa-anneloi.com\/home\/two-days-trekking-with-loi-en\/\" \/>\n<meta property=\"og:site_name\" content=\"Villa-anneloi.com - Feel at home, Far from home.\" \/>\n<meta property=\"article:modified_time\" content=\"2023-04-06T13:57:58+00:00\" \/>\n<meta name=\"twitter:card\" content=\"summary_large_image\" \/>\n<meta name=\"twitter:label1\" content=\"Est. reading time\" \/>\n\t<meta name=\"twitter:data1\" content=\"2 minutes\" \/>\n<script type=\"application\/ld+json\" class=\"yoast-schema-graph\">{\"@context\":\"https:\/\/schema.org\",\"@graph\":[{\"@type\":\"WebPage\",\"@id\":\"https:\/\/villa-anneloi.com\/home\/two-days-trekking-with-loi-en\/\",\"url\":\"https:\/\/villa-anneloi.com\/home\/two-days-trekking-with-loi-en\/\",\"name\":\"Two days trekking with Loi. - Villa-anneloi.com - Feel at home, Far from home.\",\"isPartOf\":{\"@id\":\"https:\/\/villa-anneloi.com\/home\/#website\"},\"datePublished\":\"2020-03-02T08:31:10+00:00\",\"dateModified\":\"2023-04-06T13:57:58+00:00\",\"breadcrumb\":{\"@id\":\"https:\/\/villa-anneloi.com\/home\/two-days-trekking-with-loi-en\/#breadcrumb\"},\"inLanguage\":\"en-US\",\"potentialAction\":[{\"@type\":\"ReadAction\",\"target\":[\"https:\/\/villa-anneloi.com\/home\/two-days-trekking-with-loi-en\/\"]}]},{\"@type\":\"BreadcrumbList\",\"@id\":\"https:\/\/villa-anneloi.com\/home\/two-days-trekking-with-loi-en\/#breadcrumb\",\"itemListElement\":[{\"@type\":\"ListItem\",\"position\":1,\"name\":\"Home\",\"item\":\"https:\/\/villa-anneloi.com\/home\/\"},{\"@type\":\"ListItem\",\"position\":2,\"name\":\"Two days trekking with Loi.\"}]},{\"@type\":\"WebSite\",\"@id\":\"https:\/\/villa-anneloi.com\/home\/#website\",\"url\":\"https:\/\/villa-anneloi.com\/home\/\",\"name\":\"Villa-anneloi.com - Feel at home, Far from home.\",\"description\":\"chiangmai province guesthouse, chiang mai guesthouse, chiang mai, thailand, guesthouse, villa-anneloi guesthouse, guesthouse, chiang mai travel, chiang mai tour, chiang mai trekking, rafting, chiang mai tour agent, thailand, trekking, bamboo rafting, elephant riding, caving, canoeing, kantoke dinner, t-rex-house\",\"potentialAction\":[{\"@type\":\"SearchAction\",\"target\":{\"@type\":\"EntryPoint\",\"urlTemplate\":\"https:\/\/villa-anneloi.com\/home\/?s={search_term_string}\"},\"query-input\":\"required name=search_term_string\"}],\"inLanguage\":\"en-US\"}]}<\/script>\n<!-- \/ Yoast SEO plugin. -->","yoast_head_json":{"title":"Two days trekking with Loi. - Villa-anneloi.com - Feel at home, Far from home.","robots":{"index":"index","follow":"follow","max-snippet":"max-snippet:-1","max-image-preview":"max-image-preview:large","max-video-preview":"max-video-preview:-1"},"canonical":"https:\/\/villa-anneloi.com\/home\/two-days-trekking-with-loi-en\/","og_locale":"en_US","og_type":"article","og_title":"Two days trekking with Loi. - Villa-anneloi.com - Feel at home, Far from home.","og_description":"You discover the &#8216;real&#8217; Thailand on the 2 days trekking!&nbsp; Loi guides you as a real Tarzan through the jungle !&nbsp;&nbsp;&nbsp; The 2 day trekking is a taste of the &#8216;real&#8217; local Thai life of the hill tribes. The trek is a walk over mountains and the heat can play some role, but if you ... Read more","og_url":"https:\/\/villa-anneloi.com\/home\/two-days-trekking-with-loi-en\/","og_site_name":"Villa-anneloi.com - Feel at home, Far from home.","article_modified_time":"2023-04-06T13:57:58+00:00","twitter_card":"summary_large_image","twitter_misc":{"Est. reading time":"2 minutes"},"schema":{"@context":"https:\/\/schema.org","@graph":[{"@type":"WebPage","@id":"https:\/\/villa-anneloi.com\/home\/two-days-trekking-with-loi-en\/","url":"https:\/\/villa-anneloi.com\/home\/two-days-trekking-with-loi-en\/","name":"Two days trekking with Loi. - Villa-anneloi.com - Feel at home, Far from home.","isPartOf":{"@id":"https:\/\/villa-anneloi.com\/home\/#website"},"datePublished":"2020-03-02T08:31:10+00:00","dateModified":"2023-04-06T13:57:58+00:00","breadcrumb":{"@id":"https:\/\/villa-anneloi.com\/home\/two-days-trekking-with-loi-en\/#breadcrumb"},"inLanguage":"en-US","potentialAction":[{"@type":"ReadAction","target":["https:\/\/villa-anneloi.com\/home\/two-days-trekking-with-loi-en\/"]}]},{"@type":"BreadcrumbList","@id":"https:\/\/villa-anneloi.com\/home\/two-days-trekking-with-loi-en\/#breadcrumb","itemListElement":[{"@type":"ListItem","position":1,"name":"Home","item":"https:\/\/villa-anneloi.com\/home\/"},{"@type":"ListItem","position":2,"name":"Two days trekking with Loi."}]},{"@type":"WebSite","@id":"https:\/\/villa-anneloi.com\/home\/#website","url":"https:\/\/villa-anneloi.com\/home\/","name":"Villa-anneloi.com - Feel at home, Far from home.","description":"chiangmai province guesthouse, chiang mai guesthouse, chiang mai, thailand, guesthouse, villa-anneloi guesthouse, guesthouse, chiang mai travel, chiang mai tour, chiang mai trekking, rafting, chiang mai tour agent, thailand, trekking, bamboo rafting, elephant riding, caving, canoeing, kantoke dinner, t-rex-house","potentialAction":[{"@type":"SearchAction","target":{"@type":"EntryPoint","urlTemplate":"https:\/\/villa-anneloi.com\/home\/?s={search_term_string}"},"query-input":"required name=search_term_string"}],"inLanguage":"en-US"}]}},"uagb_featured_image_src":{"full":false,"thumbnail":false,"medium":false,"medium_large":false,"large":false,"1536x1536":false,"2048x2048":false},"uagb_author_info":{"display_name":"Anneloi","author_link":"https:\/\/villa-anneloi.com\/home\/author\/manager\/"},"uagb_comment_info":0,"uagb_excerpt":"You discover the &#8216;real&#8217; Thailand on the 2 days trekking!&nbsp; Loi guides you as a real Tarzan through the jungle !&nbsp;&nbsp;&nbsp; The 2 day trekking is a taste of the &#8216;real&#8217; local Thai life of the hill tribes. The trek is a walk over mountains and the heat can play some role, but if you&hellip;","jetpack_sharing_enabled":true,"jetpack-related-posts":[{"id":1638,"url":"https:\/\/villa-anneloi.com\/home\/choose-for-our-excursion-package-en\/","url_meta":{"origin":1588,"position":0},"title":"Choose for our excursion package","date":"2nd March 2020","format":false,"excerpt":"Villa Anneloi Excursion package Excursion package with lodge in a resort near the river in Chiang Mai. DAY 1: We pick you up at the airport, bus or train station in Chiang Mai.\u00a0\u00a0\u00a0 Welcome at the resort with a small welcome packet. \u00a0 You can relax at the swimming pool,\u2026","rel":"","context":"Similar post","img":{"alt_text":"","src":"","width":0,"height":0},"classes":[]},{"id":1590,"url":"https:\/\/villa-anneloi.com\/home\/trekking-de-deux-jours-avec-loi-fr\/","url_meta":{"origin":1588,"position":1},"title":"Trekking de deux jours avec Loi.","date":"2nd March 2020","format":false,"excerpt":"Ce trekking de deux jours est un avant-go\u00fbt de la \"vraie\" vie locale tha\u00eflandaise des tribus des collines. Loi vous guide comme Tarzan dans la jungle. Le trekking est une randonn\u00e9e dans les montagnes, accessible \u00e0 tous . Notre plus jeune randonneur avait 2 ans et le plus \u00e2g\u00e9, 84\u2026","rel":"","context":"Similar post","img":{"alt_text":"","src":"","width":0,"height":0},"classes":[]},{"id":1041,"url":"https:\/\/villa-anneloi.com\/home\/fietstocht-met-locale-stops\/","url_meta":{"origin":1588,"position":2},"title":"Twee daagse trekking met Loi.","date":"12th February 2020","format":false,"excerpt":"Je ontdekt het 'echte' Thailand op de 2-daagse trekking!\u00a0 Loi begeleidt je als een echte Tarzan door de jungle !\u00a0\u00a0\u00a0De 2 daagse trekking is een proeven van \u00a0het 'echte' lokale, Thaise leven van de bergvolkeren.\u00a0 De wandeltocht is ondanks de warmte en een aantal bergen, op elk zijn eigen tempo,\u2026","rel":"","context":"Similar post","img":{"alt_text":"","src":"","width":0,"height":0},"classes":[]},{"id":1400,"url":"https:\/\/villa-anneloi.com\/home\/trips\/","url_meta":{"origin":1588,"position":3},"title":"Trips","date":"21st February 2020","format":false,"excerpt":"Villa Anneloi Tour Trips Offer of excursions or choose for our excursion package: (1) Nature day trip with Loi (click to read more details) (Price starts at 2400 baht pp, min 2 persons, max 9 persons) (2) Two days trekking with Loi (click to read more details) (Price starts at\u2026","rel":"","context":"Similar post","img":{"alt_text":"","src":"","width":0,"height":0},"classes":[]},{"id":1642,"url":"https:\/\/villa-anneloi.com\/home\/prenez-notre-paquet-dexcursion-fr\/","url_meta":{"origin":1588,"position":4},"title":"Package d&#8217;excursions","date":"2nd March 2020","format":false,"excerpt":"Villa Anneloi Package d'excursions Package excursions avec logement dans un resort \u00e0 la rivi\u00e8re. JOUR 1 Nous venons vous chercher \u00e0 l\u2019a\u00e9roport, gare routi\u00e8re ou gare ferroviaire de Chiang Mai. Bienvenue au resort avec un petit packet de bienvenue. Vous pourrez ensuite vous relaxer \u00e0 la piscine, d\u00e9couvrir l\u2019environnement ou\u2026","rel":"","context":"Similar post","img":{"alt_text":"","src":"","width":0,"height":0},"classes":[]},{"id":1646,"url":"https:\/\/villa-anneloi.com\/home\/neem-ons-excursie-pakket-nl\/","url_meta":{"origin":1588,"position":5},"title":"neem ons excursie pakket","date":"2nd March 2020","format":false,"excerpt":"Villa Anneloi Excursie pakket Excursie pakket met logement in een resort aan de rivier in Chiang Mai. DAG 1 : We komen je oppikken aan de luchthaven, bus- of treinstation in Chiang Mai.\u00a0\u00a0\u00a0 We brengen jullie naar het resort en jullie krijgen een welkomspakketje. \u00a0 Je kan lekker relaxen aan\u2026","rel":"","context":"Similar post","img":{"alt_text":"","src":"","width":0,"height":0},"classes":[]}],"jetpack_shortlink":"https:\/\/wp.me\/PbNARy-pC","_links":{"self":[{"href":"https:\/\/villa-anneloi.com\/home\/wp-json\/wp\/v2\/pages\/1588"}],"collection":[{"href":"https:\/\/villa-anneloi.com\/home\/wp-json\/wp\/v2\/pages"}],"about":[{"href":"https:\/\/villa-anneloi.com\/home\/wp-json\/wp\/v2\/types\/page"}],"author":[{"embeddable":true,"href":"https:\/\/villa-anneloi.com\/home\/wp-json\/wp\/v2\/users\/2"}],"replies":[{"embeddable":true,"href":"https:\/\/villa-anneloi.com\/home\/wp-json\/wp\/v2\/comments?post=1588"}],"version-history":[{"count":5,"href":"https:\/\/villa-anneloi.com\/home\/wp-json\/wp\/v2\/pages\/1588\/revisions"}],"predecessor-version":[{"id":2575,"href":"https:\/\/villa-anneloi.com\/home\/wp-json\/wp\/v2\/pages\/1588\/revisions\/2575"}],"wp:attachment":[{"href":"https:\/\/villa-anneloi.com\/home\/wp-json\/wp\/v2\/media?parent=1588"}],"curies":[{"name":"wp","href":"https:\/\/api.w.org\/{rel}","templated":true}]}}