{"id":1590,"date":"2020-03-02T15:32:01","date_gmt":"2020-03-02T08:32:01","guid":{"rendered":"https:\/\/villa-anneloi.com\/home\/?page_id=1590"},"modified":"2023-04-06T20:59:47","modified_gmt":"2023-04-06T13:59:47","slug":"trekking-de-deux-jours-avec-loi-fr","status":"publish","type":"page","link":"https:\/\/villa-anneloi.com\/home\/trekking-de-deux-jours-avec-loi-fr\/","title":{"rendered":"Trekking de deux jours avec Loi."},"content":{"rendered":"\n<div class=\"wp-block-nextend-smartslider3\"><\/div>\n\n\n\n<p class=\"has-text-align-center has-luminous-vivid-amber-color has-text-color\">        <\/p>\n\n\n\n<p>Ce trekking de deux jours est un avant-go\u00fbt de la &#8220;vraie&#8221; vie locale tha\u00eflandaise des tribus des collines.  Loi vous guide comme Tarzan dans la jungle.  Le trekking est une randonn\u00e9e dans les montagnes, accessible \u00e0 tous . Notre plus jeune randonneur avait 2 ans et le plus \u00e2g\u00e9, 84 ans. L&#8217;exp\u00e9rience de passer la nuit dans une cabane en bambou apr\u00e8s une soir\u00e9e divertissante, est tout simplement fantastique !<\/p>\n\n\n\n<p class=\"has-luminous-vivid-amber-color has-text-color\">Premi\u00e8re journ\u00e9e :<\/p>\n\n\n\n<p>Vous partez avec un pick-up pour un march\u00e9 local o\u00f9 Loi ach\u00e8te les ingr\u00e9dients pour cuisiner le souper dans les montagnes. Vous pourrez y acheter des boissons (de l&#8217;eau pour la randonn\u00e9e). A midi, vous prendrez le d\u00e9jeuner dans un petit village de montagne de la tribu des \u00ab Akha \u00bb.  Ensuite, vous commencerez la randonn\u00e9e proprement dite dans la montagne.<\/p>\n\n\n\n<p>Chacun marche \u00e0 son rythme et Loi s&#8217;arr\u00eate souvent pour raconter quelques histoires en rapport avec la nature.  La randonn\u00e9e dure environ 2 \u00e0 3 heures. Il est vraiment int\u00e9ressant de d\u00e9couvrir comment vit encore, au 21i\u00e8me si\u00e8cle, le peuple de la tribu des Lahu.  Le d\u00e9jeuner est pr\u00e9par\u00e9 dans une cuisine primitive mais il est d\u00e9licieux. Vous passerez la nuit dans une cabane en bambou commune, sp\u00e9cialement con\u00e7ue pour les invit\u00e9s. Nous mettons \u00e0 disposition des petit matrass et des couvertures.<\/p>\n\n\n\n<p class=\"has-luminous-vivid-amber-color has-text-color\">Deuxi\u00e8me journ\u00e9e :<\/p>\n\n\n\n<p>Le matin, apr\u00e8s avoir pris un petit d\u00e9jeuner de la jungle pr\u00e9par\u00e9 pour vous, vous pourrez voir la fabrication des radeaux en bambou. Ce sont ces radeaux que vous utiliserez pour descendre la rivi\u00e8re.  Chaque radeau a deux guides pour vous guider sur la rivi\u00e8re.  Un d\u00e9jeuner dans un restaurant local vous attendra, puis vous retournerez \u00e0 votre logement.<\/p>\n\n\n\n<p>Vous portez vos propres bagages. Les ingr\u00e9dients pour les repas sont transport\u00e9s par le(s) porteur(s). Tous les repas sont inclus (1 x petit d\u00e9jeuner, 2 x d\u00e9jeuner et 1 x souper), toutes les boissons sont exclus.<br><\/p>\n\n\n\n<p><\/p>\n","protected":false},"excerpt":{"rendered":"<p>Ce trekking de deux jours est un avant-go\u00fbt de la &#8220;vraie&#8221; vie locale tha\u00eflandaise des tribus des collines. Loi vous guide comme Tarzan dans la jungle. Le trekking est une randonn\u00e9e dans les montagnes, accessible \u00e0 tous . Notre plus jeune randonneur avait 2 ans et le plus \u00e2g\u00e9, 84 ans. L&#8217;exp\u00e9rience de passer la &#8230; <a title=\"Trekking de deux jours avec Loi.\" class=\"read-more\" href=\"https:\/\/villa-anneloi.com\/home\/trekking-de-deux-jours-avec-loi-fr\/\" aria-label=\"More on Trekking de deux jours avec Loi.\">Read more<\/a><\/p>\n","protected":false},"author":2,"featured_media":0,"parent":0,"menu_order":0,"comment_status":"closed","ping_status":"closed","template":"","meta":{"_uag_custom_page_level_css":""},"yoast_head":"<!-- This site is optimized with the Yoast SEO plugin v19.12 - https:\/\/yoast.com\/wordpress\/plugins\/seo\/ -->\n<title>Trekking de deux jours avec Loi. - Villa-anneloi.com - Feel at home, Far from home.<\/title>\n<meta name=\"robots\" content=\"index, follow, max-snippet:-1, max-image-preview:large, max-video-preview:-1\" \/>\n<link rel=\"canonical\" href=\"https:\/\/villa-anneloi.com\/home\/trekking-de-deux-jours-avec-loi-fr\/\" \/>\n<meta property=\"og:locale\" content=\"en_US\" \/>\n<meta property=\"og:type\" content=\"article\" \/>\n<meta property=\"og:title\" content=\"Trekking de deux jours avec Loi. - Villa-anneloi.com - Feel at home, Far from home.\" \/>\n<meta property=\"og:description\" content=\"Ce trekking de deux jours est un avant-go\u00fbt de la &#8220;vraie&#8221; vie locale tha\u00eflandaise des tribus des collines. Loi vous guide comme Tarzan dans la jungle. Le trekking est une randonn\u00e9e dans les montagnes, accessible \u00e0 tous . Notre plus jeune randonneur avait 2 ans et le plus \u00e2g\u00e9, 84 ans. L&#8217;exp\u00e9rience de passer la ... Read more\" \/>\n<meta property=\"og:url\" content=\"https:\/\/villa-anneloi.com\/home\/trekking-de-deux-jours-avec-loi-fr\/\" \/>\n<meta property=\"og:site_name\" content=\"Villa-anneloi.com - Feel at home, Far from home.\" \/>\n<meta property=\"article:modified_time\" content=\"2023-04-06T13:59:47+00:00\" \/>\n<meta name=\"twitter:card\" content=\"summary_large_image\" \/>\n<meta name=\"twitter:label1\" content=\"Est. reading time\" \/>\n\t<meta name=\"twitter:data1\" content=\"2 minutes\" \/>\n<script type=\"application\/ld+json\" class=\"yoast-schema-graph\">{\"@context\":\"https:\/\/schema.org\",\"@graph\":[{\"@type\":\"WebPage\",\"@id\":\"https:\/\/villa-anneloi.com\/home\/trekking-de-deux-jours-avec-loi-fr\/\",\"url\":\"https:\/\/villa-anneloi.com\/home\/trekking-de-deux-jours-avec-loi-fr\/\",\"name\":\"Trekking de deux jours avec Loi. - Villa-anneloi.com - Feel at home, Far from home.\",\"isPartOf\":{\"@id\":\"https:\/\/villa-anneloi.com\/home\/#website\"},\"datePublished\":\"2020-03-02T08:32:01+00:00\",\"dateModified\":\"2023-04-06T13:59:47+00:00\",\"breadcrumb\":{\"@id\":\"https:\/\/villa-anneloi.com\/home\/trekking-de-deux-jours-avec-loi-fr\/#breadcrumb\"},\"inLanguage\":\"en-US\",\"potentialAction\":[{\"@type\":\"ReadAction\",\"target\":[\"https:\/\/villa-anneloi.com\/home\/trekking-de-deux-jours-avec-loi-fr\/\"]}]},{\"@type\":\"BreadcrumbList\",\"@id\":\"https:\/\/villa-anneloi.com\/home\/trekking-de-deux-jours-avec-loi-fr\/#breadcrumb\",\"itemListElement\":[{\"@type\":\"ListItem\",\"position\":1,\"name\":\"Home\",\"item\":\"https:\/\/villa-anneloi.com\/home\/\"},{\"@type\":\"ListItem\",\"position\":2,\"name\":\"Trekking de deux jours avec Loi.\"}]},{\"@type\":\"WebSite\",\"@id\":\"https:\/\/villa-anneloi.com\/home\/#website\",\"url\":\"https:\/\/villa-anneloi.com\/home\/\",\"name\":\"Villa-anneloi.com - Feel at home, Far from home.\",\"description\":\"chiangmai province guesthouse, chiang mai guesthouse, chiang mai, thailand, guesthouse, villa-anneloi guesthouse, guesthouse, chiang mai travel, chiang mai tour, chiang mai trekking, rafting, chiang mai tour agent, thailand, trekking, bamboo rafting, elephant riding, caving, canoeing, kantoke dinner, t-rex-house\",\"potentialAction\":[{\"@type\":\"SearchAction\",\"target\":{\"@type\":\"EntryPoint\",\"urlTemplate\":\"https:\/\/villa-anneloi.com\/home\/?s={search_term_string}\"},\"query-input\":\"required name=search_term_string\"}],\"inLanguage\":\"en-US\"}]}<\/script>\n<!-- \/ Yoast SEO plugin. -->","yoast_head_json":{"title":"Trekking de deux jours avec Loi. - Villa-anneloi.com - Feel at home, Far from home.","robots":{"index":"index","follow":"follow","max-snippet":"max-snippet:-1","max-image-preview":"max-image-preview:large","max-video-preview":"max-video-preview:-1"},"canonical":"https:\/\/villa-anneloi.com\/home\/trekking-de-deux-jours-avec-loi-fr\/","og_locale":"en_US","og_type":"article","og_title":"Trekking de deux jours avec Loi. - Villa-anneloi.com - Feel at home, Far from home.","og_description":"Ce trekking de deux jours est un avant-go\u00fbt de la &#8220;vraie&#8221; vie locale tha\u00eflandaise des tribus des collines. Loi vous guide comme Tarzan dans la jungle. Le trekking est une randonn\u00e9e dans les montagnes, accessible \u00e0 tous . Notre plus jeune randonneur avait 2 ans et le plus \u00e2g\u00e9, 84 ans. L&#8217;exp\u00e9rience de passer la ... Read more","og_url":"https:\/\/villa-anneloi.com\/home\/trekking-de-deux-jours-avec-loi-fr\/","og_site_name":"Villa-anneloi.com - Feel at home, Far from home.","article_modified_time":"2023-04-06T13:59:47+00:00","twitter_card":"summary_large_image","twitter_misc":{"Est. reading time":"2 minutes"},"schema":{"@context":"https:\/\/schema.org","@graph":[{"@type":"WebPage","@id":"https:\/\/villa-anneloi.com\/home\/trekking-de-deux-jours-avec-loi-fr\/","url":"https:\/\/villa-anneloi.com\/home\/trekking-de-deux-jours-avec-loi-fr\/","name":"Trekking de deux jours avec Loi. - Villa-anneloi.com - Feel at home, Far from home.","isPartOf":{"@id":"https:\/\/villa-anneloi.com\/home\/#website"},"datePublished":"2020-03-02T08:32:01+00:00","dateModified":"2023-04-06T13:59:47+00:00","breadcrumb":{"@id":"https:\/\/villa-anneloi.com\/home\/trekking-de-deux-jours-avec-loi-fr\/#breadcrumb"},"inLanguage":"en-US","potentialAction":[{"@type":"ReadAction","target":["https:\/\/villa-anneloi.com\/home\/trekking-de-deux-jours-avec-loi-fr\/"]}]},{"@type":"BreadcrumbList","@id":"https:\/\/villa-anneloi.com\/home\/trekking-de-deux-jours-avec-loi-fr\/#breadcrumb","itemListElement":[{"@type":"ListItem","position":1,"name":"Home","item":"https:\/\/villa-anneloi.com\/home\/"},{"@type":"ListItem","position":2,"name":"Trekking de deux jours avec Loi."}]},{"@type":"WebSite","@id":"https:\/\/villa-anneloi.com\/home\/#website","url":"https:\/\/villa-anneloi.com\/home\/","name":"Villa-anneloi.com - Feel at home, Far from home.","description":"chiangmai province guesthouse, chiang mai guesthouse, chiang mai, thailand, guesthouse, villa-anneloi guesthouse, guesthouse, chiang mai travel, chiang mai tour, chiang mai trekking, rafting, chiang mai tour agent, thailand, trekking, bamboo rafting, elephant riding, caving, canoeing, kantoke dinner, t-rex-house","potentialAction":[{"@type":"SearchAction","target":{"@type":"EntryPoint","urlTemplate":"https:\/\/villa-anneloi.com\/home\/?s={search_term_string}"},"query-input":"required name=search_term_string"}],"inLanguage":"en-US"}]}},"uagb_featured_image_src":{"full":false,"thumbnail":false,"medium":false,"medium_large":false,"large":false,"1536x1536":false,"2048x2048":false},"uagb_author_info":{"display_name":"Anneloi","author_link":"https:\/\/villa-anneloi.com\/home\/author\/manager\/"},"uagb_comment_info":0,"uagb_excerpt":"Ce trekking de deux jours est un avant-go\u00fbt de la &#8220;vraie&#8221; vie locale tha\u00eflandaise des tribus des collines. Loi vous guide comme Tarzan dans la jungle. Le trekking est une randonn\u00e9e dans les montagnes, accessible \u00e0 tous . Notre plus jeune randonneur avait 2 ans et le plus \u00e2g\u00e9, 84 ans. L&#8217;exp\u00e9rience de passer la&hellip;","jetpack_sharing_enabled":true,"jetpack-related-posts":[{"id":1642,"url":"https:\/\/villa-anneloi.com\/home\/prenez-notre-paquet-dexcursion-fr\/","url_meta":{"origin":1590,"position":0},"title":"Package d&#8217;excursions","date":"2nd March 2020","format":false,"excerpt":"Villa Anneloi Package d'excursions Package excursions avec logement dans un resort \u00e0 la rivi\u00e8re. JOUR 1 Nous venons vous chercher \u00e0 l\u2019a\u00e9roport, gare routi\u00e8re ou gare ferroviaire de Chiang Mai. Bienvenue au resort avec un petit packet de bienvenue. Vous pourrez ensuite vous relaxer \u00e0 la piscine, d\u00e9couvrir l\u2019environnement ou\u2026","rel":"","context":"Similar post","img":{"alt_text":"","src":"","width":0,"height":0},"classes":[]},{"id":1593,"url":"https:\/\/villa-anneloi.com\/home\/excursion-de-deux-jours-avec-loi-a-pai-ou-chiang-rai\/","url_meta":{"origin":1590,"position":1},"title":"Excursion de deux jours avec Loi \u00e0 Pai ou Chiang Rai.","date":"2nd March 2020","format":false,"excerpt":"Premi\u00e8re journ\u00e9e: Une randonn\u00e9e incroyable \u00e0 travers les montagnes avec des arr\u00eats que vous n\u2019auriez jamais d\u00e9couverts seuls. Avec Loi, vous vous sentirez comme un \"local\" en route. Les arr\u00eats sont : PAI : une cascade pour se baigner, une grotte de chauves-souris, le canyon de Pai, des sources d'eau\u2026","rel":"","context":"Similar post","img":{"alt_text":"","src":"","width":0,"height":0},"classes":[]},{"id":1403,"url":"https:\/\/villa-anneloi.com\/home\/excursions\/","url_meta":{"origin":1590,"position":2},"title":"Excursions","date":"21st February 2020","format":false,"excerpt":"Villa Anneloi Tour Excursions Le choix des excursions ou notre package d\u2019excursions: (1) Une journ\u00e9e dans la nature avec Loi (cliquez ici pour les details) ( Prix \u00e0 partir de 2400 baht pp, min 2 - max 9 personnes ) (2) Trekking de deux jours avec Loi (cliquez ici pour\u2026","rel":"","context":"Similar post","img":{"alt_text":"","src":"","width":0,"height":0},"classes":[]},{"id":1391,"url":"https:\/\/villa-anneloi.com\/home\/qui\/","url_meta":{"origin":1590,"position":3},"title":"Qui sont nous?","date":"21st February 2020","format":false,"excerpt":"Villa Anneloi Tour Qui sont nous ? cliquez ici pour les avis Villa Anneloi Tour Annelore, d\u2019origine belge, et Loi, un Tha\u00eflandais, se sont rencontr\u00e9s au cours d\u2019un voyage humanitaire \u00e0 Chiang Mai, en Tha\u00eflande. Annelore est imm\u00e9diatement tomb\u00e9e sous le charme de ce magnifique pays et \u2026. de Loi.\u2026","rel":"","context":"Similar post","img":{"alt_text":"","src":"https:\/\/i0.wp.com\/villa-anneloi.com\/home\/wp-content\/uploads\/2020\/01\/2.png?resize=350%2C200&ssl=1","width":350,"height":200},"classes":[]},{"id":2721,"url":"https:\/\/villa-anneloi.com\/home\/excursions\/monloi-fr\/","url_meta":{"origin":1590,"position":4},"title":"Excursion de 3 jours vers le village natal de Loi","date":"30th January 2026","format":false,"excerpt":"PROGRAMME \u2013 S\u00e9jour dans le village natal de Loi JOUR 1 Loi viendra vous chercher \u00e0 9h00 \u00e0 votre h\u00f4tel \u00e0 Chiang Mai pour une excursion de 3 jours \u00e0 Muang Khong, le village natal de Loi, situ\u00e9 sur la montagne \u00e0 Chiang Dao.Vous pouvez laisser une partie de vos\u2026","rel":"","context":"Similar post","img":{"alt_text":"","src":"","width":0,"height":0},"classes":[]},{"id":2118,"url":"https:\/\/villa-anneloi.com\/home\/reviews-2002\/","url_meta":{"origin":1590,"position":5},"title":"reviews 2002","date":"5th March 2020","format":false,"excerpt":"03\/01\/02 VILLA ANNELOI : EEN PRETTIGE THAIS \u2013BELGISCHE COMBINATIE ! DO : EEN GOED GELUKTE THAIS-BELGISCHE COMBINATIE\u00a0 Thank you for the good and friendly care, it made Thailand in totally different\u00a0 Marc Een dagje koken is ook mjammie, mjammie\u00a0\u00a0 CHRIS Don\u2019t try, don\u2019t know !\u00a0 Now I tried, now I\u2026","rel":"","context":"Similar post","img":{"alt_text":"","src":"","width":0,"height":0},"classes":[]}],"jetpack_shortlink":"https:\/\/wp.me\/PbNARy-pE","_links":{"self":[{"href":"https:\/\/villa-anneloi.com\/home\/wp-json\/wp\/v2\/pages\/1590"}],"collection":[{"href":"https:\/\/villa-anneloi.com\/home\/wp-json\/wp\/v2\/pages"}],"about":[{"href":"https:\/\/villa-anneloi.com\/home\/wp-json\/wp\/v2\/types\/page"}],"author":[{"embeddable":true,"href":"https:\/\/villa-anneloi.com\/home\/wp-json\/wp\/v2\/users\/2"}],"replies":[{"embeddable":true,"href":"https:\/\/villa-anneloi.com\/home\/wp-json\/wp\/v2\/comments?post=1590"}],"version-history":[{"count":6,"href":"https:\/\/villa-anneloi.com\/home\/wp-json\/wp\/v2\/pages\/1590\/revisions"}],"predecessor-version":[{"id":2577,"href":"https:\/\/villa-anneloi.com\/home\/wp-json\/wp\/v2\/pages\/1590\/revisions\/2577"}],"wp:attachment":[{"href":"https:\/\/villa-anneloi.com\/home\/wp-json\/wp\/v2\/media?parent=1590"}],"curies":[{"name":"wp","href":"https:\/\/api.w.org\/{rel}","templated":true}]}}