{"id":1597,"date":"2020-03-02T15:36:18","date_gmt":"2020-03-02T08:36:18","guid":{"rendered":"https:\/\/villa-anneloi.com\/home\/?page_id=1597"},"modified":"2020-03-11T13:34:35","modified_gmt":"2020-03-11T06:34:35","slug":"zipline-tour-en","status":"publish","type":"page","link":"https:\/\/villa-anneloi.com\/home\/zipline-tour-en\/","title":{"rendered":"Zipline tour"},"content":{"rendered":"\n<div class=\"wp-block-nextend-smartslider3\"><\/div>\n\n\n\n<p class=\"has-text-color has-text-align-center has-luminous-vivid-amber-color\"> <strong>This excursion operates on any available day.   <\/strong>   <\/p>\n\n\n\n<p class=\"has-text-align-center\">  <strong>9am- 2pm join tour, transfers, lunch and English speaking guides included.<\/strong>   .  <\/p>\n\n\n\n<p>&nbsp;Whipping fast through the air on ziplines, with the jungle on both sides as you fly by, you will leave the busy world behind and immerse yourself deep in the jungle. Around the zipline course are platforms suspended high up in the trees, with the spectacular jungle view surrounding.  <\/p>\n\n\n\n<p><\/p>\n","protected":false},"excerpt":{"rendered":"<p>This excursion operates on any available day. 9am- 2pm join tour, transfers, lunch and English speaking guides included. . &nbsp;Whipping fast through the air on ziplines, with the jungle on both sides as you fly by, you will leave the busy world behind and immerse yourself deep in the jungle. Around the zipline course are &#8230; <a title=\"Zipline tour\" class=\"read-more\" href=\"https:\/\/villa-anneloi.com\/home\/zipline-tour-en\/\" aria-label=\"More on Zipline tour\">Read more<\/a><\/p>\n","protected":false},"author":2,"featured_media":0,"parent":0,"menu_order":0,"comment_status":"closed","ping_status":"closed","template":"","meta":{"_uag_custom_page_level_css":""},"yoast_head":"<!-- This site is optimized with the Yoast SEO plugin v19.12 - https:\/\/yoast.com\/wordpress\/plugins\/seo\/ -->\n<title>Zipline tour - Villa-anneloi.com - Feel at home, Far from home.<\/title>\n<meta name=\"robots\" content=\"index, follow, max-snippet:-1, max-image-preview:large, max-video-preview:-1\" \/>\n<link rel=\"canonical\" href=\"https:\/\/villa-anneloi.com\/home\/zipline-tour-en\/\" \/>\n<meta property=\"og:locale\" content=\"en_US\" \/>\n<meta property=\"og:type\" content=\"article\" \/>\n<meta property=\"og:title\" content=\"Zipline tour - Villa-anneloi.com - Feel at home, Far from home.\" \/>\n<meta property=\"og:description\" content=\"This excursion operates on any available day. 9am- 2pm join tour, transfers, lunch and English speaking guides included. . &nbsp;Whipping fast through the air on ziplines, with the jungle on both sides as you fly by, you will leave the busy world behind and immerse yourself deep in the jungle. Around the zipline course are ... Read more\" \/>\n<meta property=\"og:url\" content=\"https:\/\/villa-anneloi.com\/home\/zipline-tour-en\/\" \/>\n<meta property=\"og:site_name\" content=\"Villa-anneloi.com - Feel at home, Far from home.\" \/>\n<meta property=\"article:modified_time\" content=\"2020-03-11T06:34:35+00:00\" \/>\n<meta name=\"twitter:card\" content=\"summary_large_image\" \/>\n<script type=\"application\/ld+json\" class=\"yoast-schema-graph\">{\"@context\":\"https:\/\/schema.org\",\"@graph\":[{\"@type\":\"WebPage\",\"@id\":\"https:\/\/villa-anneloi.com\/home\/zipline-tour-en\/\",\"url\":\"https:\/\/villa-anneloi.com\/home\/zipline-tour-en\/\",\"name\":\"Zipline tour - Villa-anneloi.com - Feel at home, Far from home.\",\"isPartOf\":{\"@id\":\"https:\/\/villa-anneloi.com\/home\/#website\"},\"datePublished\":\"2020-03-02T08:36:18+00:00\",\"dateModified\":\"2020-03-11T06:34:35+00:00\",\"breadcrumb\":{\"@id\":\"https:\/\/villa-anneloi.com\/home\/zipline-tour-en\/#breadcrumb\"},\"inLanguage\":\"en-US\",\"potentialAction\":[{\"@type\":\"ReadAction\",\"target\":[\"https:\/\/villa-anneloi.com\/home\/zipline-tour-en\/\"]}]},{\"@type\":\"BreadcrumbList\",\"@id\":\"https:\/\/villa-anneloi.com\/home\/zipline-tour-en\/#breadcrumb\",\"itemListElement\":[{\"@type\":\"ListItem\",\"position\":1,\"name\":\"Home\",\"item\":\"https:\/\/villa-anneloi.com\/home\/\"},{\"@type\":\"ListItem\",\"position\":2,\"name\":\"Zipline tour\"}]},{\"@type\":\"WebSite\",\"@id\":\"https:\/\/villa-anneloi.com\/home\/#website\",\"url\":\"https:\/\/villa-anneloi.com\/home\/\",\"name\":\"Villa-anneloi.com - Feel at home, Far from home.\",\"description\":\"chiangmai province guesthouse, chiang mai guesthouse, chiang mai, thailand, guesthouse, villa-anneloi guesthouse, guesthouse, chiang mai travel, chiang mai tour, chiang mai trekking, rafting, chiang mai tour agent, thailand, trekking, bamboo rafting, elephant riding, caving, canoeing, kantoke dinner, t-rex-house\",\"potentialAction\":[{\"@type\":\"SearchAction\",\"target\":{\"@type\":\"EntryPoint\",\"urlTemplate\":\"https:\/\/villa-anneloi.com\/home\/?s={search_term_string}\"},\"query-input\":\"required name=search_term_string\"}],\"inLanguage\":\"en-US\"}]}<\/script>\n<!-- \/ Yoast SEO plugin. -->","yoast_head_json":{"title":"Zipline tour - Villa-anneloi.com - Feel at home, Far from home.","robots":{"index":"index","follow":"follow","max-snippet":"max-snippet:-1","max-image-preview":"max-image-preview:large","max-video-preview":"max-video-preview:-1"},"canonical":"https:\/\/villa-anneloi.com\/home\/zipline-tour-en\/","og_locale":"en_US","og_type":"article","og_title":"Zipline tour - Villa-anneloi.com - Feel at home, Far from home.","og_description":"This excursion operates on any available day. 9am- 2pm join tour, transfers, lunch and English speaking guides included. . &nbsp;Whipping fast through the air on ziplines, with the jungle on both sides as you fly by, you will leave the busy world behind and immerse yourself deep in the jungle. Around the zipline course are ... Read more","og_url":"https:\/\/villa-anneloi.com\/home\/zipline-tour-en\/","og_site_name":"Villa-anneloi.com - Feel at home, Far from home.","article_modified_time":"2020-03-11T06:34:35+00:00","twitter_card":"summary_large_image","schema":{"@context":"https:\/\/schema.org","@graph":[{"@type":"WebPage","@id":"https:\/\/villa-anneloi.com\/home\/zipline-tour-en\/","url":"https:\/\/villa-anneloi.com\/home\/zipline-tour-en\/","name":"Zipline tour - Villa-anneloi.com - Feel at home, Far from home.","isPartOf":{"@id":"https:\/\/villa-anneloi.com\/home\/#website"},"datePublished":"2020-03-02T08:36:18+00:00","dateModified":"2020-03-11T06:34:35+00:00","breadcrumb":{"@id":"https:\/\/villa-anneloi.com\/home\/zipline-tour-en\/#breadcrumb"},"inLanguage":"en-US","potentialAction":[{"@type":"ReadAction","target":["https:\/\/villa-anneloi.com\/home\/zipline-tour-en\/"]}]},{"@type":"BreadcrumbList","@id":"https:\/\/villa-anneloi.com\/home\/zipline-tour-en\/#breadcrumb","itemListElement":[{"@type":"ListItem","position":1,"name":"Home","item":"https:\/\/villa-anneloi.com\/home\/"},{"@type":"ListItem","position":2,"name":"Zipline tour"}]},{"@type":"WebSite","@id":"https:\/\/villa-anneloi.com\/home\/#website","url":"https:\/\/villa-anneloi.com\/home\/","name":"Villa-anneloi.com - Feel at home, Far from home.","description":"chiangmai province guesthouse, chiang mai guesthouse, chiang mai, thailand, guesthouse, villa-anneloi guesthouse, guesthouse, chiang mai travel, chiang mai tour, chiang mai trekking, rafting, chiang mai tour agent, thailand, trekking, bamboo rafting, elephant riding, caving, canoeing, kantoke dinner, t-rex-house","potentialAction":[{"@type":"SearchAction","target":{"@type":"EntryPoint","urlTemplate":"https:\/\/villa-anneloi.com\/home\/?s={search_term_string}"},"query-input":"required name=search_term_string"}],"inLanguage":"en-US"}]}},"uagb_featured_image_src":{"full":false,"thumbnail":false,"medium":false,"medium_large":false,"large":false,"1536x1536":false,"2048x2048":false},"uagb_author_info":{"display_name":"Anneloi","author_link":"https:\/\/villa-anneloi.com\/home\/author\/manager\/"},"uagb_comment_info":0,"uagb_excerpt":"This excursion operates on any available day. 9am- 2pm join tour, transfers, lunch and English speaking guides included. . &nbsp;Whipping fast through the air on ziplines, with the jungle on both sides as you fly by, you will leave the busy world behind and immerse yourself deep in the jungle. Around the zipline course are&hellip;","jetpack_sharing_enabled":true,"jetpack-related-posts":[{"id":1047,"url":"https:\/\/villa-anneloi.com\/home\/zipline-toer-nl\/","url_meta":{"origin":1597,"position":0},"title":"Zipline toer","date":"12th February 2020","format":false,"excerpt":"Deze excursie kan op elke dag afhankelijk van beschikbaarheid. 9u00 - 14u00 join toer, transfers, lunch en Engels sprekende gidsen inbegrepen. Ontsnap aan de drukte in de stad en vlieg van het ene platform naar het andere via prachtig hoge bomen. De heerlijke natuur uitzichten doen zelfs mensen met een\u2026","rel":"","context":"Similar post","img":{"alt_text":"","src":"","width":0,"height":0},"classes":[]},{"id":1598,"url":"https:\/\/villa-anneloi.com\/home\/tour-au-tyrolienne-fr\/","url_meta":{"origin":1597,"position":1},"title":"Visite tyrolienne","date":"2nd March 2020","format":false,"excerpt":"Cette excursion peut \u00eatre organis\u00e9 tous les jours sous r\u00e9serve de disponibilit\u00e9 9h00- 14h00 visite guid\u00e9e, transferts, d\u00e9jeuner et guides anglophones inclus. Vous quitterez le monde stressant et anim\u00e9 pour vous immerger au plus profond de la jungle. Autour de la tyrolienne, des plateformes sont suspendues en hauteur dans les\u2026","rel":"","context":"Similar post","img":{"alt_text":"","src":"","width":0,"height":0},"classes":[]},{"id":1400,"url":"https:\/\/villa-anneloi.com\/home\/trips\/","url_meta":{"origin":1597,"position":2},"title":"Trips","date":"21st February 2020","format":false,"excerpt":"Villa Anneloi Tour Trips Offer of excursions or choose for our excursion package: (1) Nature day trip with Loi (click to read more details) (Price starts at 2400 baht pp, min 2 persons, max 9 persons) (2) Two days trekking with Loi (click to read more details) (Price starts at\u2026","rel":"","context":"Similar post","img":{"alt_text":"","src":"","width":0,"height":0},"classes":[]},{"id":1034,"url":"https:\/\/villa-anneloi.com\/home\/uitstappen\/","url_meta":{"origin":1597,"position":3},"title":"UITSTAPPEN","date":"12th February 2020","format":false,"excerpt":"Villa Anneloi Tour Uitstappen Aangeboden excursies of neem ons excursie pakket: (1) Natuur daguitstap met Loi (klik hier voor details) (Prijs vanaf 2400 baht pp, min 2 personen, max 9 personen) (2) Tweedaagse trekking in de bergen met Loi (klik hier voor details) \u00a0(Prijs vanaf 5000 baht pp, min 2\u2026","rel":"","context":"Similar post","img":{"alt_text":"","src":"","width":0,"height":0},"classes":[]},{"id":1588,"url":"https:\/\/villa-anneloi.com\/home\/two-days-trekking-with-loi-en\/","url_meta":{"origin":1597,"position":4},"title":"Two days trekking with Loi.","date":"2nd March 2020","format":false,"excerpt":"You discover the 'real' Thailand on the 2 days trekking!\u00a0 Loi guides you as a real Tarzan through the jungle !\u00a0\u00a0\u00a0The 2 day trekking is a taste of the 'real' local Thai life of the hill tribes. The trek is a walk over mountains and the heat can play some\u2026","rel":"","context":"Similar post","img":{"alt_text":"","src":"","width":0,"height":0},"classes":[]},{"id":1590,"url":"https:\/\/villa-anneloi.com\/home\/trekking-de-deux-jours-avec-loi-fr\/","url_meta":{"origin":1597,"position":5},"title":"Trekking de deux jours avec Loi.","date":"2nd March 2020","format":false,"excerpt":"Ce trekking de deux jours est un avant-go\u00fbt de la \"vraie\" vie locale tha\u00eflandaise des tribus des collines. Loi vous guide comme Tarzan dans la jungle. Le trekking est une randonn\u00e9e dans les montagnes, accessible \u00e0 tous . Notre plus jeune randonneur avait 2 ans et le plus \u00e2g\u00e9, 84\u2026","rel":"","context":"Similar post","img":{"alt_text":"","src":"","width":0,"height":0},"classes":[]}],"jetpack_shortlink":"https:\/\/wp.me\/PbNARy-pL","_links":{"self":[{"href":"https:\/\/villa-anneloi.com\/home\/wp-json\/wp\/v2\/pages\/1597"}],"collection":[{"href":"https:\/\/villa-anneloi.com\/home\/wp-json\/wp\/v2\/pages"}],"about":[{"href":"https:\/\/villa-anneloi.com\/home\/wp-json\/wp\/v2\/types\/page"}],"author":[{"embeddable":true,"href":"https:\/\/villa-anneloi.com\/home\/wp-json\/wp\/v2\/users\/2"}],"replies":[{"embeddable":true,"href":"https:\/\/villa-anneloi.com\/home\/wp-json\/wp\/v2\/comments?post=1597"}],"version-history":[{"count":2,"href":"https:\/\/villa-anneloi.com\/home\/wp-json\/wp\/v2\/pages\/1597\/revisions"}],"predecessor-version":[{"id":1627,"href":"https:\/\/villa-anneloi.com\/home\/wp-json\/wp\/v2\/pages\/1597\/revisions\/1627"}],"wp:attachment":[{"href":"https:\/\/villa-anneloi.com\/home\/wp-json\/wp\/v2\/media?parent=1597"}],"curies":[{"name":"wp","href":"https:\/\/api.w.org\/{rel}","templated":true}]}}