{"id":1598,"date":"2020-03-02T15:36:28","date_gmt":"2020-03-02T08:36:28","guid":{"rendered":"https:\/\/villa-anneloi.com\/home\/?page_id=1598"},"modified":"2020-03-16T18:01:33","modified_gmt":"2020-03-16T11:01:33","slug":"tour-au-tyrolienne-fr","status":"publish","type":"page","link":"https:\/\/villa-anneloi.com\/home\/tour-au-tyrolienne-fr\/","title":{"rendered":"Visite tyrolienne"},"content":{"rendered":"\n<div class=\"wp-block-nextend-smartslider3\"><\/div>\n\n\n\n<p class=\"has-text-color has-text-align-center has-luminous-vivid-amber-color\"><strong>  <\/strong>   Cette excursion peut \u00eatre organis\u00e9 tous les jours sous r\u00e9serve de disponibilit\u00e9 <\/p>\n\n\n\n<p class=\"has-text-align-center\">  <strong>9h00- 14h00 <\/strong> <strong>visite guid\u00e9e, transferts, d\u00e9jeuner et guides anglophones inclus. <\/strong><\/p>\n\n\n\n<p>  Vous quitterez le monde stressant et anim\u00e9 pour vous immerger au plus profond de la jungle. Autour de la tyrolienne, des plateformes sont suspendues en hauteur dans les arbres, avec une vue spectaculaire sur la jungle environnante. Une aventure \u00e0 tenter ! <\/p>\n\n\n\n<p><br><br><\/p>\n","protected":false},"excerpt":{"rendered":"<p>Cette excursion peut \u00eatre organis\u00e9 tous les jours sous r\u00e9serve de disponibilit\u00e9 9h00- 14h00 visite guid\u00e9e, transferts, d\u00e9jeuner et guides anglophones inclus. Vous quitterez le monde stressant et anim\u00e9 pour vous immerger au plus profond de la jungle. Autour de la tyrolienne, des plateformes sont suspendues en hauteur dans les arbres, avec une vue spectaculaire &#8230; <a title=\"Visite tyrolienne\" class=\"read-more\" href=\"https:\/\/villa-anneloi.com\/home\/tour-au-tyrolienne-fr\/\" aria-label=\"More on Visite tyrolienne\">Read more<\/a><\/p>\n","protected":false},"author":2,"featured_media":0,"parent":0,"menu_order":0,"comment_status":"closed","ping_status":"closed","template":"","meta":{"_uag_custom_page_level_css":""},"yoast_head":"<!-- This site is optimized with the Yoast SEO plugin v19.12 - https:\/\/yoast.com\/wordpress\/plugins\/seo\/ -->\n<title>Visite tyrolienne - Villa-anneloi.com - Feel at home, Far from home.<\/title>\n<meta name=\"robots\" content=\"index, follow, max-snippet:-1, max-image-preview:large, max-video-preview:-1\" \/>\n<link rel=\"canonical\" href=\"https:\/\/villa-anneloi.com\/home\/tour-au-tyrolienne-fr\/\" \/>\n<meta property=\"og:locale\" content=\"en_US\" \/>\n<meta property=\"og:type\" content=\"article\" \/>\n<meta property=\"og:title\" content=\"Visite tyrolienne - Villa-anneloi.com - Feel at home, Far from home.\" \/>\n<meta property=\"og:description\" content=\"Cette excursion peut \u00eatre organis\u00e9 tous les jours sous r\u00e9serve de disponibilit\u00e9 9h00- 14h00 visite guid\u00e9e, transferts, d\u00e9jeuner et guides anglophones inclus. Vous quitterez le monde stressant et anim\u00e9 pour vous immerger au plus profond de la jungle. Autour de la tyrolienne, des plateformes sont suspendues en hauteur dans les arbres, avec une vue spectaculaire ... Read more\" \/>\n<meta property=\"og:url\" content=\"https:\/\/villa-anneloi.com\/home\/tour-au-tyrolienne-fr\/\" \/>\n<meta property=\"og:site_name\" content=\"Villa-anneloi.com - Feel at home, Far from home.\" \/>\n<meta property=\"article:modified_time\" content=\"2020-03-16T11:01:33+00:00\" \/>\n<meta name=\"twitter:card\" content=\"summary_large_image\" \/>\n<script type=\"application\/ld+json\" class=\"yoast-schema-graph\">{\"@context\":\"https:\/\/schema.org\",\"@graph\":[{\"@type\":\"WebPage\",\"@id\":\"https:\/\/villa-anneloi.com\/home\/tour-au-tyrolienne-fr\/\",\"url\":\"https:\/\/villa-anneloi.com\/home\/tour-au-tyrolienne-fr\/\",\"name\":\"Visite tyrolienne - Villa-anneloi.com - Feel at home, Far from home.\",\"isPartOf\":{\"@id\":\"https:\/\/villa-anneloi.com\/home\/#website\"},\"datePublished\":\"2020-03-02T08:36:28+00:00\",\"dateModified\":\"2020-03-16T11:01:33+00:00\",\"breadcrumb\":{\"@id\":\"https:\/\/villa-anneloi.com\/home\/tour-au-tyrolienne-fr\/#breadcrumb\"},\"inLanguage\":\"en-US\",\"potentialAction\":[{\"@type\":\"ReadAction\",\"target\":[\"https:\/\/villa-anneloi.com\/home\/tour-au-tyrolienne-fr\/\"]}]},{\"@type\":\"BreadcrumbList\",\"@id\":\"https:\/\/villa-anneloi.com\/home\/tour-au-tyrolienne-fr\/#breadcrumb\",\"itemListElement\":[{\"@type\":\"ListItem\",\"position\":1,\"name\":\"Home\",\"item\":\"https:\/\/villa-anneloi.com\/home\/\"},{\"@type\":\"ListItem\",\"position\":2,\"name\":\"Visite tyrolienne\"}]},{\"@type\":\"WebSite\",\"@id\":\"https:\/\/villa-anneloi.com\/home\/#website\",\"url\":\"https:\/\/villa-anneloi.com\/home\/\",\"name\":\"Villa-anneloi.com - Feel at home, Far from home.\",\"description\":\"chiangmai province guesthouse, chiang mai guesthouse, chiang mai, thailand, guesthouse, villa-anneloi guesthouse, guesthouse, chiang mai travel, chiang mai tour, chiang mai trekking, rafting, chiang mai tour agent, thailand, trekking, bamboo rafting, elephant riding, caving, canoeing, kantoke dinner, t-rex-house\",\"potentialAction\":[{\"@type\":\"SearchAction\",\"target\":{\"@type\":\"EntryPoint\",\"urlTemplate\":\"https:\/\/villa-anneloi.com\/home\/?s={search_term_string}\"},\"query-input\":\"required name=search_term_string\"}],\"inLanguage\":\"en-US\"}]}<\/script>\n<!-- \/ Yoast SEO plugin. -->","yoast_head_json":{"title":"Visite tyrolienne - Villa-anneloi.com - Feel at home, Far from home.","robots":{"index":"index","follow":"follow","max-snippet":"max-snippet:-1","max-image-preview":"max-image-preview:large","max-video-preview":"max-video-preview:-1"},"canonical":"https:\/\/villa-anneloi.com\/home\/tour-au-tyrolienne-fr\/","og_locale":"en_US","og_type":"article","og_title":"Visite tyrolienne - Villa-anneloi.com - Feel at home, Far from home.","og_description":"Cette excursion peut \u00eatre organis\u00e9 tous les jours sous r\u00e9serve de disponibilit\u00e9 9h00- 14h00 visite guid\u00e9e, transferts, d\u00e9jeuner et guides anglophones inclus. Vous quitterez le monde stressant et anim\u00e9 pour vous immerger au plus profond de la jungle. Autour de la tyrolienne, des plateformes sont suspendues en hauteur dans les arbres, avec une vue spectaculaire ... Read more","og_url":"https:\/\/villa-anneloi.com\/home\/tour-au-tyrolienne-fr\/","og_site_name":"Villa-anneloi.com - Feel at home, Far from home.","article_modified_time":"2020-03-16T11:01:33+00:00","twitter_card":"summary_large_image","schema":{"@context":"https:\/\/schema.org","@graph":[{"@type":"WebPage","@id":"https:\/\/villa-anneloi.com\/home\/tour-au-tyrolienne-fr\/","url":"https:\/\/villa-anneloi.com\/home\/tour-au-tyrolienne-fr\/","name":"Visite tyrolienne - Villa-anneloi.com - Feel at home, Far from home.","isPartOf":{"@id":"https:\/\/villa-anneloi.com\/home\/#website"},"datePublished":"2020-03-02T08:36:28+00:00","dateModified":"2020-03-16T11:01:33+00:00","breadcrumb":{"@id":"https:\/\/villa-anneloi.com\/home\/tour-au-tyrolienne-fr\/#breadcrumb"},"inLanguage":"en-US","potentialAction":[{"@type":"ReadAction","target":["https:\/\/villa-anneloi.com\/home\/tour-au-tyrolienne-fr\/"]}]},{"@type":"BreadcrumbList","@id":"https:\/\/villa-anneloi.com\/home\/tour-au-tyrolienne-fr\/#breadcrumb","itemListElement":[{"@type":"ListItem","position":1,"name":"Home","item":"https:\/\/villa-anneloi.com\/home\/"},{"@type":"ListItem","position":2,"name":"Visite tyrolienne"}]},{"@type":"WebSite","@id":"https:\/\/villa-anneloi.com\/home\/#website","url":"https:\/\/villa-anneloi.com\/home\/","name":"Villa-anneloi.com - Feel at home, Far from home.","description":"chiangmai province guesthouse, chiang mai guesthouse, chiang mai, thailand, guesthouse, villa-anneloi guesthouse, guesthouse, chiang mai travel, chiang mai tour, chiang mai trekking, rafting, chiang mai tour agent, thailand, trekking, bamboo rafting, elephant riding, caving, canoeing, kantoke dinner, t-rex-house","potentialAction":[{"@type":"SearchAction","target":{"@type":"EntryPoint","urlTemplate":"https:\/\/villa-anneloi.com\/home\/?s={search_term_string}"},"query-input":"required name=search_term_string"}],"inLanguage":"en-US"}]}},"uagb_featured_image_src":{"full":false,"thumbnail":false,"medium":false,"medium_large":false,"large":false,"1536x1536":false,"2048x2048":false},"uagb_author_info":{"display_name":"Anneloi","author_link":"https:\/\/villa-anneloi.com\/home\/author\/manager\/"},"uagb_comment_info":0,"uagb_excerpt":"Cette excursion peut \u00eatre organis\u00e9 tous les jours sous r\u00e9serve de disponibilit\u00e9 9h00- 14h00 visite guid\u00e9e, transferts, d\u00e9jeuner et guides anglophones inclus. Vous quitterez le monde stressant et anim\u00e9 pour vous immerger au plus profond de la jungle. Autour de la tyrolienne, des plateformes sont suspendues en hauteur dans les arbres, avec une vue spectaculaire&hellip;","jetpack_sharing_enabled":true,"jetpack-related-posts":[{"id":1590,"url":"https:\/\/villa-anneloi.com\/home\/trekking-de-deux-jours-avec-loi-fr\/","url_meta":{"origin":1598,"position":0},"title":"Trekking de deux jours avec Loi.","date":"2nd March 2020","format":false,"excerpt":"Ce trekking de deux jours est un avant-go\u00fbt de la \"vraie\" vie locale tha\u00eflandaise des tribus des collines. Loi vous guide comme Tarzan dans la jungle. Le trekking est une randonn\u00e9e dans les montagnes, accessible \u00e0 tous . Notre plus jeune randonneur avait 2 ans et le plus \u00e2g\u00e9, 84\u2026","rel":"","context":"Similar post","img":{"alt_text":"","src":"","width":0,"height":0},"classes":[]},{"id":1580,"url":"https:\/\/villa-anneloi.com\/home\/soigner-et-se-baigner-les-elephants-fr\/","url_meta":{"origin":1598,"position":1},"title":"Les \u00e9l\u00e9phants: soins et bain .","date":"2nd March 2020","format":false,"excerpt":"Cette excursion peut \u00eatre organis\u00e9 tous les jours sous r\u00e9serve de disponibilit\u00e9 9h00 - 16h00 visite guid\u00e9e, transferts, conseils en anglais et d\u00e9jeuner inclus. C'est une belle occasion de passer une journ\u00e9e enti\u00e8re avec les \u00e9l\u00e9phants dans leur habitat naturel. Vous d\u00e9couvrirez leur histoire et leur comportement. Vous verrez comme\u2026","rel":"","context":"Similar post","img":{"alt_text":"","src":"","width":0,"height":0},"classes":[]},{"id":1575,"url":"https:\/\/villa-anneloi.com\/home\/temple-doi-suthep-et-massage-fr\/","url_meta":{"origin":1598,"position":2},"title":"Temple Doi Suthep et massage.","date":"2nd March 2020","format":false,"excerpt":"Cette excursion peut \u00eatre organis\u00e9 tous les jours sous r\u00e9serve de disponibilit\u00e9. 9h00-14h00 min 2 personnes Un taxi local vous emm\u00e8ne sur une route de montagne pendant 11 km jusqu'aux pieds du temple \"Wat Prataat Doi Suthep\". Vous pourrez choisir de monter les 306 marches ou de prendre un t\u00e9l\u00e9ph\u00e9rique\u2026","rel":"","context":"Similar post","img":{"alt_text":"","src":"","width":0,"height":0},"classes":[]},{"id":1391,"url":"https:\/\/villa-anneloi.com\/home\/qui\/","url_meta":{"origin":1598,"position":3},"title":"Qui sont nous?","date":"21st February 2020","format":false,"excerpt":"Villa Anneloi Tour Qui sont nous ? cliquez ici pour les avis Villa Anneloi Tour Annelore, d\u2019origine belge, et Loi, un Tha\u00eflandais, se sont rencontr\u00e9s au cours d\u2019un voyage humanitaire \u00e0 Chiang Mai, en Tha\u00eflande. Annelore est imm\u00e9diatement tomb\u00e9e sous le charme de ce magnifique pays et \u2026. de Loi.\u2026","rel":"","context":"Similar post","img":{"alt_text":"","src":"https:\/\/i0.wp.com\/villa-anneloi.com\/home\/wp-content\/uploads\/2020\/01\/2.png?resize=350%2C200&ssl=1","width":350,"height":200},"classes":[]},{"id":1609,"url":"https:\/\/villa-anneloi.com\/home\/tour-a-velo-local\/","url_meta":{"origin":1598,"position":4},"title":"Tour \u00e0 v\u00e9lo local","date":"2nd March 2020","format":false,"excerpt":"Cette excursion peut \u00eatre organis\u00e9 tous les jours sous r\u00e9serve de disponibilit\u00e9. 8h30-14h30 : visite guid\u00e9e, transferts, v\u00e9lo, guide en anglais et d\u00e9jeuner inclus. D\u00e9couvrez la campagne tha\u00eflandaise \u00e0 v\u00e9lo \u00e0 travers des villages traditionnels aux maisons en bois sur pilotis, parcourez les rizi\u00e8res sur des routes secondaires et rencontrez\u2026","rel":"","context":"Similar post","img":{"alt_text":"","src":"","width":0,"height":0},"classes":[]},{"id":1642,"url":"https:\/\/villa-anneloi.com\/home\/prenez-notre-paquet-dexcursion-fr\/","url_meta":{"origin":1598,"position":5},"title":"Package d&#8217;excursions","date":"2nd March 2020","format":false,"excerpt":"Villa Anneloi Package d'excursions Package excursions avec logement dans un resort \u00e0 la rivi\u00e8re. JOUR 1 Nous venons vous chercher \u00e0 l\u2019a\u00e9roport, gare routi\u00e8re ou gare ferroviaire de Chiang Mai. Bienvenue au resort avec un petit packet de bienvenue. Vous pourrez ensuite vous relaxer \u00e0 la piscine, d\u00e9couvrir l\u2019environnement ou\u2026","rel":"","context":"Similar post","img":{"alt_text":"","src":"","width":0,"height":0},"classes":[]}],"jetpack_shortlink":"https:\/\/wp.me\/PbNARy-pM","_links":{"self":[{"href":"https:\/\/villa-anneloi.com\/home\/wp-json\/wp\/v2\/pages\/1598"}],"collection":[{"href":"https:\/\/villa-anneloi.com\/home\/wp-json\/wp\/v2\/pages"}],"about":[{"href":"https:\/\/villa-anneloi.com\/home\/wp-json\/wp\/v2\/types\/page"}],"author":[{"embeddable":true,"href":"https:\/\/villa-anneloi.com\/home\/wp-json\/wp\/v2\/users\/2"}],"replies":[{"embeddable":true,"href":"https:\/\/villa-anneloi.com\/home\/wp-json\/wp\/v2\/comments?post=1598"}],"version-history":[{"count":3,"href":"https:\/\/villa-anneloi.com\/home\/wp-json\/wp\/v2\/pages\/1598\/revisions"}],"predecessor-version":[{"id":2348,"href":"https:\/\/villa-anneloi.com\/home\/wp-json\/wp\/v2\/pages\/1598\/revisions\/2348"}],"wp:attachment":[{"href":"https:\/\/villa-anneloi.com\/home\/wp-json\/wp\/v2\/media?parent=1598"}],"curies":[{"name":"wp","href":"https:\/\/api.w.org\/{rel}","templated":true}]}}