{"id":1642,"date":"2020-03-02T22:09:57","date_gmt":"2020-03-02T15:09:57","guid":{"rendered":"https:\/\/villa-anneloi.com\/home\/?page_id=1642"},"modified":"2023-04-06T21:30:32","modified_gmt":"2023-04-06T14:30:32","slug":"prenez-notre-paquet-dexcursion-fr","status":"publish","type":"page","link":"https:\/\/villa-anneloi.com\/home\/prenez-notre-paquet-dexcursion-fr\/","title":{"rendered":"Package d&#8217;excursions"},"content":{"rendered":"\n<p class=\"has-text-align-center has-text-color has-huge-font-size\" style=\"color:#d09d1f\"><strong>Villa Anneloi<\/strong><\/p>\n\n\n\n<p class=\"has-text-align-center has-large-font-size\"> <strong>Package d&#8217;excursions<\/strong> <\/p>\n\n\n\n<div class=\"wp-block-nextend-smartslider3\"><\/div>\n\n\n\n<p class=\"has-text-align-center has-medium-font-size\">   <\/p>\n\n\n\n<p><strong> Package excursions avec logement dans un resort \u00e0 la rivi\u00e8re.            <\/strong>                                       <\/p>\n\n\n\n<p><strong><mark style=\"background-color:rgba(0, 0, 0, 0);color:#fbd404\" class=\"has-inline-color\">JOUR 1<\/mark><\/strong><\/p>\n\n\n\n<p>Nous venons vous chercher \u00e0 l\u2019a\u00e9roport, gare routi\u00e8re ou gare ferroviaire de Chiang Mai. Bienvenue au resort avec un petit packet de bienvenue. Vous pourrez ensuite vous relaxer \u00e0 la piscine, d\u00e9couvrir l\u2019environnement ou visiter la ville. Nuit au resort.<\/p>\n\n\n\n<p class=\"has-luminous-vivid-amber-color has-text-color\"><strong>JOUR 2 <\/strong><\/p>\n\n\n\n<p>Une journ\u00e9e dans la nature avec Loi (<span style=\"color:#f4c93b\" class=\"has-inline-color\">1<\/span>). Nuit au resort.<\/p>\n\n\n\n<p class=\"has-luminous-vivid-amber-color has-text-color\"><strong>JOUR 3<\/strong> <strong>et JOUR 4<\/strong><\/p>\n\n\n\n<p>Trekking de deux jours avec Loi (<a href=\"https:\/\/villa-anneloi.com\/home\/trekking-de-deux-jours-avec-loi-fr\/\">2<\/a>). Nuit au resort.<\/p>\n\n\n\n<p class=\"has-luminous-vivid-amber-color has-text-color\"><strong>JOUR 5 et  JOUR 6<\/strong><\/p>\n\n\n\n<p>Excursion de 2 jours \u00e0 Pai ou Chiang Rai (<a href=\"https:\/\/villa-anneloi.com\/home\/soigner-et-se-baigner-les-elephants-fr\/\">7<\/a>). Nuit au resort le jour de retour.<\/p>\n\n\n\n<p class=\"has-luminous-vivid-amber-color has-text-color\"><strong>JOUR 7<\/strong><\/p>\n\n\n\n<p>Nous organizons un transfer vers l\u2019a\u00e9roport, gare routi\u00e8re ou gare ferroviaire de Chiang Mai. .<\/p>\n\n\n\n<p class=\"has-text-align-center\"><strong>Le prix du package commence <strong>\u00e0<\/strong><\/strong> <strong>15000 bath par personne.<\/strong><\/p>\n\n\n\n<p class=\"has-text-align-center\"><strong>Inclus:<\/strong><\/p>\n\n\n\n<p>7 jours et 6 nuits* \u2013 6 petits-d\u00e9jeuners \u2013  5 d\u00e9jeuners d\u00e9licieux \u2013 1 souper dans les montagnes au cours du trekking de deux jours.<\/p>\n\n\n\n<p>Accompagnement du guide Loi.  Assurance d&#8217;accidental.  Les transfers de et vers l\u2019a\u00e9roport, la gare ferroviaire et la gare routi\u00e8re de Chiang Mai. Tous les entr\u00e9es et transfers  pour les excursions .<\/p>\n\n\n\n<p class=\"has-small-font-size\">&nbsp;*6 nuits:&nbsp; 4 nuit au resort &nbsp;(wifi gratuis  ) \u2013 1 nuit est dans un hut en bamboo commun dans la jungle et 1 nuit \u00e0 Pai ou Chiang Rai.  <\/p>\n\n\n\n<p class=\"has-small-font-size\">(vous pouvez laisser vos bagages dans le resort pendant les voyages de 2 jours)<\/p>\n","protected":false},"excerpt":{"rendered":"<p>Villa Anneloi Package d&#8217;excursions Package excursions avec logement dans un resort \u00e0 la rivi\u00e8re. JOUR 1 Nous venons vous chercher \u00e0 l\u2019a\u00e9roport, gare routi\u00e8re ou gare ferroviaire de Chiang Mai. Bienvenue au resort avec un petit packet de bienvenue. Vous pourrez ensuite vous relaxer \u00e0 la piscine, d\u00e9couvrir l\u2019environnement ou visiter la ville. Nuit au &#8230; <a title=\"Package d&#8217;excursions\" class=\"read-more\" href=\"https:\/\/villa-anneloi.com\/home\/prenez-notre-paquet-dexcursion-fr\/\" aria-label=\"More on Package d&#8217;excursions\">Read more<\/a><\/p>\n","protected":false},"author":2,"featured_media":0,"parent":0,"menu_order":0,"comment_status":"closed","ping_status":"closed","template":"","meta":{"_uag_custom_page_level_css":""},"yoast_head":"<!-- This site is optimized with the Yoast SEO plugin v19.12 - https:\/\/yoast.com\/wordpress\/plugins\/seo\/ -->\n<title>Package d&#039;excursions - Villa-anneloi.com - Feel at home, Far from home.<\/title>\n<meta name=\"robots\" content=\"index, follow, max-snippet:-1, max-image-preview:large, max-video-preview:-1\" \/>\n<link rel=\"canonical\" href=\"https:\/\/villa-anneloi.com\/home\/prenez-notre-paquet-dexcursion-fr\/\" \/>\n<meta property=\"og:locale\" content=\"en_US\" \/>\n<meta property=\"og:type\" content=\"article\" \/>\n<meta property=\"og:title\" content=\"Package d&#039;excursions - Villa-anneloi.com - Feel at home, Far from home.\" \/>\n<meta property=\"og:description\" content=\"Villa Anneloi Package d&#8217;excursions Package excursions avec logement dans un resort \u00e0 la rivi\u00e8re. JOUR 1 Nous venons vous chercher \u00e0 l\u2019a\u00e9roport, gare routi\u00e8re ou gare ferroviaire de Chiang Mai. Bienvenue au resort avec un petit packet de bienvenue. Vous pourrez ensuite vous relaxer \u00e0 la piscine, d\u00e9couvrir l\u2019environnement ou visiter la ville. Nuit au ... Read more\" \/>\n<meta property=\"og:url\" content=\"https:\/\/villa-anneloi.com\/home\/prenez-notre-paquet-dexcursion-fr\/\" \/>\n<meta property=\"og:site_name\" content=\"Villa-anneloi.com - Feel at home, Far from home.\" \/>\n<meta property=\"article:modified_time\" content=\"2023-04-06T14:30:32+00:00\" \/>\n<meta name=\"twitter:card\" content=\"summary_large_image\" \/>\n<meta name=\"twitter:label1\" content=\"Est. reading time\" \/>\n\t<meta name=\"twitter:data1\" content=\"2 minutes\" \/>\n<script type=\"application\/ld+json\" class=\"yoast-schema-graph\">{\"@context\":\"https:\/\/schema.org\",\"@graph\":[{\"@type\":\"WebPage\",\"@id\":\"https:\/\/villa-anneloi.com\/home\/prenez-notre-paquet-dexcursion-fr\/\",\"url\":\"https:\/\/villa-anneloi.com\/home\/prenez-notre-paquet-dexcursion-fr\/\",\"name\":\"Package d'excursions - Villa-anneloi.com - Feel at home, Far from home.\",\"isPartOf\":{\"@id\":\"https:\/\/villa-anneloi.com\/home\/#website\"},\"datePublished\":\"2020-03-02T15:09:57+00:00\",\"dateModified\":\"2023-04-06T14:30:32+00:00\",\"breadcrumb\":{\"@id\":\"https:\/\/villa-anneloi.com\/home\/prenez-notre-paquet-dexcursion-fr\/#breadcrumb\"},\"inLanguage\":\"en-US\",\"potentialAction\":[{\"@type\":\"ReadAction\",\"target\":[\"https:\/\/villa-anneloi.com\/home\/prenez-notre-paquet-dexcursion-fr\/\"]}]},{\"@type\":\"BreadcrumbList\",\"@id\":\"https:\/\/villa-anneloi.com\/home\/prenez-notre-paquet-dexcursion-fr\/#breadcrumb\",\"itemListElement\":[{\"@type\":\"ListItem\",\"position\":1,\"name\":\"Home\",\"item\":\"https:\/\/villa-anneloi.com\/home\/\"},{\"@type\":\"ListItem\",\"position\":2,\"name\":\"Package d&#8217;excursions\"}]},{\"@type\":\"WebSite\",\"@id\":\"https:\/\/villa-anneloi.com\/home\/#website\",\"url\":\"https:\/\/villa-anneloi.com\/home\/\",\"name\":\"Villa-anneloi.com - Feel at home, Far from home.\",\"description\":\"chiangmai province guesthouse, chiang mai guesthouse, chiang mai, thailand, guesthouse, villa-anneloi guesthouse, guesthouse, chiang mai travel, chiang mai tour, chiang mai trekking, rafting, chiang mai tour agent, thailand, trekking, bamboo rafting, elephant riding, caving, canoeing, kantoke dinner, t-rex-house\",\"potentialAction\":[{\"@type\":\"SearchAction\",\"target\":{\"@type\":\"EntryPoint\",\"urlTemplate\":\"https:\/\/villa-anneloi.com\/home\/?s={search_term_string}\"},\"query-input\":\"required name=search_term_string\"}],\"inLanguage\":\"en-US\"}]}<\/script>\n<!-- \/ Yoast SEO plugin. -->","yoast_head_json":{"title":"Package d'excursions - Villa-anneloi.com - Feel at home, Far from home.","robots":{"index":"index","follow":"follow","max-snippet":"max-snippet:-1","max-image-preview":"max-image-preview:large","max-video-preview":"max-video-preview:-1"},"canonical":"https:\/\/villa-anneloi.com\/home\/prenez-notre-paquet-dexcursion-fr\/","og_locale":"en_US","og_type":"article","og_title":"Package d'excursions - Villa-anneloi.com - Feel at home, Far from home.","og_description":"Villa Anneloi Package d&#8217;excursions Package excursions avec logement dans un resort \u00e0 la rivi\u00e8re. JOUR 1 Nous venons vous chercher \u00e0 l\u2019a\u00e9roport, gare routi\u00e8re ou gare ferroviaire de Chiang Mai. Bienvenue au resort avec un petit packet de bienvenue. Vous pourrez ensuite vous relaxer \u00e0 la piscine, d\u00e9couvrir l\u2019environnement ou visiter la ville. Nuit au ... Read more","og_url":"https:\/\/villa-anneloi.com\/home\/prenez-notre-paquet-dexcursion-fr\/","og_site_name":"Villa-anneloi.com - Feel at home, Far from home.","article_modified_time":"2023-04-06T14:30:32+00:00","twitter_card":"summary_large_image","twitter_misc":{"Est. reading time":"2 minutes"},"schema":{"@context":"https:\/\/schema.org","@graph":[{"@type":"WebPage","@id":"https:\/\/villa-anneloi.com\/home\/prenez-notre-paquet-dexcursion-fr\/","url":"https:\/\/villa-anneloi.com\/home\/prenez-notre-paquet-dexcursion-fr\/","name":"Package d'excursions - Villa-anneloi.com - Feel at home, Far from home.","isPartOf":{"@id":"https:\/\/villa-anneloi.com\/home\/#website"},"datePublished":"2020-03-02T15:09:57+00:00","dateModified":"2023-04-06T14:30:32+00:00","breadcrumb":{"@id":"https:\/\/villa-anneloi.com\/home\/prenez-notre-paquet-dexcursion-fr\/#breadcrumb"},"inLanguage":"en-US","potentialAction":[{"@type":"ReadAction","target":["https:\/\/villa-anneloi.com\/home\/prenez-notre-paquet-dexcursion-fr\/"]}]},{"@type":"BreadcrumbList","@id":"https:\/\/villa-anneloi.com\/home\/prenez-notre-paquet-dexcursion-fr\/#breadcrumb","itemListElement":[{"@type":"ListItem","position":1,"name":"Home","item":"https:\/\/villa-anneloi.com\/home\/"},{"@type":"ListItem","position":2,"name":"Package d&#8217;excursions"}]},{"@type":"WebSite","@id":"https:\/\/villa-anneloi.com\/home\/#website","url":"https:\/\/villa-anneloi.com\/home\/","name":"Villa-anneloi.com - Feel at home, Far from home.","description":"chiangmai province guesthouse, chiang mai guesthouse, chiang mai, thailand, guesthouse, villa-anneloi guesthouse, guesthouse, chiang mai travel, chiang mai tour, chiang mai trekking, rafting, chiang mai tour agent, thailand, trekking, bamboo rafting, elephant riding, caving, canoeing, kantoke dinner, t-rex-house","potentialAction":[{"@type":"SearchAction","target":{"@type":"EntryPoint","urlTemplate":"https:\/\/villa-anneloi.com\/home\/?s={search_term_string}"},"query-input":"required name=search_term_string"}],"inLanguage":"en-US"}]}},"uagb_featured_image_src":{"full":false,"thumbnail":false,"medium":false,"medium_large":false,"large":false,"1536x1536":false,"2048x2048":false},"uagb_author_info":{"display_name":"Anneloi","author_link":"https:\/\/villa-anneloi.com\/home\/author\/manager\/"},"uagb_comment_info":0,"uagb_excerpt":"Villa Anneloi Package d&#8217;excursions Package excursions avec logement dans un resort \u00e0 la rivi\u00e8re. JOUR 1 Nous venons vous chercher \u00e0 l\u2019a\u00e9roport, gare routi\u00e8re ou gare ferroviaire de Chiang Mai. Bienvenue au resort avec un petit packet de bienvenue. Vous pourrez ensuite vous relaxer \u00e0 la piscine, d\u00e9couvrir l\u2019environnement ou visiter la ville. Nuit au&hellip;","jetpack_sharing_enabled":true,"jetpack-related-posts":[{"id":1656,"url":"https:\/\/villa-anneloi.com\/home\/villa-anneloi-apartement-fr\/","url_meta":{"origin":1642,"position":0},"title":"3fr","date":"2nd March 2020","format":false,"excerpt":"le forfait programme d'excursions (cliquez ici).","rel":"","context":"Similar post","img":{"alt_text":"","src":"","width":0,"height":0},"classes":[]},{"id":1403,"url":"https:\/\/villa-anneloi.com\/home\/excursions\/","url_meta":{"origin":1642,"position":1},"title":"Excursions","date":"21st February 2020","format":false,"excerpt":"Villa Anneloi Tour Excursions Le choix des excursions ou notre package d\u2019excursions: (1) Une journ\u00e9e dans la nature avec Loi (cliquez ici pour les details) ( Prix \u00e0 partir de 2400 baht pp, min 2 - max 9 personnes ) (2) Trekking de deux jours avec Loi (cliquez ici pour\u2026","rel":"","context":"Similar post","img":{"alt_text":"","src":"","width":0,"height":0},"classes":[]},{"id":1638,"url":"https:\/\/villa-anneloi.com\/home\/choose-for-our-excursion-package-en\/","url_meta":{"origin":1642,"position":2},"title":"Choose for our excursion package","date":"2nd March 2020","format":false,"excerpt":"Villa Anneloi Excursion package Excursion package with lodge in a resort near the river in Chiang Mai. DAY 1: We pick you up at the airport, bus or train station in Chiang Mai.\u00a0\u00a0\u00a0 Welcome at the resort with a small welcome packet. \u00a0 You can relax at the swimming pool,\u2026","rel":"","context":"Similar post","img":{"alt_text":"","src":"","width":0,"height":0},"classes":[]},{"id":18,"url":"https:\/\/villa-anneloi.com\/home\/","url_meta":{"origin":1642,"position":3},"title":"Home","date":"28th June 2019","format":false,"excerpt":"Welcome to Villa Anneloi Tour Thailand, Chiang Mai Who are we? Wie zijn wij?Who are we?Qui sont nous? We organiseren ook pakkettoers met accommodaties. Geef de juiste data door en we zenden een voorstel met prijs. We organize also package tours with accommodation for you. Send us the data you\u2026","rel":"","context":"Similar post","img":{"alt_text":"","src":"","width":0,"height":0},"classes":[]},{"id":1400,"url":"https:\/\/villa-anneloi.com\/home\/trips\/","url_meta":{"origin":1642,"position":4},"title":"Trips","date":"21st February 2020","format":false,"excerpt":"Villa Anneloi Tour Trips Offer of excursions or choose for our excursion package: (1) Nature day trip with Loi (click to read more details) (Price starts at 2400 baht pp, min 2 persons, max 9 persons) (2) Two days trekking with Loi (click to read more details) (Price starts at\u2026","rel":"","context":"Similar post","img":{"alt_text":"","src":"","width":0,"height":0},"classes":[]},{"id":1034,"url":"https:\/\/villa-anneloi.com\/home\/uitstappen\/","url_meta":{"origin":1642,"position":5},"title":"UITSTAPPEN","date":"12th February 2020","format":false,"excerpt":"Villa Anneloi Tour Uitstappen Aangeboden excursies of neem ons excursie pakket: (1) Natuur daguitstap met Loi (klik hier voor details) (Prijs vanaf 2400 baht pp, min 2 personen, max 9 personen) (2) Tweedaagse trekking in de bergen met Loi (klik hier voor details) \u00a0(Prijs vanaf 5000 baht pp, min 2\u2026","rel":"","context":"Similar post","img":{"alt_text":"","src":"","width":0,"height":0},"classes":[]}],"jetpack_shortlink":"https:\/\/wp.me\/PbNARy-qu","_links":{"self":[{"href":"https:\/\/villa-anneloi.com\/home\/wp-json\/wp\/v2\/pages\/1642"}],"collection":[{"href":"https:\/\/villa-anneloi.com\/home\/wp-json\/wp\/v2\/pages"}],"about":[{"href":"https:\/\/villa-anneloi.com\/home\/wp-json\/wp\/v2\/types\/page"}],"author":[{"embeddable":true,"href":"https:\/\/villa-anneloi.com\/home\/wp-json\/wp\/v2\/users\/2"}],"replies":[{"embeddable":true,"href":"https:\/\/villa-anneloi.com\/home\/wp-json\/wp\/v2\/comments?post=1642"}],"version-history":[{"count":14,"href":"https:\/\/villa-anneloi.com\/home\/wp-json\/wp\/v2\/pages\/1642\/revisions"}],"predecessor-version":[{"id":2594,"href":"https:\/\/villa-anneloi.com\/home\/wp-json\/wp\/v2\/pages\/1642\/revisions\/2594"}],"wp:attachment":[{"href":"https:\/\/villa-anneloi.com\/home\/wp-json\/wp\/v2\/media?parent=1642"}],"curies":[{"name":"wp","href":"https:\/\/api.w.org\/{rel}","templated":true}]}}