{"id":1656,"date":"2020-03-02T22:29:34","date_gmt":"2020-03-02T15:29:34","guid":{"rendered":"https:\/\/villa-anneloi.com\/home\/?page_id=1656"},"modified":"2021-03-10T16:49:59","modified_gmt":"2021-03-10T09:49:59","slug":"villa-anneloi-apartement-fr","status":"publish","type":"page","link":"https:\/\/villa-anneloi.com\/home\/villa-anneloi-apartement-fr\/","title":{"rendered":"3fr"},"content":{"rendered":"\n<h2 class=\"has-text-align-center has-luminous-vivid-amber-color has-text-color\"><\/h2>\n\n\n\n<div class=\"wp-block-nextend-smartslider3\"><\/div>\n\n\n\n<p> <a href=\"https:\/\/villa-anneloi.com\/home\/prenez-notre-paquet-dexcursion-fr\/\">le forfait programme d&#8217;excursions (cliquez ici).<\/a><\/p>\n\n\n\n<p class=\"has-text-align-center\">  <\/p>\n","protected":false},"excerpt":{"rendered":"<p>le forfait programme d&#8217;excursions (cliquez ici).<\/p>\n","protected":false},"author":2,"featured_media":0,"parent":0,"menu_order":0,"comment_status":"closed","ping_status":"closed","template":"","meta":{"_uag_custom_page_level_css":""},"yoast_head":"<!-- This site is optimized with the Yoast SEO plugin v19.12 - https:\/\/yoast.com\/wordpress\/plugins\/seo\/ -->\n<title>3fr - Villa-anneloi.com - Feel at home, Far from home.<\/title>\n<meta name=\"robots\" content=\"index, follow, max-snippet:-1, max-image-preview:large, max-video-preview:-1\" \/>\n<link rel=\"canonical\" href=\"https:\/\/villa-anneloi.com\/home\/villa-anneloi-apartement-fr\/\" \/>\n<meta property=\"og:locale\" content=\"en_US\" \/>\n<meta property=\"og:type\" content=\"article\" \/>\n<meta property=\"og:title\" content=\"3fr - Villa-anneloi.com - Feel at home, Far from home.\" \/>\n<meta property=\"og:description\" content=\"le forfait programme d&#8217;excursions (cliquez ici).\" \/>\n<meta property=\"og:url\" content=\"https:\/\/villa-anneloi.com\/home\/villa-anneloi-apartement-fr\/\" \/>\n<meta property=\"og:site_name\" content=\"Villa-anneloi.com - Feel at home, Far from home.\" \/>\n<meta property=\"article:modified_time\" content=\"2021-03-10T09:49:59+00:00\" \/>\n<meta name=\"twitter:card\" content=\"summary_large_image\" \/>\n<meta name=\"twitter:label1\" content=\"Est. reading time\" \/>\n\t<meta name=\"twitter:data1\" content=\"1 minute\" \/>\n<script type=\"application\/ld+json\" class=\"yoast-schema-graph\">{\"@context\":\"https:\/\/schema.org\",\"@graph\":[{\"@type\":\"WebPage\",\"@id\":\"https:\/\/villa-anneloi.com\/home\/villa-anneloi-apartement-fr\/\",\"url\":\"https:\/\/villa-anneloi.com\/home\/villa-anneloi-apartement-fr\/\",\"name\":\"3fr - Villa-anneloi.com - Feel at home, Far from home.\",\"isPartOf\":{\"@id\":\"https:\/\/villa-anneloi.com\/home\/#website\"},\"datePublished\":\"2020-03-02T15:29:34+00:00\",\"dateModified\":\"2021-03-10T09:49:59+00:00\",\"breadcrumb\":{\"@id\":\"https:\/\/villa-anneloi.com\/home\/villa-anneloi-apartement-fr\/#breadcrumb\"},\"inLanguage\":\"en-US\",\"potentialAction\":[{\"@type\":\"ReadAction\",\"target\":[\"https:\/\/villa-anneloi.com\/home\/villa-anneloi-apartement-fr\/\"]}]},{\"@type\":\"BreadcrumbList\",\"@id\":\"https:\/\/villa-anneloi.com\/home\/villa-anneloi-apartement-fr\/#breadcrumb\",\"itemListElement\":[{\"@type\":\"ListItem\",\"position\":1,\"name\":\"Home\",\"item\":\"https:\/\/villa-anneloi.com\/home\/\"},{\"@type\":\"ListItem\",\"position\":2,\"name\":\"3fr\"}]},{\"@type\":\"WebSite\",\"@id\":\"https:\/\/villa-anneloi.com\/home\/#website\",\"url\":\"https:\/\/villa-anneloi.com\/home\/\",\"name\":\"Villa-anneloi.com - Feel at home, Far from home.\",\"description\":\"chiangmai province guesthouse, chiang mai guesthouse, chiang mai, thailand, guesthouse, villa-anneloi guesthouse, guesthouse, chiang mai travel, chiang mai tour, chiang mai trekking, rafting, chiang mai tour agent, thailand, trekking, bamboo rafting, elephant riding, caving, canoeing, kantoke dinner, t-rex-house\",\"potentialAction\":[{\"@type\":\"SearchAction\",\"target\":{\"@type\":\"EntryPoint\",\"urlTemplate\":\"https:\/\/villa-anneloi.com\/home\/?s={search_term_string}\"},\"query-input\":\"required name=search_term_string\"}],\"inLanguage\":\"en-US\"}]}<\/script>\n<!-- \/ Yoast SEO plugin. -->","yoast_head_json":{"title":"3fr - Villa-anneloi.com - Feel at home, Far from home.","robots":{"index":"index","follow":"follow","max-snippet":"max-snippet:-1","max-image-preview":"max-image-preview:large","max-video-preview":"max-video-preview:-1"},"canonical":"https:\/\/villa-anneloi.com\/home\/villa-anneloi-apartement-fr\/","og_locale":"en_US","og_type":"article","og_title":"3fr - Villa-anneloi.com - Feel at home, Far from home.","og_description":"le forfait programme d&#8217;excursions (cliquez ici).","og_url":"https:\/\/villa-anneloi.com\/home\/villa-anneloi-apartement-fr\/","og_site_name":"Villa-anneloi.com - Feel at home, Far from home.","article_modified_time":"2021-03-10T09:49:59+00:00","twitter_card":"summary_large_image","twitter_misc":{"Est. reading time":"1 minute"},"schema":{"@context":"https:\/\/schema.org","@graph":[{"@type":"WebPage","@id":"https:\/\/villa-anneloi.com\/home\/villa-anneloi-apartement-fr\/","url":"https:\/\/villa-anneloi.com\/home\/villa-anneloi-apartement-fr\/","name":"3fr - Villa-anneloi.com - Feel at home, Far from home.","isPartOf":{"@id":"https:\/\/villa-anneloi.com\/home\/#website"},"datePublished":"2020-03-02T15:29:34+00:00","dateModified":"2021-03-10T09:49:59+00:00","breadcrumb":{"@id":"https:\/\/villa-anneloi.com\/home\/villa-anneloi-apartement-fr\/#breadcrumb"},"inLanguage":"en-US","potentialAction":[{"@type":"ReadAction","target":["https:\/\/villa-anneloi.com\/home\/villa-anneloi-apartement-fr\/"]}]},{"@type":"BreadcrumbList","@id":"https:\/\/villa-anneloi.com\/home\/villa-anneloi-apartement-fr\/#breadcrumb","itemListElement":[{"@type":"ListItem","position":1,"name":"Home","item":"https:\/\/villa-anneloi.com\/home\/"},{"@type":"ListItem","position":2,"name":"3fr"}]},{"@type":"WebSite","@id":"https:\/\/villa-anneloi.com\/home\/#website","url":"https:\/\/villa-anneloi.com\/home\/","name":"Villa-anneloi.com - Feel at home, Far from home.","description":"chiangmai province guesthouse, chiang mai guesthouse, chiang mai, thailand, guesthouse, villa-anneloi guesthouse, guesthouse, chiang mai travel, chiang mai tour, chiang mai trekking, rafting, chiang mai tour agent, thailand, trekking, bamboo rafting, elephant riding, caving, canoeing, kantoke dinner, t-rex-house","potentialAction":[{"@type":"SearchAction","target":{"@type":"EntryPoint","urlTemplate":"https:\/\/villa-anneloi.com\/home\/?s={search_term_string}"},"query-input":"required name=search_term_string"}],"inLanguage":"en-US"}]}},"uagb_featured_image_src":{"full":false,"thumbnail":false,"medium":false,"medium_large":false,"large":false,"1536x1536":false,"2048x2048":false},"uagb_author_info":{"display_name":"Anneloi","author_link":"https:\/\/villa-anneloi.com\/home\/author\/manager\/"},"uagb_comment_info":0,"uagb_excerpt":"le forfait programme d&#8217;excursions (cliquez ici).","jetpack_sharing_enabled":true,"jetpack-related-posts":[{"id":1403,"url":"https:\/\/villa-anneloi.com\/home\/excursions\/","url_meta":{"origin":1656,"position":0},"title":"Excursions","date":"21st February 2020","format":false,"excerpt":"Villa Anneloi Tour Excursions Le choix des excursions ou notre package d\u2019excursions: (1) Une journ\u00e9e dans la nature avec Loi (cliquez ici pour les details) ( Prix \u00e0 partir de 2400 baht pp, min 2 - max 9 personnes ) (2) Trekking de deux jours avec Loi (cliquez ici pour\u2026","rel":"","context":"Similar post","img":{"alt_text":"","src":"","width":0,"height":0},"classes":[]},{"id":1391,"url":"https:\/\/villa-anneloi.com\/home\/qui\/","url_meta":{"origin":1656,"position":1},"title":"Qui sont nous?","date":"21st February 2020","format":false,"excerpt":"Villa Anneloi Tour Qui sont nous ? cliquez ici pour les avis Villa Anneloi Tour Annelore, d\u2019origine belge, et Loi, un Tha\u00eflandais, se sont rencontr\u00e9s au cours d\u2019un voyage humanitaire \u00e0 Chiang Mai, en Tha\u00eflande. Annelore est imm\u00e9diatement tomb\u00e9e sous le charme de ce magnifique pays et \u2026. de Loi.\u2026","rel":"","context":"Similar post","img":{"alt_text":"","src":"https:\/\/i0.wp.com\/villa-anneloi.com\/home\/wp-content\/uploads\/2020\/01\/2.png?resize=350%2C200&ssl=1","width":350,"height":200},"classes":[]},{"id":1642,"url":"https:\/\/villa-anneloi.com\/home\/prenez-notre-paquet-dexcursion-fr\/","url_meta":{"origin":1656,"position":2},"title":"Package d&#8217;excursions","date":"2nd March 2020","format":false,"excerpt":"Villa Anneloi Package d'excursions Package excursions avec logement dans un resort \u00e0 la rivi\u00e8re. JOUR 1 Nous venons vous chercher \u00e0 l\u2019a\u00e9roport, gare routi\u00e8re ou gare ferroviaire de Chiang Mai. Bienvenue au resort avec un petit packet de bienvenue. Vous pourrez ensuite vous relaxer \u00e0 la piscine, d\u00e9couvrir l\u2019environnement ou\u2026","rel":"","context":"Similar post","img":{"alt_text":"","src":"","width":0,"height":0},"classes":[]},{"id":2205,"url":"https:\/\/villa-anneloi.com\/home\/reviews2018\/","url_meta":{"origin":1656,"position":3},"title":"reviews2018","date":"5th March 2020","format":false,"excerpt":"Dank je wel voor uw recensie. Thank you for your review. Merci pour votre revue. Lees wat onze gasten schreven sinds 2001: Read what our guest wrote since 2001: Lisez ce que nous guests ont \u00e9crit depuis 2001: Klik het jaar - click the year - cliquez l'ann\u00e9e 2001 2002\u2026","rel":"","context":"Similar post","img":{"alt_text":"","src":"","width":0,"height":0},"classes":[]},{"id":2206,"url":"https:\/\/villa-anneloi.com\/home\/reviews2019\/","url_meta":{"origin":1656,"position":4},"title":"reviews2019","date":"5th March 2020","format":false,"excerpt":"Dank je wel voor uw recensie. Thank you for your review. Merci pour votre revue. Lees wat onze gasten schreven sinds 2001: Read what our guest wrote since 2001: Lisez ce que nous guests ont \u00e9crit depuis 2001: Klik het jaar - click the year - cliquez l'ann\u00e9e 2001 2002\u2026","rel":"","context":"Similar post","img":{"alt_text":"","src":"","width":0,"height":0},"classes":[]},{"id":2721,"url":"https:\/\/villa-anneloi.com\/home\/excursions\/monloi-fr\/","url_meta":{"origin":1656,"position":5},"title":"Excursion de 3 jours vers le village natal de Loi","date":"30th January 2026","format":false,"excerpt":"PROGRAMME \u2013 S\u00e9jour dans le village natal de Loi JOUR 1 Loi viendra vous chercher \u00e0 9h00 \u00e0 votre h\u00f4tel \u00e0 Chiang Mai pour une excursion de 3 jours \u00e0 Muang Khong, le village natal de Loi, situ\u00e9 sur la montagne \u00e0 Chiang Dao.Vous pouvez laisser une partie de vos\u2026","rel":"","context":"Similar post","img":{"alt_text":"","src":"","width":0,"height":0},"classes":[]}],"jetpack_shortlink":"https:\/\/wp.me\/PbNARy-qI","_links":{"self":[{"href":"https:\/\/villa-anneloi.com\/home\/wp-json\/wp\/v2\/pages\/1656"}],"collection":[{"href":"https:\/\/villa-anneloi.com\/home\/wp-json\/wp\/v2\/pages"}],"about":[{"href":"https:\/\/villa-anneloi.com\/home\/wp-json\/wp\/v2\/types\/page"}],"author":[{"embeddable":true,"href":"https:\/\/villa-anneloi.com\/home\/wp-json\/wp\/v2\/users\/2"}],"replies":[{"embeddable":true,"href":"https:\/\/villa-anneloi.com\/home\/wp-json\/wp\/v2\/comments?post=1656"}],"version-history":[{"count":7,"href":"https:\/\/villa-anneloi.com\/home\/wp-json\/wp\/v2\/pages\/1656\/revisions"}],"predecessor-version":[{"id":2460,"href":"https:\/\/villa-anneloi.com\/home\/wp-json\/wp\/v2\/pages\/1656\/revisions\/2460"}],"wp:attachment":[{"href":"https:\/\/villa-anneloi.com\/home\/wp-json\/wp\/v2\/media?parent=1656"}],"curies":[{"name":"wp","href":"https:\/\/api.w.org\/{rel}","templated":true}]}}