{"id":1660,"date":"2020-03-02T22:30:13","date_gmt":"2020-03-02T15:30:13","guid":{"rendered":"https:\/\/villa-anneloi.com\/home\/?page_id=1660"},"modified":"2021-03-10T16:49:24","modified_gmt":"2021-03-10T09:49:24","slug":"villa-anneloi-maison-de-vacances","status":"publish","type":"page","link":"https:\/\/villa-anneloi.com\/home\/villa-anneloi-maison-de-vacances\/","title":{"rendered":"2fr"},"content":{"rendered":"\n<h2 class=\"has-text-align-center has-luminous-vivid-amber-color has-text-color\">  <\/h2>\n\n\n\n<div class=\"wp-block-nextend-smartslider3\"><\/div>\n\n\n\n<div class=\"is-layout-flow wp-block-group\"><div class=\"wp-block-group__inner-container\">\n<p class=\"has-text-align-center\"><\/p>\n<\/div><\/div>\n","protected":false},"excerpt":{"rendered":"","protected":false},"author":2,"featured_media":0,"parent":0,"menu_order":0,"comment_status":"closed","ping_status":"closed","template":"","meta":{"_uag_custom_page_level_css":""},"yoast_head":"<!-- This site is optimized with the Yoast SEO plugin v19.12 - https:\/\/yoast.com\/wordpress\/plugins\/seo\/ -->\n<title>2fr - Villa-anneloi.com - Feel at home, Far from home.<\/title>\n<meta name=\"robots\" content=\"index, follow, max-snippet:-1, max-image-preview:large, max-video-preview:-1\" \/>\n<link rel=\"canonical\" href=\"https:\/\/villa-anneloi.com\/home\/villa-anneloi-maison-de-vacances\/\" \/>\n<meta property=\"og:locale\" content=\"en_US\" \/>\n<meta property=\"og:type\" content=\"article\" \/>\n<meta property=\"og:title\" content=\"2fr - Villa-anneloi.com - Feel at home, Far from home.\" \/>\n<meta property=\"og:url\" content=\"https:\/\/villa-anneloi.com\/home\/villa-anneloi-maison-de-vacances\/\" \/>\n<meta property=\"og:site_name\" content=\"Villa-anneloi.com - Feel at home, Far from home.\" \/>\n<meta property=\"article:modified_time\" content=\"2021-03-10T09:49:24+00:00\" \/>\n<meta name=\"twitter:card\" content=\"summary_large_image\" \/>\n<meta name=\"twitter:label1\" content=\"Est. reading time\" \/>\n\t<meta name=\"twitter:data1\" content=\"1 minute\" \/>\n<script type=\"application\/ld+json\" class=\"yoast-schema-graph\">{\"@context\":\"https:\/\/schema.org\",\"@graph\":[{\"@type\":\"WebPage\",\"@id\":\"https:\/\/villa-anneloi.com\/home\/villa-anneloi-maison-de-vacances\/\",\"url\":\"https:\/\/villa-anneloi.com\/home\/villa-anneloi-maison-de-vacances\/\",\"name\":\"2fr - Villa-anneloi.com - Feel at home, Far from home.\",\"isPartOf\":{\"@id\":\"https:\/\/villa-anneloi.com\/home\/#website\"},\"datePublished\":\"2020-03-02T15:30:13+00:00\",\"dateModified\":\"2021-03-10T09:49:24+00:00\",\"breadcrumb\":{\"@id\":\"https:\/\/villa-anneloi.com\/home\/villa-anneloi-maison-de-vacances\/#breadcrumb\"},\"inLanguage\":\"en-US\",\"potentialAction\":[{\"@type\":\"ReadAction\",\"target\":[\"https:\/\/villa-anneloi.com\/home\/villa-anneloi-maison-de-vacances\/\"]}]},{\"@type\":\"BreadcrumbList\",\"@id\":\"https:\/\/villa-anneloi.com\/home\/villa-anneloi-maison-de-vacances\/#breadcrumb\",\"itemListElement\":[{\"@type\":\"ListItem\",\"position\":1,\"name\":\"Home\",\"item\":\"https:\/\/villa-anneloi.com\/home\/\"},{\"@type\":\"ListItem\",\"position\":2,\"name\":\"2fr\"}]},{\"@type\":\"WebSite\",\"@id\":\"https:\/\/villa-anneloi.com\/home\/#website\",\"url\":\"https:\/\/villa-anneloi.com\/home\/\",\"name\":\"Villa-anneloi.com - Feel at home, Far from home.\",\"description\":\"chiangmai province guesthouse, chiang mai guesthouse, chiang mai, thailand, guesthouse, villa-anneloi guesthouse, guesthouse, chiang mai travel, chiang mai tour, chiang mai trekking, rafting, chiang mai tour agent, thailand, trekking, bamboo rafting, elephant riding, caving, canoeing, kantoke dinner, t-rex-house\",\"potentialAction\":[{\"@type\":\"SearchAction\",\"target\":{\"@type\":\"EntryPoint\",\"urlTemplate\":\"https:\/\/villa-anneloi.com\/home\/?s={search_term_string}\"},\"query-input\":\"required name=search_term_string\"}],\"inLanguage\":\"en-US\"}]}<\/script>\n<!-- \/ Yoast SEO plugin. -->","yoast_head_json":{"title":"2fr - Villa-anneloi.com - Feel at home, Far from home.","robots":{"index":"index","follow":"follow","max-snippet":"max-snippet:-1","max-image-preview":"max-image-preview:large","max-video-preview":"max-video-preview:-1"},"canonical":"https:\/\/villa-anneloi.com\/home\/villa-anneloi-maison-de-vacances\/","og_locale":"en_US","og_type":"article","og_title":"2fr - Villa-anneloi.com - Feel at home, Far from home.","og_url":"https:\/\/villa-anneloi.com\/home\/villa-anneloi-maison-de-vacances\/","og_site_name":"Villa-anneloi.com - Feel at home, Far from home.","article_modified_time":"2021-03-10T09:49:24+00:00","twitter_card":"summary_large_image","twitter_misc":{"Est. reading time":"1 minute"},"schema":{"@context":"https:\/\/schema.org","@graph":[{"@type":"WebPage","@id":"https:\/\/villa-anneloi.com\/home\/villa-anneloi-maison-de-vacances\/","url":"https:\/\/villa-anneloi.com\/home\/villa-anneloi-maison-de-vacances\/","name":"2fr - Villa-anneloi.com - Feel at home, Far from home.","isPartOf":{"@id":"https:\/\/villa-anneloi.com\/home\/#website"},"datePublished":"2020-03-02T15:30:13+00:00","dateModified":"2021-03-10T09:49:24+00:00","breadcrumb":{"@id":"https:\/\/villa-anneloi.com\/home\/villa-anneloi-maison-de-vacances\/#breadcrumb"},"inLanguage":"en-US","potentialAction":[{"@type":"ReadAction","target":["https:\/\/villa-anneloi.com\/home\/villa-anneloi-maison-de-vacances\/"]}]},{"@type":"BreadcrumbList","@id":"https:\/\/villa-anneloi.com\/home\/villa-anneloi-maison-de-vacances\/#breadcrumb","itemListElement":[{"@type":"ListItem","position":1,"name":"Home","item":"https:\/\/villa-anneloi.com\/home\/"},{"@type":"ListItem","position":2,"name":"2fr"}]},{"@type":"WebSite","@id":"https:\/\/villa-anneloi.com\/home\/#website","url":"https:\/\/villa-anneloi.com\/home\/","name":"Villa-anneloi.com - Feel at home, Far from home.","description":"chiangmai province guesthouse, chiang mai guesthouse, chiang mai, thailand, guesthouse, villa-anneloi guesthouse, guesthouse, chiang mai travel, chiang mai tour, chiang mai trekking, rafting, chiang mai tour agent, thailand, trekking, bamboo rafting, elephant riding, caving, canoeing, kantoke dinner, t-rex-house","potentialAction":[{"@type":"SearchAction","target":{"@type":"EntryPoint","urlTemplate":"https:\/\/villa-anneloi.com\/home\/?s={search_term_string}"},"query-input":"required name=search_term_string"}],"inLanguage":"en-US"}]}},"uagb_featured_image_src":{"full":false,"thumbnail":false,"medium":false,"medium_large":false,"large":false,"1536x1536":false,"2048x2048":false},"uagb_author_info":{"display_name":"Anneloi","author_link":"https:\/\/villa-anneloi.com\/home\/author\/manager\/"},"uagb_comment_info":0,"uagb_excerpt":null,"jetpack_sharing_enabled":true,"jetpack-related-posts":[{"id":1638,"url":"https:\/\/villa-anneloi.com\/home\/choose-for-our-excursion-package-en\/","url_meta":{"origin":1660,"position":0},"title":"Choose for our excursion package","date":"2nd March 2020","format":false,"excerpt":"Villa Anneloi Excursion package Excursion package with lodge in a resort near the river in Chiang Mai. DAY 1: We pick you up at the airport, bus or train station in Chiang Mai.\u00a0\u00a0\u00a0 Welcome at the resort with a small welcome packet. \u00a0 You can relax at the swimming pool,\u2026","rel":"","context":"Similar post","img":{"alt_text":"","src":"","width":0,"height":0},"classes":[]},{"id":1642,"url":"https:\/\/villa-anneloi.com\/home\/prenez-notre-paquet-dexcursion-fr\/","url_meta":{"origin":1660,"position":1},"title":"Package d&#8217;excursions","date":"2nd March 2020","format":false,"excerpt":"Villa Anneloi Package d'excursions Package excursions avec logement dans un resort \u00e0 la rivi\u00e8re. JOUR 1 Nous venons vous chercher \u00e0 l\u2019a\u00e9roport, gare routi\u00e8re ou gare ferroviaire de Chiang Mai. Bienvenue au resort avec un petit packet de bienvenue. Vous pourrez ensuite vous relaxer \u00e0 la piscine, d\u00e9couvrir l\u2019environnement ou\u2026","rel":"","context":"Similar post","img":{"alt_text":"","src":"","width":0,"height":0},"classes":[]},{"id":1646,"url":"https:\/\/villa-anneloi.com\/home\/neem-ons-excursie-pakket-nl\/","url_meta":{"origin":1660,"position":2},"title":"neem ons excursie pakket","date":"2nd March 2020","format":false,"excerpt":"Villa Anneloi Excursie pakket Excursie pakket met logement in een resort aan de rivier in Chiang Mai. DAG 1 : We komen je oppikken aan de luchthaven, bus- of treinstation in Chiang Mai.\u00a0\u00a0\u00a0 We brengen jullie naar het resort en jullie krijgen een welkomspakketje. \u00a0 Je kan lekker relaxen aan\u2026","rel":"","context":"Similar post","img":{"alt_text":"","src":"","width":0,"height":0},"classes":[]},{"id":1926,"url":"https:\/\/villa-anneloi.com\/home\/intervieuw-do-milo-6\/","url_meta":{"origin":1660,"position":3},"title":"The DoMiSi krant 6 Intervieuw Do &#038; Milo","date":"5th March 2020","format":false,"excerpt":"Villa Anneloi The DoMiSi krant 6 Intervieuw met Do & Milo He boys, what\u2019s up ? Do:\u00a0home sweet home ! Ja, nu hebben jullie een paar daagjes vakantie, maar dan weer naar school.\u00a0\u00a0Vinden jullie het nu leuk op school ? Do:\u00a0Ja, ik heb veel vriendjes en vooral vriendinnetjes !\u00a0\u00a0Ik zat\u2026","rel":"","context":"Similar post","img":{"alt_text":"","src":"","width":0,"height":0},"classes":[]},{"id":1970,"url":"https:\/\/villa-anneloi.com\/home\/familie-dokphor-de-rese-6\/","url_meta":{"origin":1660,"position":4},"title":"The DoMiSi krant 6 Familie Dokphor &#8211; De Rese","date":"5th March 2020","format":false,"excerpt":"Villa Anneloi The DoMiSi krant 6 INHOUD Familie Dokphor \u2013 De Rese Mei:\u00a0\u00a0het nieuwe schooljaar start weer in Thailand.\u00a0\u00a0Do naar een nieuwe school, Waree en Milo voor het eerst naar school.\u00a0\u00a0Het was allemaal wat spannend.\u00a0\u00a0Do volgt zijn lessen allemaal in het Engels en is gek op zijn leraren, Mister Simon,\u2026","rel":"","context":"Similar post","img":{"alt_text":"","src":"","width":0,"height":0},"classes":[]},{"id":1792,"url":"https:\/\/villa-anneloi.com\/home\/zesde-editie-2\/","url_meta":{"origin":1660,"position":5},"title":"The DoMiSi krant 6","date":"4th March 2020","format":false,"excerpt":"Villa Anneloi The DoMiSi krant 6 VOORWOORD De afgelopen maanden hebben vooral het nieuwe schooljaar van de kids, voorbereiden van het hoogseizoen, mammie op toer, veel gasten in huis EN de nieuwe baby ons bezig gehouden.\u00a0\u00a0Wbt dat laatste, weten we zelf nog niet 100% of het een jongen of een\u2026","rel":"","context":"Similar post","img":{"alt_text":"","src":"","width":0,"height":0},"classes":[]}],"jetpack_shortlink":"https:\/\/wp.me\/PbNARy-qM","_links":{"self":[{"href":"https:\/\/villa-anneloi.com\/home\/wp-json\/wp\/v2\/pages\/1660"}],"collection":[{"href":"https:\/\/villa-anneloi.com\/home\/wp-json\/wp\/v2\/pages"}],"about":[{"href":"https:\/\/villa-anneloi.com\/home\/wp-json\/wp\/v2\/types\/page"}],"author":[{"embeddable":true,"href":"https:\/\/villa-anneloi.com\/home\/wp-json\/wp\/v2\/users\/2"}],"replies":[{"embeddable":true,"href":"https:\/\/villa-anneloi.com\/home\/wp-json\/wp\/v2\/comments?post=1660"}],"version-history":[{"count":8,"href":"https:\/\/villa-anneloi.com\/home\/wp-json\/wp\/v2\/pages\/1660\/revisions"}],"predecessor-version":[{"id":2456,"href":"https:\/\/villa-anneloi.com\/home\/wp-json\/wp\/v2\/pages\/1660\/revisions\/2456"}],"wp:attachment":[{"href":"https:\/\/villa-anneloi.com\/home\/wp-json\/wp\/v2\/media?parent=1660"}],"curies":[{"name":"wp","href":"https:\/\/api.w.org\/{rel}","templated":true}]}}