{"id":1758,"date":"2020-03-04T10:04:05","date_gmt":"2020-03-04T03:04:05","guid":{"rendered":"https:\/\/villa-anneloi.com\/home\/?page_id=1758"},"modified":"2021-03-10T12:40:55","modified_gmt":"2021-03-10T05:40:55","slug":"ontmoet-ons-in-belgie","status":"publish","type":"page","link":"https:\/\/villa-anneloi.com\/home\/ontmoet-ons-in-belgie\/","title":{"rendered":"Re\u00fcnies in Belgie"},"content":{"rendered":"\n<p class=\"has-text-align-center has-text-color has-huge-font-size\" style=\"color:#d09d1f\"><strong>Villa Anneloi<\/strong><\/p>\n\n\n\n<p class=\"has-text-align-center has-medium-font-size\">          Lees hier over onze  bezoeken aan Belgie: <strong> <\/strong><\/p>\n\n\n\n<ul><li><a href=\"https:\/\/villa-anneloi.com\/home\/12e-thailand-reunie-in-roeselare\/\">12e Thailand re\u00fcnie in Roeselare <\/a><\/li><li><a href=\"https:\/\/villa-anneloi.com\/home\/11e-thailand-reunie-in-torhout\/\">11e Thailand re\u00fcnie in Torhout<\/a><\/li><li><a href=\"https:\/\/villa-anneloi.com\/home\/10e-thailand-reunie-in-koelare\/\">10e Thailand re\u00fcnie in Koelare <\/a><\/li><li><a href=\"https:\/\/villa-anneloi.com\/home\/9e-thailand-reunie-in-koekelare\/\">9e Thailand re\u00fcnie in Koekelare<\/a> <\/li><li><a href=\"https:\/\/villa-anneloi.com\/home\/vakantiebeurs-in-utrecht-2011\/\">Vakantiebeurs in Utrecht 2011<\/a><\/li><li><a href=\"http:\/\/8e\">8e Thailand re\u00fcnie in Koekelare<\/a><a href=\"https:\/\/villa-anneloi.com\/home\/8e-thailand-reunie-in-koekelare\/\"> <\/a><\/li><li><a href=\"https:\/\/villa-anneloi.com\/home\/vakantiebeurs-in-antwerpen-2008\/\">Vakantiebeurs in Antwerpen 2008<\/a><\/li><li><a href=\"https:\/\/villa-anneloi.com\/home\/7e-thailand-reunie-in-wenduine\/\">7e Thailand re\u00fcnie in Wenduine <\/a><\/li><\/ul>\n\n\n\n<p class=\"has-text-align-center\"><strong><a href=\"https:\/\/villa-anneloi.com\/home\/bolg\/\"> <\/a><\/strong><\/p>\n\n\n\n<section class=\"wp-block-uagb-columns uagb-columns__wrap uagb-columns__background-undefined uagb-columns__stack-mobile uagb-columns__valign-undefined uagb-columns__gap-10 alignundefined uagb-block-dd5d9c6f\"><div class=\"uagb-columns__overlay\"><\/div><div class=\"uagb-columns__inner-wrap uagb-columns__columns-2\">\n<div class=\"wp-block-uagb-column uagb-column__wrap uagb-column__background-undefined uagb-block-32e51be0\"><div class=\"uagb-column__overlay\"><\/div><div class=\"uagb-column__inner-wrap\">\n<figure class=\"wp-block-image size-large\"><img decoding=\"async\" width=\"502\" height=\"502\" src=\"https:\/\/villa-anneloi.com\/home\/wp-content\/uploads\/2020\/01\/1.png\" alt=\"\" class=\"wp-image-940\" srcset=\"https:\/\/villa-anneloi.com\/home\/wp-content\/uploads\/2020\/01\/1.png 502w, https:\/\/villa-anneloi.com\/home\/wp-content\/uploads\/2020\/01\/1-300x300.png 300w, https:\/\/villa-anneloi.com\/home\/wp-content\/uploads\/2020\/01\/1-150x150.png 150w\" sizes=\"(max-width: 502px) 100vw, 502px\" \/><\/figure>\n<\/div><\/div>\n\n\n\n<div class=\"wp-block-uagb-column uagb-column__wrap uagb-column__background-undefined uagb-block-0d4e79f6\"><div class=\"uagb-column__overlay\"><\/div><div class=\"uagb-column__inner-wrap\">\n<figure class=\"wp-block-image size-large\"><img decoding=\"async\" width=\"937\" height=\"525\" src=\"https:\/\/villa-anneloi.com\/home\/wp-content\/uploads\/2020\/01\/2.png\" alt=\"\" class=\"wp-image-941\" srcset=\"https:\/\/villa-anneloi.com\/home\/wp-content\/uploads\/2020\/01\/2.png 937w, https:\/\/villa-anneloi.com\/home\/wp-content\/uploads\/2020\/01\/2-300x168.png 300w, https:\/\/villa-anneloi.com\/home\/wp-content\/uploads\/2020\/01\/2-768x430.png 768w\" sizes=\"(max-width: 937px) 100vw, 937px\" \/><\/figure>\n<\/div><\/div>\n<\/div><\/section>\n\n\n\n<p><\/p>\n\n\n\n<p><\/p>\n","protected":false},"excerpt":{"rendered":"<p>Villa Anneloi Lees hier over onze bezoeken aan Belgie: 12e Thailand re\u00fcnie in Roeselare 11e Thailand re\u00fcnie in Torhout 10e Thailand re\u00fcnie in Koelare 9e Thailand re\u00fcnie in Koekelare Vakantiebeurs in Utrecht 2011 8e Thailand re\u00fcnie in Koekelare Vakantiebeurs in Antwerpen 2008 7e Thailand re\u00fcnie in Wenduine<\/p>\n","protected":false},"author":2,"featured_media":0,"parent":0,"menu_order":0,"comment_status":"closed","ping_status":"closed","template":"","meta":{"_uag_custom_page_level_css":""},"yoast_head":"<!-- This site is optimized with the Yoast SEO plugin v19.12 - https:\/\/yoast.com\/wordpress\/plugins\/seo\/ -->\n<title>Re\u00fcnies in Belgie - Villa-anneloi.com - Feel at home, Far from home.<\/title>\n<meta name=\"robots\" content=\"index, follow, max-snippet:-1, max-image-preview:large, max-video-preview:-1\" \/>\n<link rel=\"canonical\" href=\"https:\/\/villa-anneloi.com\/home\/ontmoet-ons-in-belgie\/\" \/>\n<meta property=\"og:locale\" content=\"en_US\" \/>\n<meta property=\"og:type\" content=\"article\" \/>\n<meta property=\"og:title\" content=\"Re\u00fcnies in Belgie - Villa-anneloi.com - Feel at home, Far from home.\" \/>\n<meta property=\"og:description\" content=\"Villa Anneloi Lees hier over onze bezoeken aan Belgie: 12e Thailand re\u00fcnie in Roeselare 11e Thailand re\u00fcnie in Torhout 10e Thailand re\u00fcnie in Koelare 9e Thailand re\u00fcnie in Koekelare Vakantiebeurs in Utrecht 2011 8e Thailand re\u00fcnie in Koekelare Vakantiebeurs in Antwerpen 2008 7e Thailand re\u00fcnie in Wenduine\" \/>\n<meta property=\"og:url\" content=\"https:\/\/villa-anneloi.com\/home\/ontmoet-ons-in-belgie\/\" \/>\n<meta property=\"og:site_name\" content=\"Villa-anneloi.com - Feel at home, Far from home.\" \/>\n<meta property=\"article:modified_time\" content=\"2021-03-10T05:40:55+00:00\" \/>\n<meta property=\"og:image\" content=\"https:\/\/villa-anneloi.com\/home\/wp-content\/uploads\/2020\/01\/1.png\" \/>\n<meta name=\"twitter:card\" content=\"summary_large_image\" \/>\n<meta name=\"twitter:label1\" content=\"Est. reading time\" \/>\n\t<meta name=\"twitter:data1\" content=\"1 minute\" \/>\n<script type=\"application\/ld+json\" class=\"yoast-schema-graph\">{\"@context\":\"https:\/\/schema.org\",\"@graph\":[{\"@type\":\"WebPage\",\"@id\":\"https:\/\/villa-anneloi.com\/home\/ontmoet-ons-in-belgie\/\",\"url\":\"https:\/\/villa-anneloi.com\/home\/ontmoet-ons-in-belgie\/\",\"name\":\"Re\u00fcnies in Belgie - Villa-anneloi.com - Feel at home, Far from home.\",\"isPartOf\":{\"@id\":\"https:\/\/villa-anneloi.com\/home\/#website\"},\"datePublished\":\"2020-03-04T03:04:05+00:00\",\"dateModified\":\"2021-03-10T05:40:55+00:00\",\"breadcrumb\":{\"@id\":\"https:\/\/villa-anneloi.com\/home\/ontmoet-ons-in-belgie\/#breadcrumb\"},\"inLanguage\":\"en-US\",\"potentialAction\":[{\"@type\":\"ReadAction\",\"target\":[\"https:\/\/villa-anneloi.com\/home\/ontmoet-ons-in-belgie\/\"]}]},{\"@type\":\"BreadcrumbList\",\"@id\":\"https:\/\/villa-anneloi.com\/home\/ontmoet-ons-in-belgie\/#breadcrumb\",\"itemListElement\":[{\"@type\":\"ListItem\",\"position\":1,\"name\":\"Home\",\"item\":\"https:\/\/villa-anneloi.com\/home\/\"},{\"@type\":\"ListItem\",\"position\":2,\"name\":\"Re\u00fcnies in Belgie\"}]},{\"@type\":\"WebSite\",\"@id\":\"https:\/\/villa-anneloi.com\/home\/#website\",\"url\":\"https:\/\/villa-anneloi.com\/home\/\",\"name\":\"Villa-anneloi.com - Feel at home, Far from home.\",\"description\":\"chiangmai province guesthouse, chiang mai guesthouse, chiang mai, thailand, guesthouse, villa-anneloi guesthouse, guesthouse, chiang mai travel, chiang mai tour, chiang mai trekking, rafting, chiang mai tour agent, thailand, trekking, bamboo rafting, elephant riding, caving, canoeing, kantoke dinner, t-rex-house\",\"potentialAction\":[{\"@type\":\"SearchAction\",\"target\":{\"@type\":\"EntryPoint\",\"urlTemplate\":\"https:\/\/villa-anneloi.com\/home\/?s={search_term_string}\"},\"query-input\":\"required name=search_term_string\"}],\"inLanguage\":\"en-US\"}]}<\/script>\n<!-- \/ Yoast SEO plugin. -->","yoast_head_json":{"title":"Re\u00fcnies in Belgie - Villa-anneloi.com - Feel at home, Far from home.","robots":{"index":"index","follow":"follow","max-snippet":"max-snippet:-1","max-image-preview":"max-image-preview:large","max-video-preview":"max-video-preview:-1"},"canonical":"https:\/\/villa-anneloi.com\/home\/ontmoet-ons-in-belgie\/","og_locale":"en_US","og_type":"article","og_title":"Re\u00fcnies in Belgie - Villa-anneloi.com - Feel at home, Far from home.","og_description":"Villa Anneloi Lees hier over onze bezoeken aan Belgie: 12e Thailand re\u00fcnie in Roeselare 11e Thailand re\u00fcnie in Torhout 10e Thailand re\u00fcnie in Koelare 9e Thailand re\u00fcnie in Koekelare Vakantiebeurs in Utrecht 2011 8e Thailand re\u00fcnie in Koekelare Vakantiebeurs in Antwerpen 2008 7e Thailand re\u00fcnie in Wenduine","og_url":"https:\/\/villa-anneloi.com\/home\/ontmoet-ons-in-belgie\/","og_site_name":"Villa-anneloi.com - Feel at home, Far from home.","article_modified_time":"2021-03-10T05:40:55+00:00","og_image":[{"url":"https:\/\/villa-anneloi.com\/home\/wp-content\/uploads\/2020\/01\/1.png"}],"twitter_card":"summary_large_image","twitter_misc":{"Est. reading time":"1 minute"},"schema":{"@context":"https:\/\/schema.org","@graph":[{"@type":"WebPage","@id":"https:\/\/villa-anneloi.com\/home\/ontmoet-ons-in-belgie\/","url":"https:\/\/villa-anneloi.com\/home\/ontmoet-ons-in-belgie\/","name":"Re\u00fcnies in Belgie - Villa-anneloi.com - Feel at home, Far from home.","isPartOf":{"@id":"https:\/\/villa-anneloi.com\/home\/#website"},"datePublished":"2020-03-04T03:04:05+00:00","dateModified":"2021-03-10T05:40:55+00:00","breadcrumb":{"@id":"https:\/\/villa-anneloi.com\/home\/ontmoet-ons-in-belgie\/#breadcrumb"},"inLanguage":"en-US","potentialAction":[{"@type":"ReadAction","target":["https:\/\/villa-anneloi.com\/home\/ontmoet-ons-in-belgie\/"]}]},{"@type":"BreadcrumbList","@id":"https:\/\/villa-anneloi.com\/home\/ontmoet-ons-in-belgie\/#breadcrumb","itemListElement":[{"@type":"ListItem","position":1,"name":"Home","item":"https:\/\/villa-anneloi.com\/home\/"},{"@type":"ListItem","position":2,"name":"Re\u00fcnies in Belgie"}]},{"@type":"WebSite","@id":"https:\/\/villa-anneloi.com\/home\/#website","url":"https:\/\/villa-anneloi.com\/home\/","name":"Villa-anneloi.com - Feel at home, Far from home.","description":"chiangmai province guesthouse, chiang mai guesthouse, chiang mai, thailand, guesthouse, villa-anneloi guesthouse, guesthouse, chiang mai travel, chiang mai tour, chiang mai trekking, rafting, chiang mai tour agent, thailand, trekking, bamboo rafting, elephant riding, caving, canoeing, kantoke dinner, t-rex-house","potentialAction":[{"@type":"SearchAction","target":{"@type":"EntryPoint","urlTemplate":"https:\/\/villa-anneloi.com\/home\/?s={search_term_string}"},"query-input":"required name=search_term_string"}],"inLanguage":"en-US"}]}},"uagb_featured_image_src":{"full":false,"thumbnail":false,"medium":false,"medium_large":false,"large":false,"1536x1536":false,"2048x2048":false},"uagb_author_info":{"display_name":"Anneloi","author_link":"https:\/\/villa-anneloi.com\/home\/author\/manager\/"},"uagb_comment_info":0,"uagb_excerpt":"Villa Anneloi Lees hier over onze bezoeken aan Belgie: 12e Thailand re\u00fcnie in Roeselare 11e Thailand re\u00fcnie in Torhout 10e Thailand re\u00fcnie in Koelare 9e Thailand re\u00fcnie in Koekelare Vakantiebeurs in Utrecht 2011 8e Thailand re\u00fcnie in Koekelare Vakantiebeurs in Antwerpen 2008 7e Thailand re\u00fcnie in Wenduine","jetpack_sharing_enabled":true,"jetpack-related-posts":[{"id":1828,"url":"https:\/\/villa-anneloi.com\/home\/6e-thailand-reunie-in-belgie-op-21-april-2007\/","url_meta":{"origin":1758,"position":0},"title":"The DoMiSi krant 1 6e Thailand Reunie in Belgie op 21 april 2007","date":"4th March 2020","format":false,"excerpt":"Villa Anneloi 6e\u00a0Thailand\u00a0Reunie in Belgie op 21 april 2007 Ja, we zijn nog maar pas terug van Belgie en we hebben onze vliegtickets voor volgend jaar geboekt door dat er een goeie promotie was !\u00a0\u00a0Neen, dit is helemaal niet Thais, MAAR nu we met 4 komen, JA LOI KOMT MEE\u00a0VOLGEND\u2026","rel":"","context":"Similar post","img":{"alt_text":"","src":"","width":0,"height":0},"classes":[]},{"id":2089,"url":"https:\/\/villa-anneloi.com\/home\/8e-thailand-reunie-in-koekelare\/","url_meta":{"origin":1758,"position":1},"title":"Ontmoet ons in Belgie 8e Thailand reunie in Koekelare","date":"5th March 2020","format":false,"excerpt":"Villa Anneloi Verslagje 8ste Thailand re\u00fcnie Belgi\u00eb. In augustus 2009 hebben we een unieke re\u00fcnie gehouden voor alle gasten die reeds geweest zijn.\u00a0 Het was een super gezellige avond MET DEZE KEER het beloofde mooie Thaise weer.\u00a0 Loi was erbij en hij brengt steeds die warme zonnestralen mee !\u00a0 Zo\u2026","rel":"","context":"Similar post","img":{"alt_text":"","src":"","width":0,"height":0},"classes":[]},{"id":2091,"url":"https:\/\/villa-anneloi.com\/home\/9e-thailand-reunie-in-koekelare\/","url_meta":{"origin":1758,"position":2},"title":"Ontmoet ons in Belgie 9e Thailand reunie in Koekelare","date":"5th March 2020","format":false,"excerpt":"Villa Anneloi Verslagje 9e Thailand re\u00fcnie De 9e Thailand re\u00fcnie was weer een heerlijk succes !\u00a0\u00a0 We waren echt vereerd dat er weer zoveel mensen waren en we hadden echt een heerlijk gevoel aan het einde van de avond dat we jullie weer gezien hebben !\u00a0\u00a0 Er waren mensen die\u2026","rel":"","context":"Similar post","img":{"alt_text":"","src":"","width":0,"height":0},"classes":[]},{"id":2094,"url":"https:\/\/villa-anneloi.com\/home\/12e-thailand-reunie-in-roeselare\/","url_meta":{"origin":1758,"position":3},"title":"Ontmoet ons in Belgie 12e Thailand reunie in Roeselare","date":"5th March 2020","format":false,"excerpt":"Villa Anneloi VERSLAGJE van de 12e Thailand re\u00fcnie op 31 maart 2019 Ondanks we door omstandigheden de re\u00fcnie op een zondag moesten doen, was het weer een heerlijk weerzien van jullie allemaal. De meeste van onze anciens konden niet komen en dat was jammer. De volgende re\u00fcnie proberen we weer\u2026","rel":"","context":"Similar post","img":{"alt_text":"","src":"","width":0,"height":0},"classes":[]},{"id":2087,"url":"https:\/\/villa-anneloi.com\/home\/7e-thailand-reunie-in-wenduine\/","url_meta":{"origin":1758,"position":4},"title":"Ontmoet ons in Belgie 7e Thailand reunie in Wenduine","date":"5th March 2020","format":false,"excerpt":"Villa Anneloi Verslagje van de re\u00fcnie van 2008 in Belgi\u00eb.\u00a0Sawadieka !\u00a0\u00a0 Hier zijn we weer met onze Thaise groet !\u00a0Een klein verslagje van de laatste re\u00fcnie in Belgi\u00eb op 29 maart 2008.\u00a0Vooreerst willen we iedereen, die geweest is, bedanken en we waren heel blij iedereen weer eens terug te zien.\u00a0\u2026","rel":"","context":"Similar post","img":{"alt_text":"","src":"","width":0,"height":0},"classes":[]},{"id":2092,"url":"https:\/\/villa-anneloi.com\/home\/10e-thailand-reunie-in-koelare\/","url_meta":{"origin":1758,"position":5},"title":"Ontmoet ons in Belgie 10e Thailand reunie in Koekelare","date":"5th March 2020","format":false,"excerpt":"Villa Anneloi Verslagje 10e Thailand re\u00fcnie van 21 maart 2015: Wat was het heerlijk jullie allemaal weer te zien in Belgi\u00eb en sommigen reeds te leren kennen voor we jullie hier binnenkort mogen ontvangen ! \u00a0 \u00a0We hebben het deze keer ontzettend koud gehad in Belgi\u00eb, maar wat werd ons\u2026","rel":"","context":"Similar post","img":{"alt_text":"","src":"","width":0,"height":0},"classes":[]}],"jetpack_shortlink":"https:\/\/wp.me\/PbNARy-sm","_links":{"self":[{"href":"https:\/\/villa-anneloi.com\/home\/wp-json\/wp\/v2\/pages\/1758"}],"collection":[{"href":"https:\/\/villa-anneloi.com\/home\/wp-json\/wp\/v2\/pages"}],"about":[{"href":"https:\/\/villa-anneloi.com\/home\/wp-json\/wp\/v2\/types\/page"}],"author":[{"embeddable":true,"href":"https:\/\/villa-anneloi.com\/home\/wp-json\/wp\/v2\/users\/2"}],"replies":[{"embeddable":true,"href":"https:\/\/villa-anneloi.com\/home\/wp-json\/wp\/v2\/comments?post=1758"}],"version-history":[{"count":7,"href":"https:\/\/villa-anneloi.com\/home\/wp-json\/wp\/v2\/pages\/1758\/revisions"}],"predecessor-version":[{"id":2418,"href":"https:\/\/villa-anneloi.com\/home\/wp-json\/wp\/v2\/pages\/1758\/revisions\/2418"}],"wp:attachment":[{"href":"https:\/\/villa-anneloi.com\/home\/wp-json\/wp\/v2\/media?parent=1758"}],"curies":[{"name":"wp","href":"https:\/\/api.w.org\/{rel}","templated":true}]}}