{"id":2089,"date":"2020-03-05T18:21:44","date_gmt":"2020-03-05T11:21:44","guid":{"rendered":"https:\/\/villa-anneloi.com\/home\/?page_id=2089"},"modified":"2020-03-11T12:24:59","modified_gmt":"2020-03-11T05:24:59","slug":"8e-thailand-reunie-in-koekelare","status":"publish","type":"page","link":"https:\/\/villa-anneloi.com\/home\/8e-thailand-reunie-in-koekelare\/","title":{"rendered":"Ontmoet ons in Belgie 8e Thailand reunie in Koekelare"},"content":{"rendered":"\n<p style=\"color:#d09d1f\" class=\"has-text-color has-text-align-center has-huge-font-size\"><strong>Villa Anneloi<\/strong><\/p>\n\n\n\n<p> Verslagje 8ste Thailand re\u00fcnie Belgi\u00eb.<\/p>\n\n\n\n<p>In augustus 2009 hebben we een unieke re\u00fcnie gehouden voor alle gasten die reeds geweest zijn.\u00a0 Het was een super gezellige avond MET DEZE KEER het beloofde mooie Thaise weer.\u00a0 Loi was erbij en hij brengt steeds die warme zonnestralen mee !\u00a0 Zo konden we de Mai Tai cocktail buiten in het avondzonnetje opdrinken en vooral de kinderen vonden het heerlijk dat ze allemaal buiten konden spelen.<br>De Thaise organisatie in Koekelare heeft het schitterend voor ons georganiseerd en hebben lekkere Thaise hapjes voorzien!\u00a0\u00a0 DANK JE WEL !\u00a0<br>We waren vooral verrast door jullie opkomst en waren zo blij jullie weer eens te zien !\u00a0 Het zijn steeds korte gesprekken, maar de Thaise sfeer was er helemaal en we voelden ons echt gelukkig met alle gasten rondom ons.\u00a0\u00a0<br>We hopen dat het de volgende keer weer zo leuk wordt !\u00a0\u00a0<\/p>\n\n\n\n<p>&nbsp;A smile from Thailand, Anneloi &amp; kids <\/p>\n\n\n\n<p class=\"has-text-align-center\"><strong><a href=\"https:\/\/villa-anneloi.com\/home\/bolg\/\"> <\/a><\/strong><\/p>\n\n\n\n<p><\/p>\n\n\n\n<p><\/p>\n","protected":false},"excerpt":{"rendered":"<p>Villa Anneloi Verslagje 8ste Thailand re\u00fcnie Belgi\u00eb. In augustus 2009 hebben we een unieke re\u00fcnie gehouden voor alle gasten die reeds geweest zijn.\u00a0 Het was een super gezellige avond MET DEZE KEER het beloofde mooie Thaise weer.\u00a0 Loi was erbij en hij brengt steeds die warme zonnestralen mee !\u00a0 Zo konden we de Mai Tai &#8230; <a title=\"Ontmoet ons in Belgie 8e Thailand reunie in Koekelare\" class=\"read-more\" href=\"https:\/\/villa-anneloi.com\/home\/8e-thailand-reunie-in-koekelare\/\" aria-label=\"More on Ontmoet ons in Belgie 8e Thailand reunie in Koekelare\">Read more<\/a><\/p>\n","protected":false},"author":2,"featured_media":0,"parent":0,"menu_order":0,"comment_status":"closed","ping_status":"closed","template":"","meta":{"_uag_custom_page_level_css":""},"yoast_head":"<!-- This site is optimized with the Yoast SEO plugin v19.12 - https:\/\/yoast.com\/wordpress\/plugins\/seo\/ -->\n<title>Ontmoet ons in Belgie 8e Thailand reunie in Koekelare - Villa-anneloi.com - Feel at home, Far from home.<\/title>\n<meta name=\"robots\" content=\"index, follow, max-snippet:-1, max-image-preview:large, max-video-preview:-1\" \/>\n<link rel=\"canonical\" href=\"https:\/\/villa-anneloi.com\/home\/8e-thailand-reunie-in-koekelare\/\" \/>\n<meta property=\"og:locale\" content=\"en_US\" \/>\n<meta property=\"og:type\" content=\"article\" \/>\n<meta property=\"og:title\" content=\"Ontmoet ons in Belgie 8e Thailand reunie in Koekelare - Villa-anneloi.com - Feel at home, Far from home.\" \/>\n<meta property=\"og:description\" content=\"Villa Anneloi Verslagje 8ste Thailand re\u00fcnie Belgi\u00eb. In augustus 2009 hebben we een unieke re\u00fcnie gehouden voor alle gasten die reeds geweest zijn.\u00a0 Het was een super gezellige avond MET DEZE KEER het beloofde mooie Thaise weer.\u00a0 Loi was erbij en hij brengt steeds die warme zonnestralen mee !\u00a0 Zo konden we de Mai Tai ... Read more\" \/>\n<meta property=\"og:url\" content=\"https:\/\/villa-anneloi.com\/home\/8e-thailand-reunie-in-koekelare\/\" \/>\n<meta property=\"og:site_name\" content=\"Villa-anneloi.com - Feel at home, Far from home.\" \/>\n<meta property=\"article:modified_time\" content=\"2020-03-11T05:24:59+00:00\" \/>\n<meta name=\"twitter:card\" content=\"summary_large_image\" \/>\n<meta name=\"twitter:label1\" content=\"Est. reading time\" \/>\n\t<meta name=\"twitter:data1\" content=\"1 minute\" \/>\n<script type=\"application\/ld+json\" class=\"yoast-schema-graph\">{\"@context\":\"https:\/\/schema.org\",\"@graph\":[{\"@type\":\"WebPage\",\"@id\":\"https:\/\/villa-anneloi.com\/home\/8e-thailand-reunie-in-koekelare\/\",\"url\":\"https:\/\/villa-anneloi.com\/home\/8e-thailand-reunie-in-koekelare\/\",\"name\":\"Ontmoet ons in Belgie 8e Thailand reunie in Koekelare - Villa-anneloi.com - Feel at home, Far from home.\",\"isPartOf\":{\"@id\":\"https:\/\/villa-anneloi.com\/home\/#website\"},\"datePublished\":\"2020-03-05T11:21:44+00:00\",\"dateModified\":\"2020-03-11T05:24:59+00:00\",\"breadcrumb\":{\"@id\":\"https:\/\/villa-anneloi.com\/home\/8e-thailand-reunie-in-koekelare\/#breadcrumb\"},\"inLanguage\":\"en-US\",\"potentialAction\":[{\"@type\":\"ReadAction\",\"target\":[\"https:\/\/villa-anneloi.com\/home\/8e-thailand-reunie-in-koekelare\/\"]}]},{\"@type\":\"BreadcrumbList\",\"@id\":\"https:\/\/villa-anneloi.com\/home\/8e-thailand-reunie-in-koekelare\/#breadcrumb\",\"itemListElement\":[{\"@type\":\"ListItem\",\"position\":1,\"name\":\"Home\",\"item\":\"https:\/\/villa-anneloi.com\/home\/\"},{\"@type\":\"ListItem\",\"position\":2,\"name\":\"Ontmoet ons in Belgie 8e Thailand reunie in Koekelare\"}]},{\"@type\":\"WebSite\",\"@id\":\"https:\/\/villa-anneloi.com\/home\/#website\",\"url\":\"https:\/\/villa-anneloi.com\/home\/\",\"name\":\"Villa-anneloi.com - Feel at home, Far from home.\",\"description\":\"chiangmai province guesthouse, chiang mai guesthouse, chiang mai, thailand, guesthouse, villa-anneloi guesthouse, guesthouse, chiang mai travel, chiang mai tour, chiang mai trekking, rafting, chiang mai tour agent, thailand, trekking, bamboo rafting, elephant riding, caving, canoeing, kantoke dinner, t-rex-house\",\"potentialAction\":[{\"@type\":\"SearchAction\",\"target\":{\"@type\":\"EntryPoint\",\"urlTemplate\":\"https:\/\/villa-anneloi.com\/home\/?s={search_term_string}\"},\"query-input\":\"required name=search_term_string\"}],\"inLanguage\":\"en-US\"}]}<\/script>\n<!-- \/ Yoast SEO plugin. -->","yoast_head_json":{"title":"Ontmoet ons in Belgie 8e Thailand reunie in Koekelare - Villa-anneloi.com - Feel at home, Far from home.","robots":{"index":"index","follow":"follow","max-snippet":"max-snippet:-1","max-image-preview":"max-image-preview:large","max-video-preview":"max-video-preview:-1"},"canonical":"https:\/\/villa-anneloi.com\/home\/8e-thailand-reunie-in-koekelare\/","og_locale":"en_US","og_type":"article","og_title":"Ontmoet ons in Belgie 8e Thailand reunie in Koekelare - Villa-anneloi.com - Feel at home, Far from home.","og_description":"Villa Anneloi Verslagje 8ste Thailand re\u00fcnie Belgi\u00eb. In augustus 2009 hebben we een unieke re\u00fcnie gehouden voor alle gasten die reeds geweest zijn.\u00a0 Het was een super gezellige avond MET DEZE KEER het beloofde mooie Thaise weer.\u00a0 Loi was erbij en hij brengt steeds die warme zonnestralen mee !\u00a0 Zo konden we de Mai Tai ... Read more","og_url":"https:\/\/villa-anneloi.com\/home\/8e-thailand-reunie-in-koekelare\/","og_site_name":"Villa-anneloi.com - Feel at home, Far from home.","article_modified_time":"2020-03-11T05:24:59+00:00","twitter_card":"summary_large_image","twitter_misc":{"Est. reading time":"1 minute"},"schema":{"@context":"https:\/\/schema.org","@graph":[{"@type":"WebPage","@id":"https:\/\/villa-anneloi.com\/home\/8e-thailand-reunie-in-koekelare\/","url":"https:\/\/villa-anneloi.com\/home\/8e-thailand-reunie-in-koekelare\/","name":"Ontmoet ons in Belgie 8e Thailand reunie in Koekelare - Villa-anneloi.com - Feel at home, Far from home.","isPartOf":{"@id":"https:\/\/villa-anneloi.com\/home\/#website"},"datePublished":"2020-03-05T11:21:44+00:00","dateModified":"2020-03-11T05:24:59+00:00","breadcrumb":{"@id":"https:\/\/villa-anneloi.com\/home\/8e-thailand-reunie-in-koekelare\/#breadcrumb"},"inLanguage":"en-US","potentialAction":[{"@type":"ReadAction","target":["https:\/\/villa-anneloi.com\/home\/8e-thailand-reunie-in-koekelare\/"]}]},{"@type":"BreadcrumbList","@id":"https:\/\/villa-anneloi.com\/home\/8e-thailand-reunie-in-koekelare\/#breadcrumb","itemListElement":[{"@type":"ListItem","position":1,"name":"Home","item":"https:\/\/villa-anneloi.com\/home\/"},{"@type":"ListItem","position":2,"name":"Ontmoet ons in Belgie 8e Thailand reunie in Koekelare"}]},{"@type":"WebSite","@id":"https:\/\/villa-anneloi.com\/home\/#website","url":"https:\/\/villa-anneloi.com\/home\/","name":"Villa-anneloi.com - Feel at home, Far from home.","description":"chiangmai province guesthouse, chiang mai guesthouse, chiang mai, thailand, guesthouse, villa-anneloi guesthouse, guesthouse, chiang mai travel, chiang mai tour, chiang mai trekking, rafting, chiang mai tour agent, thailand, trekking, bamboo rafting, elephant riding, caving, canoeing, kantoke dinner, t-rex-house","potentialAction":[{"@type":"SearchAction","target":{"@type":"EntryPoint","urlTemplate":"https:\/\/villa-anneloi.com\/home\/?s={search_term_string}"},"query-input":"required name=search_term_string"}],"inLanguage":"en-US"}]}},"uagb_featured_image_src":{"full":false,"thumbnail":false,"medium":false,"medium_large":false,"large":false,"1536x1536":false,"2048x2048":false},"uagb_author_info":{"display_name":"Anneloi","author_link":"https:\/\/villa-anneloi.com\/home\/author\/manager\/"},"uagb_comment_info":0,"uagb_excerpt":"Villa Anneloi Verslagje 8ste Thailand re\u00fcnie Belgi\u00eb. In augustus 2009 hebben we een unieke re\u00fcnie gehouden voor alle gasten die reeds geweest zijn.\u00a0 Het was een super gezellige avond MET DEZE KEER het beloofde mooie Thaise weer.\u00a0 Loi was erbij en hij brengt steeds die warme zonnestralen mee !\u00a0 Zo konden we de Mai Tai&hellip;","jetpack_sharing_enabled":true,"jetpack-related-posts":[{"id":2091,"url":"https:\/\/villa-anneloi.com\/home\/9e-thailand-reunie-in-koekelare\/","url_meta":{"origin":2089,"position":0},"title":"Ontmoet ons in Belgie 9e Thailand reunie in Koekelare","date":"5th March 2020","format":false,"excerpt":"Villa Anneloi Verslagje 9e Thailand re\u00fcnie De 9e Thailand re\u00fcnie was weer een heerlijk succes !\u00a0\u00a0 We waren echt vereerd dat er weer zoveel mensen waren en we hadden echt een heerlijk gevoel aan het einde van de avond dat we jullie weer gezien hebben !\u00a0\u00a0 Er waren mensen die\u2026","rel":"","context":"Similar post","img":{"alt_text":"","src":"","width":0,"height":0},"classes":[]},{"id":2092,"url":"https:\/\/villa-anneloi.com\/home\/10e-thailand-reunie-in-koelare\/","url_meta":{"origin":2089,"position":1},"title":"Ontmoet ons in Belgie 10e Thailand reunie in Koekelare","date":"5th March 2020","format":false,"excerpt":"Villa Anneloi Verslagje 10e Thailand re\u00fcnie van 21 maart 2015: Wat was het heerlijk jullie allemaal weer te zien in Belgi\u00eb en sommigen reeds te leren kennen voor we jullie hier binnenkort mogen ontvangen ! \u00a0 \u00a0We hebben het deze keer ontzettend koud gehad in Belgi\u00eb, maar wat werd ons\u2026","rel":"","context":"Similar post","img":{"alt_text":"","src":"","width":0,"height":0},"classes":[]},{"id":2093,"url":"https:\/\/villa-anneloi.com\/home\/11e-thailand-reunie-in-torhout\/","url_meta":{"origin":2089,"position":2},"title":"Ontmoet ons in Belgie 11e Thailand reunie in Torhout","date":"5th March 2020","format":false,"excerpt":"Villa Anneloi Sawadieka !\u00a0Een overwelmende dank je wel om van de 11e Thailand re\u00fcnie op 6 mei 2017 weer een heerlijk succes te maken ! \u00a0\u00a0Dank je wel aan Thai Smile voor de organisatie ! \u00a0 Het was weer top... de hapjes waar echt op zijn Thais, (=wat trager) maar\u2026","rel":"","context":"Similar post","img":{"alt_text":"","src":"","width":0,"height":0},"classes":[]},{"id":2087,"url":"https:\/\/villa-anneloi.com\/home\/7e-thailand-reunie-in-wenduine\/","url_meta":{"origin":2089,"position":3},"title":"Ontmoet ons in Belgie 7e Thailand reunie in Wenduine","date":"5th March 2020","format":false,"excerpt":"Villa Anneloi Verslagje van de re\u00fcnie van 2008 in Belgi\u00eb.\u00a0Sawadieka !\u00a0\u00a0 Hier zijn we weer met onze Thaise groet !\u00a0Een klein verslagje van de laatste re\u00fcnie in Belgi\u00eb op 29 maart 2008.\u00a0Vooreerst willen we iedereen, die geweest is, bedanken en we waren heel blij iedereen weer eens terug te zien.\u00a0\u2026","rel":"","context":"Similar post","img":{"alt_text":"","src":"","width":0,"height":0},"classes":[]},{"id":2094,"url":"https:\/\/villa-anneloi.com\/home\/12e-thailand-reunie-in-roeselare\/","url_meta":{"origin":2089,"position":4},"title":"Ontmoet ons in Belgie 12e Thailand reunie in Roeselare","date":"5th March 2020","format":false,"excerpt":"Villa Anneloi VERSLAGJE van de 12e Thailand re\u00fcnie op 31 maart 2019 Ondanks we door omstandigheden de re\u00fcnie op een zondag moesten doen, was het weer een heerlijk weerzien van jullie allemaal. De meeste van onze anciens konden niet komen en dat was jammer. De volgende re\u00fcnie proberen we weer\u2026","rel":"","context":"Similar post","img":{"alt_text":"","src":"","width":0,"height":0},"classes":[]},{"id":2009,"url":"https:\/\/villa-anneloi.com\/home\/gebeurtenissen-van-de-afgelopen-maanden-10\/","url_meta":{"origin":2089,"position":5},"title":"The DoMiSi krant 10 Gebeurtenissen van de afgelopen maanden","date":"5th March 2020","format":false,"excerpt":"Villa Anneloi The DoMiSi krant 3 Gebeurtenissen van de afgelopen maanden. Onze avonturen: Aangezien we reeds een aantal maanden uitgebleven zijn met nieuws,\u00a0\u00a0delen we de rubrieken deze keer in maanden op.\u00a0 MAART: Sikko 3 maanden oud !\u00a0 Einde schooljaar. Milo is de laatste maand in de peuterklas heel flink geweest.\u00a0\u00a0De\u2026","rel":"","context":"Similar post","img":{"alt_text":"","src":"https:\/\/i0.wp.com\/www.villa-anneloi.com\/de\/images\/Sikkomaart08.jpg?resize=350%2C200","width":350,"height":200},"classes":[]}],"jetpack_shortlink":"https:\/\/wp.me\/PbNARy-xH","_links":{"self":[{"href":"https:\/\/villa-anneloi.com\/home\/wp-json\/wp\/v2\/pages\/2089"}],"collection":[{"href":"https:\/\/villa-anneloi.com\/home\/wp-json\/wp\/v2\/pages"}],"about":[{"href":"https:\/\/villa-anneloi.com\/home\/wp-json\/wp\/v2\/types\/page"}],"author":[{"embeddable":true,"href":"https:\/\/villa-anneloi.com\/home\/wp-json\/wp\/v2\/users\/2"}],"replies":[{"embeddable":true,"href":"https:\/\/villa-anneloi.com\/home\/wp-json\/wp\/v2\/comments?post=2089"}],"version-history":[{"count":4,"href":"https:\/\/villa-anneloi.com\/home\/wp-json\/wp\/v2\/pages\/2089\/revisions"}],"predecessor-version":[{"id":2287,"href":"https:\/\/villa-anneloi.com\/home\/wp-json\/wp\/v2\/pages\/2089\/revisions\/2287"}],"wp:attachment":[{"href":"https:\/\/villa-anneloi.com\/home\/wp-json\/wp\/v2\/media?parent=2089"}],"curies":[{"name":"wp","href":"https:\/\/api.w.org\/{rel}","templated":true}]}}