{"id":2092,"date":"2020-03-05T18:21:59","date_gmt":"2020-03-05T11:21:59","guid":{"rendered":"https:\/\/villa-anneloi.com\/home\/?page_id=2092"},"modified":"2022-05-08T16:35:56","modified_gmt":"2022-05-08T09:35:56","slug":"10e-thailand-reunie-in-koelare","status":"publish","type":"page","link":"https:\/\/villa-anneloi.com\/home\/10e-thailand-reunie-in-koelare\/","title":{"rendered":"Ontmoet ons in Belgie 10e Thailand reunie in Koekelare"},"content":{"rendered":"\n<p class=\"has-text-align-center has-text-color has-huge-font-size\" style=\"color:#d09d1f\"><strong>Villa Anneloi<\/strong><\/p>\n\n\n\n<p>                        <strong>Verslagje 10e Thailand re<\/strong>\u00fc<strong>nie van 21 maart 2015:<\/strong><\/p>\n\n\n\n<p><br>Wat was het heerlijk jullie allemaal weer te zien in Belgi\u00eb en sommigen reeds te leren kennen voor we jullie hier binnenkort mogen ontvangen ! &nbsp; &nbsp;We hebben het deze keer ontzettend koud gehad in Belgi\u00eb, maar wat werd ons hartje &nbsp;lekker verwarmd, door de enorme opkomst van jullie allemaal en hebben we ons echt geamuseerd ! &nbsp;We waren met meer dan 150 mensen ! &nbsp; EN toch voelden we deze keer dat we met iedereen een kleine babbel hebben kunnen maken. &nbsp; &nbsp;               De zaal, het eten en dranken en alle andere organisatie was echt perfect gedaan door de lieve vrijwilligers van de Thaise verening van Koekelare ! &nbsp;EEN DIKKE DANK JE WEL WEER !&nbsp;&nbsp;Ook Loi heeft er enorm van genoten en sprak zelfs om volgende jaar weer mee te komen !!! &nbsp; We houden jullie op de hoogte !!! &nbsp;<br>Milo was de fotograaf van dienst, maar is pas beginnen foto&#8217;s maken als al heel wat mensen naar huis waren&#8230; sorry voor diegenen die er niet opstaan ! &nbsp;<\/p>\n\n\n\n<p><\/p>\n\n\n\n<figure class=\"wp-block-image\"><img decoding=\"async\" src=\"http:\/\/www.villa-anneloi.com\/bb\/de\/images\/1798688_10153300512119767_6227350112080922380_n.jpg\" alt=\"\"\/><\/figure>\n\n\n\n<figure class=\"wp-block-image\"><img decoding=\"async\" src=\"http:\/\/www.villa-anneloi.com\/bb\/de\/images\/10171827_10153300511584767_1925948646410566320_n.jpg\" alt=\"\"\/><\/figure>\n\n\n\n<figure class=\"wp-block-image\"><img decoding=\"async\" src=\"http:\/\/www.villa-anneloi.com\/bb\/de\/images\/10366197_10153300511594767_6311400214941129040_n.jpg\" alt=\"\"\/><\/figure>\n\n\n\n<figure class=\"wp-block-image\"><img decoding=\"async\" src=\"http:\/\/www.villa-anneloi.com\/bb\/de\/images\/11124594_10153300514319767_4665574505934110559_n.jpg\" alt=\"\"\/><\/figure>\n\n\n\n<figure class=\"wp-block-image\"><img decoding=\"async\" src=\"http:\/\/www.villa-anneloi.com\/bb\/de\/images\/11146534_10153300512069767_6493050639567032640_n.jpg\" alt=\"\"\/><\/figure>\n\n\n\n<figure class=\"wp-block-image\"><img decoding=\"async\" src=\"http:\/\/www.villa-anneloi.com\/bb\/de\/images\/11137115_10153300512614767_6017180368024324588_n.jpg\" alt=\"\"\/><\/figure>\n\n\n\n<figure class=\"wp-block-image\"><img decoding=\"async\" src=\"http:\/\/www.villa-anneloi.com\/bb\/de\/images\/11156161_10153300512579767_7038303900189138972_n.jpg\" alt=\"\"\/><\/figure>\n\n\n\n<figure class=\"wp-block-image\"><img decoding=\"async\" src=\"http:\/\/www.villa-anneloi.com\/bb\/de\/images\/11160565_10153300512139767_7858671306559804418_n.jpg\" alt=\"\"\/><\/figure>\n\n\n\n<figure class=\"wp-block-image\"><img decoding=\"async\" src=\"http:\/\/www.villa-anneloi.com\/bb\/de\/images\/11161348_10153300513424767_5583890708647486798_n.jpg\" alt=\"\"\/><\/figure>\n\n\n\n<figure class=\"wp-block-image\"><img decoding=\"async\" src=\"http:\/\/www.villa-anneloi.com\/bb\/de\/images\/11162512_10153300514624767_5586662353418587131_n.jpg\" alt=\"\"\/><\/figure>\n\n\n\n<figure class=\"wp-block-image\"><img decoding=\"async\" src=\"http:\/\/www.villa-anneloi.com\/bb\/de\/images\/11169991_10153300513229767_4433998231140225058_n.jpg\" alt=\"\"\/><\/figure>\n\n\n\n<figure class=\"wp-block-image\"><img decoding=\"async\" src=\"http:\/\/www.villa-anneloi.com\/bb\/de\/images\/11179959_10153300513774767_107965704442503122_n.jpg\" alt=\"\"\/><\/figure>\n\n\n\n<figure class=\"wp-block-image\"><img decoding=\"async\" src=\"http:\/\/www.villa-anneloi.com\/bb\/de\/images\/11181563_10153300512609767_2322053406332677368_n.jpg\" alt=\"\"\/><\/figure>\n\n\n\n<figure class=\"wp-block-image\"><img decoding=\"async\" src=\"http:\/\/www.villa-anneloi.com\/bb\/de\/images\/11182088_10153300514404767_8522638142204483275_n.jpg\" alt=\"\"\/><\/figure>\n\n\n\n<p>In &nbsp;een mailtje, gekregen van de Thaise organisatie in Koekelare, staat de opbrengst van de avond te horen (lezen)&#8230;&nbsp;<\/p>\n\n\n\n<p><br>We kopieren&#8221;<\/p>\n\n\n\n<p>&#8221; Met trots kan ik u melden dat er in totaal 1809 euro winst was. Dat wil dus zeggen dat elk project dus 603 euro krijgt.<br>de drie projecten zijn:<br>&#8211; project issaan. het educatief project in de streek van Nongkhai;<br>&#8211; het aids project eveneens onder beheer van de Good Shepherd Sisters,<br>&#8211; het ziekenhuisproject in Ban Kadaad (streek van Surin) &#8220;<\/p>\n\n\n\n<p>DANK JE WEL ALLEMAAL !!! <\/p>\n\n\n\n<p class=\"has-text-align-center\"><strong><a href=\"https:\/\/villa-anneloi.com\/home\/bolg\/\"> <\/a><\/strong><\/p>\n","protected":false},"excerpt":{"rendered":"<p>Villa Anneloi Verslagje 10e Thailand re\u00fcnie van 21 maart 2015: Wat was het heerlijk jullie allemaal weer te zien in Belgi\u00eb en sommigen reeds te leren kennen voor we jullie hier binnenkort mogen ontvangen ! &nbsp; &nbsp;We hebben het deze keer ontzettend koud gehad in Belgi\u00eb, maar wat werd ons hartje &nbsp;lekker verwarmd, door de &#8230; <a title=\"Ontmoet ons in Belgie 10e Thailand reunie in Koekelare\" class=\"read-more\" href=\"https:\/\/villa-anneloi.com\/home\/10e-thailand-reunie-in-koelare\/\" aria-label=\"More on Ontmoet ons in Belgie 10e Thailand reunie in Koekelare\">Read more<\/a><\/p>\n","protected":false},"author":2,"featured_media":0,"parent":0,"menu_order":0,"comment_status":"closed","ping_status":"closed","template":"","meta":{"_uag_custom_page_level_css":""},"yoast_head":"<!-- This site is optimized with the Yoast SEO plugin v19.12 - https:\/\/yoast.com\/wordpress\/plugins\/seo\/ -->\n<title>Ontmoet ons in Belgie 10e Thailand reunie in Koekelare - Villa-anneloi.com - Feel at home, Far from home.<\/title>\n<meta name=\"robots\" content=\"index, follow, max-snippet:-1, max-image-preview:large, max-video-preview:-1\" \/>\n<link rel=\"canonical\" href=\"https:\/\/villa-anneloi.com\/home\/10e-thailand-reunie-in-koelare\/\" \/>\n<meta property=\"og:locale\" content=\"en_US\" \/>\n<meta property=\"og:type\" content=\"article\" \/>\n<meta property=\"og:title\" content=\"Ontmoet ons in Belgie 10e Thailand reunie in Koekelare - Villa-anneloi.com - Feel at home, Far from home.\" \/>\n<meta property=\"og:description\" content=\"Villa Anneloi Verslagje 10e Thailand re\u00fcnie van 21 maart 2015: Wat was het heerlijk jullie allemaal weer te zien in Belgi\u00eb en sommigen reeds te leren kennen voor we jullie hier binnenkort mogen ontvangen ! &nbsp; &nbsp;We hebben het deze keer ontzettend koud gehad in Belgi\u00eb, maar wat werd ons hartje &nbsp;lekker verwarmd, door de ... Read more\" \/>\n<meta property=\"og:url\" content=\"https:\/\/villa-anneloi.com\/home\/10e-thailand-reunie-in-koelare\/\" \/>\n<meta property=\"og:site_name\" content=\"Villa-anneloi.com - Feel at home, Far from home.\" \/>\n<meta property=\"article:modified_time\" content=\"2022-05-08T09:35:56+00:00\" \/>\n<meta property=\"og:image\" content=\"http:\/\/www.villa-anneloi.com\/bb\/de\/images\/1798688_10153300512119767_6227350112080922380_n.jpg\" \/>\n<meta name=\"twitter:card\" content=\"summary_large_image\" \/>\n<meta name=\"twitter:label1\" content=\"Est. reading time\" \/>\n\t<meta name=\"twitter:data1\" content=\"4 minutes\" \/>\n<script type=\"application\/ld+json\" class=\"yoast-schema-graph\">{\"@context\":\"https:\/\/schema.org\",\"@graph\":[{\"@type\":\"WebPage\",\"@id\":\"https:\/\/villa-anneloi.com\/home\/10e-thailand-reunie-in-koelare\/\",\"url\":\"https:\/\/villa-anneloi.com\/home\/10e-thailand-reunie-in-koelare\/\",\"name\":\"Ontmoet ons in Belgie 10e Thailand reunie in Koekelare - Villa-anneloi.com - Feel at home, Far from home.\",\"isPartOf\":{\"@id\":\"https:\/\/villa-anneloi.com\/home\/#website\"},\"datePublished\":\"2020-03-05T11:21:59+00:00\",\"dateModified\":\"2022-05-08T09:35:56+00:00\",\"breadcrumb\":{\"@id\":\"https:\/\/villa-anneloi.com\/home\/10e-thailand-reunie-in-koelare\/#breadcrumb\"},\"inLanguage\":\"en-US\",\"potentialAction\":[{\"@type\":\"ReadAction\",\"target\":[\"https:\/\/villa-anneloi.com\/home\/10e-thailand-reunie-in-koelare\/\"]}]},{\"@type\":\"BreadcrumbList\",\"@id\":\"https:\/\/villa-anneloi.com\/home\/10e-thailand-reunie-in-koelare\/#breadcrumb\",\"itemListElement\":[{\"@type\":\"ListItem\",\"position\":1,\"name\":\"Home\",\"item\":\"https:\/\/villa-anneloi.com\/home\/\"},{\"@type\":\"ListItem\",\"position\":2,\"name\":\"Ontmoet ons in Belgie 10e Thailand reunie in Koekelare\"}]},{\"@type\":\"WebSite\",\"@id\":\"https:\/\/villa-anneloi.com\/home\/#website\",\"url\":\"https:\/\/villa-anneloi.com\/home\/\",\"name\":\"Villa-anneloi.com - Feel at home, Far from home.\",\"description\":\"chiangmai province guesthouse, chiang mai guesthouse, chiang mai, thailand, guesthouse, villa-anneloi guesthouse, guesthouse, chiang mai travel, chiang mai tour, chiang mai trekking, rafting, chiang mai tour agent, thailand, trekking, bamboo rafting, elephant riding, caving, canoeing, kantoke dinner, t-rex-house\",\"potentialAction\":[{\"@type\":\"SearchAction\",\"target\":{\"@type\":\"EntryPoint\",\"urlTemplate\":\"https:\/\/villa-anneloi.com\/home\/?s={search_term_string}\"},\"query-input\":\"required name=search_term_string\"}],\"inLanguage\":\"en-US\"}]}<\/script>\n<!-- \/ Yoast SEO plugin. -->","yoast_head_json":{"title":"Ontmoet ons in Belgie 10e Thailand reunie in Koekelare - Villa-anneloi.com - Feel at home, Far from home.","robots":{"index":"index","follow":"follow","max-snippet":"max-snippet:-1","max-image-preview":"max-image-preview:large","max-video-preview":"max-video-preview:-1"},"canonical":"https:\/\/villa-anneloi.com\/home\/10e-thailand-reunie-in-koelare\/","og_locale":"en_US","og_type":"article","og_title":"Ontmoet ons in Belgie 10e Thailand reunie in Koekelare - Villa-anneloi.com - Feel at home, Far from home.","og_description":"Villa Anneloi Verslagje 10e Thailand re\u00fcnie van 21 maart 2015: Wat was het heerlijk jullie allemaal weer te zien in Belgi\u00eb en sommigen reeds te leren kennen voor we jullie hier binnenkort mogen ontvangen ! &nbsp; &nbsp;We hebben het deze keer ontzettend koud gehad in Belgi\u00eb, maar wat werd ons hartje &nbsp;lekker verwarmd, door de ... Read more","og_url":"https:\/\/villa-anneloi.com\/home\/10e-thailand-reunie-in-koelare\/","og_site_name":"Villa-anneloi.com - Feel at home, Far from home.","article_modified_time":"2022-05-08T09:35:56+00:00","og_image":[{"url":"http:\/\/www.villa-anneloi.com\/bb\/de\/images\/1798688_10153300512119767_6227350112080922380_n.jpg"}],"twitter_card":"summary_large_image","twitter_misc":{"Est. reading time":"4 minutes"},"schema":{"@context":"https:\/\/schema.org","@graph":[{"@type":"WebPage","@id":"https:\/\/villa-anneloi.com\/home\/10e-thailand-reunie-in-koelare\/","url":"https:\/\/villa-anneloi.com\/home\/10e-thailand-reunie-in-koelare\/","name":"Ontmoet ons in Belgie 10e Thailand reunie in Koekelare - Villa-anneloi.com - Feel at home, Far from home.","isPartOf":{"@id":"https:\/\/villa-anneloi.com\/home\/#website"},"datePublished":"2020-03-05T11:21:59+00:00","dateModified":"2022-05-08T09:35:56+00:00","breadcrumb":{"@id":"https:\/\/villa-anneloi.com\/home\/10e-thailand-reunie-in-koelare\/#breadcrumb"},"inLanguage":"en-US","potentialAction":[{"@type":"ReadAction","target":["https:\/\/villa-anneloi.com\/home\/10e-thailand-reunie-in-koelare\/"]}]},{"@type":"BreadcrumbList","@id":"https:\/\/villa-anneloi.com\/home\/10e-thailand-reunie-in-koelare\/#breadcrumb","itemListElement":[{"@type":"ListItem","position":1,"name":"Home","item":"https:\/\/villa-anneloi.com\/home\/"},{"@type":"ListItem","position":2,"name":"Ontmoet ons in Belgie 10e Thailand reunie in Koekelare"}]},{"@type":"WebSite","@id":"https:\/\/villa-anneloi.com\/home\/#website","url":"https:\/\/villa-anneloi.com\/home\/","name":"Villa-anneloi.com - Feel at home, Far from home.","description":"chiangmai province guesthouse, chiang mai guesthouse, chiang mai, thailand, guesthouse, villa-anneloi guesthouse, guesthouse, chiang mai travel, chiang mai tour, chiang mai trekking, rafting, chiang mai tour agent, thailand, trekking, bamboo rafting, elephant riding, caving, canoeing, kantoke dinner, t-rex-house","potentialAction":[{"@type":"SearchAction","target":{"@type":"EntryPoint","urlTemplate":"https:\/\/villa-anneloi.com\/home\/?s={search_term_string}"},"query-input":"required name=search_term_string"}],"inLanguage":"en-US"}]}},"uagb_featured_image_src":{"full":false,"thumbnail":false,"medium":false,"medium_large":false,"large":false,"1536x1536":false,"2048x2048":false},"uagb_author_info":{"display_name":"Anneloi","author_link":"https:\/\/villa-anneloi.com\/home\/author\/manager\/"},"uagb_comment_info":0,"uagb_excerpt":"Villa Anneloi Verslagje 10e Thailand re\u00fcnie van 21 maart 2015: Wat was het heerlijk jullie allemaal weer te zien in Belgi\u00eb en sommigen reeds te leren kennen voor we jullie hier binnenkort mogen ontvangen ! &nbsp; &nbsp;We hebben het deze keer ontzettend koud gehad in Belgi\u00eb, maar wat werd ons hartje &nbsp;lekker verwarmd, door de&hellip;","jetpack_sharing_enabled":true,"jetpack-related-posts":[{"id":2089,"url":"https:\/\/villa-anneloi.com\/home\/8e-thailand-reunie-in-koekelare\/","url_meta":{"origin":2092,"position":0},"title":"Ontmoet ons in Belgie 8e Thailand reunie in Koekelare","date":"5th March 2020","format":false,"excerpt":"Villa Anneloi Verslagje 8ste Thailand re\u00fcnie Belgi\u00eb. In augustus 2009 hebben we een unieke re\u00fcnie gehouden voor alle gasten die reeds geweest zijn.\u00a0 Het was een super gezellige avond MET DEZE KEER het beloofde mooie Thaise weer.\u00a0 Loi was erbij en hij brengt steeds die warme zonnestralen mee !\u00a0 Zo\u2026","rel":"","context":"Similar post","img":{"alt_text":"","src":"","width":0,"height":0},"classes":[]},{"id":2091,"url":"https:\/\/villa-anneloi.com\/home\/9e-thailand-reunie-in-koekelare\/","url_meta":{"origin":2092,"position":1},"title":"Ontmoet ons in Belgie 9e Thailand reunie in Koekelare","date":"5th March 2020","format":false,"excerpt":"Villa Anneloi Verslagje 9e Thailand re\u00fcnie De 9e Thailand re\u00fcnie was weer een heerlijk succes !\u00a0\u00a0 We waren echt vereerd dat er weer zoveel mensen waren en we hadden echt een heerlijk gevoel aan het einde van de avond dat we jullie weer gezien hebben !\u00a0\u00a0 Er waren mensen die\u2026","rel":"","context":"Similar post","img":{"alt_text":"","src":"","width":0,"height":0},"classes":[]},{"id":2094,"url":"https:\/\/villa-anneloi.com\/home\/12e-thailand-reunie-in-roeselare\/","url_meta":{"origin":2092,"position":2},"title":"Ontmoet ons in Belgie 12e Thailand reunie in Roeselare","date":"5th March 2020","format":false,"excerpt":"Villa Anneloi VERSLAGJE van de 12e Thailand re\u00fcnie op 31 maart 2019 Ondanks we door omstandigheden de re\u00fcnie op een zondag moesten doen, was het weer een heerlijk weerzien van jullie allemaal. De meeste van onze anciens konden niet komen en dat was jammer. De volgende re\u00fcnie proberen we weer\u2026","rel":"","context":"Similar post","img":{"alt_text":"","src":"","width":0,"height":0},"classes":[]},{"id":2093,"url":"https:\/\/villa-anneloi.com\/home\/11e-thailand-reunie-in-torhout\/","url_meta":{"origin":2092,"position":3},"title":"Ontmoet ons in Belgie 11e Thailand reunie in Torhout","date":"5th March 2020","format":false,"excerpt":"Villa Anneloi Sawadieka !\u00a0Een overwelmende dank je wel om van de 11e Thailand re\u00fcnie op 6 mei 2017 weer een heerlijk succes te maken ! \u00a0\u00a0Dank je wel aan Thai Smile voor de organisatie ! \u00a0 Het was weer top... de hapjes waar echt op zijn Thais, (=wat trager) maar\u2026","rel":"","context":"Similar post","img":{"alt_text":"","src":"","width":0,"height":0},"classes":[]},{"id":2087,"url":"https:\/\/villa-anneloi.com\/home\/7e-thailand-reunie-in-wenduine\/","url_meta":{"origin":2092,"position":4},"title":"Ontmoet ons in Belgie 7e Thailand reunie in Wenduine","date":"5th March 2020","format":false,"excerpt":"Villa Anneloi Verslagje van de re\u00fcnie van 2008 in Belgi\u00eb.\u00a0Sawadieka !\u00a0\u00a0 Hier zijn we weer met onze Thaise groet !\u00a0Een klein verslagje van de laatste re\u00fcnie in Belgi\u00eb op 29 maart 2008.\u00a0Vooreerst willen we iedereen, die geweest is, bedanken en we waren heel blij iedereen weer eens terug te zien.\u00a0\u2026","rel":"","context":"Similar post","img":{"alt_text":"","src":"","width":0,"height":0},"classes":[]},{"id":1822,"url":"https:\/\/villa-anneloi.com\/home\/eerste-editie\/","url_meta":{"origin":2092,"position":5},"title":"The DoMiSi krant 1","date":"4th March 2020","format":false,"excerpt":"Villa Anneloi The DoMilo krant 1 VOORWOORD Het hoe en waarom en voor wie is de \u2018THE DOMILO KRANT\u2019 Hoe is the DOMILO krant tot stand gekomen ?\u00a0\u00a0 Reeds van de zwangerschap van Do, ben ik, mammie Annelore, begonnen met mails rond te zenden, met de evoluties van ons leven\u2026","rel":"","context":"Similar post","img":{"alt_text":"","src":"","width":0,"height":0},"classes":[]}],"jetpack_shortlink":"https:\/\/wp.me\/PbNARy-xK","_links":{"self":[{"href":"https:\/\/villa-anneloi.com\/home\/wp-json\/wp\/v2\/pages\/2092"}],"collection":[{"href":"https:\/\/villa-anneloi.com\/home\/wp-json\/wp\/v2\/pages"}],"about":[{"href":"https:\/\/villa-anneloi.com\/home\/wp-json\/wp\/v2\/types\/page"}],"author":[{"embeddable":true,"href":"https:\/\/villa-anneloi.com\/home\/wp-json\/wp\/v2\/users\/2"}],"replies":[{"embeddable":true,"href":"https:\/\/villa-anneloi.com\/home\/wp-json\/wp\/v2\/comments?post=2092"}],"version-history":[{"count":5,"href":"https:\/\/villa-anneloi.com\/home\/wp-json\/wp\/v2\/pages\/2092\/revisions"}],"predecessor-version":[{"id":2517,"href":"https:\/\/villa-anneloi.com\/home\/wp-json\/wp\/v2\/pages\/2092\/revisions\/2517"}],"wp:attachment":[{"href":"https:\/\/villa-anneloi.com\/home\/wp-json\/wp\/v2\/media?parent=2092"}],"curies":[{"name":"wp","href":"https:\/\/api.w.org\/{rel}","templated":true}]}}