{"id":2093,"date":"2020-03-05T18:22:05","date_gmt":"2020-03-05T11:22:05","guid":{"rendered":"https:\/\/villa-anneloi.com\/home\/?page_id=2093"},"modified":"2020-03-11T12:28:15","modified_gmt":"2020-03-11T05:28:15","slug":"11e-thailand-reunie-in-torhout","status":"publish","type":"page","link":"https:\/\/villa-anneloi.com\/home\/11e-thailand-reunie-in-torhout\/","title":{"rendered":"Ontmoet ons in Belgie 11e Thailand reunie in Torhout"},"content":{"rendered":"\n<p style=\"color:#d09d1f\" class=\"has-text-color has-text-align-center has-huge-font-size\"><strong>Villa Anneloi<\/strong><\/p>\n\n\n\n<p>Sawadieka !\u00a0<br>Een overwelmende dank je wel om van de 11e Thailand  re\u00fcnie op 6 mei 2017 weer een heerlijk succes te maken ! \u00a0\u00a0Dank je wel aan Thai Smile voor de organisatie ! \u00a0 Het was weer top&#8230; de hapjes waar echt op zijn Thais, (=wat trager) maar ze waren over heerlijk ! \u00a0 \u00a0De opbrengst van dit jaar was\u00a0\u00a01730\u00a0\u20ac\u00a0wat zal worden geinvesteerd in projecten in het Noord Oosten van Thailand (zie\u00a0<strong><a href=\"http:\/\/www.projectissaan.be\/\">www.projectissaan.be<\/a>). \u00a0\u00a0<\/strong><br><\/p>\n\n\n\n<figure class=\"wp-block-image\"><img decoding=\"async\" src=\"http:\/\/www.villa-anneloi.com\/bb\/de\/images\/helpers1.JPG\" alt=\"\"\/><\/figure>\n\n\n\n<figure class=\"wp-block-image\"><img decoding=\"async\" src=\"http:\/\/www.villa-anneloi.com\/bb\/de\/images\/23.JPG\" alt=\"\"\/><\/figure>\n\n\n\n<p>&nbsp; &nbsp;Dit jaar waren er enorm veel mensen die jaren terug bij ons geweest zijn of zelfs van mijn toers van in 1999 !!! &nbsp; We waren zo overwelmd dat onze hersenen ons hier en daar in de steek lieten zodanig we namen en gezichten niet onmiddellijk meer konden thuis brengen. &nbsp; Onze excuses daarvoor, maar we waren even blij om jullie allemaal weer terug te zien. &nbsp; &nbsp;De ambiance was er weer en dank aan alle kinderen en jeugd om de tombola in goed banen te leiden. &nbsp; &nbsp;De hoofdprijsjes werden door de paparazi op papier gezet:<br><\/p>\n\n\n\n<figure class=\"wp-block-image\"><img decoding=\"async\" src=\"http:\/\/www.villa-anneloi.com\/bb\/de\/images\/tomobola%20hoofdprijs%201.JPG\" alt=\"\"\/><\/figure>\n\n\n\n<p>\u00a0Een mand met Thaise ingredi\u00ebnten en een Thaiskookboekje.<br><\/p>\n\n\n\n<figure class=\"wp-block-image\"><img decoding=\"async\" src=\"http:\/\/www.villa-anneloi.com\/bb\/de\/images\/tomobola%20hoofdprijs%202.JPG\" alt=\"\"\/><\/figure>\n\n\n\n<p>&nbsp;&nbsp;De algekende Thaise wiskey Sangsom (rum)&nbsp;<br><\/p>\n\n\n\n<figure class=\"wp-block-image\"><img decoding=\"async\" src=\"http:\/\/www.villa-anneloi.com\/bb\/de\/images\/tomobola%20hoofdprijs%203.JPG\" alt=\"\"\/><\/figure>\n\n\n\n<p>Een liter en 1\/2 Chaang bier. &nbsp;<br>Meer dan 150 mensen de aandacht geven zoals we willen, was niet mogelijk, maar plots kreeg ik het idee om elke tafel waar we een babbeltje gingen slaan, een foto van te nemen. &nbsp;Nogmaals sorry dat ik pas op het idee kwam als er al een paar tafels naar huis waren en sommigen pas bij het vertrek op de foto kreeg. <br><\/p>\n\n\n\n<figure class=\"wp-block-image\"><img decoding=\"async\" src=\"http:\/\/www.villa-anneloi.com\/bb\/de\/images\/1.JPG\" alt=\"\"\/><\/figure>\n\n\n\n<figure class=\"wp-block-image\"><img decoding=\"async\" src=\"http:\/\/www.villa-anneloi.com\/bb\/de\/images\/2.JPG\" alt=\"\"\/><\/figure>\n\n\n\n<figure class=\"wp-block-image\"><img decoding=\"async\" src=\"http:\/\/www.villa-anneloi.com\/bb\/de\/images\/3.JPG\" alt=\"\"\/><\/figure>\n\n\n\n<figure class=\"wp-block-image\"><img decoding=\"async\" src=\"http:\/\/www.villa-anneloi.com\/bb\/de\/images\/4.JPG\" alt=\"\"\/><\/figure>\n\n\n\n<figure class=\"wp-block-image\"><img decoding=\"async\" src=\"http:\/\/www.villa-anneloi.com\/bb\/de\/images\/5.JPG\" alt=\"\"\/><\/figure>\n\n\n\n<figure class=\"wp-block-image\"><img decoding=\"async\" src=\"http:\/\/www.villa-anneloi.com\/bb\/de\/images\/6.JPG\" alt=\"\"\/><\/figure>\n\n\n\n<figure class=\"wp-block-image\"><img decoding=\"async\" src=\"http:\/\/www.villa-anneloi.com\/bb\/de\/images\/10.JPG\" alt=\"\"\/><\/figure>\n\n\n\n<figure class=\"wp-block-image\"><img decoding=\"async\" src=\"http:\/\/www.villa-anneloi.com\/bb\/de\/images\/7.JPG\" alt=\"\"\/><\/figure>\n\n\n\n<figure class=\"wp-block-image\"><img decoding=\"async\" src=\"http:\/\/www.villa-anneloi.com\/bb\/de\/images\/8.JPG\" alt=\"\"\/><\/figure>\n\n\n\n<figure class=\"wp-block-image\"><img decoding=\"async\" src=\"http:\/\/www.villa-anneloi.com\/bb\/de\/images\/9.JPG\" alt=\"\"\/><\/figure>\n\n\n\n<figure class=\"wp-block-image\"><img decoding=\"async\" src=\"http:\/\/www.villa-anneloi.com\/bb\/de\/images\/11.JPG\" alt=\"\"\/><\/figure>\n\n\n\n<figure class=\"wp-block-image\"><img decoding=\"async\" src=\"http:\/\/www.villa-anneloi.com\/bb\/de\/images\/12.JPG\" alt=\"\"\/><\/figure>\n\n\n\n<figure class=\"wp-block-image\"><img decoding=\"async\" src=\"http:\/\/www.villa-anneloi.com\/bb\/de\/images\/14.JPG\" alt=\"\"\/><\/figure>\n\n\n\n<figure class=\"wp-block-image\"><img decoding=\"async\" src=\"http:\/\/www.villa-anneloi.com\/bb\/de\/images\/16.JPG\" alt=\"\"\/><\/figure>\n\n\n\n<figure class=\"wp-block-image\"><img decoding=\"async\" src=\"http:\/\/www.villa-anneloi.com\/bb\/de\/images\/17.JPG\" alt=\"\"\/><\/figure>\n\n\n\n<figure class=\"wp-block-image\"><img decoding=\"async\" src=\"http:\/\/www.villa-anneloi.com\/bb\/de\/images\/18.JPG\" alt=\"\"\/><\/figure>\n\n\n\n<figure class=\"wp-block-image\"><img decoding=\"async\" src=\"http:\/\/www.villa-anneloi.com\/bb\/de\/images\/19.JPG\" alt=\"\"\/><\/figure>\n\n\n\n<figure class=\"wp-block-image\"><img decoding=\"async\" src=\"http:\/\/www.villa-anneloi.com\/bb\/de\/images\/20.JPG\" alt=\"\"\/><\/figure>\n\n\n\n<figure class=\"wp-block-image\"><img decoding=\"async\" src=\"http:\/\/www.villa-anneloi.com\/bb\/de\/images\/21.JPG\" alt=\"\"\/><\/figure>\n\n\n\n<figure class=\"wp-block-image\"><img decoding=\"async\" src=\"http:\/\/www.villa-anneloi.com\/bb\/de\/images\/22.JPG\" alt=\"\"\/><\/figure>\n\n\n\n<figure class=\"wp-block-image\"><img decoding=\"async\" src=\"http:\/\/www.villa-anneloi.com\/bb\/de\/images\/24.JPG\" alt=\"\"\/><\/figure>\n\n\n\n<figure class=\"wp-block-image\"><img decoding=\"async\" src=\"http:\/\/www.villa-anneloi.com\/bb\/de\/images\/25.JPG\" alt=\"\"\/><\/figure>\n\n\n\n<figure class=\"wp-block-image\"><img decoding=\"async\" src=\"http:\/\/www.villa-anneloi.com\/bb\/de\/images\/28.JPG\" alt=\"\"\/><\/figure>\n\n\n\n<figure class=\"wp-block-image\"><img decoding=\"async\" src=\"http:\/\/www.villa-anneloi.com\/bb\/de\/images\/29.JPG\" alt=\"\"\/><\/figure>\n\n\n\n<p>Het was 1.30 in de morgen van 7 mei als we naar huis gingen, een bewijs dat het leuk was jullie allemaal&nbsp;weer te zien en voor diegene die we hier mogen ontvangen een van de komende maanden, TOT HEEL GAUW!!!! &nbsp;<\/p>\n\n\n\n<p>&nbsp; &nbsp; &nbsp; &nbsp; &nbsp; &nbsp; &nbsp; &nbsp; &nbsp; &nbsp; &nbsp; &nbsp; &nbsp; &nbsp; &nbsp; &nbsp; &nbsp; &nbsp; &nbsp; &nbsp; &nbsp; &nbsp; &nbsp; &nbsp; &nbsp; &nbsp; &nbsp; &nbsp; &nbsp; &nbsp; UITNODIGING <\/p>\n\n\n\n<figure class=\"wp-block-table\"><table class=\"\"><tbody><tr><td>                                      <strong>11e Thailand reunie in &nbsp;BELGIE ! &nbsp;<\/strong><br>&nbsp;&nbsp;<strong>Onze vlucht naar Belgie is geboekt !&nbsp;2017 here we come ! &nbsp; &nbsp;&nbsp;Loi komt ook mee en we zouden graag weer een reunie organiseren om jullie allemaal terug te zien ! &nbsp; &nbsp;&nbsp; &nbsp; We&nbsp;nodigen we jullie&nbsp; graag uit voor de&nbsp;11e Thailandreunie in Belgie !Dit jaar zal&nbsp;&nbsp; \u201cThais smiles vzw\u201d&nbsp; (zie FB pagina met dezelfde naam) voor ons een Thaise avond&nbsp; organiseren met de algekende &nbsp;Thaise sfeer, het Thaise eten en Thaise drinken!&nbsp;&nbsp;&nbsp; Dank je wel om dit voor ons te doen !&nbsp;&nbsp; &nbsp;&nbsp;&nbsp;Er worden een Mai Tai cocktail (met of zonder alcohol) en 5 Thaise hapjes bereid voor 15 euro per persoon. &nbsp;&nbsp;&nbsp;Andere &nbsp;(Thaise) dranken en Thaise gerechten &nbsp;worden aan democratische prijzen verkocht.&nbsp;&nbsp;Net als de afgelopen reunies, gaat de opbrengst van de avond naar hun Thaise project in het Noord Oosten van Thailand. Het geld wordt uit eerste hand ter plaatse gebracht en het wordt gespendeerd aan &nbsp;educatieve steun voor de locale Thaise kinderen. &nbsp;Meer te vinden op&nbsp;<\/strong><a href=\"http:\/\/www.projectissaan.be\/\"><strong>www.projectissaan.be<\/strong><\/a><br>&gt; &nbsp;<strong>SCHRIJF IN JULLIE AGENDA:&nbsp;&nbsp;&nbsp;Zaterdag&nbsp; 6 mei 2017 vanaf 18h00<\/strong><br><strong>&gt;<\/strong>&nbsp;<strong>LOCATIE :&nbsp;&nbsp;&nbsp;Parochiezaal de Bosgalm, Pastoriestraat 7, 8820&nbsp;&nbsp;&nbsp;TORHOUT&nbsp; &nbsp;<\/strong>&nbsp; &nbsp; &nbsp; &gt; &nbsp;<strong>GEEF EEN SEINTJE:<\/strong>&nbsp;&nbsp;&nbsp;&nbsp; 1\/ Als jullie kunnen komen via email: &nbsp;&nbsp;&nbsp;&nbsp;&nbsp;&nbsp; &nbsp; &nbsp; &nbsp; &nbsp; &nbsp; &nbsp; &nbsp; &nbsp; &nbsp; &nbsp; &nbsp; &nbsp; &nbsp; &nbsp; &nbsp; &nbsp; &nbsp;&nbsp;&nbsp;<a href=\"mailto:villa_anneloi@hotmail.com\">villa_anneloi@hotmail.com<\/a><strong>&nbsp;<\/strong><br><strong>DEEL DEZE UITNODIGING MET IEDEREEN DIE GRAAG KENNIS WIL&nbsp;MAKEN MET ONS&nbsp;!&nbsp;&nbsp;DIE AVOND ZIJN ER : Foto- en info boeken &nbsp;om in te kijken, &nbsp;kan je een babbeltje doen met onze gasten die reeds geweest zijn en &nbsp;kunnen zij hun ervaringen met je delen !&nbsp;Voor de organisatie makkelijk te laten verlopen, is het handig ons zo snel mogelijk wat te laten weten en als&nbsp; er nog vragen zijn, mail ons gerust !&nbsp;&nbsp;&nbsp;&nbsp;&nbsp;&nbsp;&nbsp;&nbsp; &nbsp; &nbsp; &nbsp; &nbsp; &nbsp; &nbsp; &nbsp; &nbsp; &nbsp;&nbsp;&nbsp;&nbsp;<\/strong><br><strong> A smile from Thailand, Anneloi, Do &amp; Milo &amp; Sikko xxx&nbsp;&nbsp;&nbsp;&nbsp;&nbsp;&nbsp;&nbsp;&nbsp;&nbsp;&nbsp;&nbsp;&nbsp;&nbsp;&nbsp;&nbsp;&nbsp;&nbsp;&nbsp;&nbsp;&nbsp;<\/strong><br><strong>&nbsp;PS.&nbsp; ELKE KEER WEER: gelieve GEEN kadootjes mee te brengen, jullie aanwezigheid&nbsp; IS de grootste kado !!!!<\/strong>&nbsp;&nbsp;<br>En neem eens een kijkje op youtube&nbsp;:&nbsp;<br>&nbsp;<a href=\"http:\/\/www.youtube.com\/watch?v=OZMfE39wOxI\">http:\/\/www.youtube.com\/watch?v=OZMfE39wOxI<\/a><\/td><td>&nbsp;<\/td><\/tr><tr><td>&nbsp;<\/td><\/tr><\/tbody><\/table><\/figure>\n\n\n\n<p class=\"has-text-align-center\"><strong><a href=\"https:\/\/villa-anneloi.com\/home\/bolg\/\"> <\/a><\/strong><\/p>\n\n\n\n<p><\/p>\n\n\n\n<p><\/p>\n","protected":false},"excerpt":{"rendered":"<p>Villa Anneloi Sawadieka !\u00a0Een overwelmende dank je wel om van de 11e Thailand re\u00fcnie op 6 mei 2017 weer een heerlijk succes te maken ! \u00a0\u00a0Dank je wel aan Thai Smile voor de organisatie ! \u00a0 Het was weer top&#8230; de hapjes waar echt op zijn Thais, (=wat trager) maar ze waren over heerlijk ! &#8230; <a title=\"Ontmoet ons in Belgie 11e Thailand reunie in Torhout\" class=\"read-more\" href=\"https:\/\/villa-anneloi.com\/home\/11e-thailand-reunie-in-torhout\/\" aria-label=\"More on Ontmoet ons in Belgie 11e Thailand reunie in Torhout\">Read more<\/a><\/p>\n","protected":false},"author":2,"featured_media":0,"parent":0,"menu_order":0,"comment_status":"closed","ping_status":"closed","template":"","meta":{"_uag_custom_page_level_css":""},"yoast_head":"<!-- This site is optimized with the Yoast SEO plugin v19.12 - https:\/\/yoast.com\/wordpress\/plugins\/seo\/ -->\n<title>Ontmoet ons in Belgie 11e Thailand reunie in Torhout - Villa-anneloi.com - Feel at home, Far from home.<\/title>\n<meta name=\"robots\" content=\"index, follow, max-snippet:-1, max-image-preview:large, max-video-preview:-1\" \/>\n<link rel=\"canonical\" href=\"https:\/\/villa-anneloi.com\/home\/11e-thailand-reunie-in-torhout\/\" \/>\n<meta property=\"og:locale\" content=\"en_US\" \/>\n<meta property=\"og:type\" content=\"article\" \/>\n<meta property=\"og:title\" content=\"Ontmoet ons in Belgie 11e Thailand reunie in Torhout - Villa-anneloi.com - Feel at home, Far from home.\" \/>\n<meta property=\"og:description\" content=\"Villa Anneloi Sawadieka !\u00a0Een overwelmende dank je wel om van de 11e Thailand re\u00fcnie op 6 mei 2017 weer een heerlijk succes te maken ! \u00a0\u00a0Dank je wel aan Thai Smile voor de organisatie ! \u00a0 Het was weer top&#8230; de hapjes waar echt op zijn Thais, (=wat trager) maar ze waren over heerlijk ! ... Read more\" \/>\n<meta property=\"og:url\" content=\"https:\/\/villa-anneloi.com\/home\/11e-thailand-reunie-in-torhout\/\" \/>\n<meta property=\"og:site_name\" content=\"Villa-anneloi.com - Feel at home, Far from home.\" \/>\n<meta property=\"article:modified_time\" content=\"2020-03-11T05:28:15+00:00\" \/>\n<meta property=\"og:image\" content=\"http:\/\/www.villa-anneloi.com\/bb\/de\/images\/helpers1.JPG\" \/>\n<meta name=\"twitter:card\" content=\"summary_large_image\" \/>\n<meta name=\"twitter:label1\" content=\"Est. reading time\" \/>\n\t<meta name=\"twitter:data1\" content=\"4 minutes\" \/>\n<script type=\"application\/ld+json\" class=\"yoast-schema-graph\">{\"@context\":\"https:\/\/schema.org\",\"@graph\":[{\"@type\":\"WebPage\",\"@id\":\"https:\/\/villa-anneloi.com\/home\/11e-thailand-reunie-in-torhout\/\",\"url\":\"https:\/\/villa-anneloi.com\/home\/11e-thailand-reunie-in-torhout\/\",\"name\":\"Ontmoet ons in Belgie 11e Thailand reunie in Torhout - Villa-anneloi.com - Feel at home, Far from home.\",\"isPartOf\":{\"@id\":\"https:\/\/villa-anneloi.com\/home\/#website\"},\"datePublished\":\"2020-03-05T11:22:05+00:00\",\"dateModified\":\"2020-03-11T05:28:15+00:00\",\"breadcrumb\":{\"@id\":\"https:\/\/villa-anneloi.com\/home\/11e-thailand-reunie-in-torhout\/#breadcrumb\"},\"inLanguage\":\"en-US\",\"potentialAction\":[{\"@type\":\"ReadAction\",\"target\":[\"https:\/\/villa-anneloi.com\/home\/11e-thailand-reunie-in-torhout\/\"]}]},{\"@type\":\"BreadcrumbList\",\"@id\":\"https:\/\/villa-anneloi.com\/home\/11e-thailand-reunie-in-torhout\/#breadcrumb\",\"itemListElement\":[{\"@type\":\"ListItem\",\"position\":1,\"name\":\"Home\",\"item\":\"https:\/\/villa-anneloi.com\/home\/\"},{\"@type\":\"ListItem\",\"position\":2,\"name\":\"Ontmoet ons in Belgie 11e Thailand reunie in Torhout\"}]},{\"@type\":\"WebSite\",\"@id\":\"https:\/\/villa-anneloi.com\/home\/#website\",\"url\":\"https:\/\/villa-anneloi.com\/home\/\",\"name\":\"Villa-anneloi.com - Feel at home, Far from home.\",\"description\":\"chiangmai province guesthouse, chiang mai guesthouse, chiang mai, thailand, guesthouse, villa-anneloi guesthouse, guesthouse, chiang mai travel, chiang mai tour, chiang mai trekking, rafting, chiang mai tour agent, thailand, trekking, bamboo rafting, elephant riding, caving, canoeing, kantoke dinner, t-rex-house\",\"potentialAction\":[{\"@type\":\"SearchAction\",\"target\":{\"@type\":\"EntryPoint\",\"urlTemplate\":\"https:\/\/villa-anneloi.com\/home\/?s={search_term_string}\"},\"query-input\":\"required name=search_term_string\"}],\"inLanguage\":\"en-US\"}]}<\/script>\n<!-- \/ Yoast SEO plugin. -->","yoast_head_json":{"title":"Ontmoet ons in Belgie 11e Thailand reunie in Torhout - Villa-anneloi.com - Feel at home, Far from home.","robots":{"index":"index","follow":"follow","max-snippet":"max-snippet:-1","max-image-preview":"max-image-preview:large","max-video-preview":"max-video-preview:-1"},"canonical":"https:\/\/villa-anneloi.com\/home\/11e-thailand-reunie-in-torhout\/","og_locale":"en_US","og_type":"article","og_title":"Ontmoet ons in Belgie 11e Thailand reunie in Torhout - Villa-anneloi.com - Feel at home, Far from home.","og_description":"Villa Anneloi Sawadieka !\u00a0Een overwelmende dank je wel om van de 11e Thailand re\u00fcnie op 6 mei 2017 weer een heerlijk succes te maken ! \u00a0\u00a0Dank je wel aan Thai Smile voor de organisatie ! \u00a0 Het was weer top&#8230; de hapjes waar echt op zijn Thais, (=wat trager) maar ze waren over heerlijk ! ... Read more","og_url":"https:\/\/villa-anneloi.com\/home\/11e-thailand-reunie-in-torhout\/","og_site_name":"Villa-anneloi.com - Feel at home, Far from home.","article_modified_time":"2020-03-11T05:28:15+00:00","og_image":[{"url":"http:\/\/www.villa-anneloi.com\/bb\/de\/images\/helpers1.JPG"}],"twitter_card":"summary_large_image","twitter_misc":{"Est. reading time":"4 minutes"},"schema":{"@context":"https:\/\/schema.org","@graph":[{"@type":"WebPage","@id":"https:\/\/villa-anneloi.com\/home\/11e-thailand-reunie-in-torhout\/","url":"https:\/\/villa-anneloi.com\/home\/11e-thailand-reunie-in-torhout\/","name":"Ontmoet ons in Belgie 11e Thailand reunie in Torhout - Villa-anneloi.com - Feel at home, Far from home.","isPartOf":{"@id":"https:\/\/villa-anneloi.com\/home\/#website"},"datePublished":"2020-03-05T11:22:05+00:00","dateModified":"2020-03-11T05:28:15+00:00","breadcrumb":{"@id":"https:\/\/villa-anneloi.com\/home\/11e-thailand-reunie-in-torhout\/#breadcrumb"},"inLanguage":"en-US","potentialAction":[{"@type":"ReadAction","target":["https:\/\/villa-anneloi.com\/home\/11e-thailand-reunie-in-torhout\/"]}]},{"@type":"BreadcrumbList","@id":"https:\/\/villa-anneloi.com\/home\/11e-thailand-reunie-in-torhout\/#breadcrumb","itemListElement":[{"@type":"ListItem","position":1,"name":"Home","item":"https:\/\/villa-anneloi.com\/home\/"},{"@type":"ListItem","position":2,"name":"Ontmoet ons in Belgie 11e Thailand reunie in Torhout"}]},{"@type":"WebSite","@id":"https:\/\/villa-anneloi.com\/home\/#website","url":"https:\/\/villa-anneloi.com\/home\/","name":"Villa-anneloi.com - Feel at home, Far from home.","description":"chiangmai province guesthouse, chiang mai guesthouse, chiang mai, thailand, guesthouse, villa-anneloi guesthouse, guesthouse, chiang mai travel, chiang mai tour, chiang mai trekking, rafting, chiang mai tour agent, thailand, trekking, bamboo rafting, elephant riding, caving, canoeing, kantoke dinner, t-rex-house","potentialAction":[{"@type":"SearchAction","target":{"@type":"EntryPoint","urlTemplate":"https:\/\/villa-anneloi.com\/home\/?s={search_term_string}"},"query-input":"required name=search_term_string"}],"inLanguage":"en-US"}]}},"uagb_featured_image_src":{"full":false,"thumbnail":false,"medium":false,"medium_large":false,"large":false,"1536x1536":false,"2048x2048":false},"uagb_author_info":{"display_name":"Anneloi","author_link":"https:\/\/villa-anneloi.com\/home\/author\/manager\/"},"uagb_comment_info":0,"uagb_excerpt":"Villa Anneloi Sawadieka !\u00a0Een overwelmende dank je wel om van de 11e Thailand re\u00fcnie op 6 mei 2017 weer een heerlijk succes te maken ! \u00a0\u00a0Dank je wel aan Thai Smile voor de organisatie ! \u00a0 Het was weer top&#8230; de hapjes waar echt op zijn Thais, (=wat trager) maar ze waren over heerlijk !&hellip;","jetpack_sharing_enabled":true,"jetpack-related-posts":[{"id":2094,"url":"https:\/\/villa-anneloi.com\/home\/12e-thailand-reunie-in-roeselare\/","url_meta":{"origin":2093,"position":0},"title":"Ontmoet ons in Belgie 12e Thailand reunie in Roeselare","date":"5th March 2020","format":false,"excerpt":"Villa Anneloi VERSLAGJE van de 12e Thailand re\u00fcnie op 31 maart 2019 Ondanks we door omstandigheden de re\u00fcnie op een zondag moesten doen, was het weer een heerlijk weerzien van jullie allemaal. De meeste van onze anciens konden niet komen en dat was jammer. De volgende re\u00fcnie proberen we weer\u2026","rel":"","context":"Similar post","img":{"alt_text":"","src":"","width":0,"height":0},"classes":[]},{"id":2092,"url":"https:\/\/villa-anneloi.com\/home\/10e-thailand-reunie-in-koelare\/","url_meta":{"origin":2093,"position":1},"title":"Ontmoet ons in Belgie 10e Thailand reunie in Koekelare","date":"5th March 2020","format":false,"excerpt":"Villa Anneloi Verslagje 10e Thailand re\u00fcnie van 21 maart 2015: Wat was het heerlijk jullie allemaal weer te zien in Belgi\u00eb en sommigen reeds te leren kennen voor we jullie hier binnenkort mogen ontvangen ! \u00a0 \u00a0We hebben het deze keer ontzettend koud gehad in Belgi\u00eb, maar wat werd ons\u2026","rel":"","context":"Similar post","img":{"alt_text":"","src":"","width":0,"height":0},"classes":[]},{"id":2091,"url":"https:\/\/villa-anneloi.com\/home\/9e-thailand-reunie-in-koekelare\/","url_meta":{"origin":2093,"position":2},"title":"Ontmoet ons in Belgie 9e Thailand reunie in Koekelare","date":"5th March 2020","format":false,"excerpt":"Villa Anneloi Verslagje 9e Thailand re\u00fcnie De 9e Thailand re\u00fcnie was weer een heerlijk succes !\u00a0\u00a0 We waren echt vereerd dat er weer zoveel mensen waren en we hadden echt een heerlijk gevoel aan het einde van de avond dat we jullie weer gezien hebben !\u00a0\u00a0 Er waren mensen die\u2026","rel":"","context":"Similar post","img":{"alt_text":"","src":"","width":0,"height":0},"classes":[]},{"id":2089,"url":"https:\/\/villa-anneloi.com\/home\/8e-thailand-reunie-in-koekelare\/","url_meta":{"origin":2093,"position":3},"title":"Ontmoet ons in Belgie 8e Thailand reunie in Koekelare","date":"5th March 2020","format":false,"excerpt":"Villa Anneloi Verslagje 8ste Thailand re\u00fcnie Belgi\u00eb. In augustus 2009 hebben we een unieke re\u00fcnie gehouden voor alle gasten die reeds geweest zijn.\u00a0 Het was een super gezellige avond MET DEZE KEER het beloofde mooie Thaise weer.\u00a0 Loi was erbij en hij brengt steeds die warme zonnestralen mee !\u00a0 Zo\u2026","rel":"","context":"Similar post","img":{"alt_text":"","src":"","width":0,"height":0},"classes":[]},{"id":1992,"url":"https:\/\/villa-anneloi.com\/home\/intervieuw-do-milo-sikko-9\/","url_meta":{"origin":2093,"position":4},"title":"The DoMiSi krant 9 Intervieuw Do &#038; Milo &#038; Sikko","date":"5th March 2020","format":false,"excerpt":"Villa Anneloi The DoMiSi krant 2 Intervieuw met Do & Milo & Sikko Jullie hebben hier al hele vertellingen gedaan, maar ik heb niets kunnen lezen van jullie trip naar de zee !\u00a0 Do:\u00a0Ja, en dat was speciaal voor MIJ, want ik was niet meegegaan naar Belgie\u00a0 Milo:\u00a0Maar wij mochten\u2026","rel":"","context":"Similar post","img":{"alt_text":"","src":"https:\/\/i0.wp.com\/www.villa-anneloi.com\/de\/images\/Oi%20vliegtuig.jpg?resize=350%2C200","width":350,"height":200},"classes":[]},{"id":2087,"url":"https:\/\/villa-anneloi.com\/home\/7e-thailand-reunie-in-wenduine\/","url_meta":{"origin":2093,"position":5},"title":"Ontmoet ons in Belgie 7e Thailand reunie in Wenduine","date":"5th March 2020","format":false,"excerpt":"Villa Anneloi Verslagje van de re\u00fcnie van 2008 in Belgi\u00eb.\u00a0Sawadieka !\u00a0\u00a0 Hier zijn we weer met onze Thaise groet !\u00a0Een klein verslagje van de laatste re\u00fcnie in Belgi\u00eb op 29 maart 2008.\u00a0Vooreerst willen we iedereen, die geweest is, bedanken en we waren heel blij iedereen weer eens terug te zien.\u00a0\u2026","rel":"","context":"Similar post","img":{"alt_text":"","src":"","width":0,"height":0},"classes":[]}],"jetpack_shortlink":"https:\/\/wp.me\/PbNARy-xL","_links":{"self":[{"href":"https:\/\/villa-anneloi.com\/home\/wp-json\/wp\/v2\/pages\/2093"}],"collection":[{"href":"https:\/\/villa-anneloi.com\/home\/wp-json\/wp\/v2\/pages"}],"about":[{"href":"https:\/\/villa-anneloi.com\/home\/wp-json\/wp\/v2\/types\/page"}],"author":[{"embeddable":true,"href":"https:\/\/villa-anneloi.com\/home\/wp-json\/wp\/v2\/users\/2"}],"replies":[{"embeddable":true,"href":"https:\/\/villa-anneloi.com\/home\/wp-json\/wp\/v2\/comments?post=2093"}],"version-history":[{"count":4,"href":"https:\/\/villa-anneloi.com\/home\/wp-json\/wp\/v2\/pages\/2093\/revisions"}],"predecessor-version":[{"id":2290,"href":"https:\/\/villa-anneloi.com\/home\/wp-json\/wp\/v2\/pages\/2093\/revisions\/2290"}],"wp:attachment":[{"href":"https:\/\/villa-anneloi.com\/home\/wp-json\/wp\/v2\/media?parent=2093"}],"curies":[{"name":"wp","href":"https:\/\/api.w.org\/{rel}","templated":true}]}}