{"id":2094,"date":"2020-03-05T18:22:11","date_gmt":"2020-03-05T11:22:11","guid":{"rendered":"https:\/\/villa-anneloi.com\/home\/?page_id=2094"},"modified":"2020-03-11T12:29:03","modified_gmt":"2020-03-11T05:29:03","slug":"12e-thailand-reunie-in-roeselare","status":"publish","type":"page","link":"https:\/\/villa-anneloi.com\/home\/12e-thailand-reunie-in-roeselare\/","title":{"rendered":"Ontmoet ons in Belgie 12e Thailand reunie in Roeselare"},"content":{"rendered":"\n<p style=\"color:#d09d1f\" class=\"has-text-color has-text-align-center has-huge-font-size\"><strong>Villa Anneloi<\/strong><\/p>\n\n\n\n<p class=\"has-text-color has-luminous-vivid-amber-color\">VERSLAGJE van de 12e Thailand re\u00fcnie op 31 maart 2019<\/p>\n\n\n\n<p>Ondanks we door omstandigheden de re\u00fcnie op een zondag moesten doen, was het weer een heerlijk weerzien van jullie allemaal.   De meeste van onze anciens konden niet komen en dat was  jammer.  De volgende re\u00fcnie proberen we weer op een zaterdag te organiseren.<\/p>\n\n\n\n<p>Nu ook weer een dikke dank je wel om van de 12e Thailand re\u00fcnie een blijvende herinnering te maken.    Een super dank je wel aan Thaismiles vzw voor de super organisatie. Het was een succes en we waren vereerd zoveel mensen te mogen weerzien en leren kennen!  Natuurlijk teveel mensen voor lange babbels maar het was super gezellig!  De kinderhandjes van Pol en Sikko zorgden voor de gelukkige winnaars van de prijsjes en de hoofdprijs (een weekverblijf met excursies voor 2 personen in Villa Anneloi Homestay) ging naar een gezin, die met plezier voor de 2e keer terug komt!  Zij hebben reeds geboekt voor juli 2020.  We kijken uit naar jullie komst !   <\/p>\n\n\n\n<p>De opbrengst van dit jaar was&nbsp;&nbsp;1450&nbsp;\u20ac&nbsp;en wordt geinvesteerd in projecten in het Noorden en Noord Oosten van Thailand (zie&nbsp;<strong><a href=\"http:\/\/www.projectissaan.be\/\">www.projectissaan.be<\/a>). &nbsp;<\/strong><\/p>\n\n\n\n<p class=\"has-text-color has-luminous-vivid-amber-color\">UITNODIGING<\/p>\n\n\n\n<p>Sawadieka 2019 !<\/p>\n\n\n\n<p>Loi, Annelore, Do, Milo &amp; Sikko komen weer naar Belgi\u00eb en oh, wat zou het leuk zijn jullie (weer) te ontmoeten !\u00a0 \u00a0We kunnen niet verzekeren dat we de 30 graden meebrengen, maar we hopen wel de Thaise zon van de partij te hebben.\u00a0 \u00a0<\/p>\n\n\n\n<p>KOM NAAR :&nbsp;<\/p>\n\n\n\n<figure class=\"wp-block-image\"><img decoding=\"async\" src=\"http:\/\/www.villa-anneloi.com\/bb\/de\/images\/51394217_10157321864454767_2063301734947618816_n.jpg\" alt=\"\"\/><\/figure>\n\n\n\n<p class=\"has-text-align-center has-medium-font-size\"> <strong> <\/strong><\/p>\n\n\n\n<p><\/p>\n","protected":false},"excerpt":{"rendered":"<p>Villa Anneloi VERSLAGJE van de 12e Thailand re\u00fcnie op 31 maart 2019 Ondanks we door omstandigheden de re\u00fcnie op een zondag moesten doen, was het weer een heerlijk weerzien van jullie allemaal. De meeste van onze anciens konden niet komen en dat was jammer. De volgende re\u00fcnie proberen we weer op een zaterdag te organiseren. &#8230; <a title=\"Ontmoet ons in Belgie 12e Thailand reunie in Roeselare\" class=\"read-more\" href=\"https:\/\/villa-anneloi.com\/home\/12e-thailand-reunie-in-roeselare\/\" aria-label=\"More on Ontmoet ons in Belgie 12e Thailand reunie in Roeselare\">Read more<\/a><\/p>\n","protected":false},"author":2,"featured_media":0,"parent":0,"menu_order":0,"comment_status":"closed","ping_status":"closed","template":"","meta":{"_uag_custom_page_level_css":""},"yoast_head":"<!-- This site is optimized with the Yoast SEO plugin v19.12 - https:\/\/yoast.com\/wordpress\/plugins\/seo\/ -->\n<title>Ontmoet ons in Belgie 12e Thailand reunie in Roeselare - Villa-anneloi.com - Feel at home, Far from home.<\/title>\n<meta name=\"robots\" content=\"index, follow, max-snippet:-1, max-image-preview:large, max-video-preview:-1\" \/>\n<link rel=\"canonical\" href=\"https:\/\/villa-anneloi.com\/home\/12e-thailand-reunie-in-roeselare\/\" \/>\n<meta property=\"og:locale\" content=\"en_US\" \/>\n<meta property=\"og:type\" content=\"article\" \/>\n<meta property=\"og:title\" content=\"Ontmoet ons in Belgie 12e Thailand reunie in Roeselare - Villa-anneloi.com - Feel at home, Far from home.\" \/>\n<meta property=\"og:description\" content=\"Villa Anneloi VERSLAGJE van de 12e Thailand re\u00fcnie op 31 maart 2019 Ondanks we door omstandigheden de re\u00fcnie op een zondag moesten doen, was het weer een heerlijk weerzien van jullie allemaal. De meeste van onze anciens konden niet komen en dat was jammer. De volgende re\u00fcnie proberen we weer op een zaterdag te organiseren. ... Read more\" \/>\n<meta property=\"og:url\" content=\"https:\/\/villa-anneloi.com\/home\/12e-thailand-reunie-in-roeselare\/\" \/>\n<meta property=\"og:site_name\" content=\"Villa-anneloi.com - Feel at home, Far from home.\" \/>\n<meta property=\"article:modified_time\" content=\"2020-03-11T05:29:03+00:00\" \/>\n<meta property=\"og:image\" content=\"http:\/\/www.villa-anneloi.com\/bb\/de\/images\/51394217_10157321864454767_2063301734947618816_n.jpg\" \/>\n<meta name=\"twitter:card\" content=\"summary_large_image\" \/>\n<meta name=\"twitter:label1\" content=\"Est. reading time\" \/>\n\t<meta name=\"twitter:data1\" content=\"1 minute\" \/>\n<script type=\"application\/ld+json\" class=\"yoast-schema-graph\">{\"@context\":\"https:\/\/schema.org\",\"@graph\":[{\"@type\":\"WebPage\",\"@id\":\"https:\/\/villa-anneloi.com\/home\/12e-thailand-reunie-in-roeselare\/\",\"url\":\"https:\/\/villa-anneloi.com\/home\/12e-thailand-reunie-in-roeselare\/\",\"name\":\"Ontmoet ons in Belgie 12e Thailand reunie in Roeselare - Villa-anneloi.com - Feel at home, Far from home.\",\"isPartOf\":{\"@id\":\"https:\/\/villa-anneloi.com\/home\/#website\"},\"datePublished\":\"2020-03-05T11:22:11+00:00\",\"dateModified\":\"2020-03-11T05:29:03+00:00\",\"breadcrumb\":{\"@id\":\"https:\/\/villa-anneloi.com\/home\/12e-thailand-reunie-in-roeselare\/#breadcrumb\"},\"inLanguage\":\"en-US\",\"potentialAction\":[{\"@type\":\"ReadAction\",\"target\":[\"https:\/\/villa-anneloi.com\/home\/12e-thailand-reunie-in-roeselare\/\"]}]},{\"@type\":\"BreadcrumbList\",\"@id\":\"https:\/\/villa-anneloi.com\/home\/12e-thailand-reunie-in-roeselare\/#breadcrumb\",\"itemListElement\":[{\"@type\":\"ListItem\",\"position\":1,\"name\":\"Home\",\"item\":\"https:\/\/villa-anneloi.com\/home\/\"},{\"@type\":\"ListItem\",\"position\":2,\"name\":\"Ontmoet ons in Belgie 12e Thailand reunie in Roeselare\"}]},{\"@type\":\"WebSite\",\"@id\":\"https:\/\/villa-anneloi.com\/home\/#website\",\"url\":\"https:\/\/villa-anneloi.com\/home\/\",\"name\":\"Villa-anneloi.com - Feel at home, Far from home.\",\"description\":\"chiangmai province guesthouse, chiang mai guesthouse, chiang mai, thailand, guesthouse, villa-anneloi guesthouse, guesthouse, chiang mai travel, chiang mai tour, chiang mai trekking, rafting, chiang mai tour agent, thailand, trekking, bamboo rafting, elephant riding, caving, canoeing, kantoke dinner, t-rex-house\",\"potentialAction\":[{\"@type\":\"SearchAction\",\"target\":{\"@type\":\"EntryPoint\",\"urlTemplate\":\"https:\/\/villa-anneloi.com\/home\/?s={search_term_string}\"},\"query-input\":\"required name=search_term_string\"}],\"inLanguage\":\"en-US\"}]}<\/script>\n<!-- \/ Yoast SEO plugin. -->","yoast_head_json":{"title":"Ontmoet ons in Belgie 12e Thailand reunie in Roeselare - Villa-anneloi.com - Feel at home, Far from home.","robots":{"index":"index","follow":"follow","max-snippet":"max-snippet:-1","max-image-preview":"max-image-preview:large","max-video-preview":"max-video-preview:-1"},"canonical":"https:\/\/villa-anneloi.com\/home\/12e-thailand-reunie-in-roeselare\/","og_locale":"en_US","og_type":"article","og_title":"Ontmoet ons in Belgie 12e Thailand reunie in Roeselare - Villa-anneloi.com - Feel at home, Far from home.","og_description":"Villa Anneloi VERSLAGJE van de 12e Thailand re\u00fcnie op 31 maart 2019 Ondanks we door omstandigheden de re\u00fcnie op een zondag moesten doen, was het weer een heerlijk weerzien van jullie allemaal. De meeste van onze anciens konden niet komen en dat was jammer. De volgende re\u00fcnie proberen we weer op een zaterdag te organiseren. ... Read more","og_url":"https:\/\/villa-anneloi.com\/home\/12e-thailand-reunie-in-roeselare\/","og_site_name":"Villa-anneloi.com - Feel at home, Far from home.","article_modified_time":"2020-03-11T05:29:03+00:00","og_image":[{"url":"http:\/\/www.villa-anneloi.com\/bb\/de\/images\/51394217_10157321864454767_2063301734947618816_n.jpg"}],"twitter_card":"summary_large_image","twitter_misc":{"Est. reading time":"1 minute"},"schema":{"@context":"https:\/\/schema.org","@graph":[{"@type":"WebPage","@id":"https:\/\/villa-anneloi.com\/home\/12e-thailand-reunie-in-roeselare\/","url":"https:\/\/villa-anneloi.com\/home\/12e-thailand-reunie-in-roeselare\/","name":"Ontmoet ons in Belgie 12e Thailand reunie in Roeselare - Villa-anneloi.com - Feel at home, Far from home.","isPartOf":{"@id":"https:\/\/villa-anneloi.com\/home\/#website"},"datePublished":"2020-03-05T11:22:11+00:00","dateModified":"2020-03-11T05:29:03+00:00","breadcrumb":{"@id":"https:\/\/villa-anneloi.com\/home\/12e-thailand-reunie-in-roeselare\/#breadcrumb"},"inLanguage":"en-US","potentialAction":[{"@type":"ReadAction","target":["https:\/\/villa-anneloi.com\/home\/12e-thailand-reunie-in-roeselare\/"]}]},{"@type":"BreadcrumbList","@id":"https:\/\/villa-anneloi.com\/home\/12e-thailand-reunie-in-roeselare\/#breadcrumb","itemListElement":[{"@type":"ListItem","position":1,"name":"Home","item":"https:\/\/villa-anneloi.com\/home\/"},{"@type":"ListItem","position":2,"name":"Ontmoet ons in Belgie 12e Thailand reunie in Roeselare"}]},{"@type":"WebSite","@id":"https:\/\/villa-anneloi.com\/home\/#website","url":"https:\/\/villa-anneloi.com\/home\/","name":"Villa-anneloi.com - Feel at home, Far from home.","description":"chiangmai province guesthouse, chiang mai guesthouse, chiang mai, thailand, guesthouse, villa-anneloi guesthouse, guesthouse, chiang mai travel, chiang mai tour, chiang mai trekking, rafting, chiang mai tour agent, thailand, trekking, bamboo rafting, elephant riding, caving, canoeing, kantoke dinner, t-rex-house","potentialAction":[{"@type":"SearchAction","target":{"@type":"EntryPoint","urlTemplate":"https:\/\/villa-anneloi.com\/home\/?s={search_term_string}"},"query-input":"required name=search_term_string"}],"inLanguage":"en-US"}]}},"uagb_featured_image_src":{"full":false,"thumbnail":false,"medium":false,"medium_large":false,"large":false,"1536x1536":false,"2048x2048":false},"uagb_author_info":{"display_name":"Anneloi","author_link":"https:\/\/villa-anneloi.com\/home\/author\/manager\/"},"uagb_comment_info":0,"uagb_excerpt":"Villa Anneloi VERSLAGJE van de 12e Thailand re\u00fcnie op 31 maart 2019 Ondanks we door omstandigheden de re\u00fcnie op een zondag moesten doen, was het weer een heerlijk weerzien van jullie allemaal. De meeste van onze anciens konden niet komen en dat was jammer. De volgende re\u00fcnie proberen we weer op een zaterdag te organiseren.&hellip;","jetpack_sharing_enabled":true,"jetpack-related-posts":[{"id":2093,"url":"https:\/\/villa-anneloi.com\/home\/11e-thailand-reunie-in-torhout\/","url_meta":{"origin":2094,"position":0},"title":"Ontmoet ons in Belgie 11e Thailand reunie in Torhout","date":"5th March 2020","format":false,"excerpt":"Villa Anneloi Sawadieka !\u00a0Een overwelmende dank je wel om van de 11e Thailand re\u00fcnie op 6 mei 2017 weer een heerlijk succes te maken ! \u00a0\u00a0Dank je wel aan Thai Smile voor de organisatie ! \u00a0 Het was weer top... de hapjes waar echt op zijn Thais, (=wat trager) maar\u2026","rel":"","context":"Similar post","img":{"alt_text":"","src":"","width":0,"height":0},"classes":[]},{"id":2092,"url":"https:\/\/villa-anneloi.com\/home\/10e-thailand-reunie-in-koelare\/","url_meta":{"origin":2094,"position":1},"title":"Ontmoet ons in Belgie 10e Thailand reunie in Koekelare","date":"5th March 2020","format":false,"excerpt":"Villa Anneloi Verslagje 10e Thailand re\u00fcnie van 21 maart 2015: Wat was het heerlijk jullie allemaal weer te zien in Belgi\u00eb en sommigen reeds te leren kennen voor we jullie hier binnenkort mogen ontvangen ! \u00a0 \u00a0We hebben het deze keer ontzettend koud gehad in Belgi\u00eb, maar wat werd ons\u2026","rel":"","context":"Similar post","img":{"alt_text":"","src":"","width":0,"height":0},"classes":[]},{"id":2091,"url":"https:\/\/villa-anneloi.com\/home\/9e-thailand-reunie-in-koekelare\/","url_meta":{"origin":2094,"position":2},"title":"Ontmoet ons in Belgie 9e Thailand reunie in Koekelare","date":"5th March 2020","format":false,"excerpt":"Villa Anneloi Verslagje 9e Thailand re\u00fcnie De 9e Thailand re\u00fcnie was weer een heerlijk succes !\u00a0\u00a0 We waren echt vereerd dat er weer zoveel mensen waren en we hadden echt een heerlijk gevoel aan het einde van de avond dat we jullie weer gezien hebben !\u00a0\u00a0 Er waren mensen die\u2026","rel":"","context":"Similar post","img":{"alt_text":"","src":"","width":0,"height":0},"classes":[]},{"id":2087,"url":"https:\/\/villa-anneloi.com\/home\/7e-thailand-reunie-in-wenduine\/","url_meta":{"origin":2094,"position":3},"title":"Ontmoet ons in Belgie 7e Thailand reunie in Wenduine","date":"5th March 2020","format":false,"excerpt":"Villa Anneloi Verslagje van de re\u00fcnie van 2008 in Belgi\u00eb.\u00a0Sawadieka !\u00a0\u00a0 Hier zijn we weer met onze Thaise groet !\u00a0Een klein verslagje van de laatste re\u00fcnie in Belgi\u00eb op 29 maart 2008.\u00a0Vooreerst willen we iedereen, die geweest is, bedanken en we waren heel blij iedereen weer eens terug te zien.\u00a0\u2026","rel":"","context":"Similar post","img":{"alt_text":"","src":"","width":0,"height":0},"classes":[]},{"id":2089,"url":"https:\/\/villa-anneloi.com\/home\/8e-thailand-reunie-in-koekelare\/","url_meta":{"origin":2094,"position":4},"title":"Ontmoet ons in Belgie 8e Thailand reunie in Koekelare","date":"5th March 2020","format":false,"excerpt":"Villa Anneloi Verslagje 8ste Thailand re\u00fcnie Belgi\u00eb. In augustus 2009 hebben we een unieke re\u00fcnie gehouden voor alle gasten die reeds geweest zijn.\u00a0 Het was een super gezellige avond MET DEZE KEER het beloofde mooie Thaise weer.\u00a0 Loi was erbij en hij brengt steeds die warme zonnestralen mee !\u00a0 Zo\u2026","rel":"","context":"Similar post","img":{"alt_text":"","src":"","width":0,"height":0},"classes":[]},{"id":1828,"url":"https:\/\/villa-anneloi.com\/home\/6e-thailand-reunie-in-belgie-op-21-april-2007\/","url_meta":{"origin":2094,"position":5},"title":"The DoMiSi krant 1 6e Thailand Reunie in Belgie op 21 april 2007","date":"4th March 2020","format":false,"excerpt":"Villa Anneloi 6e\u00a0Thailand\u00a0Reunie in Belgie op 21 april 2007 Ja, we zijn nog maar pas terug van Belgie en we hebben onze vliegtickets voor volgend jaar geboekt door dat er een goeie promotie was !\u00a0\u00a0Neen, dit is helemaal niet Thais, MAAR nu we met 4 komen, JA LOI KOMT MEE\u00a0VOLGEND\u2026","rel":"","context":"Similar post","img":{"alt_text":"","src":"","width":0,"height":0},"classes":[]}],"jetpack_shortlink":"https:\/\/wp.me\/PbNARy-xM","_links":{"self":[{"href":"https:\/\/villa-anneloi.com\/home\/wp-json\/wp\/v2\/pages\/2094"}],"collection":[{"href":"https:\/\/villa-anneloi.com\/home\/wp-json\/wp\/v2\/pages"}],"about":[{"href":"https:\/\/villa-anneloi.com\/home\/wp-json\/wp\/v2\/types\/page"}],"author":[{"embeddable":true,"href":"https:\/\/villa-anneloi.com\/home\/wp-json\/wp\/v2\/users\/2"}],"replies":[{"embeddable":true,"href":"https:\/\/villa-anneloi.com\/home\/wp-json\/wp\/v2\/comments?post=2094"}],"version-history":[{"count":4,"href":"https:\/\/villa-anneloi.com\/home\/wp-json\/wp\/v2\/pages\/2094\/revisions"}],"predecessor-version":[{"id":2291,"href":"https:\/\/villa-anneloi.com\/home\/wp-json\/wp\/v2\/pages\/2094\/revisions\/2291"}],"wp:attachment":[{"href":"https:\/\/villa-anneloi.com\/home\/wp-json\/wp\/v2\/media?parent=2094"}],"curies":[{"name":"wp","href":"https:\/\/api.w.org\/{rel}","templated":true}]}}